{"id":25723,"date":"2024-06-06T16:25:25","date_gmt":"2024-06-06T14:25:25","guid":{"rendered":"https:\/\/impactup.niou.dev\/?page_id=25723"},"modified":"2024-06-07T14:37:23","modified_gmt":"2024-06-07T12:37:23","slug":"cabinet-de-recrutement-commercial-bordeaux","status":"publish","type":"page","link":"https:\/\/impactup.com\/en\/glossaire\/cabinet-de-recrutement-commercial-bordeaux\/","title":{"rendered":"ImpactUp, un cabinet expert dans le recrutement commercial \u00e0 Bordeaux"},"content":{"rendered":"<div class=\"wpb-content-wrapper\"><p>[vc_row][vc_column width=&#8221;1\/3&#8243;][vc_btn title=&#8221;Voir notre offre&#8221; color=&#8221;secondarycolor&#8221; align=&#8221;center&#8221; css=&#8221;&#8221; link=&#8221;url:https%3A%2F%2Fimpactup.com%2Frecrutement%2F&#8221;][\/vc_column][vc_column width=&#8221;1\/3&#8243;][vc_btn title=&#8221;Confiez-nous votre projet&#8221; color=&#8221;secondarycolor&#8221; align=&#8221;center&#8221; css=&#8221;&#8221; link=&#8221;url:https%3A%2F%2Fimpactup.com%2Fetude-personnalisee%2F&#8221;][\/vc_column][vc_column width=&#8221;1\/3&#8243;][vc_btn title=&#8221;Contactez-nous&#8221; color=&#8221;secondarycolor&#8221; align=&#8221;center&#8221; css=&#8221;&#8221; link=&#8221;url:https%3A%2F%2Fimpactup.com%2Fcontact%2F&#8221;][\/vc_column][\/vc_row][vc_row css=&#8221;.vc_custom_1717658386032{padding-top: 40px !important;padding-bottom: 20px !important;}&#8221;][vc_column][vc_column_text css=&#8221;&#8221;]<\/p>\n<section style=\"text-align: justify;\">\n<h2><strong>ImpactUp, un cabinet expert dans le recrutement commercial \u00e0 Bordeaux<\/strong><\/h2>\n<p>Le commerce est un domaine exigeant. De ce fait, chaque entreprise aspire \u00e0 engager les meilleurs collaborateurs pour garantir le bon fonctionnement et le d\u00e9veloppement de ses activit\u00e9s. Chez le <strong>cabinet<\/strong> <strong>ImpactUp<\/strong>, elle peut b\u00e9n\u00e9ficier d\u2019un service optimal en mati\u00e8re de <a href=\"https:\/\/impactup.com\/glossaire\/cabinet-de-recrutement-commercial\"><strong>recrutement commercial \u00e0 Bordeaux<\/strong><\/a>.<\/p>\n<\/section>\n<p>[\/vc_column_text][\/vc_column][\/vc_row][vc_row][vc_column width=&#8221;1\/3&#8243;][vc_btn title=&#8221;Voir notre offre&#8221; color=&#8221;secondarycolor&#8221; align=&#8221;center&#8221; css=&#8221;&#8221; link=&#8221;url:https%3A%2F%2Fimpactup.com%2Frecrutement%2F&#8221;][\/vc_column][vc_column width=&#8221;1\/3&#8243;][vc_btn title=&#8221;Confiez-nous votre projet&#8221; color=&#8221;secondarycolor&#8221; align=&#8221;center&#8221; css=&#8221;&#8221; link=&#8221;url:https%3A%2F%2Fimpactup.com%2Fetude-personnalisee%2F&#8221;][\/vc_column][vc_column width=&#8221;1\/3&#8243;][vc_btn title=&#8221;Contactez-nous&#8221; color=&#8221;secondarycolor&#8221; align=&#8221;center&#8221; css=&#8221;&#8221; link=&#8221;url:https%3A%2F%2Fimpactup.com%2Fcontact%2F&#8221;][\/vc_column][\/vc_row][vc_row css=&#8221;.vc_custom_1717658445522{padding-top: 40px !important;}&#8221;][vc_column][vc_column_text css=&#8221;&#8221;]<\/p>\n<section style=\"text-align: justify;\">\n<h2><strong>Recrutement de commerciaux, une t\u00e2che de moins en moins facile<\/strong><\/h2>\n<p>Le commerce en France est un secteur d&#8217;une grande diversit\u00e9, comprenant pr\u00e8s de 700 000 entreprises et plus de 3 millions de salari\u00e9s selon l&#8217;INSEE. Il g\u00e9n\u00e8re chaque ann\u00e9e des milliards d&#8217;euros de chiffre d&#8217;affaires. La majorit\u00e9 des entreprises commerciales sont des microentreprises ou des PME, m\u00eame s\u2019il faut souligner la pr\u00e9sence significative de g\u00e9ants de la grande distribution. Il s\u2019agit donc d\u2019un secteur florissant et dynamique. Et dans ce contexte, le commerce est confront\u00e9 \u00e0 une p\u00e9nurie de talents alarmante. Il est de plus en plus compliqu\u00e9 de trouver des commerciaux comp\u00e9tents et fiables ces derni\u00e8res ann\u00e9es.<\/p>\n<p>La t\u00e2che est d\u2019autant plus compliqu\u00e9e si les produits et services propos\u00e9s par votre entreprise sont des nouveaut\u00e9s ou sont atypiques. En effet, compte tenu de la multiplication des PME commerciales et de la forte demande en commerciaux des grands groupes, d\u00e9nicher des candidats de valeur, ou d\u00e9nicher des candidats tout court s\u2019apparente parfois \u00e0 un parcours du combattant. La demande d\u2019emploi dans les fonctions ventes, commerce et marketing est souvent inf\u00e9rieure \u00e0 l\u2019offre de sorte que dans certaines r\u00e9gions, on assiste \u00e0 ce qu\u2019on appelle une p\u00e9nurie de candidats.<\/p>\n<p>Des milliers de postes sont actuellement \u00e0 pourvoir. Cette p\u00e9nurie s&#8217;explique en partie par le refus croissant des candidats d&#8217;accepter des horaires d\u00e9cal\u00e9s et des conditions de travail difficiles, surtout dans les m\u00e9tiers de bouche.<\/p>\n<p>Une situation qui a des cons\u00e9quences importantes sur le maintien de l&#8217;activit\u00e9 commerciale. Certains commer\u00e7ants doivent m\u00eame r\u00e9duire leurs horaires pour r\u00e9pondre \u00e0 la demande faute de manque de personnel.<\/p>\n<p>Faire appel \u00e0 un <a href=\"https:\/\/impactup.com\/glossaire\/cabinet-de-recrutement-commercial-b-b\"><strong>cabinet de recrutement<\/strong> <strong>sp\u00e9cialiste des commerciaux de<\/strong> <strong>Bordeaux <\/strong><\/a>se pr\u00e9sente ainsi comme la solution la plus pratique et la plus avantageuse pour optimiser vos chances de trouver les personnes qu\u2019il vous faut. Et si vous faites partie de ceux qui souhaitent venir s\u2019implanter dans la r\u00e9gion, cette pr\u00e9caution s\u2019impose.<\/p>\n<h2><strong>Des experts qui connaissent parfaitement la r\u00e9gion et les contraintes du m\u00e9tier<\/strong><\/h2>\n<p>Les commerciaux jouent un r\u00f4le essentiel au sein de l\u2019entreprise. Il leur appartient d\u2019\u00e9tudier le march\u00e9, de convertir les prospects en clients et d\u2019\u0153uvrer en permanence \u00e0 leur satisfaction et \u00e0 leur fid\u00e9lisation. Ce sont donc vos premiers ambassadeurs et les garants de l\u2019atteinte de vos objectifs financiers.<\/p>\n<p>Pour pouvoir effectuer les diff\u00e9rentes t\u00e2ches qui leur incombent, les commerciaux doivent poss\u00e9der des comp\u00e9tences et des qualit\u00e9s personnelles sp\u00e9cifiques, mais aussi faire preuve d\u2019esprit d\u2019\u00e9quipe.<\/p>\n<p>Pour ces raisons, lorsque vous souhaitez \u00e9toffer votre \u00e9quipe commerciale, il est plus judicieux de passer par un <strong>cabinet de Bordeaux sp\u00e9cialiste du recrutement des<\/strong> <strong>commerciaux<\/strong>. En plus d\u2019une parfaite connaissance de la r\u00e9gion, son \u00e9quipe de consultants ma\u00eetrise les caract\u00e9ristiques et contraintes de nombreux secteurs d\u2019activit\u00e9s, m\u00eame tr\u00e8s techniques.<\/p>\n<p>Mais l\u2019avantage majeur de l\u2019externalisation se situe dans la capacit\u00e9 du chasseur de t\u00eates \u00e0 localiser et entrer en contact avec les meilleurs candidats. En effet, il a acc\u00e8s \u00e0 de nombreuses sources\u00a0: annonces, CV-th\u00e8que, cooptation, r\u00e9seaux professionnels, etc. M\u00eame si certaines recrues potentielles sont encore en poste, et peut-\u00eatre peu d\u00e9sireuses de changer d\u2019employeur, le cabinet de recrutement a le savoir-faire n\u00e9cessaire pour les convaincre. Et une fois que les candidats, dont le profil satisfait \u00e0 vos crit\u00e8res, sont identifi\u00e9s, le recruteur \u00e9value leurs r\u00e9elles aptitudes ainsi que leur capacit\u00e9 \u00e0 s\u2019int\u00e9grer \u00e0 vos \u00e9quipes.<\/p>\n<h2><strong>ImpactUP, le cabinet de recrutement sp\u00e9cialis\u00e9 dans les fonctions commerciales<\/strong><\/h2>\n<p>Ne prenez aucun risque avec le recrutement, il en va de l\u2019image de votre entreprise, d\u2019autant que la d\u00e9marche est longue et co\u00fbteuse. Afin de minimiser les risques, il vous faut l\u2019accompagnement d\u2019un cabinet de recrutement sp\u00e9cialis\u00e9 comme <strong>ImpactUP<\/strong>. Reconnue \u00e0 Bordeaux et dans diff\u00e9rentes autres r\u00e9gions du pays pour son efficacit\u00e9 et sa fiabilit\u00e9, notre agence a d\u00e9j\u00e0 fait ses preuves aupr\u00e8s de nombreuses entreprises aussi bien des PME que de grandes structures.<\/p>\n<p>Vous aussi, quel que soit votre m\u00e9tier, ou la taille de votre soci\u00e9t\u00e9, vous pouvez b\u00e9n\u00e9ficier de l\u2019expertise du cabinet ImpactUP. En effet, la recherche de collaborateurs de valeur pour renforcer votre \u00e9quipe commerciale est notre sp\u00e9cialit\u00e9, avec 2000 commerciaux et managers\u00a0recrut\u00e9s depuis 2005.<\/p>\n<p>A ce sujet, les consultants au sein d\u2019<a href=\"https:\/\/impactup.com\/\"><strong>ImpactUP<\/strong><\/a> justifient d\u2019une exp\u00e9rience av\u00e9r\u00e9e dans le recrutement de talents confirm\u00e9s et d\u2019experts m\u00e9tiers dans les m\u00e9tiers commerciaux et marketing comme d\u00e9l\u00e9gu\u00e9 commercial, responsable webmarketing, charg\u00e9(e) de marketing direct, business developer, marchandiseur(euse), ing\u00e9nieur commercial, category manager, et \u00e0 toutes les fonctions strat\u00e9giques de l\u2019entreprise : sales administrator, directeur(trice) commercial(e)key account manager, directeur(trice) de magasin, directeur(trice) de marque\u2026<\/p>\n<p>Outre les talents de nos consultants en interne et en externe et nos m\u00e9thodes de recherche, d\u2019approche et d\u2019\u00e9valuation \u00e9prouv\u00e9es, nous mobilisons des outils modernes et ultra-performants.<\/p>\n<p><strong>ImpactUP<\/strong> a d\u00e9velopp\u00e9 une offre de services compl\u00e8te afin de doter rapidement les entreprises d\u2019une \u00e9quipe qualifi\u00e9e :<\/p>\n<ul>\n<li>Une plateforme d\u2019\u00e9valuation qui repose sur 4 gammes d\u2019outils : TalentBusiness\u00ae, TalentInitial\u00ae, TalentRelation\u00ae et TalentAttitude\u00ae ;<\/li>\n<li>Un service en ligne SaaS d\u2019\u00e9valuation qui permet de jauger les bases de comp\u00e9tences dans une langue \u00e9trang\u00e8re et ainsi de d\u00e9velopper ses capacit\u00e9s linguistiques fia une formation propos\u00e9e en partenariat avec Pipplet.<\/li>\n<li>etc.<\/li>\n<\/ul>\n<p>Lorsque votre requ\u00eate l\u2019exige, nous faisons m\u00eame intervenir des partenaires ind\u00e9pendants experts de professions ou d\u2019environnements bien pr\u00e9cis, y compris \u00e0 l\u2019international. Efficaces et rapides, ils vous donnent les meilleures chances de d\u00e9nicher les professionnelles de la vente dont vous avez besoin. Ce gain de temps minimise les impacts sur vos activit\u00e9s quotidiennes, ainsi que les r\u00e9percussions financi\u00e8res. Une vraie solution gagnante pour votre entreprise comme pour vos futurs employ\u00e9s, lesquels peuvent aussi b\u00e9n\u00e9ficier d\u2019un coaching personnalis\u00e9, qui fait partie de nos domaines de comp\u00e9tences, dans ce moment cl\u00e9 de leur vie professionnelle.<\/p>\n<p>Nous pouvons aussi \u00eatre votre partenaire pour le d\u00e9veloppement et l\u2019organisation commerciale. Pour cela, nos consultants interviennent comme votre direction commerciale externalis\u00e9e et s\u2019occupent de la d\u00e9finition de votre strat\u00e9gie, du recrutement de vos \u00e9quipes, le pilotage du projet CRM, les plans de formation et de r\u00e9mun\u00e9ration, etc.<\/p>\n<p>Dans tous les cas, vous disposez d\u2019une solution sur mesure et d\u2019un accompagnement dans la dur\u00e9e assur\u00e9e par des experts en recrutement et en management d\u2019\u00e9quipes commerciales et marketing.\u00a0 Notre client\u00e8le inclut de nombreux groupes bas\u00e9s en France comme \u00e0 l\u2019international, convaincus par notre professionnalisme.<\/p>\n<h2><strong>ImpactUp, sp\u00e9cialiste des missions de recrutement\u00a0 <\/strong><\/h2>\n<p>Pourquoi choisir <strong>ImpactUP<\/strong> pour vous accompagner dans vos actions de recrutement\u00a0?<\/p>\n<ul>\n<li>Notre <a href=\"https:\/\/impactup.com\/glossaire\/recrutement-commercial\"><strong>cabinet <\/strong><\/a><strong><a href=\"https:\/\/impactup.com\/glossaire\/recrutement-commercial\">implant\u00e9 \u00e0 Bordeaux est habilit\u00e9 dans le recrutement de profil commercial<\/a>\u00a0<\/strong>;<\/li>\n<li>Notre \u00e9quipe est compos\u00e9e de personnes qualifi\u00e9es et exp\u00e9riment\u00e9es dans ce domaine\u00a0;<\/li>\n<li>Nous appliquons une m\u00e9thodologie efficace dans le recrutement de vos futurs collaborateurs\u00a0;<\/li>\n<li>Nos experts disposent d\u2019un esprit perfectionniste et d\u2019un plan de recrutement infaillible dans l\u2019accomplissement de notre mission\u00a0;<\/li>\n<li>En tant que professionnels, nous nous engageons \u00e0 terminer les t\u00e2ches \u00e0 la date et \u00e0 l\u2019heure convenues.<\/li>\n<\/ul>\n<p>Nous vous assistons dans tout le processus d\u2019embauche et d\u2019int\u00e9gration de vos commerciaux. Pour r\u00e9aliser notre mission, nous consultons rapidement les diff\u00e9rents dossiers de candidature qui sont conformes \u00e0 vos attentes afin d\u2019identifier les profils les plus int\u00e9ressants.<\/p>\n<p>Pour ce faire, nous respectons une m\u00e9thodologie pr\u00e9cise\u00a0\u00e0 commencer par la d\u00e9finition de vos besoins \u2013mission, objectif, t\u00e2ches, profil, formation, exp\u00e9rience, personnalit\u00e9, conditions d\u2019embauche-. Puis nous r\u00e9digeons les documents de description du poste et d\u2019offre d\u2019emploi. Ensuite, les recherches sont effectu\u00e9es via diff\u00e9rents canaux\u00a0: offre sur notre site, approche directe (chasse) et annonces sur les supports que vous aurez choisis.<\/p>\n<p>Apr\u00e8s une pr\u00e9s\u00e9lection sur les crit\u00e8res\u00a0 et les entretiens t\u00e9l\u00e9phoniques, les candidats potentiels sont par la suite retenus apr\u00e8s un ensemble de tests s\u2019y rapportant.\u00a0 Nous vous pr\u00e9sentons par la suite un short list avec les dossiers et recommandations et nous effectuons un suivi du candidat jusqu\u2019\u00e0\u00a0l\u2019embauche d\u00e9finitive et l\u2019int\u00e9gration au sein de votre soci\u00e9t\u00e9.<\/p>\n<\/section>\n<p>[\/vc_column_text][\/vc_column][\/vc_row]<\/p>\n<\/div>","protected":false},"excerpt":{"rendered":"<p>[vc_row][vc_column width=&#8221;1\/3&#8243;][vc_btn title=&#8221;Voir notre offre&#8221; color=&#8221;secondarycolor&#8221; align=&#8221;center&#8221; css=&#8221;&#8221; link=&#8221;url:https%3A%2F%2Fimpactup.com%2Frecrutement%2F&#8221;][\/vc_column][vc_column width=&#8221;1\/3&#8243;][vc_btn title=&#8221;Confiez-nous votre projet&#8221; color=&#8221;secondarycolor&#8221; align=&#8221;center&#8221; css=&#8221;&#8221; link=&#8221;url:https%3A%2F%2Fimpactup.com%2Fetude-personnalisee%2F&#8221;][\/vc_column][vc_column width=&#8221;1\/3&#8243;][vc_btn title=&#8221;Contactez-nous&#8221; color=&#8221;secondarycolor&#8221; align=&#8221;center&#8221; css=&#8221;&#8221; link=&#8221;url:https%3A%2F%2Fimpactup.com%2Fcontact%2F&#8221;][\/vc_column][\/vc_row][vc_row css=&#8221;.vc_custom_1717658386032{padding-top: 40px !important;padding-bottom: 20px !important;}&#8221;][vc_column][vc_column_text css=&#8221;&#8221;] ImpactUp, un cabinet expert dans le recrutement commercial \u00e0 Bordeaux Le commerce est un domaine exigeant. De ce fait, chaque entreprise aspire \u00e0 engager les meilleurs [&hellip;]<\/p>\n","protected":false},"author":4,"featured_media":0,"parent":17218,"menu_order":0,"comment_status":"closed","ping_status":"closed","template":"","meta":{"_monsterinsights_skip_tracking":false,"_monsterinsights_sitenote_active":false,"_monsterinsights_sitenote_note":"","_monsterinsights_sitenote_category":0,"footnotes":""},"class_list":["post-25723","page","type-page","status-publish","hentry"],"yoast_head":"<!-- This site is optimized with the Yoast SEO plugin v27.0 - https:\/\/yoast.com\/product\/yoast-seo-wordpress\/ -->\n<title>Cabinet de recrutement de profil commercial \u00e0 Bordeaux<\/title>\n<meta name=\"description\" content=\"Facilitez le recrutement commercial \u00e0 Bordeaux en faisant appel \u00e0 un cabinet sp\u00e9cialis\u00e9. ImpactUp est un cabinet de recrutement commercial \u00e0 Bordeaux \u00e0 votre service.\" \/>\n<meta name=\"robots\" content=\"index, follow, max-snippet:-1, max-image-preview:large, max-video-preview:-1\" \/>\n<link rel=\"canonical\" href=\"https:\/\/impactup.com\/en\/glossaire\/cabinet-de-recrutement-commercial-bordeaux\/\" \/>\n<meta property=\"og:locale\" content=\"en_US\" \/>\n<meta property=\"og:type\" content=\"article\" \/>\n<meta property=\"og:title\" content=\"Cabinet de recrutement de profil commercial \u00e0 Bordeaux\" \/>\n<meta property=\"og:description\" content=\"Facilitez le recrutement commercial \u00e0 Bordeaux en faisant appel \u00e0 un cabinet sp\u00e9cialis\u00e9. ImpactUp est un cabinet de recrutement commercial \u00e0 Bordeaux \u00e0 votre service.\" \/>\n<meta property=\"og:url\" content=\"https:\/\/impactup.com\/en\/glossaire\/cabinet-de-recrutement-commercial-bordeaux\/\" \/>\n<meta property=\"og:site_name\" content=\"ImpactUp\" \/>\n<meta property=\"article:modified_time\" content=\"2024-06-07T12:37:23+00:00\" \/>\n<meta property=\"og:image\" content=\"https:\/\/impactup.com\/wp-content\/uploads\/2021\/01\/og.jpg\" \/>\n\t<meta property=\"og:image:width\" content=\"1067\" \/>\n\t<meta property=\"og:image:height\" content=\"600\" \/>\n\t<meta property=\"og:image:type\" content=\"image\/jpeg\" \/>\n<meta name=\"twitter:card\" content=\"summary_large_image\" \/>\n<meta name=\"twitter:label1\" content=\"Est. reading time\" \/>\n\t<meta name=\"twitter:data1\" content=\"8 minutes\" \/>\n<script type=\"application\/ld+json\" class=\"yoast-schema-graph\">{\"@context\":\"https:\/\/schema.org\",\"@graph\":[{\"@type\":\"WebPage\",\"@id\":\"https:\/\/impactup.com\/en\/glossaire\/cabinet-de-recrutement-commercial-bordeaux\/\",\"url\":\"https:\/\/impactup.com\/en\/glossaire\/cabinet-de-recrutement-commercial-bordeaux\/\",\"name\":\"Cabinet de recrutement de profil commercial \u00e0 Bordeaux\",\"isPartOf\":{\"@id\":\"https:\/\/impactup.com\/en\/#website\"},\"datePublished\":\"2024-06-06T14:25:25+00:00\",\"dateModified\":\"2024-06-07T12:37:23+00:00\",\"description\":\"Facilitez le recrutement commercial \u00e0 Bordeaux en faisant appel \u00e0 un cabinet sp\u00e9cialis\u00e9. ImpactUp est un cabinet de recrutement commercial \u00e0 Bordeaux \u00e0 votre service.\",\"breadcrumb\":{\"@id\":\"https:\/\/impactup.com\/en\/glossaire\/cabinet-de-recrutement-commercial-bordeaux\/#breadcrumb\"},\"inLanguage\":\"en-US\",\"potentialAction\":[{\"@type\":\"ReadAction\",\"target\":[\"https:\/\/impactup.com\/en\/glossaire\/cabinet-de-recrutement-commercial-bordeaux\/\"]}]},{\"@type\":\"BreadcrumbList\",\"@id\":\"https:\/\/impactup.com\/en\/glossaire\/cabinet-de-recrutement-commercial-bordeaux\/#breadcrumb\",\"itemListElement\":[{\"@type\":\"ListItem\",\"position\":1,\"name\":\"Accueil\",\"item\":\"https:\/\/impactup.com\/en\/\"},{\"@type\":\"ListItem\",\"position\":2,\"name\":\"Glossaire\",\"item\":\"https:\/\/impactup.com\/en\/glossaire\/\"},{\"@type\":\"ListItem\",\"position\":3,\"name\":\"ImpactUp, un cabinet expert dans le recrutement commercial \u00e0 Bordeaux\"}]},{\"@type\":\"WebSite\",\"@id\":\"https:\/\/impactup.com\/en\/#website\",\"url\":\"https:\/\/impactup.com\/en\/\",\"name\":\"ImpactUp\",\"description\":\"Recrutement commerciaux, directions commerciales et fonctions marketing\",\"potentialAction\":[{\"@type\":\"SearchAction\",\"target\":{\"@type\":\"EntryPoint\",\"urlTemplate\":\"https:\/\/impactup.com\/en\/?s={search_term_string}\"},\"query-input\":{\"@type\":\"PropertyValueSpecification\",\"valueRequired\":true,\"valueName\":\"search_term_string\"}}],\"inLanguage\":\"en-US\"}]}<\/script>\n<!-- \/ Yoast SEO plugin. -->","yoast_head_json":{"title":"Cabinet de recrutement de profil commercial \u00e0 Bordeaux","description":"Facilitez le recrutement commercial \u00e0 Bordeaux en faisant appel \u00e0 un cabinet sp\u00e9cialis\u00e9. ImpactUp est un cabinet de recrutement commercial \u00e0 Bordeaux \u00e0 votre service.","robots":{"index":"index","follow":"follow","max-snippet":"max-snippet:-1","max-image-preview":"max-image-preview:large","max-video-preview":"max-video-preview:-1"},"canonical":"https:\/\/impactup.com\/en\/glossaire\/cabinet-de-recrutement-commercial-bordeaux\/","og_locale":"en_US","og_type":"article","og_title":"Cabinet de recrutement de profil commercial \u00e0 Bordeaux","og_description":"Facilitez le recrutement commercial \u00e0 Bordeaux en faisant appel \u00e0 un cabinet sp\u00e9cialis\u00e9. ImpactUp est un cabinet de recrutement commercial \u00e0 Bordeaux \u00e0 votre service.","og_url":"https:\/\/impactup.com\/en\/glossaire\/cabinet-de-recrutement-commercial-bordeaux\/","og_site_name":"ImpactUp","article_modified_time":"2024-06-07T12:37:23+00:00","og_image":[{"width":1067,"height":600,"url":"https:\/\/impactup.com\/wp-content\/uploads\/2021\/01\/og.jpg","type":"image\/jpeg"}],"twitter_card":"summary_large_image","twitter_misc":{"Est. reading time":"8 minutes"},"schema":{"@context":"https:\/\/schema.org","@graph":[{"@type":"WebPage","@id":"https:\/\/impactup.com\/en\/glossaire\/cabinet-de-recrutement-commercial-bordeaux\/","url":"https:\/\/impactup.com\/en\/glossaire\/cabinet-de-recrutement-commercial-bordeaux\/","name":"Cabinet de recrutement de profil commercial \u00e0 Bordeaux","isPartOf":{"@id":"https:\/\/impactup.com\/en\/#website"},"datePublished":"2024-06-06T14:25:25+00:00","dateModified":"2024-06-07T12:37:23+00:00","description":"Facilitez le recrutement commercial \u00e0 Bordeaux en faisant appel \u00e0 un cabinet sp\u00e9cialis\u00e9. ImpactUp est un cabinet de recrutement commercial \u00e0 Bordeaux \u00e0 votre service.","breadcrumb":{"@id":"https:\/\/impactup.com\/en\/glossaire\/cabinet-de-recrutement-commercial-bordeaux\/#breadcrumb"},"inLanguage":"en-US","potentialAction":[{"@type":"ReadAction","target":["https:\/\/impactup.com\/en\/glossaire\/cabinet-de-recrutement-commercial-bordeaux\/"]}]},{"@type":"BreadcrumbList","@id":"https:\/\/impactup.com\/en\/glossaire\/cabinet-de-recrutement-commercial-bordeaux\/#breadcrumb","itemListElement":[{"@type":"ListItem","position":1,"name":"Accueil","item":"https:\/\/impactup.com\/en\/"},{"@type":"ListItem","position":2,"name":"Glossaire","item":"https:\/\/impactup.com\/en\/glossaire\/"},{"@type":"ListItem","position":3,"name":"ImpactUp, un cabinet expert dans le recrutement commercial \u00e0 Bordeaux"}]},{"@type":"WebSite","@id":"https:\/\/impactup.com\/en\/#website","url":"https:\/\/impactup.com\/en\/","name":"ImpactUp","description":"Recrutement commerciaux, directions commerciales et fonctions marketing","potentialAction":[{"@type":"SearchAction","target":{"@type":"EntryPoint","urlTemplate":"https:\/\/impactup.com\/en\/?s={search_term_string}"},"query-input":{"@type":"PropertyValueSpecification","valueRequired":true,"valueName":"search_term_string"}}],"inLanguage":"en-US"}]}},"_links":{"self":[{"href":"https:\/\/impactup.com\/en\/wp-json\/wp\/v2\/pages\/25723","targetHints":{"allow":["GET"]}}],"collection":[{"href":"https:\/\/impactup.com\/en\/wp-json\/wp\/v2\/pages"}],"about":[{"href":"https:\/\/impactup.com\/en\/wp-json\/wp\/v2\/types\/page"}],"author":[{"embeddable":true,"href":"https:\/\/impactup.com\/en\/wp-json\/wp\/v2\/users\/4"}],"replies":[{"embeddable":true,"href":"https:\/\/impactup.com\/en\/wp-json\/wp\/v2\/comments?post=25723"}],"version-history":[{"count":1,"href":"https:\/\/impactup.com\/en\/wp-json\/wp\/v2\/pages\/25723\/revisions"}],"predecessor-version":[{"id":25724,"href":"https:\/\/impactup.com\/en\/wp-json\/wp\/v2\/pages\/25723\/revisions\/25724"}],"up":[{"embeddable":true,"href":"https:\/\/impactup.com\/en\/wp-json\/wp\/v2\/pages\/17218"}],"wp:attachment":[{"href":"https:\/\/impactup.com\/en\/wp-json\/wp\/v2\/media?parent=25723"}],"curies":[{"name":"wp","href":"https:\/\/api.w.org\/{rel}","templated":true}]}}