{"id":25720,"date":"2024-06-06T16:17:56","date_gmt":"2024-06-06T14:17:56","guid":{"rendered":"https:\/\/impactup.niou.dev\/?page_id=25720"},"modified":"2024-06-07T14:27:32","modified_gmt":"2024-06-07T12:27:32","slug":"cabinet-de-recrutement-chef-des-ventes","status":"publish","type":"page","link":"https:\/\/impactup.com\/en\/glossaire\/cabinet-de-recrutement-chef-des-ventes\/","title":{"rendered":"ImpactUp, votre cabinet expert dans le recrutement d\u2019un chef de ventes"},"content":{"rendered":"<div class=\"wpb-content-wrapper\"><p>[vc_row][vc_column width=&#8221;1\/3&#8243;][vc_btn title=&#8221;Voir notre offre&#8221; color=&#8221;secondarycolor&#8221; align=&#8221;center&#8221; css=&#8221;&#8221; link=&#8221;url:https%3A%2F%2Fimpactup.com%2Frecrutement%2F&#8221;][\/vc_column][vc_column width=&#8221;1\/3&#8243;][vc_btn title=&#8221;Confiez-nous votre projet&#8221; color=&#8221;secondarycolor&#8221; align=&#8221;center&#8221; css=&#8221;&#8221; link=&#8221;url:https%3A%2F%2Fimpactup.com%2Fetude-personnalisee%2F&#8221;][\/vc_column][vc_column width=&#8221;1\/3&#8243;][vc_btn title=&#8221;Contactez-nous&#8221; color=&#8221;secondarycolor&#8221; align=&#8221;center&#8221; css=&#8221;&#8221; link=&#8221;url:https%3A%2F%2Fimpactup.com%2Fcontact%2F&#8221;][\/vc_column][\/vc_row][vc_row css=&#8221;.vc_custom_1717658386032{padding-top: 40px !important;padding-bottom: 20px !important;}&#8221;][vc_column][vc_column_text css=&#8221;&#8221;]<\/p>\n<section style=\"text-align: justify;\">\n<h2>ImpactUp, votre cabinet expert dans le recrutement d\u2019un chef de ventes<\/h2>\n<p>Faire appel \u00e0 un <a href=\"https:\/\/impactup.com\/glossaire\/cabinet-de-recrutement-chef-de-rayon\"><strong>cabinet sp\u00e9cialis\u00e9 pour le recrutement d\u2019un chef de ventes<\/strong><\/a> est une d\u00e9marche essentielle pour l\u2019embauche d\u2019un candidat adapt\u00e9 \u00e0 vos besoins. Les cabinets tels qu<strong>\u2019ImpactUp<\/strong> poss\u00e8dent une connaissance approfondie du march\u00e9 et des comp\u00e9tences n\u00e9cessaires pour identifier les talents les plus prometteurs<strong>.<\/strong><\/p>\n<\/section>\n<p>[\/vc_column_text][\/vc_column][\/vc_row][vc_row][vc_column width=&#8221;1\/3&#8243;][vc_btn title=&#8221;Voir notre offre&#8221; color=&#8221;secondarycolor&#8221; align=&#8221;center&#8221; css=&#8221;&#8221; link=&#8221;url:https%3A%2F%2Fimpactup.com%2Frecrutement%2F&#8221;][\/vc_column][vc_column width=&#8221;1\/3&#8243;][vc_btn title=&#8221;Confiez-nous votre projet&#8221; color=&#8221;secondarycolor&#8221; align=&#8221;center&#8221; css=&#8221;&#8221; link=&#8221;url:https%3A%2F%2Fimpactup.com%2Fetude-personnalisee%2F&#8221;][\/vc_column][vc_column width=&#8221;1\/3&#8243;][vc_btn title=&#8221;Contactez-nous&#8221; color=&#8221;secondarycolor&#8221; align=&#8221;center&#8221; css=&#8221;&#8221; link=&#8221;url:https%3A%2F%2Fimpactup.com%2Fcontact%2F&#8221;][\/vc_column][\/vc_row][vc_row css=&#8221;.vc_custom_1717658445522{padding-top: 40px !important;}&#8221;][vc_column][vc_column_text css=&#8221;&#8221;]<\/p>\n<section style=\"text-align: justify;\">\n<h2><strong>Pourquoi s\u2019adresser \u00e0 un cabinet de recrutement\u00a0?<\/strong><\/h2>\n<p>Laisser \u00e0 un <a href=\"https:\/\/impactup.com\/glossaire\/cabinet-de-recrutement-chef-des-ventes-national\"><strong>cabinet de recrutement<\/strong> <strong>le soin de trouver votre<\/strong> <strong>chef des ventes<\/strong><\/a> se pr\u00e9sente comme la solution la plus pratique et la plus avantageuse si vous voulez assurer le succ\u00e8s de vos recherches. En effet, compte tenu des nombreuses \u00e9tapes relatives au recrutement et de leur complexit\u00e9, il est pr\u00e9f\u00e9rable de s\u2019en remettre \u00e0 des professionnels pour leur r\u00e9alisation.<\/p>\n<p>Les cabinets sp\u00e9cialis\u00e9s poss\u00e8dent une connaissance approfondie du march\u00e9 de l\u2019emploi et des tendances sectorielles, leur permettant d\u2019identifier rapidement les candidats les plus qualifi\u00e9s et les mieux adapt\u00e9s aux besoins sp\u00e9cifiques de l\u2019entreprise. Ils disposent par ailleurs de r\u00e9seaux professionnels \u00e9tendus, offrant ainsi un acc\u00e8s privil\u00e9gi\u00e9 \u00e0 des talents souvent passifs et non disponibles sur les plateformes de recrutement classiques.<\/p>\n<p>En outre, les cabinets de recrutement utilisent des m\u00e9thodes de s\u00e9lection avanc\u00e9es et des outils d\u2019\u00e9valuation rigoureux pour garantir une pr\u00e9s\u00e9lection de candidats de haute qualit\u00e9. Ils sont capables de mener des \u00e9valuations approfondies des comp\u00e9tences techniques, des aptitudes commerciales et des qualit\u00e9s manag\u00e9riales des candidats, r\u00e9duisant ainsi le risque d\u2019erreurs de recrutement.<\/p>\n<p>Le cabinet <strong>ImpactUP<\/strong> est un expert en le ciblage et la s\u00e9lection de profils de haut niveau et experts m\u00e9tiers) sur des p\u00f4les d\u2019expertise li\u00e9s au marketing et au commerce : ing\u00e9nieur commercial, charg\u00e9(e) de marketing direct, responsable webmarketing, business developer, marchandiseur(euse), category manager, responsable de promotion des ventes, et \u00e0 toutes les fonctions-cl\u00e9s de l\u2019organisation : directeur(trice) commercial(e)sales administrator, digital marketing manager, directeur(trice) de magasin, directeur(trice) de la relation client, etc.<\/p>\n<p>En faisant appel \u00e0 une agence sp\u00e9cialis\u00e9e, vous pourrez vous consacrer \u00e0 des t\u00e2ches plus urgentes. Vous n\u2019aurez en effet pas \u00e0 concevoir et \u00e0 mettre en \u0153uvre, ni \u00e0 g\u00e9rer une campagne de recrutement. Le cabinet se chargera de tout et vous proposera les meilleurs candidats \u00e0 la fin de la s\u00e9lection.<\/p>\n<h2><strong>Comment identifier un cabinet de recrutement fiable\u00a0? <\/strong><\/h2>\n<p>Certes, les comp\u00e9tences th\u00e9oriques et l\u2019exp\u00e9rience comptent \u00e9norm\u00e9ment dans le \u00a0recrutement, mais il reste aussi les comp\u00e9tences comportementales ou soft skills qui sont tout aussi importantes. C\u2019est l\u2019une des raisons pour lesquelles il est pr\u00e9f\u00e9rable de faire appel \u00e0 un <a href=\"https:\/\/impactup.com\/glossaire\/recrutement-commercial\"><strong>cabinet de recrutement sp\u00e9cialis\u00e9 dans les postes comme<\/strong> <strong>chef de ventes<\/strong><\/a>. Voici les param\u00e8tres \u00e0 consid\u00e9rer pour bien choisir votre partenaire RH\u00a0:<\/p>\n<ul>\n<li>Son expertise<\/li>\n<\/ul>\n<p>Pour l\u2019\u00e9valuer, n\u2019h\u00e9sitez pas \u00e0 demander au consultant du cabinet des r\u00e9f\u00e9rences pertinentes.<\/p>\n<ul>\n<li>Sa r\u00e9putation<\/li>\n<\/ul>\n<p>L\u2019objectif \u00e9tant de trouver un cabinet fiable, il est important de rester attentif \u00e0 la r\u00e9putation. Pour v\u00e9rifier ce point, r\u00e9f\u00e9rez-vous aux avis des anciens et actuels clients sur le mode d\u2019accompagnement.<\/p>\n<ul>\n<li>Sa m\u00e9thodologie<\/li>\n<\/ul>\n<p>Il est conseill\u00e9 de s\u2019adresser \u00e0 un cabinet qui utilise une strat\u00e9gie de recherche en ad\u00e9quation \u00e0 vos besoins. Ici\u00a0par exemple, l\u2019id\u00e9al est de solliciter les services d\u2019une agence experte dans les fonctions commerciales.<\/p>\n<h2><strong>Les missions qui incombent \u00e0 un chef de vente<\/strong><\/h2>\n<p>Le chef de vente est un professionnel \u00e0 choisir avec soin compte tenu des responsabilit\u00e9s qui lui incomberont. En effet, en fonction du poste \u00e0 pourvoir, il sera charg\u00e9 de diff\u00e9rentes missions entre autre la gestion d&#8217;une client\u00e8le dans une r\u00e9gion sp\u00e9cifique, client\u00e8le sp\u00e9cialis\u00e9e ou non, ou encore la prise ne charge de l\u2019optimisation des ventes de type de produits particuliers.<\/p>\n<p>Il sera par ailleurs \u00e0 la t\u00eate d\u2019une \u00e9quipe qu\u2019il devra non seulement piloter en encadrant et en conseillant les membres, membres dont il a aussi la charge du recrutement. La fonction de chef de vente comporte une part de management, de supervision et de gestion. C\u2019est \u00e0 de faire en sorte que son \u00e9quipe r\u00e9ussisse \u00e0 atteindre les objectifs de vente mais aussi de veiller \u00e0 ce que les consignes et recommandations de la direction commerciale soient suivies.<\/p>\n<p><strong>ImpactUP<\/strong> propose une large palette de prestations pour r\u00e9pondre \u00e0 toutes les pr\u00e9occupations des entreprises en mati\u00e8re de ressources humaines :<\/p>\n<ul>\n<li>une plateforme d\u2019\u00e9valuation qui comporte 4 familles d\u2019outils : TalentBusiness\u00ae, TalentInitial\u00ae, TalentRelation\u00ae et TalentAttitude\u00ae ;<\/li>\n<li>un service en ligne SaaS d\u2019\u00e9valuation qui donne la possibilit\u00e9 d\u2019estimer les comp\u00e9tences dans une langue \u00e9trang\u00e8re et ainsi d\u2019am\u00e9liorer ses capacit\u00e9s linguistiques propos\u00e9 en partenariat avec Pipplet.<\/li>\n<\/ul>\n<p>Il est \u00e9vident que compte tenu de la vari\u00e9t\u00e9 et de la complexit\u00e9 de ses missions, embaucher un <strong>chef de vente<\/strong> <strong>sans l\u2019aide d\u2019un<\/strong> <strong>cabinet de recrutement<\/strong> sp\u00e9cialis\u00e9 est une op\u00e9ration risqu\u00e9e qui pourra vite se transformer en parcours du combattant pour les responsables du recrutement de l\u2019entreprise.<\/p>\n<h2><strong>Comment se passe le recrutement d\u2019un chef de vente chez Impactup\u00a0?<\/strong><\/h2>\n<p>Compte tenu de l\u2019importance des performances d\u2019un <strong>chef de ventes<\/strong>, <strong>son<\/strong> <strong>recrutement<\/strong> <strong>par un<\/strong> <strong>cabinet <\/strong>sp\u00e9cialis\u00e9 s\u2019impose souvent pour garantir la sant\u00e9 financi\u00e8re de l\u2019entreprise d\u2019une part, et la fid\u00e9lisation des clients d\u2019autre part. \u00c0 la fois manager et commercial, un chef de ventes est avant tout un chef d\u2019\u00e9quipe qui se doit d\u2019\u00eatre aussi organis\u00e9 qu\u2019efficace. ImpactUP fournit des conseils aux candidats pour leur bien-\u00eatre au travail \u00e0 un poste int\u00e9ressant.<\/p>\n<p>Chez <strong>Impactup<\/strong>, nous apportons un soin particulier au processus de recrutement. Nous avons alors mis en place une m\u00e9thode sp\u00e9cifique pour tous les recrutements qui nous sont confi\u00e9es\u00a0:<\/p>\n<ul>\n<li>D\u00e9finition de vos besoins (mission, formation, exp\u00e9riences, personnalit\u00e9\u2026),<\/li>\n<li>Description du poste et r\u00e9daction de l\u2019offre d\u2019emploi,<\/li>\n<li>Recherche (publication de l\u2019offre sur notre site et sur d\u2019autres supports s\u00e9lectionn\u00e9s par vos soins ou prises de contact direct),<\/li>\n<li>S\u00e9lection des dossiers, entretiens, tests et prises de r\u00e9f\u00e9rences, pr\u00e9sentation des meilleurs candidats et suivi jusqu\u2019\u00e0 l\u2019embauche d\u00e9finitive.<\/li>\n<\/ul>\n<p>D\u2019ailleurs, nous mettons \u00e0 votre disposition un interlocuteur d\u00e9di\u00e9 attentif \u00e0 vos exigences les plus sp\u00e9cifiques. Ainsi, pour trouver votre futur <strong>chef de ventes, notre cabinet de recrutement<\/strong> se fie au savoir-faire et aux exp\u00e9riences reconnues de nos consultants.<\/p>\n<p>\u00c0 noter qu\u2019un sp\u00e9cialiste du recrutement est un gage d\u2019efficience pour tous les dirigeants. En outre, des cabinets de recrutement ont pour sp\u00e9cialit\u00e9 de vous aider dans l\u2019identification de la meilleure solution strat\u00e9gique sur le moyen terme.<\/p>\n<h2><strong>Un cabinet de recrutement sp\u00e9cialis\u00e9 dans le conseil et le d\u00e9veloppement commercial<\/strong><\/h2>\n<p>En plus d\u2019\u00eatre un <strong>cabinet sp\u00e9cialis\u00e9 dans le recrutement<\/strong> des profils commerciaux comme le <strong>chef des ventes,<\/strong> <a href=\"https:\/\/impactup.com\/\"><strong>Impactup<\/strong><\/a> peut \u00e9galement assurer les fonctions de la direction commerciale externalis\u00e9e. Vous pouvez ainsi nous confier l\u2019organisation de votre d\u00e9partement commercial (plan de recrutement, formations, recherche de partenaires, etc.), la d\u00e9finition de votre strat\u00e9gie commerciale (analyse du march\u00e9, plan d\u2019action commercial, business plan), ou encore la motivation de vos \u00e9quipes commerciales (programmes d\u2019incentive, plans de r\u00e9mun\u00e9ration\u2026).<\/p>\n<p>ImpactUP propose une large palette de prestations pour r\u00e9pondre \u00e0 toutes les pr\u00e9occupations des entreprises en mati\u00e8re de ressources humaines :<\/p>\n<ul>\n<li>une plateforme d\u2019\u00e9valuation qui comporte 4 familles d\u2019outils : TalentBusiness\u00ae, TalentInitial\u00ae, TalentRelation\u00ae et TalentAttitude\u00ae ;<\/li>\n<li>un service en ligne SaaS d\u2019\u00e9valuation qui donne la possibilit\u00e9 d\u2019estimer les comp\u00e9tences dans une langue \u00e9trang\u00e8re et ainsi de am\u00e9liorer ses capacit\u00e9s linguistiques propos\u00e9 en partenariat avec Pipplet.<\/li>\n<\/ul>\n<p>Notre solide exp\u00e9rience dans ce domaine nous permet de mener \u00e0 bien les missions confi\u00e9es par nos clients r\u00e9partis dans de nombreuses r\u00e9gions de la France. En effet, comme nous disposons des bureaux dans quelques grandes villes de France (Paris, Lyon, Toulouse, Nantes et La Rochelle), notre \u00e9quipe peut offrir des services de proximit\u00e9 \u00e0 l\u2019ensemble de nos clients.<\/p>\n<p>Nous sommes le partenaire incontournable de nombreuses entreprises et de diff\u00e9rentes nationalit\u00e9s, convaincues par notre professionnalisme.<strong>\u00a0<\/strong><\/p>\n<h2><strong>Une \u00e9valuation compl\u00e8te avec ImpactUp\u00a0\u00a0<\/strong><\/h2>\n<p>Notre <strong>cabinet de recrutement<\/strong> <strong>de chef des ventes<\/strong> met en place un syst\u00e8me rigoureux pour choisir le bon candidat. Tous les d\u00e9tails sont pris en compte y compris les conditions physiques de la personne. Le chef de vente est amen\u00e9 \u00e0 se d\u00e9placer r\u00e9guli\u00e8rement et \u00e0 parcourir de longues distances en v\u00e9hicule. Il est donc primordial de tester son endurance. Par ailleurs, notre expert \u00e9value et note le niveau de leadership.<\/p>\n<p>Pour encadrer et animer les attach\u00e9s commerciaux ou les chefs de secteur, le chef des ventes doit avoir un esprit de leader pour compl\u00e9ter les comp\u00e9tences acad\u00e9miques. Notre cabinet est un professionnel dans le recrutement, pour cela il effectue plusieurs tests permettant de faire la diff\u00e9rence entre les bons managers et les moyens ainsi que les mauvais.<\/p>\n<p>\u00c0 la fin du recrutement, apr\u00e8s des \u00e9valuations m\u00e9ticuleuses, nos professionnels vous pr\u00e9senteront le meilleur profil. Gr\u00e2ce \u00e0 notre culture de l\u2019excellence, nous vous serons d\u2019une aide essentielle pour booster votre soci\u00e9t\u00e9.<\/p>\n<\/section>\n<p>[\/vc_column_text][\/vc_column][\/vc_row]<\/p>\n<\/div>","protected":false},"excerpt":{"rendered":"<p>[vc_row][vc_column width=&#8221;1\/3&#8243;][vc_btn title=&#8221;Voir notre offre&#8221; color=&#8221;secondarycolor&#8221; align=&#8221;center&#8221; css=&#8221;&#8221; link=&#8221;url:https%3A%2F%2Fimpactup.com%2Frecrutement%2F&#8221;][\/vc_column][vc_column width=&#8221;1\/3&#8243;][vc_btn title=&#8221;Confiez-nous votre projet&#8221; color=&#8221;secondarycolor&#8221; align=&#8221;center&#8221; css=&#8221;&#8221; link=&#8221;url:https%3A%2F%2Fimpactup.com%2Fetude-personnalisee%2F&#8221;][\/vc_column][vc_column width=&#8221;1\/3&#8243;][vc_btn title=&#8221;Contactez-nous&#8221; color=&#8221;secondarycolor&#8221; align=&#8221;center&#8221; css=&#8221;&#8221; link=&#8221;url:https%3A%2F%2Fimpactup.com%2Fcontact%2F&#8221;][\/vc_column][\/vc_row][vc_row css=&#8221;.vc_custom_1717658386032{padding-top: 40px !important;padding-bottom: 20px !important;}&#8221;][vc_column][vc_column_text css=&#8221;&#8221;] ImpactUp, votre cabinet expert dans le recrutement d\u2019un chef de ventes Faire appel \u00e0 un cabinet sp\u00e9cialis\u00e9 pour le recrutement d\u2019un chef de ventes est une [&hellip;]<\/p>\n","protected":false},"author":4,"featured_media":0,"parent":17218,"menu_order":0,"comment_status":"closed","ping_status":"closed","template":"","meta":{"_monsterinsights_skip_tracking":false,"_monsterinsights_sitenote_active":false,"_monsterinsights_sitenote_note":"","_monsterinsights_sitenote_category":0,"footnotes":""},"class_list":["post-25720","page","type-page","status-publish","hentry"],"yoast_head":"<!-- This site is optimized with the Yoast SEO plugin v27.0 - https:\/\/yoast.com\/product\/yoast-seo-wordpress\/ -->\n<title>Faire appel \u00e0 un cabinet pour le recrutement d\u2019un chef de ventes<\/title>\n<meta name=\"description\" content=\"Trouver un chef de ventes qualifi\u00e9 gr\u00e2ce \u00e0 un cabinet de recrutement. ImpactUp est un cabinet exp\u00e9riment\u00e9 qui peut s\u2019occuper du recrutement de votre chef de ventes.\" \/>\n<meta name=\"robots\" content=\"index, follow, max-snippet:-1, max-image-preview:large, max-video-preview:-1\" \/>\n<link rel=\"canonical\" href=\"https:\/\/impactup.com\/en\/glossaire\/cabinet-de-recrutement-chef-des-ventes\/\" \/>\n<meta property=\"og:locale\" content=\"en_US\" \/>\n<meta property=\"og:type\" content=\"article\" \/>\n<meta property=\"og:title\" content=\"Faire appel \u00e0 un cabinet pour le recrutement d\u2019un chef de ventes\" \/>\n<meta property=\"og:description\" content=\"Trouver un chef de ventes qualifi\u00e9 gr\u00e2ce \u00e0 un cabinet de recrutement. ImpactUp est un cabinet exp\u00e9riment\u00e9 qui peut s\u2019occuper du recrutement de votre chef de ventes.\" \/>\n<meta property=\"og:url\" content=\"https:\/\/impactup.com\/en\/glossaire\/cabinet-de-recrutement-chef-des-ventes\/\" \/>\n<meta property=\"og:site_name\" content=\"ImpactUp\" \/>\n<meta property=\"article:modified_time\" content=\"2024-06-07T12:27:32+00:00\" \/>\n<meta property=\"og:image\" content=\"https:\/\/impactup.com\/wp-content\/uploads\/2021\/01\/og.jpg\" \/>\n\t<meta property=\"og:image:width\" content=\"1067\" \/>\n\t<meta property=\"og:image:height\" content=\"600\" \/>\n\t<meta property=\"og:image:type\" content=\"image\/jpeg\" \/>\n<meta name=\"twitter:card\" content=\"summary_large_image\" \/>\n<meta name=\"twitter:label1\" content=\"Est. reading time\" \/>\n\t<meta name=\"twitter:data1\" content=\"8 minutes\" \/>\n<script type=\"application\/ld+json\" class=\"yoast-schema-graph\">{\"@context\":\"https:\/\/schema.org\",\"@graph\":[{\"@type\":\"WebPage\",\"@id\":\"https:\/\/impactup.com\/en\/glossaire\/cabinet-de-recrutement-chef-des-ventes\/\",\"url\":\"https:\/\/impactup.com\/en\/glossaire\/cabinet-de-recrutement-chef-des-ventes\/\",\"name\":\"Faire appel \u00e0 un cabinet pour le recrutement d\u2019un chef de ventes\",\"isPartOf\":{\"@id\":\"https:\/\/impactup.com\/en\/#website\"},\"datePublished\":\"2024-06-06T14:17:56+00:00\",\"dateModified\":\"2024-06-07T12:27:32+00:00\",\"description\":\"Trouver un chef de ventes qualifi\u00e9 gr\u00e2ce \u00e0 un cabinet de recrutement. ImpactUp est un cabinet exp\u00e9riment\u00e9 qui peut s\u2019occuper du recrutement de votre chef de ventes.\",\"breadcrumb\":{\"@id\":\"https:\/\/impactup.com\/en\/glossaire\/cabinet-de-recrutement-chef-des-ventes\/#breadcrumb\"},\"inLanguage\":\"en-US\",\"potentialAction\":[{\"@type\":\"ReadAction\",\"target\":[\"https:\/\/impactup.com\/en\/glossaire\/cabinet-de-recrutement-chef-des-ventes\/\"]}]},{\"@type\":\"BreadcrumbList\",\"@id\":\"https:\/\/impactup.com\/en\/glossaire\/cabinet-de-recrutement-chef-des-ventes\/#breadcrumb\",\"itemListElement\":[{\"@type\":\"ListItem\",\"position\":1,\"name\":\"Accueil\",\"item\":\"https:\/\/impactup.com\/en\/\"},{\"@type\":\"ListItem\",\"position\":2,\"name\":\"Glossaire\",\"item\":\"https:\/\/impactup.com\/en\/glossaire\/\"},{\"@type\":\"ListItem\",\"position\":3,\"name\":\"ImpactUp, votre cabinet expert dans le recrutement d\u2019un chef de ventes\"}]},{\"@type\":\"WebSite\",\"@id\":\"https:\/\/impactup.com\/en\/#website\",\"url\":\"https:\/\/impactup.com\/en\/\",\"name\":\"ImpactUp\",\"description\":\"Recrutement commerciaux, directions commerciales et fonctions marketing\",\"potentialAction\":[{\"@type\":\"SearchAction\",\"target\":{\"@type\":\"EntryPoint\",\"urlTemplate\":\"https:\/\/impactup.com\/en\/?s={search_term_string}\"},\"query-input\":{\"@type\":\"PropertyValueSpecification\",\"valueRequired\":true,\"valueName\":\"search_term_string\"}}],\"inLanguage\":\"en-US\"}]}<\/script>\n<!-- \/ Yoast SEO plugin. -->","yoast_head_json":{"title":"Faire appel \u00e0 un cabinet pour le recrutement d\u2019un chef de ventes","description":"Trouver un chef de ventes qualifi\u00e9 gr\u00e2ce \u00e0 un cabinet de recrutement. ImpactUp est un cabinet exp\u00e9riment\u00e9 qui peut s\u2019occuper du recrutement de votre chef de ventes.","robots":{"index":"index","follow":"follow","max-snippet":"max-snippet:-1","max-image-preview":"max-image-preview:large","max-video-preview":"max-video-preview:-1"},"canonical":"https:\/\/impactup.com\/en\/glossaire\/cabinet-de-recrutement-chef-des-ventes\/","og_locale":"en_US","og_type":"article","og_title":"Faire appel \u00e0 un cabinet pour le recrutement d\u2019un chef de ventes","og_description":"Trouver un chef de ventes qualifi\u00e9 gr\u00e2ce \u00e0 un cabinet de recrutement. ImpactUp est un cabinet exp\u00e9riment\u00e9 qui peut s\u2019occuper du recrutement de votre chef de ventes.","og_url":"https:\/\/impactup.com\/en\/glossaire\/cabinet-de-recrutement-chef-des-ventes\/","og_site_name":"ImpactUp","article_modified_time":"2024-06-07T12:27:32+00:00","og_image":[{"width":1067,"height":600,"url":"https:\/\/impactup.com\/wp-content\/uploads\/2021\/01\/og.jpg","type":"image\/jpeg"}],"twitter_card":"summary_large_image","twitter_misc":{"Est. reading time":"8 minutes"},"schema":{"@context":"https:\/\/schema.org","@graph":[{"@type":"WebPage","@id":"https:\/\/impactup.com\/en\/glossaire\/cabinet-de-recrutement-chef-des-ventes\/","url":"https:\/\/impactup.com\/en\/glossaire\/cabinet-de-recrutement-chef-des-ventes\/","name":"Faire appel \u00e0 un cabinet pour le recrutement d\u2019un chef de ventes","isPartOf":{"@id":"https:\/\/impactup.com\/en\/#website"},"datePublished":"2024-06-06T14:17:56+00:00","dateModified":"2024-06-07T12:27:32+00:00","description":"Trouver un chef de ventes qualifi\u00e9 gr\u00e2ce \u00e0 un cabinet de recrutement. ImpactUp est un cabinet exp\u00e9riment\u00e9 qui peut s\u2019occuper du recrutement de votre chef de ventes.","breadcrumb":{"@id":"https:\/\/impactup.com\/en\/glossaire\/cabinet-de-recrutement-chef-des-ventes\/#breadcrumb"},"inLanguage":"en-US","potentialAction":[{"@type":"ReadAction","target":["https:\/\/impactup.com\/en\/glossaire\/cabinet-de-recrutement-chef-des-ventes\/"]}]},{"@type":"BreadcrumbList","@id":"https:\/\/impactup.com\/en\/glossaire\/cabinet-de-recrutement-chef-des-ventes\/#breadcrumb","itemListElement":[{"@type":"ListItem","position":1,"name":"Accueil","item":"https:\/\/impactup.com\/en\/"},{"@type":"ListItem","position":2,"name":"Glossaire","item":"https:\/\/impactup.com\/en\/glossaire\/"},{"@type":"ListItem","position":3,"name":"ImpactUp, votre cabinet expert dans le recrutement d\u2019un chef de ventes"}]},{"@type":"WebSite","@id":"https:\/\/impactup.com\/en\/#website","url":"https:\/\/impactup.com\/en\/","name":"ImpactUp","description":"Recrutement commerciaux, directions commerciales et fonctions marketing","potentialAction":[{"@type":"SearchAction","target":{"@type":"EntryPoint","urlTemplate":"https:\/\/impactup.com\/en\/?s={search_term_string}"},"query-input":{"@type":"PropertyValueSpecification","valueRequired":true,"valueName":"search_term_string"}}],"inLanguage":"en-US"}]}},"_links":{"self":[{"href":"https:\/\/impactup.com\/en\/wp-json\/wp\/v2\/pages\/25720","targetHints":{"allow":["GET"]}}],"collection":[{"href":"https:\/\/impactup.com\/en\/wp-json\/wp\/v2\/pages"}],"about":[{"href":"https:\/\/impactup.com\/en\/wp-json\/wp\/v2\/types\/page"}],"author":[{"embeddable":true,"href":"https:\/\/impactup.com\/en\/wp-json\/wp\/v2\/users\/4"}],"replies":[{"embeddable":true,"href":"https:\/\/impactup.com\/en\/wp-json\/wp\/v2\/comments?post=25720"}],"version-history":[{"count":2,"href":"https:\/\/impactup.com\/en\/wp-json\/wp\/v2\/pages\/25720\/revisions"}],"predecessor-version":[{"id":25722,"href":"https:\/\/impactup.com\/en\/wp-json\/wp\/v2\/pages\/25720\/revisions\/25722"}],"up":[{"embeddable":true,"href":"https:\/\/impactup.com\/en\/wp-json\/wp\/v2\/pages\/17218"}],"wp:attachment":[{"href":"https:\/\/impactup.com\/en\/wp-json\/wp\/v2\/media?parent=25720"}],"curies":[{"name":"wp","href":"https:\/\/api.w.org\/{rel}","templated":true}]}}