{"id":25713,"date":"2024-06-06T15:48:12","date_gmt":"2024-06-06T13:48:12","guid":{"rendered":"https:\/\/impactup.niou.dev\/?page_id=25713"},"modified":"2024-06-07T16:42:48","modified_gmt":"2024-06-07T14:42:48","slug":"recrutement-responsable-de-secteur","status":"publish","type":"page","link":"https:\/\/impactup.com\/en\/glossaire\/recrutement-responsable-de-secteur\/","title":{"rendered":"Recrutement de responsable de secteur : misez sur l\u2019expertise ImpactUp"},"content":{"rendered":"<div class=\"wpb-content-wrapper\"><p>[vc_row][vc_column width=&#8221;1\/3&#8243;][vc_btn title=&#8221;Voir notre offre&#8221; color=&#8221;secondarycolor&#8221; align=&#8221;center&#8221; css=&#8221;&#8221; link=&#8221;url:https%3A%2F%2Fimpactup.com%2Frecrutement%2F&#8221;][\/vc_column][vc_column width=&#8221;1\/3&#8243;][vc_btn title=&#8221;Confiez-nous votre projet&#8221; color=&#8221;secondarycolor&#8221; align=&#8221;center&#8221; css=&#8221;&#8221; link=&#8221;url:https%3A%2F%2Fimpactup.com%2Fetude-personnalisee%2F&#8221;][\/vc_column][vc_column width=&#8221;1\/3&#8243;][vc_btn title=&#8221;Contactez-nous&#8221; color=&#8221;secondarycolor&#8221; align=&#8221;center&#8221; css=&#8221;&#8221; link=&#8221;url:https%3A%2F%2Fimpactup.com%2Fcontact%2F&#8221;][\/vc_column][\/vc_row][vc_row css=&#8221;.vc_custom_1717658386032{padding-top: 40px !important;padding-bottom: 20px !important;}&#8221;][vc_column][vc_column_text css=&#8221;&#8221;]<\/p>\n<section style=\"text-align: justify;\">\n<h2>Recrutement de responsable de secteur\u00a0: misez sur l\u2019expertise ImpactUp<\/h2>\n<p>Le <a href=\"https:\/\/impactup.com\/glossaire\/recrutement-retail\"><strong>recrutement<\/strong> <strong>d\u2019un responsable de secteur<\/strong> <\/a>\u00a0doit \u00eatre bien pr\u00e9par\u00e9 pour assurer le succ\u00e8s de la d\u00e9marche. La meilleure solution pour \u00e9viter les accrocs est encore de faire appel \u00e0 un cabinet sp\u00e9cialis\u00e9. Pr\u00e9sent \u00e0 Paris,\u00a0 Lille,\u00a0 Bordeaux,\u00a0 Toulouse, \u00a0Lyon,\u00a0 Nantes et \u00a0la Rochelle, l\u2019agence ImpactUp est expert dans la recherche de talents pour les fonctions commerciales et marketing.<\/p>\n<\/section>\n<p>[\/vc_column_text][\/vc_column][\/vc_row][vc_row][vc_column width=&#8221;1\/3&#8243;][vc_btn title=&#8221;Voir notre offre&#8221; color=&#8221;secondarycolor&#8221; align=&#8221;center&#8221; css=&#8221;&#8221; link=&#8221;url:https%3A%2F%2Fimpactup.com%2Frecrutement%2F&#8221;][\/vc_column][vc_column width=&#8221;1\/3&#8243;][vc_btn title=&#8221;Confiez-nous votre projet&#8221; color=&#8221;secondarycolor&#8221; align=&#8221;center&#8221; css=&#8221;&#8221; link=&#8221;url:https%3A%2F%2Fimpactup.com%2Fetude-personnalisee%2F&#8221;][\/vc_column][vc_column width=&#8221;1\/3&#8243;][vc_btn title=&#8221;Contactez-nous&#8221; color=&#8221;secondarycolor&#8221; align=&#8221;center&#8221; css=&#8221;&#8221; link=&#8221;url:https%3A%2F%2Fimpactup.com%2Fcontact%2F&#8221;][\/vc_column][\/vc_row][vc_row css=&#8221;.vc_custom_1717658445522{padding-top: 40px !important;}&#8221;][vc_column][vc_column_text css=&#8221;&#8221;]<\/p>\n<section style=\"text-align: justify;\">\n<h2>Recrutement de professionnels en vente et commerce\u00a0: une t\u00e2che complexe<\/h2>\n<p>Ces derni\u00e8res ann\u00e9es, de plus en plus d\u2019entreprises sp\u00e9cialis\u00e9es dans la vente et le commerce de biens et de services voient le jour. Le fait est qu\u2019il est devenu compl\u00e8xe de trouver des collaborateurs r\u00e9ellement qualifi\u00e9s \u00e0 cause des concurrents, des diff\u00e9rentes technologies et des techniques de travail. Il est, en effet, primordial que les comp\u00e9tences des nouveaux recrus r\u00e9pondent aux exigences du m\u00e9tier et des services propos\u00e9s par les entreprises.<\/p>\n<p>Le recrutement devient encore plus difficile pour les entreprises qui s\u2019\u00e9tendent vers d\u2019autres villes ou d\u2019autres r\u00e9gions et qui souhaitent trouver des collaborateurs sur place. Embaucher les r\u00e9sidents constitue, en effet, une option plus avantageuse pour les fonctions commerciales et marketing de l\u2019antenne locale. Ils ma\u00eetrisent le march\u00e9 et connaissent aussi bien le comportement des consommateurs que leurs attentes et leurs besoins. D\u00e8s lors, il leur sera plus facile d\u2019\u00e9laborer et de d\u00e9ployer les strat\u00e9gies adapt\u00e9es sur leur zone de chalandise.<\/p>\n<p>L\u2019externalisation constitue une solution plus int\u00e9ressante et plus pratique pour le <strong>recrutement <\/strong>de <strong>responsable de secteur <\/strong>ou d\u2019autres travailleurs itin\u00e9rants ou d\u00e9localis\u00e9s. C\u2019est davantage plus avantageux pour les petites entreprises qui ne poss\u00e8dent pas les ressources et le temps pour r\u00e9aliser la gestion d\u2019une campagne de recrutement.<\/p>\n<h2>Recrutement d\u2019un responsable de secteur\u00a0: comment proc\u00e9der\u00a0?<\/h2>\n<p>Pour le <strong>recrutement <\/strong>d\u2019un <strong>responsable de secteur <\/strong>dans une entreprise commerciale, trois options s\u2019offrent \u00e0 elle. La premi\u00e8re consiste \u00e0 rep\u00e9rer la personne qui va prendre le poste au sein de la structure via un recrutement en interne. L\u2019inconv\u00e9nient pour cette option est que rares sont les collaborateurs qui sont pr\u00eats \u00e0 changer de localit\u00e9 ou de ville.<\/p>\n<p>La deuxi\u00e8me consiste \u00e0 solliciter les services d\u2019un cabinet de recrutement expert dans la recherche de cadres et de dirigeants pour les fonctions commerciales et marketing. L\u2019entreprise sera alors d\u00e9charg\u00e9e de la t\u00e2che de cr\u00e9ation, de d\u00e9ploiement et gestion d\u2019une campagne de recrutement. Elle pourra alors se focaliser sur les t\u00e2ches \u00e0 grande valeur ajout\u00e9e. Cette solution permet aussi de faciliter le recrutement dans les secteurs \u00e0 couvrir. Vous serez alors all\u00e9g\u00e9 de la planification des d\u00e9placements ainsi que de l\u2019organisation et des frais li\u00e9s \u00e0 cette t\u00e2che. Il ne faut pas non plus oublier que le processus de recrutement peut s\u2019\u00e9taler sur plusieurs jours et peut requ\u00e9rir plusieurs d\u00e9placements.<\/p>\n<p>La troisi\u00e8me option pour garantir la r\u00e9ussite du <strong>recrutement <\/strong>d\u2019un <strong>responsable de secteur <\/strong>consiste \u00e0 solliciter les services d\u2019un chasseur de t\u00eates. Il peut s\u2019agir d\u2019une voie incontournable si les recherches du cabinet de recrutement sont rest\u00e9es vaines ou si le poste vacant doit trouver son occupant dans les plus brefs d\u00e9lais. Le chasseur de t\u00eates utilisera une m\u00e9thode de recrutement par \u00ab\u00a0approche directe\u00a0\u00bb afin de rep\u00e9rer les professionnels v\u00e9ritablement qualifi\u00e9s pour le poste. Une technique, certes, peu commune qui a fait ses preuves.<\/p>\n<p>L\u2019\u00e9quipe du cabinet ImpacUp est connue pour son expertise et son exp\u00e9rience dans la recherche et le recrutement de profils de haut niveau et d\u2019experts m\u00e9tiers pour les postes li\u00e9s au marketing et au commerce\u00a0: business developer, charg\u00e9(e) de marketing direct, category manager, responsable webmarketing, marchandiseur(euse), d\u00e9l\u00e9gu\u00e9 commercial, responsable de promotion des ventes, etc. ainsi que toutes les fonctions-cl\u00e9s de l\u2019entreprise\u00a0: directeur(trice) de marque, directeur(trice) de la relation client, directeur(trice) de magasin, directeur(trice) commercial(e), key account manager, etc.<\/p>\n<h2>L\u2019approche directe pour identifier un cadre comp\u00e9tent<\/h2>\n<p>\u00c0 l\u2019inverse du processus traditionnel, la chasse de t\u00eate se caract\u00e9rise par une technique plus directe. Au lieu d\u2019attendre les d\u00e9p\u00f4ts de candidature des postulants, le recruteur ou l\u2019agence va s\u2019approcher du profil qui l\u2019int\u00e9resse, mais si ce dernier n\u2019est plus disponible sur le march\u00e9 du travail.<\/p>\n<p>La possibilit\u00e9 d\u2019effectuer un ciblage plus pr\u00e9cis constitue l\u2019un des atouts de la chasse de t\u00eate. Ce mode op\u00e9ratoire d\u00e9passe la simple cr\u00e9ation de profil type. Le chasseur utilisera, en effet, son r\u00e9seau pour identifier les potentiels candidats dont les qualifications r\u00e9pondent aux exigences de l\u2019entreprise cliente. Ce sont les professionnels qui travaillent dans le secteur recherch\u00e9 et dont les comp\u00e9tences sont plus qu\u2019\u00e9videntes. Ce type d\u2019approche fait ses preuves pour le <strong>recrutement d\u2019un responsable de secteur.<\/strong> De plus, il s\u2019agit d\u2019un moyen efficace pour trouver les bons candidats aux postes p\u00e9nuriques ou tr\u00e8s sp\u00e9cifiques.<\/p>\n<h2>Comment bien choisir un cabinet de recrutement\u00a0?<\/h2>\n<p>La recherche d\u2019une agence pour le <a href=\"https:\/\/impactup.com\/glossaire\/cabinet-de-recrutement-consultant-commercial\"><strong>recrutement<\/strong> <strong>de<\/strong> <strong>responsable de secteur<\/strong><\/a> est une op\u00e9ration d\u00e9licate compte tenu des enjeux relatifs aux sp\u00e9cificit\u00e9s de ce poste. \u00c0 noter qu\u2019il est recommand\u00e9 de commencer la prospection uniquement apr\u00e8s avoir d\u00e9fini de mani\u00e8re claire les besoins de l\u2019entreprise et les exigences de la place \u00e0 pourvoir ainsi que le profil du candidat id\u00e9al. Et dans la mesure du possible, il est conseill\u00e9 de miser uniquement sur les cabinets sp\u00e9cialis\u00e9s dans les domaines de la vente, du commerce et du marketing.<\/p>\n<p>Les autres crit\u00e8res de s\u00e9lection \u00e0 retenir pour la s\u00e9lection \u00e0 comparer avant de choisir un prestataire comprennent\u00a0: les comp\u00e9tences et l\u2019exp\u00e9rience, les diff\u00e9rents services dans le cadre du processus, les m\u00e9thodes de recrutement privil\u00e9gi\u00e9es, les moyens (humains, techniques et technologiques) \u00e0 d\u00e9ployer pour la prise en charge du projet, la r\u00e9putation (garantie de la confiance des clients pass\u00e9s et pr\u00e9sents) et les tarifs (qui se doivent d\u2019\u00eatre transparents).<\/p>\n<h2>Les difficult\u00e9s d\u2019un recrutement de responsable de secteur<\/h2>\n<p>Le <strong>recrutement d\u2019un<\/strong> <strong>responsable de secteur <\/strong>est une op\u00e9ration laborieuse \u00e0 cause de l\u2019importance des missions et responsabilit\u00e9s li\u00e9es au m\u00e9tier. Les facteurs pris en compte pour le choix des candidats, dont leurs qualifications et leur profil, seront d\u00e9termin\u00e9s en fonction de leur lieu d\u2019affectation et de leurs t\u00e2ches. Ces derni\u00e8res consistent \u00e0 concevoir et \u00e0 mettre en \u0153uvre une politique commerciale.<\/p>\n<p>Ils sont aussi charg\u00e9s d\u2019organiser les \u00e9quipes et les agences de fa\u00e7on \u00e0 ce que les objectifs de vente impos\u00e9s par la maison m\u00e8re \u00e0 ses filiales soient atteints. Le responsable de secteur doit aussi r\u00e9aliser des comptes rendus r\u00e9guliers sur les activit\u00e9s et les performances du personnel sous leur responsabilit\u00e9. C\u2019est la raison pour laquelle, leur recrutement doit \u00eatre minutieusement \u00e9labor\u00e9.<\/p>\n<p>La recherche de personnel comp\u00e9tent, \u00e9tant une t\u00e2che \u00e0 faible valeur ajout\u00e9e et chronophage, il est plus judicieux de la remettre aux experts comme un cabinet de recrutement. Ce type de structure est en mesure de r\u00e9aliser pour vous le <a href=\"https:\/\/impactup.com\/glossaire\/cabinet-de-recrutement-consultant-commercial\"><strong>recrutement de responsable de secteur <\/strong><\/a>qualifi\u00e9 et adapt\u00e9 \u00e0 vos besoins.<\/p>\n<p>Chez <strong>ImpactUp<\/strong>, nous proposons une formule compl\u00e8te de services pour trouver le bon candidat\u00a0:<\/p>\n<ul>\n<li>Un outil en ligne SaaS d\u2019\u00e9valuation permettant de valider les comp\u00e9tences dans une langue \u00e9trang\u00e8re et d\u2019optimiser ses capacit\u00e9s linguistiques, propos\u00e9 en collaboration avec Pipplet\u00a0;<\/li>\n<li>Une plateforme d\u2019\u00e9valuation constitu\u00e9e de 4 familles d\u2019outils\u00a0: TalentInitial\u00ae, TalentBusiness\u00ae, TalentAttitude\u00ae et TalentRelation\u00ae.<\/li>\n<\/ul>\n<h2>Comment se passe le recrutement de responsable de secteur chez ImpactUp\u00a0?<\/h2>\n<p>Le cabinet de recrutement <a href=\"https:\/\/impactup.com\"><strong>ImpactUp<\/strong><\/a> propose ses services aux entreprises dont les activit\u00e9s sont ax\u00e9es sur le commerce, la vente et le marketing. Ainsi, nous sommes experts dans la recherche d\u2019administrateurs de vente et marketing, de cadres commerciaux et bien d\u2019autres encore.<\/p>\n<p>Vous pouvez nous remettre enti\u00e8rement votre confiance pour le <strong>recrutement de votre<\/strong> <strong>responsable de secteur<\/strong>. Notre exp\u00e9rience et notre savoir-faire constituent des gages pour la r\u00e9ussite de votre projet.<\/p>\n<p>De plus, une agence de chasse de t\u00eate repr\u00e9sente une v\u00e9ritable garantie d\u2019efficacit\u00e9 pour toutes les entreprises. Gr\u00e2ce aux qualifications de nos consultants exer\u00e7ant le m\u00e9tier depuis de nombreuses ann\u00e9es, le processus de recrutement ne peut qu\u2019aboutir aux r\u00e9sultats escompt\u00e9s. Ce n\u2019est pas un hasard si de plus en plus de cabinets de recrutement poss\u00e8dent un p\u00f4le strat\u00e9gie dans l\u2019objectif de pouvoir offrir aux entreprises clientes des solutions int\u00e9gr\u00e9es.<\/p>\n<p>Quel que soit le poste vacant, nous choisissons les candidats non seulement en nous basant sur leur CV et leur parcours professionnel, mais nous les soumettons \u00e9galement \u00e0 de nombreux tests afin d\u2019\u00e9valuer leurs comp\u00e9tences et leurs qualit\u00e9s humaines.<\/p>\n<p>Ainsi, nous nous portons garants des comp\u00e9tences des profils que nous vous s\u00e9lectionnons. Nous les avons minutieusement s\u00e9lectionn\u00e9s en fonction des crit\u00e8res que vous avez \u00e9tablis, que ce soit du point de vue profil ou capacit\u00e9.<\/p>\n<p>De m\u00eame, notre cabinet de recrutement accompagne les candidats pour optimiser leur r\u00e9ussite sur le plan professionnel.<\/p>\n<p>N\u2019h\u00e9sitez pas \u00e0 nous faire confiance, de nombreux groupes nationaux et internationaux ont d\u00e9j\u00e0 franchi le pas. Notre s\u00e9rieux et professionnalisme constituent des garanties pour la r\u00e9ussite de votre projet.<\/p>\n<\/section>\n<p>[\/vc_column_text][\/vc_column][\/vc_row]<\/p>\n<\/div>","protected":false},"excerpt":{"rendered":"<p>[vc_row][vc_column width=&#8221;1\/3&#8243;][vc_btn title=&#8221;Voir notre offre&#8221; color=&#8221;secondarycolor&#8221; align=&#8221;center&#8221; css=&#8221;&#8221; link=&#8221;url:https%3A%2F%2Fimpactup.com%2Frecrutement%2F&#8221;][\/vc_column][vc_column width=&#8221;1\/3&#8243;][vc_btn title=&#8221;Confiez-nous votre projet&#8221; color=&#8221;secondarycolor&#8221; align=&#8221;center&#8221; css=&#8221;&#8221; link=&#8221;url:https%3A%2F%2Fimpactup.com%2Fetude-personnalisee%2F&#8221;][\/vc_column][vc_column width=&#8221;1\/3&#8243;][vc_btn title=&#8221;Contactez-nous&#8221; color=&#8221;secondarycolor&#8221; align=&#8221;center&#8221; css=&#8221;&#8221; link=&#8221;url:https%3A%2F%2Fimpactup.com%2Fcontact%2F&#8221;][\/vc_column][\/vc_row][vc_row css=&#8221;.vc_custom_1717658386032{padding-top: 40px !important;padding-bottom: 20px !important;}&#8221;][vc_column][vc_column_text css=&#8221;&#8221;] Recrutement de responsable de secteur\u00a0: misez sur l\u2019expertise ImpactUp Le recrutement d\u2019un responsable de secteur \u00a0doit \u00eatre bien pr\u00e9par\u00e9 pour assurer le succ\u00e8s de la d\u00e9marche. [&hellip;]<\/p>\n","protected":false},"author":4,"featured_media":0,"parent":17218,"menu_order":0,"comment_status":"closed","ping_status":"closed","template":"","meta":{"_monsterinsights_skip_tracking":false,"_monsterinsights_sitenote_active":false,"_monsterinsights_sitenote_note":"","_monsterinsights_sitenote_category":0,"footnotes":""},"class_list":["post-25713","page","type-page","status-publish","hentry"],"yoast_head":"<!-- This site is optimized with the Yoast SEO plugin v27.0 - https:\/\/yoast.com\/product\/yoast-seo-wordpress\/ -->\n<title>Recrutement de responsable de secteur avec l\u2019aide d\u2019un expert<\/title>\n<meta name=\"description\" content=\"Confier le recrutement de votre responsable de secteur \u00e0 des sp\u00e9cialistes. ImpactUp est une agence fiable pour le recrutement d\u2019un responsable de secteur.\" \/>\n<meta name=\"robots\" content=\"index, follow, max-snippet:-1, max-image-preview:large, max-video-preview:-1\" \/>\n<link rel=\"canonical\" href=\"https:\/\/impactup.com\/en\/glossaire\/recrutement-responsable-de-secteur\/\" \/>\n<meta property=\"og:locale\" content=\"en_US\" \/>\n<meta property=\"og:type\" content=\"article\" \/>\n<meta property=\"og:title\" content=\"Recrutement de responsable de secteur avec l\u2019aide d\u2019un expert\" \/>\n<meta property=\"og:description\" content=\"Confier le recrutement de votre responsable de secteur \u00e0 des sp\u00e9cialistes. ImpactUp est une agence fiable pour le recrutement d\u2019un responsable de secteur.\" \/>\n<meta property=\"og:url\" content=\"https:\/\/impactup.com\/en\/glossaire\/recrutement-responsable-de-secteur\/\" \/>\n<meta property=\"og:site_name\" content=\"ImpactUp\" \/>\n<meta property=\"article:modified_time\" content=\"2024-06-07T14:42:48+00:00\" \/>\n<meta property=\"og:image\" content=\"https:\/\/impactup.com\/wp-content\/uploads\/2021\/01\/og.jpg\" \/>\n\t<meta property=\"og:image:width\" content=\"1067\" \/>\n\t<meta property=\"og:image:height\" content=\"600\" \/>\n\t<meta property=\"og:image:type\" content=\"image\/jpeg\" \/>\n<meta name=\"twitter:card\" content=\"summary_large_image\" \/>\n<meta name=\"twitter:label1\" content=\"Est. reading time\" \/>\n\t<meta name=\"twitter:data1\" content=\"8 minutes\" \/>\n<script type=\"application\/ld+json\" class=\"yoast-schema-graph\">{\"@context\":\"https:\/\/schema.org\",\"@graph\":[{\"@type\":\"WebPage\",\"@id\":\"https:\/\/impactup.com\/en\/glossaire\/recrutement-responsable-de-secteur\/\",\"url\":\"https:\/\/impactup.com\/en\/glossaire\/recrutement-responsable-de-secteur\/\",\"name\":\"Recrutement de responsable de secteur avec l\u2019aide d\u2019un expert\",\"isPartOf\":{\"@id\":\"https:\/\/impactup.com\/en\/#website\"},\"datePublished\":\"2024-06-06T13:48:12+00:00\",\"dateModified\":\"2024-06-07T14:42:48+00:00\",\"description\":\"Confier le recrutement de votre responsable de secteur \u00e0 des sp\u00e9cialistes. ImpactUp est une agence fiable pour le recrutement d\u2019un responsable de secteur.\",\"breadcrumb\":{\"@id\":\"https:\/\/impactup.com\/en\/glossaire\/recrutement-responsable-de-secteur\/#breadcrumb\"},\"inLanguage\":\"en-US\",\"potentialAction\":[{\"@type\":\"ReadAction\",\"target\":[\"https:\/\/impactup.com\/en\/glossaire\/recrutement-responsable-de-secteur\/\"]}]},{\"@type\":\"BreadcrumbList\",\"@id\":\"https:\/\/impactup.com\/en\/glossaire\/recrutement-responsable-de-secteur\/#breadcrumb\",\"itemListElement\":[{\"@type\":\"ListItem\",\"position\":1,\"name\":\"Accueil\",\"item\":\"https:\/\/impactup.com\/en\/\"},{\"@type\":\"ListItem\",\"position\":2,\"name\":\"Glossaire\",\"item\":\"https:\/\/impactup.com\/en\/glossaire\/\"},{\"@type\":\"ListItem\",\"position\":3,\"name\":\"Recrutement de responsable de secteur : misez sur l\u2019expertise ImpactUp\"}]},{\"@type\":\"WebSite\",\"@id\":\"https:\/\/impactup.com\/en\/#website\",\"url\":\"https:\/\/impactup.com\/en\/\",\"name\":\"ImpactUp\",\"description\":\"Recrutement commerciaux, directions commerciales et fonctions marketing\",\"potentialAction\":[{\"@type\":\"SearchAction\",\"target\":{\"@type\":\"EntryPoint\",\"urlTemplate\":\"https:\/\/impactup.com\/en\/?s={search_term_string}\"},\"query-input\":{\"@type\":\"PropertyValueSpecification\",\"valueRequired\":true,\"valueName\":\"search_term_string\"}}],\"inLanguage\":\"en-US\"}]}<\/script>\n<!-- \/ Yoast SEO plugin. -->","yoast_head_json":{"title":"Recrutement de responsable de secteur avec l\u2019aide d\u2019un expert","description":"Confier le recrutement de votre responsable de secteur \u00e0 des sp\u00e9cialistes. ImpactUp est une agence fiable pour le recrutement d\u2019un responsable de secteur.","robots":{"index":"index","follow":"follow","max-snippet":"max-snippet:-1","max-image-preview":"max-image-preview:large","max-video-preview":"max-video-preview:-1"},"canonical":"https:\/\/impactup.com\/en\/glossaire\/recrutement-responsable-de-secteur\/","og_locale":"en_US","og_type":"article","og_title":"Recrutement de responsable de secteur avec l\u2019aide d\u2019un expert","og_description":"Confier le recrutement de votre responsable de secteur \u00e0 des sp\u00e9cialistes. ImpactUp est une agence fiable pour le recrutement d\u2019un responsable de secteur.","og_url":"https:\/\/impactup.com\/en\/glossaire\/recrutement-responsable-de-secteur\/","og_site_name":"ImpactUp","article_modified_time":"2024-06-07T14:42:48+00:00","og_image":[{"width":1067,"height":600,"url":"https:\/\/impactup.com\/wp-content\/uploads\/2021\/01\/og.jpg","type":"image\/jpeg"}],"twitter_card":"summary_large_image","twitter_misc":{"Est. reading time":"8 minutes"},"schema":{"@context":"https:\/\/schema.org","@graph":[{"@type":"WebPage","@id":"https:\/\/impactup.com\/en\/glossaire\/recrutement-responsable-de-secteur\/","url":"https:\/\/impactup.com\/en\/glossaire\/recrutement-responsable-de-secteur\/","name":"Recrutement de responsable de secteur avec l\u2019aide d\u2019un expert","isPartOf":{"@id":"https:\/\/impactup.com\/en\/#website"},"datePublished":"2024-06-06T13:48:12+00:00","dateModified":"2024-06-07T14:42:48+00:00","description":"Confier le recrutement de votre responsable de secteur \u00e0 des sp\u00e9cialistes. ImpactUp est une agence fiable pour le recrutement d\u2019un responsable de secteur.","breadcrumb":{"@id":"https:\/\/impactup.com\/en\/glossaire\/recrutement-responsable-de-secteur\/#breadcrumb"},"inLanguage":"en-US","potentialAction":[{"@type":"ReadAction","target":["https:\/\/impactup.com\/en\/glossaire\/recrutement-responsable-de-secteur\/"]}]},{"@type":"BreadcrumbList","@id":"https:\/\/impactup.com\/en\/glossaire\/recrutement-responsable-de-secteur\/#breadcrumb","itemListElement":[{"@type":"ListItem","position":1,"name":"Accueil","item":"https:\/\/impactup.com\/en\/"},{"@type":"ListItem","position":2,"name":"Glossaire","item":"https:\/\/impactup.com\/en\/glossaire\/"},{"@type":"ListItem","position":3,"name":"Recrutement de responsable de secteur : misez sur l\u2019expertise ImpactUp"}]},{"@type":"WebSite","@id":"https:\/\/impactup.com\/en\/#website","url":"https:\/\/impactup.com\/en\/","name":"ImpactUp","description":"Recrutement commerciaux, directions commerciales et fonctions marketing","potentialAction":[{"@type":"SearchAction","target":{"@type":"EntryPoint","urlTemplate":"https:\/\/impactup.com\/en\/?s={search_term_string}"},"query-input":{"@type":"PropertyValueSpecification","valueRequired":true,"valueName":"search_term_string"}}],"inLanguage":"en-US"}]}},"_links":{"self":[{"href":"https:\/\/impactup.com\/en\/wp-json\/wp\/v2\/pages\/25713","targetHints":{"allow":["GET"]}}],"collection":[{"href":"https:\/\/impactup.com\/en\/wp-json\/wp\/v2\/pages"}],"about":[{"href":"https:\/\/impactup.com\/en\/wp-json\/wp\/v2\/types\/page"}],"author":[{"embeddable":true,"href":"https:\/\/impactup.com\/en\/wp-json\/wp\/v2\/users\/4"}],"replies":[{"embeddable":true,"href":"https:\/\/impactup.com\/en\/wp-json\/wp\/v2\/comments?post=25713"}],"version-history":[{"count":4,"href":"https:\/\/impactup.com\/en\/wp-json\/wp\/v2\/pages\/25713\/revisions"}],"predecessor-version":[{"id":25715,"href":"https:\/\/impactup.com\/en\/wp-json\/wp\/v2\/pages\/25713\/revisions\/25715"}],"up":[{"embeddable":true,"href":"https:\/\/impactup.com\/en\/wp-json\/wp\/v2\/pages\/17218"}],"wp:attachment":[{"href":"https:\/\/impactup.com\/en\/wp-json\/wp\/v2\/media?parent=25713"}],"curies":[{"name":"wp","href":"https:\/\/api.w.org\/{rel}","templated":true}]}}