{"id":25709,"date":"2024-06-06T15:53:46","date_gmt":"2024-06-06T13:53:46","guid":{"rendered":"https:\/\/impactup.niou.dev\/?page_id=25709"},"modified":"2024-06-07T14:23:33","modified_gmt":"2024-06-07T12:23:33","slug":"cabinet-de-recrutement-chef-de-rayon","status":"publish","type":"page","link":"https:\/\/impactup.com\/en\/glossaire\/cabinet-de-recrutement-chef-de-rayon\/","title":{"rendered":"Recrutement de chef de rayon avec l\u2019aide d\u2019un cabinet sp\u00e9cialis\u00e9"},"content":{"rendered":"<div class=\"wpb-content-wrapper\"><p>[vc_row][vc_column width=&#8221;1\/3&#8243;][vc_btn title=&#8221;Voir notre offre&#8221; color=&#8221;secondarycolor&#8221; align=&#8221;center&#8221; css=&#8221;&#8221; link=&#8221;url:https%3A%2F%2Fimpactup.com%2Frecrutement%2F&#8221;][\/vc_column][vc_column width=&#8221;1\/3&#8243;][vc_btn title=&#8221;Confiez-nous votre projet&#8221; color=&#8221;secondarycolor&#8221; align=&#8221;center&#8221; css=&#8221;&#8221; link=&#8221;url:https%3A%2F%2Fimpactup.com%2Fetude-personnalisee%2F&#8221;][\/vc_column][vc_column width=&#8221;1\/3&#8243;][vc_btn title=&#8221;Contactez-nous&#8221; color=&#8221;secondarycolor&#8221; align=&#8221;center&#8221; css=&#8221;&#8221; link=&#8221;url:https%3A%2F%2Fimpactup.com%2Fcontact%2F&#8221;][\/vc_column][\/vc_row][vc_row css=&#8221;.vc_custom_1717658386032{padding-top: 40px !important;padding-bottom: 20px !important;}&#8221;][vc_column][vc_column_text css=&#8221;&#8221;]<\/p>\n<section style=\"text-align: justify;\">\n<h2><strong>Recrutement de chef de rayon avec l\u2019aide d\u2019un cabinet sp\u00e9cialis\u00e9<\/strong><\/h2>\n<p>Faire appel \u00e0 un <a href=\"https:\/\/impactup.com\/glossaire\/cabinet-de-recrutement-chef-des-ventes\"><strong>cabinet de recrutement<\/strong> <strong>pour trouver un<\/strong> <strong>chef de rayon<\/strong><\/a> est une solution qui ne manque pas d\u2019int\u00e9r\u00eats. L\u2019externalisation de la recherche de ce collaborateur aupr\u00e8s d\u2019un sp\u00e9cialiste pr\u00e9sente des avantages pratiques et \u00e9conomiques \u00e0 condition de bien choisir le prestataire. Expert des fonctions commerciales et marketing, <strong>ImpactUp<\/strong> est un partenaire de r\u00e9f\u00e9rence pour la prospection de talents destin\u00e9s \u00e0 des postes dans ces domaines.<\/p>\n<\/section>\n<p>[\/vc_column_text][\/vc_column][\/vc_row][vc_row][vc_column width=&#8221;1\/3&#8243;][vc_btn title=&#8221;Voir notre offre&#8221; color=&#8221;secondarycolor&#8221; align=&#8221;center&#8221; css=&#8221;&#8221; link=&#8221;url:https%3A%2F%2Fimpactup.com%2Frecrutement%2F&#8221;][\/vc_column][vc_column width=&#8221;1\/3&#8243;][vc_btn title=&#8221;Confiez-nous votre projet&#8221; color=&#8221;secondarycolor&#8221; align=&#8221;center&#8221; css=&#8221;&#8221; link=&#8221;url:https%3A%2F%2Fimpactup.com%2Fetude-personnalisee%2F&#8221;][\/vc_column][vc_column width=&#8221;1\/3&#8243;][vc_btn title=&#8221;Contactez-nous&#8221; color=&#8221;secondarycolor&#8221; align=&#8221;center&#8221; css=&#8221;&#8221; link=&#8221;url:https%3A%2F%2Fimpactup.com%2Fcontact%2F&#8221;][\/vc_column][\/vc_row][vc_row css=&#8221;.vc_custom_1717658445522{padding-top: 40px !important;}&#8221;][vc_column][vc_column_text css=&#8221;&#8221;]<\/p>\n<section style=\"text-align: justify;\">\n<h2><strong>Chef de rayon\u00a0: description du m\u00e9tier<\/strong><\/h2>\n<p>Acteur majeur dans le domaine commercial, le chef de rayon est un professionnel charg\u00e9 de la gestion des stocks, de l\u2019implantation des produits et des op\u00e9rations de n\u00e9gociation, d\u2019achat et vente dans le rayon auquel il est affect\u00e9. Travaillant dans les hypermarch\u00e9s et les magasins de libre-service, il proc\u00e8de \u00e9galement au recrutement du personnel sous ses ordres.<\/p>\n<p>Le m\u00e9tier de chef de rayon n\u2019est pas de tout repos. Son quotidien commence par un briefing de son \u00e9quipe lors duquel il va organiser et coordonner le planning et les ventes. Une fois les produits inventori\u00e9s et r\u00e9f\u00e9renc\u00e9s, il s\u2019assure que ceux-ci sont bien pr\u00e9sent\u00e9s sur les gondoles, ces rayonnages m\u00e9talliques plac\u00e9s en t\u00eate d\u2019un rayon. Le m\u00e9tier de chef de rayon inclut une part de management,\u00a0de gestion et de logistique. Sur ce dernier point, c\u2019est \u00e0 lui que revient la charge de surveiller l\u2019\u00e9tat des stocks des produits qu\u2019il commercialise. Il entre r\u00e9guli\u00e8rement en contact avec les fournisseurs afin que les approvisionnements soient toujours optimaux. En ce qui concerne les promotions,\u00a0tout est fonction du type de distribution et du style du groupe dans lequel il travaille.\u00a0 G\u00e9n\u00e9ralement, les d\u00e9cisions de faire des promotions sont prises en concertation avec le chef de d\u00e9partement, les chefs des secteurs et le directeur du magasin.<\/p>\n<p>Int\u00e8gre, dynamique et polyvalent, le chef de rayon dirige et anime son \u00e9quipe afin de r\u00e9pondre aux objectifs de vente et aux exigences de la direction. C\u2019est donc un profil tr\u00e8s appr\u00e9ci\u00e9 et recherch\u00e9 par les entreprises, car il constitue un v\u00e9ritable levier commercial et marketing.<\/p>\n<p>Pour trouver le <strong>chef de rayon<\/strong> qui correspond le plus \u00e0 votre structure, nous vous recommandons de vous adresser \u00e0 un <strong>cabinet de recrutement<\/strong>.<\/p>\n<h2><strong>Quelles sont les qualit\u00e9s d\u2019un bon chef de rayon\u00a0?<\/strong><\/h2>\n<p>Un <a href=\"https:\/\/impactup.com\/glossaire\/cabinet-sp%C3%A9cialis%C3%A9-recrutement-commerciaux\"><strong>chef de rayon qui veut se faire rep\u00e9rer par un<\/strong> <strong>cabinet de recrutement <\/strong><\/a>doit avoir certaines comp\u00e9tences dans le domaine de la vente ainsi qu\u2019une parfaite ma\u00eetrise du secteur dans lequel il travaille. En d\u2019autres termes, il doit conna\u00eetre les caract\u00e9ristiques des produits qu\u2019il vend dans son rayon. \u00a0\u00a0\u00a0\u00a0\u00a0\u00a0\u00a0 Ceci leur permet de bien organiser les rayonnages afin d\u2019attirer les clients et de g\u00e9n\u00e9rer un bon chiffre d\u2019affaires.<\/p>\n<p>Un bon chef de rayon doit \u00e9galement avoir certains softs skills comme une grande aisance relationnelle. Il sera, en effet, amen\u00e9 \u00e0 entrer en contact permanent avec les clients, mais aussi avec d\u2019autres professionnels de son secteur.<\/p>\n<p>Par ailleurs, il doit avoir un grand sens du leadership pour pouvoir diriger son \u00e9quipe. Non seulement il doit savoir la motiver pour qu\u2019elle soit productive, mais aussi mettre en place un planning et affecter chaque membre \u00e0 une t\u00e2che.<\/p>\n<h2><strong>Comment reconna\u00eetre un cabinet de recrutement fiable\u00a0? <\/strong><\/h2>\n<p>Il est important de savoir que tous les cabinets de recrutement ne se valent pas. Certaines structures choisissent de se sp\u00e9cialiser dans un domaine sp\u00e9cifique. Il peut s\u2019agir d\u2019une sp\u00e9cialisation par type de profil (commerciaux, cadres et dirigeants, l\u2019IT, etc.) ou par type d\u2019industrie (automobile, pharmaceutique, etc.). Pour eux, il s\u2019agit d&#8217;un v\u00e9ritable atout face aux agences g\u00e9n\u00e9ralistes.<\/p>\n<p>La r\u00e9putation compte aussi \u00e9norm\u00e9ment dans le choix du <a href=\"https:\/\/impactup.com\/glossaire\/cabinet-de-recrutement-consultant-commercial\"><strong>cabinet de recrutement qui peut trouver un<\/strong> <strong>chef de rayon <\/strong><\/a>qualifi\u00e9. Pour le v\u00e9rifier, il suffit de scruter les avis les plus r\u00e9currents laiss\u00e9s par les clients sur internet. Il est \u00e9galement indispensable de se renseigner sur les m\u00e9thodes utilis\u00e9es par l\u2019agence de recrutement.<\/p>\n<p>Enfin, les premiers \u00e9changes avec le consultant peuvent aussi \u00eatre d\u00e9cisifs. Celui-ci doit s\u2019int\u00e9resser \u00e0 l\u2019histoire de votre entreprise, vos valeurs et votre march\u00e9 pour pouvoir vous d\u00e9nicher le collaborateur apte \u00e0 contribuer au d\u00e9veloppement de votre structure.<\/p>\n<h2><strong>Embauche d\u2019un chef de rayon, faire appel \u00e0 un cabinet sp\u00e9cialis\u00e9<\/strong><\/h2>\n<p>Le <strong>recrutement<\/strong> de nouveaux salari\u00e9s surtout pour un poste \u00e0 haute responsabilit\u00e9 tel qu\u2019un <strong>chef de rayon<\/strong> est un travail de longue haleine et fastidieux\u00a0; il n\u00e9cessite l\u2019intervention d\u2019un <strong>cabinet<\/strong> expert dans ce domaine. En effet, celui-ci poss\u00e8de les qualit\u00e9s requises pour mener \u00e0 bien chaque op\u00e9ration\u00a0: conception et publication des offres, s\u00e9lection des meilleurs dossiers, r\u00e9alisation des entretiens et des proc\u00e9dures d\u2019embauche. L\u2019agence prendra soin de ne fournir pour ses clients que des candidats r\u00e9pondant exactement au profil recherch\u00e9 et soumis \u00e0 diff\u00e9rents tests et \u00e9valuations.<\/p>\n<p><strong>ImpactUP<\/strong> est une structure reconnue comme un acteur de premier plan dans le recrutement de profils de haut niveau et experts m\u00e9tiers) sur des p\u00f4les d\u2019expertise li\u00e9s au marketing et au commerce : charg\u00e9(e) de marketing direct, business developer, marchandiseur(euse), category manager, responsable webmarketing, responsable de promotion des ventes, ing\u00e9nieur commercial, et \u00e0 toutes les fonctions-cl\u00e9s de l\u2019organisation : directeur(trice) de marque, directeur(trice) commercial(e)key account manager, directeur(trice) de la relation client, digital marketing manager, etc.<\/p>\n<p>Par ailleurs, l\u2019ensemble de ces op\u00e9rations exige beaucoup de temps et d\u2019argent. En recourant \u00e0 une agence sp\u00e9cialis\u00e9e qui se chargera de la totalit\u00e9 des t\u00e2ches, le recruteur fera des \u00e9conomies notables et pourra se concentrer sur son c\u0153ur de m\u00e9tier. Le cabinet apportera donc plus de flexibilit\u00e9, de professionnalisme et facilitera la recherche de la perle rare.<\/p>\n<p><strong>ImpactUP<\/strong> d\u00e9ploie des solutions v\u00e9ritablement personnalis\u00e9es pour satisfaire \u00e0 tous les besoins des chefs d\u2019entreprises en mati\u00e8re de ressources humaines :<\/p>\n<ul>\n<li>Un outil en ligne SaaS d&#8217;\u00e9valuation qui donne l\u2019opportunit\u00e9 de jauger les bases d\u2019les comp\u00e9tences dans une langue \u00e9trang\u00e8re et ainsi de renforcer ses capacit\u00e9s en langues \u00e9trang\u00e8res propos\u00e9 en collaboration avec Pipplet ;<\/li>\n<li>Une plateforme d\u2019\u00e9valuation qui comporte 4 familles d\u2019outils : TalentInitial\u00ae, TalentAttitude\u00ae, TalentBusiness\u00ae et TalentRelation\u00ae.<\/li>\n<\/ul>\n<h2><strong>ImpactUp, un cabinet de recrutement \u00e0 la hauteur de vos attentes<\/strong><\/h2>\n<p>Il n\u2019est pas toujours facile de concevoir et de mettre en \u0153uvre une campagne de recrutement, notamment pour les entreprises qui ne peuvent pas se permettre de disposer d\u2019un poste interne qui s\u2019occupera uniquement de cette t\u00e2che. Il est donc plus pratique et \u00e9conomique de recourir aux services d\u2019un expert.<\/p>\n<p>Sp\u00e9cialiste des fonctions commerciales et marketing, ImpactUp est le <strong>cabinet de recrutement <\/strong>qui vous aidera \u00e0 trouver un<strong> chef de rayon<\/strong> correspondant parfaitement \u00e0 vos crit\u00e8res de s\u00e9lection. Nous nous sommes sp\u00e9cialis\u00e9s dans la recherche de cadres commerciaux et d\u2019employ\u00e9s professionnels dans le secteur de la vente et nous sommes pr\u00e9sents dans plusieurs grandes villes,\u00a0dont Paris, Toulouse, Lyon, Nantes et La Rochelle.<\/p>\n<p>Notre travail consiste entre autres \u00e0 \u00e9tudier les dossiers de candidature et \u00e0 \u00e9valuer la personnalit\u00e9 des postulants selon des proc\u00e9d\u00e9s qui ont fait leurs preuves \u00e0 l\u2019instar du \u00ab\u00a0disc de Marson\u00a0\u00bb. Nous proc\u00e9dons \u00e0 des tests de personnalit\u00e9 efficaces pour d\u00e9terminer le potentiel r\u00e9el des candidats \u00e0 savoir\u00a0: Profil Pro, Profil Manager et Profil Comp\u00e9tences.<\/p>\n<p>Toujours attentifs \u00e0 toutes vos demandes, nous mettons \u00e0 votre disposition un service \u00e9largi et des solutions parfaitement taill\u00e9es \u00e0 vos besoins. Les candidats peuvent compter sur des conseils d\u2019experts d\u2019ImpactUP pour leur satisfaction personnelle \u00e0 occuper une position valorisante et nous sommes le partenaire id\u00e9al de nombreuses entreprises de France et d\u2019ailleurs, convaincues par notre professionnalisme.<\/p>\n<h2><strong>La chasse de t\u00eate pour d\u00e9nicher des talents<\/strong><\/h2>\n<p>Si vous faites appel \u00e0 notre <strong>cabinet de recrutement<\/strong> <strong>pour trouver un chef de rayon<\/strong>, nous mettrons tout en \u0153uvre pour vous d\u00e9nicher une personne dont le profil et les comp\u00e9tences r\u00e9pondent exactement \u00e0 vos besoins et aux exigences du poste \u00e0 pourvoir. Nous privil\u00e9gions g\u00e9n\u00e9ralement les m\u00e9thodes classiques de prospection pour r\u00e9pondre aux attentes de nos clients. Mais quand les voies habituelles s\u2019av\u00e8rent infructueuses, nos consultants peuvent opter pour la chasse de t\u00eate. Cette pratique consiste \u00e0 approcher directement les individus susceptibles d\u2019assumer le poste avec succ\u00e8s, m\u00eame si, \u00e0 premi\u00e8re vue et surtout d\u2019apr\u00e8s le contenu de leur CV ils ne semblent pas disposer des qualit\u00e9s et des capacit\u00e9s requises. Il s\u2019agira \u00e9galement de les convaincre d\u2019accepter le travail. Cette m\u00e9thode de recrutement ob\u00e9it \u00e0 des r\u00e8gles juridiques et \u00e9thiques sp\u00e9cifiques que nos recruteurs ma\u00eetrisent bien. Dans tous les cas, nous parvenons g\u00e9n\u00e9ralement \u00e0 trouver les personnes dont nos clients ont besoin.<\/p>\n<h2><strong>ImpactUp, pointilleux dans les recrutements\u00a0\u00a0 <\/strong><\/h2>\n<p>Dans le cadre du <strong>recrutement<\/strong> <strong>d\u2019un chef de rayon<\/strong>, <a href=\"https:\/\/impactup.com\/\"><strong>ImpactUP<\/strong><\/a> est un <strong>cabinet <\/strong>qui impose un test <strong>de<\/strong> comp\u00e9tence et de personnalit\u00e9 aux candidats. Cette \u00e9valuation permet de d\u00e9terminer avec pr\u00e9cision les forces et les faiblesses de ceux-ci. Nous mettons chaque participant \u00e0 l\u2019\u00e9preuve du BF5 ou Big Five, une m\u00e9thode scientifique internationale permettant de d\u00e9terminer la personnalit\u00e9. En d\u2019autres termes, il s\u2019agit d\u2019\u00e9valuer la sociabilit\u00e9 ou le dynamisme, l\u2019imagination, l\u2019\u00e9quilibre \u00e9motionnel, la conscience et la m\u00e9ticulosit\u00e9.<\/p>\n<p>Outre les capacit\u00e9s proprement dites figurant sur le CV, ces points en disent beaucoup sur le \u00a0nouveau chef de rayon. \u00c0 partir du test du BF5 il est possible de d\u00e9crire la personnalit\u00e9 du \u00a0candidat et d\u2019\u00e9valuer sa performance sur le terrain. Vous saurez donc comment interagir avec la personne recrut\u00e9e, que faut-il faire pour l\u2019encadrer correctement, comment la motiver sans la d\u00e9courager.<\/p>\n<\/section>\n<p>[\/vc_column_text][\/vc_column][\/vc_row]<\/p>\n<\/div>","protected":false},"excerpt":{"rendered":"<p>[vc_row][vc_column width=&#8221;1\/3&#8243;][vc_btn title=&#8221;Voir notre offre&#8221; color=&#8221;secondarycolor&#8221; align=&#8221;center&#8221; css=&#8221;&#8221; link=&#8221;url:https%3A%2F%2Fimpactup.com%2Frecrutement%2F&#8221;][\/vc_column][vc_column width=&#8221;1\/3&#8243;][vc_btn title=&#8221;Confiez-nous votre projet&#8221; color=&#8221;secondarycolor&#8221; align=&#8221;center&#8221; css=&#8221;&#8221; link=&#8221;url:https%3A%2F%2Fimpactup.com%2Fetude-personnalisee%2F&#8221;][\/vc_column][vc_column width=&#8221;1\/3&#8243;][vc_btn title=&#8221;Contactez-nous&#8221; color=&#8221;secondarycolor&#8221; align=&#8221;center&#8221; css=&#8221;&#8221; link=&#8221;url:https%3A%2F%2Fimpactup.com%2Fcontact%2F&#8221;][\/vc_column][\/vc_row][vc_row css=&#8221;.vc_custom_1717658386032{padding-top: 40px !important;padding-bottom: 20px !important;}&#8221;][vc_column][vc_column_text css=&#8221;&#8221;] Recrutement de chef de rayon avec l\u2019aide d\u2019un cabinet sp\u00e9cialis\u00e9 Faire appel \u00e0 un cabinet de recrutement pour trouver un chef de rayon est une solution [&hellip;]<\/p>\n","protected":false},"author":4,"featured_media":0,"parent":17218,"menu_order":0,"comment_status":"closed","ping_status":"closed","template":"","meta":{"_monsterinsights_skip_tracking":false,"_monsterinsights_sitenote_active":false,"_monsterinsights_sitenote_note":"","_monsterinsights_sitenote_category":0,"footnotes":""},"class_list":["post-25709","page","type-page","status-publish","hentry"],"yoast_head":"<!-- This site is optimized with the Yoast SEO plugin v27.0 - https:\/\/yoast.com\/product\/yoast-seo-wordpress\/ -->\n<title>Cabinet de recrutement de chef de rayon<\/title>\n<meta name=\"description\" content=\"Recourir \u00e0 un cabinet de recrutement pour embaucher un chef de rayon. ImpactUp est le cabinet de recrutement qui trouvera votre chef de rayon.\" \/>\n<meta name=\"robots\" content=\"index, follow, max-snippet:-1, max-image-preview:large, max-video-preview:-1\" \/>\n<link rel=\"canonical\" href=\"https:\/\/impactup.com\/en\/glossaire\/cabinet-de-recrutement-chef-de-rayon\/\" \/>\n<meta property=\"og:locale\" content=\"en_US\" \/>\n<meta property=\"og:type\" content=\"article\" \/>\n<meta property=\"og:title\" content=\"Cabinet de recrutement de chef de rayon\" \/>\n<meta property=\"og:description\" content=\"Recourir \u00e0 un cabinet de recrutement pour embaucher un chef de rayon. ImpactUp est le cabinet de recrutement qui trouvera votre chef de rayon.\" \/>\n<meta property=\"og:url\" content=\"https:\/\/impactup.com\/en\/glossaire\/cabinet-de-recrutement-chef-de-rayon\/\" \/>\n<meta property=\"og:site_name\" content=\"ImpactUp\" \/>\n<meta property=\"article:modified_time\" content=\"2024-06-07T12:23:33+00:00\" \/>\n<meta property=\"og:image\" content=\"https:\/\/impactup.com\/wp-content\/uploads\/2021\/01\/og.jpg\" \/>\n\t<meta property=\"og:image:width\" content=\"1067\" \/>\n\t<meta property=\"og:image:height\" content=\"600\" \/>\n\t<meta property=\"og:image:type\" content=\"image\/jpeg\" \/>\n<meta name=\"twitter:card\" content=\"summary_large_image\" \/>\n<meta name=\"twitter:label1\" content=\"Est. reading time\" \/>\n\t<meta name=\"twitter:data1\" content=\"9 minutes\" \/>\n<script type=\"application\/ld+json\" class=\"yoast-schema-graph\">{\"@context\":\"https:\/\/schema.org\",\"@graph\":[{\"@type\":\"WebPage\",\"@id\":\"https:\/\/impactup.com\/en\/glossaire\/cabinet-de-recrutement-chef-de-rayon\/\",\"url\":\"https:\/\/impactup.com\/en\/glossaire\/cabinet-de-recrutement-chef-de-rayon\/\",\"name\":\"Cabinet de recrutement de chef de rayon\",\"isPartOf\":{\"@id\":\"https:\/\/impactup.com\/en\/#website\"},\"datePublished\":\"2024-06-06T13:53:46+00:00\",\"dateModified\":\"2024-06-07T12:23:33+00:00\",\"description\":\"Recourir \u00e0 un cabinet de recrutement pour embaucher un chef de rayon. ImpactUp est le cabinet de recrutement qui trouvera votre chef de rayon.\",\"breadcrumb\":{\"@id\":\"https:\/\/impactup.com\/en\/glossaire\/cabinet-de-recrutement-chef-de-rayon\/#breadcrumb\"},\"inLanguage\":\"en-US\",\"potentialAction\":[{\"@type\":\"ReadAction\",\"target\":[\"https:\/\/impactup.com\/en\/glossaire\/cabinet-de-recrutement-chef-de-rayon\/\"]}]},{\"@type\":\"BreadcrumbList\",\"@id\":\"https:\/\/impactup.com\/en\/glossaire\/cabinet-de-recrutement-chef-de-rayon\/#breadcrumb\",\"itemListElement\":[{\"@type\":\"ListItem\",\"position\":1,\"name\":\"Accueil\",\"item\":\"https:\/\/impactup.com\/en\/\"},{\"@type\":\"ListItem\",\"position\":2,\"name\":\"Glossaire\",\"item\":\"https:\/\/impactup.com\/en\/glossaire\/\"},{\"@type\":\"ListItem\",\"position\":3,\"name\":\"Recrutement de chef de rayon avec l\u2019aide d\u2019un cabinet sp\u00e9cialis\u00e9\"}]},{\"@type\":\"WebSite\",\"@id\":\"https:\/\/impactup.com\/en\/#website\",\"url\":\"https:\/\/impactup.com\/en\/\",\"name\":\"ImpactUp\",\"description\":\"Recrutement commerciaux, directions commerciales et fonctions marketing\",\"potentialAction\":[{\"@type\":\"SearchAction\",\"target\":{\"@type\":\"EntryPoint\",\"urlTemplate\":\"https:\/\/impactup.com\/en\/?s={search_term_string}\"},\"query-input\":{\"@type\":\"PropertyValueSpecification\",\"valueRequired\":true,\"valueName\":\"search_term_string\"}}],\"inLanguage\":\"en-US\"}]}<\/script>\n<!-- \/ Yoast SEO plugin. -->","yoast_head_json":{"title":"Cabinet de recrutement de chef de rayon","description":"Recourir \u00e0 un cabinet de recrutement pour embaucher un chef de rayon. ImpactUp est le cabinet de recrutement qui trouvera votre chef de rayon.","robots":{"index":"index","follow":"follow","max-snippet":"max-snippet:-1","max-image-preview":"max-image-preview:large","max-video-preview":"max-video-preview:-1"},"canonical":"https:\/\/impactup.com\/en\/glossaire\/cabinet-de-recrutement-chef-de-rayon\/","og_locale":"en_US","og_type":"article","og_title":"Cabinet de recrutement de chef de rayon","og_description":"Recourir \u00e0 un cabinet de recrutement pour embaucher un chef de rayon. ImpactUp est le cabinet de recrutement qui trouvera votre chef de rayon.","og_url":"https:\/\/impactup.com\/en\/glossaire\/cabinet-de-recrutement-chef-de-rayon\/","og_site_name":"ImpactUp","article_modified_time":"2024-06-07T12:23:33+00:00","og_image":[{"width":1067,"height":600,"url":"https:\/\/impactup.com\/wp-content\/uploads\/2021\/01\/og.jpg","type":"image\/jpeg"}],"twitter_card":"summary_large_image","twitter_misc":{"Est. reading time":"9 minutes"},"schema":{"@context":"https:\/\/schema.org","@graph":[{"@type":"WebPage","@id":"https:\/\/impactup.com\/en\/glossaire\/cabinet-de-recrutement-chef-de-rayon\/","url":"https:\/\/impactup.com\/en\/glossaire\/cabinet-de-recrutement-chef-de-rayon\/","name":"Cabinet de recrutement de chef de rayon","isPartOf":{"@id":"https:\/\/impactup.com\/en\/#website"},"datePublished":"2024-06-06T13:53:46+00:00","dateModified":"2024-06-07T12:23:33+00:00","description":"Recourir \u00e0 un cabinet de recrutement pour embaucher un chef de rayon. ImpactUp est le cabinet de recrutement qui trouvera votre chef de rayon.","breadcrumb":{"@id":"https:\/\/impactup.com\/en\/glossaire\/cabinet-de-recrutement-chef-de-rayon\/#breadcrumb"},"inLanguage":"en-US","potentialAction":[{"@type":"ReadAction","target":["https:\/\/impactup.com\/en\/glossaire\/cabinet-de-recrutement-chef-de-rayon\/"]}]},{"@type":"BreadcrumbList","@id":"https:\/\/impactup.com\/en\/glossaire\/cabinet-de-recrutement-chef-de-rayon\/#breadcrumb","itemListElement":[{"@type":"ListItem","position":1,"name":"Accueil","item":"https:\/\/impactup.com\/en\/"},{"@type":"ListItem","position":2,"name":"Glossaire","item":"https:\/\/impactup.com\/en\/glossaire\/"},{"@type":"ListItem","position":3,"name":"Recrutement de chef de rayon avec l\u2019aide d\u2019un cabinet sp\u00e9cialis\u00e9"}]},{"@type":"WebSite","@id":"https:\/\/impactup.com\/en\/#website","url":"https:\/\/impactup.com\/en\/","name":"ImpactUp","description":"Recrutement commerciaux, directions commerciales et fonctions marketing","potentialAction":[{"@type":"SearchAction","target":{"@type":"EntryPoint","urlTemplate":"https:\/\/impactup.com\/en\/?s={search_term_string}"},"query-input":{"@type":"PropertyValueSpecification","valueRequired":true,"valueName":"search_term_string"}}],"inLanguage":"en-US"}]}},"_links":{"self":[{"href":"https:\/\/impactup.com\/en\/wp-json\/wp\/v2\/pages\/25709","targetHints":{"allow":["GET"]}}],"collection":[{"href":"https:\/\/impactup.com\/en\/wp-json\/wp\/v2\/pages"}],"about":[{"href":"https:\/\/impactup.com\/en\/wp-json\/wp\/v2\/types\/page"}],"author":[{"embeddable":true,"href":"https:\/\/impactup.com\/en\/wp-json\/wp\/v2\/users\/4"}],"replies":[{"embeddable":true,"href":"https:\/\/impactup.com\/en\/wp-json\/wp\/v2\/comments?post=25709"}],"version-history":[{"count":2,"href":"https:\/\/impactup.com\/en\/wp-json\/wp\/v2\/pages\/25709\/revisions"}],"predecessor-version":[{"id":25717,"href":"https:\/\/impactup.com\/en\/wp-json\/wp\/v2\/pages\/25709\/revisions\/25717"}],"up":[{"embeddable":true,"href":"https:\/\/impactup.com\/en\/wp-json\/wp\/v2\/pages\/17218"}],"wp:attachment":[{"href":"https:\/\/impactup.com\/en\/wp-json\/wp\/v2\/media?parent=25709"}],"curies":[{"name":"wp","href":"https:\/\/api.w.org\/{rel}","templated":true}]}}