{"id":25706,"date":"2024-06-06T15:36:53","date_gmt":"2024-06-06T13:36:53","guid":{"rendered":"https:\/\/impactup.niou.dev\/?page_id=25706"},"modified":"2024-06-07T14:18:53","modified_gmt":"2024-06-07T12:18:53","slug":"cabinet-de-recrutement-cadre-commercial","status":"publish","type":"page","link":"https:\/\/impactup.com\/en\/glossaire\/cabinet-de-recrutement-cadre-commercial\/","title":{"rendered":"Recrutement de cadre commercial : faites appel \u00e0 un cabinet expert"},"content":{"rendered":"<div class=\"wpb-content-wrapper\"><p>[vc_row][vc_column width=&#8221;1\/3&#8243;][vc_btn title=&#8221;Voir notre offre&#8221; color=&#8221;secondarycolor&#8221; align=&#8221;center&#8221; css=&#8221;&#8221; link=&#8221;url:https%3A%2F%2Fimpactup.com%2Frecrutement%2F&#8221;][\/vc_column][vc_column width=&#8221;1\/3&#8243;][vc_btn title=&#8221;Confiez-nous votre projet&#8221; color=&#8221;secondarycolor&#8221; align=&#8221;center&#8221; css=&#8221;&#8221; link=&#8221;url:https%3A%2F%2Fimpactup.com%2Fetude-personnalisee%2F&#8221;][\/vc_column][vc_column width=&#8221;1\/3&#8243;][vc_btn title=&#8221;Contactez-nous&#8221; color=&#8221;secondarycolor&#8221; align=&#8221;center&#8221; css=&#8221;&#8221; link=&#8221;url:https%3A%2F%2Fimpactup.com%2Fcontact%2F&#8221;][\/vc_column][\/vc_row][vc_row css=&#8221;.vc_custom_1717658386032{padding-top: 40px !important;padding-bottom: 20px !important;}&#8221;][vc_column][vc_column_text css=&#8221;&#8221;]<\/p>\n<section style=\"text-align: justify;\">\n<h2><strong>Recrutement de cadre commercial\u00a0: faites appel \u00e0 un cabinet expert<\/strong><\/h2>\n<p>Le <a href=\"https:\/\/impactup.com\/glossaire\/cabinet-de-recrutement-business-manager\"><strong>recrutement<\/strong> <strong>de cadre commercial<\/strong><\/a> est essentiel pour les entreprises puisqu\u2019il occupe un r\u00f4le central. En confiant cette t\u00e2che \u00e0 un <a href=\"https:\/\/impactup.com\/glossaire\/cabinet-de-recrutement-business-manager\"><strong>cabinet<\/strong><\/a> tel qu\u2019<strong>ImpactUP<\/strong>, les entreprises b\u00e9n\u00e9ficient de l\u2019expertise du march\u00e9, de r\u00e9seaux \u00e9tendus et de m\u00e9thodes avanc\u00e9es pour identifier les meilleurs talents.<\/p>\n<\/section>\n<p>[\/vc_column_text][\/vc_column][\/vc_row][vc_row][vc_column width=&#8221;1\/3&#8243;][vc_btn title=&#8221;Voir notre offre&#8221; color=&#8221;secondarycolor&#8221; align=&#8221;center&#8221; css=&#8221;&#8221; link=&#8221;url:https%3A%2F%2Fimpactup.com%2Frecrutement%2F&#8221;][\/vc_column][vc_column width=&#8221;1\/3&#8243;][vc_btn title=&#8221;Confiez-nous votre projet&#8221; color=&#8221;secondarycolor&#8221; align=&#8221;center&#8221; css=&#8221;&#8221; link=&#8221;url:https%3A%2F%2Fimpactup.com%2Fetude-personnalisee%2F&#8221;][\/vc_column][vc_column width=&#8221;1\/3&#8243;][vc_btn title=&#8221;Contactez-nous&#8221; color=&#8221;secondarycolor&#8221; align=&#8221;center&#8221; css=&#8221;&#8221; link=&#8221;url:https%3A%2F%2Fimpactup.com%2Fcontact%2F&#8221;][\/vc_column][\/vc_row][vc_row css=&#8221;.vc_custom_1717658445522{padding-top: 40px !important;}&#8221;][vc_column][vc_column_text css=&#8221;&#8221;]<\/p>\n<section style=\"text-align: justify;\">\n<h2><strong>Cadre commercial\u00a0: un poste strat\u00e9gique <\/strong><\/h2>\n<p>Premier responsable de la politique commerciale de l\u2019entreprise, le cadre commercial assure \u00e0 la fois des fonctions de gestion, de supervision et de pilotage. En tant que manager d\u2019\u00e9quipes, il est amen\u00e9 \u00e0 fixer les objectifs de vente tout en assurant la communication avec les services marketing et production. Le cadre commercial d\u00e9finit les orientations strat\u00e9giques en concertation avec les responsables grands comptes et les \u00e9quipes de terrain,\u00a0ce qui fait de lui un acteur de premier plan dans le d\u00e9veloppement du chiffre d\u2019affaires et des parts de march\u00e9 de l\u2019entreprise. Perspicacit\u00e9, diplomatie et force de persuasion sont des qualit\u00e9s essentielles \u00e0 l\u2019exercice du m\u00e9tier.<\/p>\n<p>Sans l\u2019aide d\u2019un <a href=\"https:\/\/impactup.com\/glossaire\/cabinet-sp%C3%A9cialis%C3%A9-recrutement-commerciaux\"><strong>cabinet de recrutement<\/strong><\/a>, il n\u2019est pas facile de <a href=\"https:\/\/impactup.com\/glossaire\/cabinet-sp%C3%A9cialis%C3%A9-recrutement-commerciaux\"><strong>trouver un cadre commercial<\/strong><\/a> qui dispose des comp\u00e9tences et du profil adapt\u00e9 \u00e0 ce type de poste. En effet, avec de nombreuses responsabilit\u00e9s relatives \u00e0 ce m\u00e9tier, et variant de plus selon les activit\u00e9s de l\u2019entreprise et des postes \u00e0 pourvoir, il est essentiel d\u2019apporter un soin particulier au choix des candidats.<\/p>\n<p>Une erreur de jugement ou d\u2019appr\u00e9ciation, un manque d\u2019objectivit\u00e9 ou le contraire au moment des s\u00e9lections peut avoir de lourdes cons\u00e9quences sur les performances du d\u00e9partement auquel sera affect\u00e9e la personne, mais \u00e9galement sur les r\u00e9sultats et les chiffres d\u2019affaires de l\u2019entreprise. Compte tenu des enjeux, il est plus que recommand\u00e9 de faire appel \u00e0 des sp\u00e9cialistes pour le recrutement de vos cadres commerciaux. Par ailleurs, il est de plus en plus difficile de trouver un professionnel qui n\u2019est pas d\u00e9j\u00e0 en poste au sein d\u2019une soci\u00e9t\u00e9. En effet, il est rare de voir un tel profil dans les annonces de demande d\u2019emploi. Pour trouver un ou des candidats de valeur, le recours \u00e0 une agence de recrutement reste donc la meilleure option.<\/p>\n<p>Le cabinet <strong>ImpactUP<\/strong> est un sp\u00e9cialiste dans la recherche de profils de haut niveau et experts m\u00e9tiers) sur les secteurs commerciaux et marketing tels que business developer, category manager, responsable webmarketing, responsable de promotion des ventes, charg\u00e9(e) de marketing direct, d\u00e9l\u00e9gu\u00e9 commercial, ing\u00e9nieur commercial, et \u00e0 toutes les fonctions-cl\u00e9s de l\u2019entreprise : directeur(trice) de la relation client, key account manager, directeur(trice) de marque, directeur(trice) commercial(e)digital marketing manager\u2026<\/p>\n<h2><strong>Comment r\u00e9ussir le recrutement de votre cadre commercial\u00a0?<\/strong><\/h2>\n<p>Faire appel \u00e0 un <strong>cabinet de recrutement<\/strong> <strong>pour trouver un<\/strong> <strong>cadre commercial<\/strong> est le meilleur moyen d\u2019assurer la r\u00e9ussite de votre campagne de recrutement. En effet, compte tenu de la d\u00e9licatesse des missions dont il aura la charge, le choix des candidats est primordial. Et si vous ne disposez pas des comp\u00e9tences techniques pour s\u00e9lectionner les meilleurs postulants, il est possible que ce ne soit pas la bonne personne et les cons\u00e9quences de ce mauvais choix pourraient \u00eatre catastrophiques pour votre entreprise.<\/p>\n<p>Faire appel \u00e0 une agence pour g\u00e9rer les embauches est un gage de r\u00e9ussite pour tous les dirigeants. Ces cabinets poss\u00e8dent une expertise approfondie du march\u00e9 du travail et des r\u00e9seaux \u00e9tendus, leur permettant de rep\u00e9rer rapidement les talents les plus qualifi\u00e9s et les plus adapt\u00e9s aux besoins sp\u00e9cifiques de l\u2019entreprise.<\/p>\n<p>En utilisant des m\u00e9thodes de s\u00e9lection avanc\u00e9es et des outils d\u2019\u00e9valuation rigoureux, ils assurent une pr\u00e9s\u00e9lection de candidats de haute qualit\u00e9, r\u00e9duisant ainsi le risque d\u2019erreur de recrutement. Certaines agences de recrutement peuvent m\u00eame vous accompagner dans la d\u00e9finition d\u2019une strat\u00e9gie sur le moyen terme et de se transformer en chasseurs de t\u00eates redoutables en cas de besoin. De m\u00eame, en d\u00e9l\u00e9guant cette t\u00e2che complexe, d\u00e9licate et fastidieuse \u00e0 un expert tel qu\u2019<strong>ImpactUp<\/strong>, vous b\u00e9n\u00e9ficierez de plus de flexibilit\u00e9 avec la garantie de r\u00e9sultats satisfaisants et plus de temps pour vous concentrer sur votre c\u0153ur de m\u00e9tier.<\/p>\n<h2><strong>Comment se passe le recrutement de cadre commercial dans un cabinet de recrutement\u00a0?<\/strong><\/h2>\n<p>La premi\u00e8re mission du <strong>cabinet de recrutement<\/strong> <strong>de<\/strong> <strong>cadre commercial<\/strong> est de proc\u00e9der \u00e0 la d\u00e9finition du poste et du profil recherch\u00e9, puis \u00e0 la recherche des candidats adapt\u00e9s au profil. Dans le cadre du processus de recrutement, les consultants du cabinet effectuent une \u00e9valuation de la personnalit\u00e9 et du potentiel de chaque candidat \u00e0 travers des tests.<\/p>\n<p>ImpactUP d\u00e9ploie des solutions v\u00e9ritablement personnalis\u00e9es pour les entreprises d\u00e9sireuses de se doter rapidement de nouveaux collaborateurs \u00e0 la hauteur de leurs exigences :<\/p>\n<ul>\n<li>un outil en ligne SaaS d\u2019\u00e9valuation qui donne la possibilit\u00e9 de valider les comp\u00e9tences dans une langue \u00e9trang\u00e8re et ainsi de d\u00e9velopper ses capacit\u00e9s linguistiques propos\u00e9 en partenariat avec Pipplet ;<\/li>\n<li>une plateforme d\u2019\u00e9valuation qui comporte 4 familles d\u2019outils : TalentBusiness\u00ae, TalentInitial\u00ae, TalentRelation\u00ae et TalentAttitude\u00ae.<\/li>\n<li>une base de donn\u00e9es compl\u00e8te et bien garnie ainsi qu\u2019un r\u00e9seau \u00e9tendu pour faciliter la recherche de candidats potentiels selon les exigences du recruteur et du secteur d\u2019activit\u00e9.<\/li>\n<\/ul>\n<p>Ces professionnels proc\u00e8dent par la suite aux entretiens afin de conna\u00eetre les motivations de chaque candidat et pour \u00e9valuer leur capacit\u00e9 \u00e0 accomplir les missions relatives au poste. Une fois les entretiens effectu\u00e9s, le cabinet fournit aux dirigeants de l\u2019entreprise les noms des candidats les plus prometteurs parmi lesquels ils peuvent choisir. Pour faciliter l\u2019adh\u00e9sion des nouveaux collaborateurs au sein de l\u2019entreprise, certains professionnels assurent un accompagnement apr\u00e8s le recrutement.<\/p>\n<p>Les candidats peuvent compter sur des conseils d\u2019experts d\u2019<strong>ImpactUP<\/strong> pour l\u2019atteinte de leurs objectifs professionnels et de nombreuses entreprises de France et d\u2019ailleurs font appel \u00e0 nous, convaincues par notre professionnalisme.<\/p>\n<h2><strong>ImpactUp, un partenaire privil\u00e9gi\u00e9 pour vos projets de recrutement<\/strong><\/h2>\n<p><a href=\"https:\/\/impactup.com\/\"><strong>ImpactUp<\/strong><\/a> est un <strong>cabinet de recrutement <\/strong>de r\u00e9f\u00e9rence qui va tout mettre en \u0153uvre pour trouver le <strong>cadre commercial <\/strong>correspondant \u00e0 vos attentes. Nous sommes en mesure de rechercher pour vous des candidats performants qui assureront le d\u00e9veloppement de votre entreprise. Gr\u00e2ce au savoir-faire et \u00e0 l\u2019expertise de nos \u00e9quipes de consultants, nous pouvons vous proposer des candidats qualifi\u00e9s et comp\u00e9tents, capables d\u2019occuper des postes de responsabilit\u00e9 dans la fonction commerciale de votre entreprise.<\/p>\n<p>Pour trouver les meilleurs cadres commerciaux, nous avons recours \u00e0 une technique bas\u00e9e sur une prise de connaissance approfondie de chaque candidat. Nous prenons en compte leurs formations, leurs dipl\u00f4mes ainsi que leurs exp\u00e9riences dans le domaine du commerce. Nous tenons \u00e9galement compte de la personnalit\u00e9 des candidats, le gage de leur r\u00e9ussite et de leur adaptation dans un poste.<\/p>\n<h2><strong>ImpactUP, un bon interlocuteur pour chaque client\u00a0 <\/strong><\/h2>\n<p>Gr\u00e2ce \u00e0 son go\u00fbt du challenge, ImpactUP peut vous d\u00e9nicher le profil que vous recherchez. Nos ann\u00e9es d\u2019exp\u00e9rience nous ont permis de mettre en pratique une strat\u00e9gie de recrutement efficace. Les r\u00e9sultats parlent d\u2019eux-m\u00eames avec plus de 2000 missions de recrutement r\u00e9ussies pendant tout ce temps.<\/p>\n<p>En plus d\u2019\u00eatre un<a href=\"https:\/\/impactup.com\/glossaire\/cabinet-de-recrutement-consultant-commercial\"><strong> cabinet expert dans le<\/strong> <strong>recrutement de cadre commercial<\/strong><\/a>, ImpactUP met en valeur les \u00e9changes avec votre entreprise. En effet, nous mettons un seul et unique interlocuteur \u00e0 votre service. Le responsable vous accompagne dans vos besoins et vos requ\u00eates avant la signature du contrat. Il se charge entre autres de vous renseigner sur les offres et les services d\u2019<strong>ImpactUp<\/strong>, mais il vous mettra \u00e9galement au courant des nouvelles \u00e0 tout moment et tout au long du processus de recrutement. La communication est sans d\u00e9viation et sans latence.<\/p>\n<p><strong>ImpactUp<\/strong> utilise une approche qui se distingue par son caract\u00e8re unique et sur mesure. Nous comprenons que chaque entreprise a ses propres d\u00e9fis, besoins et objectifs, c\u2019est pourquoi nous adoptons un syst\u00e8me flexible et personnalis\u00e9 \u00e0 chaque mission de recrutement.<\/p>\n<p>Quel que soit votre projet ou votre demande, notre \u00e9quipe est \u00e0 votre disposition en temps r\u00e9el sur le site pour vous conseiller et vous accompagner dans vos d\u00e9marches.<\/p>\n<\/section>\n<p>[\/vc_column_text][\/vc_column][\/vc_row]<\/p>\n<\/div>","protected":false},"excerpt":{"rendered":"<p>[vc_row][vc_column width=&#8221;1\/3&#8243;][vc_btn title=&#8221;Voir notre offre&#8221; color=&#8221;secondarycolor&#8221; align=&#8221;center&#8221; css=&#8221;&#8221; link=&#8221;url:https%3A%2F%2Fimpactup.com%2Frecrutement%2F&#8221;][\/vc_column][vc_column width=&#8221;1\/3&#8243;][vc_btn title=&#8221;Confiez-nous votre projet&#8221; color=&#8221;secondarycolor&#8221; align=&#8221;center&#8221; css=&#8221;&#8221; link=&#8221;url:https%3A%2F%2Fimpactup.com%2Fetude-personnalisee%2F&#8221;][\/vc_column][vc_column width=&#8221;1\/3&#8243;][vc_btn title=&#8221;Contactez-nous&#8221; color=&#8221;secondarycolor&#8221; align=&#8221;center&#8221; css=&#8221;&#8221; link=&#8221;url:https%3A%2F%2Fimpactup.com%2Fcontact%2F&#8221;][\/vc_column][\/vc_row][vc_row css=&#8221;.vc_custom_1717658386032{padding-top: 40px !important;padding-bottom: 20px !important;}&#8221;][vc_column][vc_column_text css=&#8221;&#8221;] Recrutement de cadre commercial\u00a0: faites appel \u00e0 un cabinet expert Le recrutement de cadre commercial est essentiel pour les entreprises puisqu\u2019il occupe un r\u00f4le central. En [&hellip;]<\/p>\n","protected":false},"author":4,"featured_media":0,"parent":17218,"menu_order":0,"comment_status":"closed","ping_status":"closed","template":"","meta":{"_monsterinsights_skip_tracking":false,"_monsterinsights_sitenote_active":false,"_monsterinsights_sitenote_note":"","_monsterinsights_sitenote_category":0,"footnotes":""},"class_list":["post-25706","page","type-page","status-publish","hentry"],"yoast_head":"<!-- This site is optimized with the Yoast SEO plugin v27.0 - https:\/\/yoast.com\/product\/yoast-seo-wordpress\/ -->\n<title>Trouver un cabinet sp\u00e9cialis\u00e9 pour le recrutement d\u2019un cadre commercial<\/title>\n<meta name=\"description\" content=\"Pour le recrutement de cadre commercial, rapprochez-vous d\u2019un cabinet sp\u00e9cialis\u00e9. ImpactUp est un cabinet qui se sp\u00e9cialise dans le recrutement de cadre commercial.\" \/>\n<meta name=\"robots\" content=\"index, follow, max-snippet:-1, max-image-preview:large, max-video-preview:-1\" \/>\n<link rel=\"canonical\" href=\"https:\/\/impactup.com\/en\/glossaire\/cabinet-de-recrutement-cadre-commercial\/\" \/>\n<meta property=\"og:locale\" content=\"en_US\" \/>\n<meta property=\"og:type\" content=\"article\" \/>\n<meta property=\"og:title\" content=\"Trouver un cabinet sp\u00e9cialis\u00e9 pour le recrutement d\u2019un cadre commercial\" \/>\n<meta property=\"og:description\" content=\"Pour le recrutement de cadre commercial, rapprochez-vous d\u2019un cabinet sp\u00e9cialis\u00e9. ImpactUp est un cabinet qui se sp\u00e9cialise dans le recrutement de cadre commercial.\" \/>\n<meta property=\"og:url\" content=\"https:\/\/impactup.com\/en\/glossaire\/cabinet-de-recrutement-cadre-commercial\/\" \/>\n<meta property=\"og:site_name\" content=\"ImpactUp\" \/>\n<meta property=\"article:modified_time\" content=\"2024-06-07T12:18:53+00:00\" \/>\n<meta property=\"og:image\" content=\"https:\/\/impactup.com\/wp-content\/uploads\/2021\/01\/og.jpg\" \/>\n\t<meta property=\"og:image:width\" content=\"1067\" \/>\n\t<meta property=\"og:image:height\" content=\"600\" \/>\n\t<meta property=\"og:image:type\" content=\"image\/jpeg\" \/>\n<meta name=\"twitter:card\" content=\"summary_large_image\" \/>\n<meta name=\"twitter:label1\" content=\"Est. reading time\" \/>\n\t<meta name=\"twitter:data1\" content=\"7 minutes\" \/>\n<script type=\"application\/ld+json\" class=\"yoast-schema-graph\">{\"@context\":\"https:\/\/schema.org\",\"@graph\":[{\"@type\":\"WebPage\",\"@id\":\"https:\/\/impactup.com\/en\/glossaire\/cabinet-de-recrutement-cadre-commercial\/\",\"url\":\"https:\/\/impactup.com\/en\/glossaire\/cabinet-de-recrutement-cadre-commercial\/\",\"name\":\"Trouver un cabinet sp\u00e9cialis\u00e9 pour le recrutement d\u2019un cadre commercial\",\"isPartOf\":{\"@id\":\"https:\/\/impactup.com\/en\/#website\"},\"datePublished\":\"2024-06-06T13:36:53+00:00\",\"dateModified\":\"2024-06-07T12:18:53+00:00\",\"description\":\"Pour le recrutement de cadre commercial, rapprochez-vous d\u2019un cabinet sp\u00e9cialis\u00e9. ImpactUp est un cabinet qui se sp\u00e9cialise dans le recrutement de cadre commercial.\",\"breadcrumb\":{\"@id\":\"https:\/\/impactup.com\/en\/glossaire\/cabinet-de-recrutement-cadre-commercial\/#breadcrumb\"},\"inLanguage\":\"en-US\",\"potentialAction\":[{\"@type\":\"ReadAction\",\"target\":[\"https:\/\/impactup.com\/en\/glossaire\/cabinet-de-recrutement-cadre-commercial\/\"]}]},{\"@type\":\"BreadcrumbList\",\"@id\":\"https:\/\/impactup.com\/en\/glossaire\/cabinet-de-recrutement-cadre-commercial\/#breadcrumb\",\"itemListElement\":[{\"@type\":\"ListItem\",\"position\":1,\"name\":\"Accueil\",\"item\":\"https:\/\/impactup.com\/en\/\"},{\"@type\":\"ListItem\",\"position\":2,\"name\":\"Glossaire\",\"item\":\"https:\/\/impactup.com\/en\/glossaire\/\"},{\"@type\":\"ListItem\",\"position\":3,\"name\":\"Recrutement de cadre commercial : faites appel \u00e0 un cabinet expert\"}]},{\"@type\":\"WebSite\",\"@id\":\"https:\/\/impactup.com\/en\/#website\",\"url\":\"https:\/\/impactup.com\/en\/\",\"name\":\"ImpactUp\",\"description\":\"Recrutement commerciaux, directions commerciales et fonctions marketing\",\"potentialAction\":[{\"@type\":\"SearchAction\",\"target\":{\"@type\":\"EntryPoint\",\"urlTemplate\":\"https:\/\/impactup.com\/en\/?s={search_term_string}\"},\"query-input\":{\"@type\":\"PropertyValueSpecification\",\"valueRequired\":true,\"valueName\":\"search_term_string\"}}],\"inLanguage\":\"en-US\"}]}<\/script>\n<!-- \/ Yoast SEO plugin. -->","yoast_head_json":{"title":"Trouver un cabinet sp\u00e9cialis\u00e9 pour le recrutement d\u2019un cadre commercial","description":"Pour le recrutement de cadre commercial, rapprochez-vous d\u2019un cabinet sp\u00e9cialis\u00e9. ImpactUp est un cabinet qui se sp\u00e9cialise dans le recrutement de cadre commercial.","robots":{"index":"index","follow":"follow","max-snippet":"max-snippet:-1","max-image-preview":"max-image-preview:large","max-video-preview":"max-video-preview:-1"},"canonical":"https:\/\/impactup.com\/en\/glossaire\/cabinet-de-recrutement-cadre-commercial\/","og_locale":"en_US","og_type":"article","og_title":"Trouver un cabinet sp\u00e9cialis\u00e9 pour le recrutement d\u2019un cadre commercial","og_description":"Pour le recrutement de cadre commercial, rapprochez-vous d\u2019un cabinet sp\u00e9cialis\u00e9. ImpactUp est un cabinet qui se sp\u00e9cialise dans le recrutement de cadre commercial.","og_url":"https:\/\/impactup.com\/en\/glossaire\/cabinet-de-recrutement-cadre-commercial\/","og_site_name":"ImpactUp","article_modified_time":"2024-06-07T12:18:53+00:00","og_image":[{"width":1067,"height":600,"url":"https:\/\/impactup.com\/wp-content\/uploads\/2021\/01\/og.jpg","type":"image\/jpeg"}],"twitter_card":"summary_large_image","twitter_misc":{"Est. reading time":"7 minutes"},"schema":{"@context":"https:\/\/schema.org","@graph":[{"@type":"WebPage","@id":"https:\/\/impactup.com\/en\/glossaire\/cabinet-de-recrutement-cadre-commercial\/","url":"https:\/\/impactup.com\/en\/glossaire\/cabinet-de-recrutement-cadre-commercial\/","name":"Trouver un cabinet sp\u00e9cialis\u00e9 pour le recrutement d\u2019un cadre commercial","isPartOf":{"@id":"https:\/\/impactup.com\/en\/#website"},"datePublished":"2024-06-06T13:36:53+00:00","dateModified":"2024-06-07T12:18:53+00:00","description":"Pour le recrutement de cadre commercial, rapprochez-vous d\u2019un cabinet sp\u00e9cialis\u00e9. ImpactUp est un cabinet qui se sp\u00e9cialise dans le recrutement de cadre commercial.","breadcrumb":{"@id":"https:\/\/impactup.com\/en\/glossaire\/cabinet-de-recrutement-cadre-commercial\/#breadcrumb"},"inLanguage":"en-US","potentialAction":[{"@type":"ReadAction","target":["https:\/\/impactup.com\/en\/glossaire\/cabinet-de-recrutement-cadre-commercial\/"]}]},{"@type":"BreadcrumbList","@id":"https:\/\/impactup.com\/en\/glossaire\/cabinet-de-recrutement-cadre-commercial\/#breadcrumb","itemListElement":[{"@type":"ListItem","position":1,"name":"Accueil","item":"https:\/\/impactup.com\/en\/"},{"@type":"ListItem","position":2,"name":"Glossaire","item":"https:\/\/impactup.com\/en\/glossaire\/"},{"@type":"ListItem","position":3,"name":"Recrutement de cadre commercial : faites appel \u00e0 un cabinet expert"}]},{"@type":"WebSite","@id":"https:\/\/impactup.com\/en\/#website","url":"https:\/\/impactup.com\/en\/","name":"ImpactUp","description":"Recrutement commerciaux, directions commerciales et fonctions marketing","potentialAction":[{"@type":"SearchAction","target":{"@type":"EntryPoint","urlTemplate":"https:\/\/impactup.com\/en\/?s={search_term_string}"},"query-input":{"@type":"PropertyValueSpecification","valueRequired":true,"valueName":"search_term_string"}}],"inLanguage":"en-US"}]}},"_links":{"self":[{"href":"https:\/\/impactup.com\/en\/wp-json\/wp\/v2\/pages\/25706","targetHints":{"allow":["GET"]}}],"collection":[{"href":"https:\/\/impactup.com\/en\/wp-json\/wp\/v2\/pages"}],"about":[{"href":"https:\/\/impactup.com\/en\/wp-json\/wp\/v2\/types\/page"}],"author":[{"embeddable":true,"href":"https:\/\/impactup.com\/en\/wp-json\/wp\/v2\/users\/4"}],"replies":[{"embeddable":true,"href":"https:\/\/impactup.com\/en\/wp-json\/wp\/v2\/comments?post=25706"}],"version-history":[{"count":1,"href":"https:\/\/impactup.com\/en\/wp-json\/wp\/v2\/pages\/25706\/revisions"}],"predecessor-version":[{"id":25708,"href":"https:\/\/impactup.com\/en\/wp-json\/wp\/v2\/pages\/25706\/revisions\/25708"}],"up":[{"embeddable":true,"href":"https:\/\/impactup.com\/en\/wp-json\/wp\/v2\/pages\/17218"}],"wp:attachment":[{"href":"https:\/\/impactup.com\/en\/wp-json\/wp\/v2\/media?parent=25706"}],"curies":[{"name":"wp","href":"https:\/\/api.w.org\/{rel}","templated":true}]}}