{"id":25694,"date":"2024-06-06T15:20:26","date_gmt":"2024-06-06T13:20:26","guid":{"rendered":"https:\/\/impactup.niou.dev\/?page_id=25694"},"modified":"2024-06-06T15:41:21","modified_gmt":"2024-06-06T13:41:21","slug":"recrutement-sales-digital","status":"publish","type":"page","link":"https:\/\/impactup.com\/en\/glossaire\/recrutement-sales-digital\/","title":{"rendered":"Choisissez ImpactUp pour faciliter le recrutement de votre sales digital"},"content":{"rendered":"<div class=\"wpb-content-wrapper\"><p>[vc_row][vc_column width=&#8221;1\/3&#8243;][vc_btn title=&#8221;Voir notre offre&#8221; color=&#8221;secondarycolor&#8221; align=&#8221;center&#8221; css=&#8221;&#8221; link=&#8221;url:https%3A%2F%2Fimpactup.com%2Frecrutement%2F&#8221;][\/vc_column][vc_column width=&#8221;1\/3&#8243;][vc_btn title=&#8221;Confiez-nous votre projet&#8221; color=&#8221;secondarycolor&#8221; align=&#8221;center&#8221; css=&#8221;&#8221; link=&#8221;url:https%3A%2F%2Fimpactup.com%2Fetude-personnalisee%2F&#8221;][\/vc_column][vc_column width=&#8221;1\/3&#8243;][vc_btn title=&#8221;Contactez-nous&#8221; color=&#8221;secondarycolor&#8221; align=&#8221;center&#8221; css=&#8221;&#8221; link=&#8221;url:https%3A%2F%2Fimpactup.com%2Fcontact%2F&#8221;][\/vc_column][\/vc_row][vc_row css=&#8221;.vc_custom_1717658386032{padding-top: 40px !important;padding-bottom: 20px !important;}&#8221;][vc_column][vc_column_text css=&#8221;&#8221;]<\/p>\n<section style=\"text-align: justify;\">\n<h2>Choisissez ImpactUp pour faciliter le recrutement de votre sales digital<\/h2>\n<p>Recruter les meilleurs talents n\u00e9cessite une expertise et une approche m\u00e9thodique. Dans ce sens, de nombreuses entreprises choisissent d\u2019engager un cabinet sp\u00e9cialis\u00e9 comme ImpactUp. En tant qu\u2019expert en <strong>r<a href=\"https:\/\/impactup.com\/glossaire\/recrutement-responsable-e-commerce\">ecrutement<\/a> <\/strong>dans le domaine commercial et marketing, ce dernier est le partenaire id\u00e9al pour d\u00e9nicher le candidat id\u00e9al pour occuper le poste de <a href=\"https:\/\/impactup.com\/glossaire\/recrutement-responsable-e-commerce\"><strong>sales digital<\/strong><\/a>.<\/p>\n<\/section>\n<p>[\/vc_column_text][\/vc_column][\/vc_row][vc_row][vc_column width=&#8221;1\/3&#8243;][vc_btn title=&#8221;Voir notre offre&#8221; color=&#8221;secondarycolor&#8221; align=&#8221;center&#8221; css=&#8221;&#8221; link=&#8221;url:https%3A%2F%2Fimpactup.com%2Frecrutement%2F&#8221;][\/vc_column][vc_column width=&#8221;1\/3&#8243;][vc_btn title=&#8221;Confiez-nous votre projet&#8221; color=&#8221;secondarycolor&#8221; align=&#8221;center&#8221; css=&#8221;&#8221; link=&#8221;url:https%3A%2F%2Fimpactup.com%2Fetude-personnalisee%2F&#8221;][\/vc_column][vc_column width=&#8221;1\/3&#8243;][vc_btn title=&#8221;Contactez-nous&#8221; color=&#8221;secondarycolor&#8221; align=&#8221;center&#8221; css=&#8221;&#8221; link=&#8221;url:https%3A%2F%2Fimpactup.com%2Fcontact%2F&#8221;][\/vc_column][\/vc_row][vc_row css=&#8221;.vc_custom_1717658445522{padding-top: 40px !important;}&#8221;][vc_column][vc_column_text css=&#8221;&#8221;]<\/p>\n<section style=\"text-align: justify;\">\n<h2>R\u00e9ussir le recrutement de son sales digital pour booster les ventes<\/h2>\n<p>Avant de parler du <a href=\"https:\/\/impactup.com\/glossaire\/recrutement-business-developer-digital\"><strong>recrutement d\u2019un<\/strong> <strong>sales digital<\/strong><\/a>, voyons plus pr\u00e9cis\u00e9ment quelles sont ses missions.<\/p>\n<p>Ses principales attributions sont\u00a0:<\/p>\n<ul>\n<li>L\u2019identification de cibles pertinentes\u00a0;<\/li>\n<li>La gestion du portefeuille client et son d\u00e9veloppement par la prospection de nouveaux clients\u00a0;<\/li>\n<li>La gestion du portefeuille d\u2019annonceurs avec la n\u00e9gociation et l\u2019optimisation du budget marketing de l\u2019entreprise\u00a0;<\/li>\n<li>La d\u00e9finition d\u2019une strat\u00e9gie marketing avec l\u2019\u00e9laboration de campagnes de communication et d\u2019actions marketing\u00a0;<\/li>\n<li>La mise en place d\u2019indicateurs de performances pour l\u2019analyse de la pertinence et de l\u2019efficacit\u00e9 des campagnes de publicit\u00e9 et des actions marketing\u00a0;<\/li>\n<li>La veille sur l\u2019\u00e9cosyst\u00e8me digital et programmatique\u00a0;<\/li>\n<li>L\u2019optimisation de la strat\u00e9gie marketing.<\/li>\n<\/ul>\n<p>Outre de l\u2019exp\u00e9rience, le sales digital id\u00e9al a g\u00e9n\u00e9ralement suivi une formation en \u00e9cole de commerce et de communication avec sp\u00e9cialisation dans les m\u00e9dias digitaux. C\u2019est donc un profil avec un BAC + 4 ou 5\u00a0ans et son salaire sera d\u00e9fini en fonction de ce param\u00e8tre.<\/p>\n<p>Ayant un r\u00f4le cl\u00e9 sur le d\u00e9veloppement du chiffre d\u2019affaires et repr\u00e9sentant un co\u00fbt salarial cons\u00e9quent, le <strong>recrutement<\/strong> d\u2019un <strong>sales digital<\/strong> doit se faire avec s\u00e9rieux. Or, le march\u00e9 du recrutement est cruellement concurrentiel sur les postes sp\u00e9cifiques tels que celui de sales digital.<\/p>\n<p>Sp\u00e9cialistes du recrutement des fonctions commerciales et marketing, chez ImpactUp, nous mettons toute notre expertise au recrutement du candidat id\u00e9al pour chaque entreprise.<\/p>\n<h2>Les crit\u00e8res de s\u00e9lection d\u2019un cabinet de recrutement<\/h2>\n<p>Choisir le bon cabinet de recrutement requiert une \u00e9valuation approfondie et une pr\u00e9paration d\u00e9licate. Dans ce cadre, il convient de s\u00e9lectionner un prestataire ayant une solide exp\u00e9rience et une sp\u00e9cialisation dans le secteur en question. L\u2019approche du cabinet est \u00e9galement primordiale. Comment trouve-t-il les candidats ? Quel est son processus de s\u00e9lection ? Un expert utilise g\u00e9n\u00e9ralement une m\u00e9thode pr\u00e9cise et rigoureuse pour garantir que les profils propos\u00e9s correspondent parfaitement aux attentes de l\u2019entreprise. L\u2019efficacit\u00e9 du cabinet repose aussi sur les outils et technologies utilis\u00e9s. Enfin, sa r\u00e9putation ainsi que les avis des clients constituent des indicateurs pr\u00e9cieux. Les t\u00e9moignages positifs et les partenariats \u00e0 long terme avec les clients soulignent l\u2019engagement et l\u2019expertise du cabinet.<\/p>\n<p>Si vous cherchez un expert dans le <strong>recrutement de sales digital<\/strong> ou autres profils commerciaux ou marketing, adressez-vous \u00e0 <a href=\"https:\/\/impactup.com\/glossaire\/recrutement-marketing-digital\"><strong>ImpactUp<\/strong><\/a>. En nous confiant cette t\u00e2che, vous b\u00e9n\u00e9ficiez de notre savoir-faire pour trouver un collaborateur comp\u00e9tent et exceptionnel, parfaitement adapt\u00e9 \u00e0 vos besoins.<\/p>\n<h2>ImpactUp, une offre personnalis\u00e9e de recrutement de sales digital<\/h2>\n<p>Chez ImpactUp, cabinet de recrutement avec plus de 15\u00a0ans d\u2019exp\u00e9rience, nous avons d\u00e9velopp\u00e9 une m\u00e9thodologie imparable pour d\u00e9nicher les perles rares sur tous les postes des fonctions commerciales et marketing.<\/p>\n<p>Pour le <a href=\"https:\/\/impactup.com\/glossaire\/recrutement-marketing-digital\"><strong>recrutement<\/strong> <strong>de votre sales digital<\/strong><\/a>, nous prendrons en charge toutes les d\u00e9marches en mettant en place notre plan d\u2019action en respect des crit\u00e8res de discrimination pour vous \u00e9viter tout probl\u00e8me.<\/p>\n<p>Notre m\u00e9thodologie comprend\u00a0:<\/p>\n<ul>\n<li>L\u2019analyse du besoin en d\u00e9finissant avec vous les missions exactes que vous souhaitez confier au sales digital afin de dresser un profil pr\u00e9cis du candidat en ad\u00e9quation avec la philosophie de l\u2019entreprise\u00a0;<\/li>\n<li>La d\u00e9finition des conditions d\u2019embauche selon vos besoins et vos possibilit\u00e9s\u00a0;<\/li>\n<li>La r\u00e9daction de l\u2019offre d\u2019emploi avec description du poste\u00a0;<\/li>\n<li>Le lancement de la prospection de candidats avec chasse et diffusion d\u2019annonces sur des supports s\u00e9lectionn\u00e9s\u00a0;<\/li>\n<li>La r\u00e9alisation des entretiens suivis de tests\u00a0;<\/li>\n<li>La s\u00e9lection et la pr\u00e9sentation d\u2019une short list\u00a0;<\/li>\n<li>Le suivi du candidat retenu jusqu\u2019\u00e0 l\u2019embauche d\u00e9finitive.<\/li>\n<\/ul>\n<h2>ImpactUp, plus qu\u2019un cabinet de recrutement<\/h2>\n<p>Outre le recrutement, ImpactUp intervient comme une v\u00e9ritable direction commerciale externalis\u00e9e.<\/p>\n<p>Nous traitons 4 domaines \u00e0 savoir\u00a0:<\/p>\n<ul>\n<li>la strat\u00e9gie commerciale avec l\u2019analyse de potentiel, l\u2019analyse SWOT, l\u2019\u00e9laboration d\u2019un Business plan ou d\u2019un plan d\u2019adressage march\u00e9, la d\u00e9finition des objectifs cl\u00e9s et des plans d\u2019action commerciaux,<\/li>\n<li>l\u2019organisation commerciale via des plans de recrutements, des formations, l\u2019int\u00e9gration des populations commerciales ou la recherche de partenaires et distributeurs,<\/li>\n<li>la motivation des \u00e9quipes commerciales en effectuant des plans de r\u00e9mun\u00e9ration, en organisant des s\u00e9minaires ou des team building,<\/li>\n<li>le pilotage avec la d\u00e9finition des indicateurs de performances, la mise en \u0153uvre d\u2019outils CRM ou une analyse comportementale.<\/li>\n<\/ul>\n<p>\u00c0 noter que nous int\u00e9grons toujours dans notre tarification une part variable li\u00e9e aux r\u00e9sultats.<\/p>\n<p>&nbsp;<\/p>\n<\/section>\n<p>[\/vc_column_text][\/vc_column][\/vc_row]<\/p>\n<\/div>","protected":false},"excerpt":{"rendered":"<p>[vc_row][vc_column width=&#8221;1\/3&#8243;][vc_btn title=&#8221;Voir notre offre&#8221; color=&#8221;secondarycolor&#8221; align=&#8221;center&#8221; css=&#8221;&#8221; link=&#8221;url:https%3A%2F%2Fimpactup.com%2Frecrutement%2F&#8221;][\/vc_column][vc_column width=&#8221;1\/3&#8243;][vc_btn title=&#8221;Confiez-nous votre projet&#8221; color=&#8221;secondarycolor&#8221; align=&#8221;center&#8221; css=&#8221;&#8221; link=&#8221;url:https%3A%2F%2Fimpactup.com%2Fetude-personnalisee%2F&#8221;][\/vc_column][vc_column width=&#8221;1\/3&#8243;][vc_btn title=&#8221;Contactez-nous&#8221; color=&#8221;secondarycolor&#8221; align=&#8221;center&#8221; css=&#8221;&#8221; link=&#8221;url:https%3A%2F%2Fimpactup.com%2Fcontact%2F&#8221;][\/vc_column][\/vc_row][vc_row css=&#8221;.vc_custom_1717658386032{padding-top: 40px !important;padding-bottom: 20px !important;}&#8221;][vc_column][vc_column_text css=&#8221;&#8221;] Choisissez ImpactUp pour faciliter le recrutement de votre sales digital Recruter les meilleurs talents n\u00e9cessite une expertise et une approche m\u00e9thodique. Dans ce sens, de nombreuses [&hellip;]<\/p>\n","protected":false},"author":4,"featured_media":0,"parent":17218,"menu_order":0,"comment_status":"closed","ping_status":"closed","template":"","meta":{"_monsterinsights_skip_tracking":false,"_monsterinsights_sitenote_active":false,"_monsterinsights_sitenote_note":"","_monsterinsights_sitenote_category":0,"footnotes":""},"class_list":["post-25694","page","type-page","status-publish","hentry"],"yoast_head":"<!-- This site is optimized with the Yoast SEO plugin v27.0 - https:\/\/yoast.com\/product\/yoast-seo-wordpress\/ -->\n<title>Un cabinet qualifi\u00e9 pour le recrutement de sales digital<\/title>\n<meta name=\"description\" content=\"Comment trouver un expert en recrutement de sales digital ? ImpactUp est un cabinet de r\u00e9f\u00e9rence dans le recrutement de sales digital comp\u00e9tent.\" \/>\n<meta name=\"robots\" content=\"index, follow, max-snippet:-1, max-image-preview:large, max-video-preview:-1\" \/>\n<link rel=\"canonical\" href=\"https:\/\/impactup.com\/en\/glossaire\/recrutement-sales-digital\/\" \/>\n<meta property=\"og:locale\" content=\"en_US\" \/>\n<meta property=\"og:type\" content=\"article\" \/>\n<meta property=\"og:title\" content=\"Un cabinet qualifi\u00e9 pour le recrutement de sales digital\" \/>\n<meta property=\"og:description\" content=\"Comment trouver un expert en recrutement de sales digital ? ImpactUp est un cabinet de r\u00e9f\u00e9rence dans le recrutement de sales digital comp\u00e9tent.\" \/>\n<meta property=\"og:url\" content=\"https:\/\/impactup.com\/en\/glossaire\/recrutement-sales-digital\/\" \/>\n<meta property=\"og:site_name\" content=\"ImpactUp\" \/>\n<meta property=\"article:modified_time\" content=\"2024-06-06T13:41:21+00:00\" \/>\n<meta property=\"og:image\" content=\"https:\/\/impactup.com\/wp-content\/uploads\/2021\/01\/og.jpg\" \/>\n\t<meta property=\"og:image:width\" content=\"1067\" \/>\n\t<meta property=\"og:image:height\" content=\"600\" \/>\n\t<meta property=\"og:image:type\" content=\"image\/jpeg\" \/>\n<meta name=\"twitter:card\" content=\"summary_large_image\" \/>\n<meta name=\"twitter:label1\" content=\"Est. reading time\" \/>\n\t<meta name=\"twitter:data1\" content=\"5 minutes\" \/>\n<script type=\"application\/ld+json\" class=\"yoast-schema-graph\">{\"@context\":\"https:\/\/schema.org\",\"@graph\":[{\"@type\":\"WebPage\",\"@id\":\"https:\/\/impactup.com\/en\/glossaire\/recrutement-sales-digital\/\",\"url\":\"https:\/\/impactup.com\/en\/glossaire\/recrutement-sales-digital\/\",\"name\":\"Un cabinet qualifi\u00e9 pour le recrutement de sales digital\",\"isPartOf\":{\"@id\":\"https:\/\/impactup.com\/en\/#website\"},\"datePublished\":\"2024-06-06T13:20:26+00:00\",\"dateModified\":\"2024-06-06T13:41:21+00:00\",\"description\":\"Comment trouver un expert en recrutement de sales digital ? ImpactUp est un cabinet de r\u00e9f\u00e9rence dans le recrutement de sales digital comp\u00e9tent.\",\"breadcrumb\":{\"@id\":\"https:\/\/impactup.com\/en\/glossaire\/recrutement-sales-digital\/#breadcrumb\"},\"inLanguage\":\"en-US\",\"potentialAction\":[{\"@type\":\"ReadAction\",\"target\":[\"https:\/\/impactup.com\/en\/glossaire\/recrutement-sales-digital\/\"]}]},{\"@type\":\"BreadcrumbList\",\"@id\":\"https:\/\/impactup.com\/en\/glossaire\/recrutement-sales-digital\/#breadcrumb\",\"itemListElement\":[{\"@type\":\"ListItem\",\"position\":1,\"name\":\"Accueil\",\"item\":\"https:\/\/impactup.com\/en\/\"},{\"@type\":\"ListItem\",\"position\":2,\"name\":\"Glossaire\",\"item\":\"https:\/\/impactup.com\/en\/glossaire\/\"},{\"@type\":\"ListItem\",\"position\":3,\"name\":\"Choisissez ImpactUp pour faciliter le recrutement de votre sales digital\"}]},{\"@type\":\"WebSite\",\"@id\":\"https:\/\/impactup.com\/en\/#website\",\"url\":\"https:\/\/impactup.com\/en\/\",\"name\":\"ImpactUp\",\"description\":\"Recrutement commerciaux, directions commerciales et fonctions marketing\",\"potentialAction\":[{\"@type\":\"SearchAction\",\"target\":{\"@type\":\"EntryPoint\",\"urlTemplate\":\"https:\/\/impactup.com\/en\/?s={search_term_string}\"},\"query-input\":{\"@type\":\"PropertyValueSpecification\",\"valueRequired\":true,\"valueName\":\"search_term_string\"}}],\"inLanguage\":\"en-US\"}]}<\/script>\n<!-- \/ Yoast SEO plugin. -->","yoast_head_json":{"title":"Un cabinet qualifi\u00e9 pour le recrutement de sales digital","description":"Comment trouver un expert en recrutement de sales digital ? ImpactUp est un cabinet de r\u00e9f\u00e9rence dans le recrutement de sales digital comp\u00e9tent.","robots":{"index":"index","follow":"follow","max-snippet":"max-snippet:-1","max-image-preview":"max-image-preview:large","max-video-preview":"max-video-preview:-1"},"canonical":"https:\/\/impactup.com\/en\/glossaire\/recrutement-sales-digital\/","og_locale":"en_US","og_type":"article","og_title":"Un cabinet qualifi\u00e9 pour le recrutement de sales digital","og_description":"Comment trouver un expert en recrutement de sales digital ? ImpactUp est un cabinet de r\u00e9f\u00e9rence dans le recrutement de sales digital comp\u00e9tent.","og_url":"https:\/\/impactup.com\/en\/glossaire\/recrutement-sales-digital\/","og_site_name":"ImpactUp","article_modified_time":"2024-06-06T13:41:21+00:00","og_image":[{"width":1067,"height":600,"url":"https:\/\/impactup.com\/wp-content\/uploads\/2021\/01\/og.jpg","type":"image\/jpeg"}],"twitter_card":"summary_large_image","twitter_misc":{"Est. reading time":"5 minutes"},"schema":{"@context":"https:\/\/schema.org","@graph":[{"@type":"WebPage","@id":"https:\/\/impactup.com\/en\/glossaire\/recrutement-sales-digital\/","url":"https:\/\/impactup.com\/en\/glossaire\/recrutement-sales-digital\/","name":"Un cabinet qualifi\u00e9 pour le recrutement de sales digital","isPartOf":{"@id":"https:\/\/impactup.com\/en\/#website"},"datePublished":"2024-06-06T13:20:26+00:00","dateModified":"2024-06-06T13:41:21+00:00","description":"Comment trouver un expert en recrutement de sales digital ? ImpactUp est un cabinet de r\u00e9f\u00e9rence dans le recrutement de sales digital comp\u00e9tent.","breadcrumb":{"@id":"https:\/\/impactup.com\/en\/glossaire\/recrutement-sales-digital\/#breadcrumb"},"inLanguage":"en-US","potentialAction":[{"@type":"ReadAction","target":["https:\/\/impactup.com\/en\/glossaire\/recrutement-sales-digital\/"]}]},{"@type":"BreadcrumbList","@id":"https:\/\/impactup.com\/en\/glossaire\/recrutement-sales-digital\/#breadcrumb","itemListElement":[{"@type":"ListItem","position":1,"name":"Accueil","item":"https:\/\/impactup.com\/en\/"},{"@type":"ListItem","position":2,"name":"Glossaire","item":"https:\/\/impactup.com\/en\/glossaire\/"},{"@type":"ListItem","position":3,"name":"Choisissez ImpactUp pour faciliter le recrutement de votre sales digital"}]},{"@type":"WebSite","@id":"https:\/\/impactup.com\/en\/#website","url":"https:\/\/impactup.com\/en\/","name":"ImpactUp","description":"Recrutement commerciaux, directions commerciales et fonctions marketing","potentialAction":[{"@type":"SearchAction","target":{"@type":"EntryPoint","urlTemplate":"https:\/\/impactup.com\/en\/?s={search_term_string}"},"query-input":{"@type":"PropertyValueSpecification","valueRequired":true,"valueName":"search_term_string"}}],"inLanguage":"en-US"}]}},"_links":{"self":[{"href":"https:\/\/impactup.com\/en\/wp-json\/wp\/v2\/pages\/25694","targetHints":{"allow":["GET"]}}],"collection":[{"href":"https:\/\/impactup.com\/en\/wp-json\/wp\/v2\/pages"}],"about":[{"href":"https:\/\/impactup.com\/en\/wp-json\/wp\/v2\/types\/page"}],"author":[{"embeddable":true,"href":"https:\/\/impactup.com\/en\/wp-json\/wp\/v2\/users\/4"}],"replies":[{"embeddable":true,"href":"https:\/\/impactup.com\/en\/wp-json\/wp\/v2\/comments?post=25694"}],"version-history":[{"count":4,"href":"https:\/\/impactup.com\/en\/wp-json\/wp\/v2\/pages\/25694\/revisions"}],"predecessor-version":[{"id":25701,"href":"https:\/\/impactup.com\/en\/wp-json\/wp\/v2\/pages\/25694\/revisions\/25701"}],"up":[{"embeddable":true,"href":"https:\/\/impactup.com\/en\/wp-json\/wp\/v2\/pages\/17218"}],"wp:attachment":[{"href":"https:\/\/impactup.com\/en\/wp-json\/wp\/v2\/media?parent=25694"}],"curies":[{"name":"wp","href":"https:\/\/api.w.org\/{rel}","templated":true}]}}