{"id":25687,"date":"2024-06-06T15:02:34","date_gmt":"2024-06-06T13:02:34","guid":{"rendered":"https:\/\/impactup.niou.dev\/?page_id=25687"},"modified":"2024-06-07T14:10:52","modified_gmt":"2024-06-07T12:10:52","slug":"cabinet-de-recrutement-business-manager","status":"publish","type":"page","link":"https:\/\/impactup.com\/en\/glossaire\/cabinet-de-recrutement-business-manager\/","title":{"rendered":"Quel cabinet de recrutement choisir pour trouver un business manager ?"},"content":{"rendered":"<div class=\"wpb-content-wrapper\"><p>[vc_row][vc_column width=&#8221;1\/3&#8243;][vc_btn title=&#8221;Voir notre offre&#8221; color=&#8221;secondarycolor&#8221; align=&#8221;center&#8221; css=&#8221;&#8221; link=&#8221;url:https%3A%2F%2Fimpactup.com%2Frecrutement%2F&#8221;][\/vc_column][vc_column width=&#8221;1\/3&#8243;][vc_btn title=&#8221;Confiez-nous votre projet&#8221; color=&#8221;secondarycolor&#8221; align=&#8221;center&#8221; css=&#8221;&#8221; link=&#8221;url:https%3A%2F%2Fimpactup.com%2Fetude-personnalisee%2F&#8221;][\/vc_column][vc_column width=&#8221;1\/3&#8243;][vc_btn title=&#8221;Contactez-nous&#8221; color=&#8221;secondarycolor&#8221; align=&#8221;center&#8221; css=&#8221;&#8221; link=&#8221;url:https%3A%2F%2Fimpactup.com%2Fcontact%2F&#8221;][\/vc_column][\/vc_row][vc_row css=&#8221;.vc_custom_1717658386032{padding-top: 40px !important;padding-bottom: 20px !important;}&#8221;][vc_column][vc_column_text css=&#8221;&#8221;]<\/p>\n<section style=\"text-align: justify;\">\n<h2><strong>Quel cabinet de recrutement choisir pour trouver un business manager\u00a0?<\/strong><\/h2>\n<p>Le recours aux services d\u2019un <a href=\"https:\/\/impactup.com\/glossaire\/cabinet-de-recrutement-cadre-commercial\"><strong>cabinet de recrutement pour embaucher un business manager<\/strong><\/a> est une pratique courante. L\u2019externalisation de cette op\u00e9ration d\u00e9licate offre d\u2019ailleurs divers avantages pratiques et \u00e9conomiques ind\u00e9niables. Vous pouvez vous adresser \u00e0 ImpactUp, agence experte des fonctions commerciales et marketing pour la recherche de votre business manager \u00e0 Paris,\u00a0 Nantes,\u00a0 Bordeaux,\u00a0 Toulouse,\u00a0 Lille ou \u00a0la Rochelle.<\/p>\n<\/section>\n<p>[\/vc_column_text][\/vc_column][\/vc_row][vc_row][vc_column width=&#8221;1\/3&#8243;][vc_btn title=&#8221;Voir notre offre&#8221; color=&#8221;secondarycolor&#8221; align=&#8221;center&#8221; css=&#8221;&#8221; link=&#8221;url:https%3A%2F%2Fimpactup.com%2Frecrutement%2F&#8221;][\/vc_column][vc_column width=&#8221;1\/3&#8243;][vc_btn title=&#8221;Confiez-nous votre projet&#8221; color=&#8221;secondarycolor&#8221; align=&#8221;center&#8221; css=&#8221;&#8221; link=&#8221;url:https%3A%2F%2Fimpactup.com%2Fetude-personnalisee%2F&#8221;][\/vc_column][vc_column width=&#8221;1\/3&#8243;][vc_btn title=&#8221;Contactez-nous&#8221; color=&#8221;secondarycolor&#8221; align=&#8221;center&#8221; css=&#8221;&#8221; link=&#8221;url:https%3A%2F%2Fimpactup.com%2Fcontact%2F&#8221;][\/vc_column][\/vc_row][vc_row css=&#8221;.vc_custom_1717658445522{padding-top: 40px !important;}&#8221;][vc_column][vc_column_text css=&#8221;&#8221;]<\/p>\n<section style=\"text-align: justify;\">\n<h2><strong>Le business manager, un professionnel \u00e0 recruter avec soin<\/strong><\/h2>\n<p>Le <a href=\"https:\/\/impactup.com\/glossaire\/cabinet-sp%C3%A9cialis%C3%A9-recrutement-commerciaux\"><strong>recrutement d\u2019un business manager<\/strong><\/a> est \u00e0 r\u00e9aliser avec soin compte tenu des missions diverses qui reviendront \u00e0 celui ou celle qui sera choisi(e). En effet, il ou elle sera responsable des activit\u00e9s de gestion de la client\u00e8le et de la gestion des op\u00e9rations relatives \u00e0 l\u2019acquisition de nouveaux contrats. En d\u2019autres termes, le business manager jouera un r\u00f4le essentiel dans l\u2019optimisation des ventes et des chiffres d\u2019affaires de l\u2019entreprise. Il sera \u00e0 la t\u00eate d\u2019une \u00e9quipe d\u00e9di\u00e9e et travaillera en collaboration avec les \u00e9quipes de vente et les \u00e9quipes commerciales.<\/p>\n<h2><strong>Un recruteur sp\u00e9cialis\u00e9 pour choisir le bon business manager<\/strong><\/h2>\n<p>Effectuer le <strong>recrutement de business manager<\/strong> <strong>via un<\/strong> <strong>cabinet <\/strong>sp\u00e9cialis\u00e9 est l\u2019assurance d\u2019un recrutement r\u00e9ussi. En effet, cette agence mettra \u00e0 votre disposition l\u2019expertise de consultants exp\u00e9riment\u00e9s qui sauront prendre en consid\u00e9ration les besoins de votre entreprise et ceux du poste \u00e0 pourvoir dans la mise en place de la strat\u00e9gie de recrutement \u00e0 utiliser. Ils pourront alors \u00e9tablir le profil id\u00e9al des candidats en fonction de ces informations. Issues \u00e0 100\u00a0% du terrain, nos \u00e9quipes recrutent dans des domaines et des environnements dans lesquels elles maitrisent les contraintes et m\u00e9tiers.<\/p>\n<p>Le cabinet <strong>ImpactUP<\/strong> est le partenaire des entreprises (grandes entreprises ou TPE) pour le ciblage et le recrutement de talents de haut niveau et d\u2019experts m\u00e9tiers sur des p\u00f4les d\u2019expertise li\u00e9s au marketing et au commerce\u00a0: charg\u00e9(e) de marketing direct, marchandiseur(euse), responsable de promotion des ventes, category manager, responsable webmarketing, business developer, d\u00e9l\u00e9gu\u00e9 commercial, et \u00e0 toutes les fonctions-cl\u00e9s de l\u2019entreprise\u00a0: directeur(trice) de marque, directeur(trice) de la relation client, digital marketing manager, sales administrator, directeur(trice) commercial(e), etc. Notre agence a pu jusqu\u2019\u00e0 pr\u00e9sent recruter plus de 2000 managers et commerciaux. ImpactUP guide les candidats pour l\u2019atteinte de leurs objectifs professionnels.<\/p>\n<p>Par ailleurs, l\u2019\u00e9valuation du potentiel des candidats destin\u00e9s \u00e0 occuper des postes de cadres sup\u00e9rieurs requiert des comp\u00e9tences techniques que souvent les \u00e9quipes de ressources humaines ne poss\u00e8dent pas. De plus, un emploi du temps surcharg\u00e9 ne permet g\u00e9n\u00e9ralement pas aux dirigeants op\u00e9rationnels de trouver des cr\u00e9neaux horaires pour s\u2019entretenir avec les candidats pr\u00e9s\u00e9lectionn\u00e9s.<\/p>\n<p><strong>ImpactUP<\/strong> dispose d\u2019une offre de services compl\u00e8te pour placer le profil id\u00e9al, conform\u00e9ment \u00e0 la demande du recruteur\u00a0:<\/p>\n<ul>\n<li>une plateforme d\u2019\u00e9valuation qui repose sur 4 types d\u2019outils\u00a0: TalentBusiness\u00ae, TalentInitial\u00ae, TalentRelation\u00ae et TalentAttitude\u00ae\u00a0;<\/li>\n<li>un outil en ligne SaaS d\u2019\u00e9valuation qui permet de valider les comp\u00e9tences dans une langue \u00e9trang\u00e8re propos\u00e9 en collaboration avec Pipplet.<\/li>\n<\/ul>\n<p>De nombreux groupes tricolores et internationaux font appel \u00e0 nous, convaincus par notre professionnalisme.<\/p>\n<h2><strong>Les autres contraintes qui peuvent appara\u00eetre pendant un recrutement<\/strong><\/h2>\n<p>Outre les contraintes de temps ou la p\u00e9nurie de candidats constitue \u00e9galement un frein \u00e0 l\u2019aboutissement du recrutement. En effet, il est possible que peu de candidats se manifestent malgr\u00e9 la diffusion de multiples annonces par le biais de diff\u00e9rents canaux. En effet, il se peut que l\u2019offre soit sup\u00e9rieure \u00e0 la demande et que tous les candidats qui correspondent au profil soient d\u00e9j\u00e0 en poste ailleurs. De m\u00eame, il est compliqu\u00e9 de trouver un candidat en phase avec les valeurs et l\u2019ADN de l\u2019entreprise.<\/p>\n<p>Le recours \u00e0 un <a href=\"https:\/\/impactup.com\/glossaire\/cabinet-de-recrutement-consultant-commercial\"><strong>cabinet de recrutement de business manager<\/strong><\/a>, pour prendre en charge votre processus d\u2019embauche, g\u00e9n\u00e8re ainsi des gains de temps et de ressources financi\u00e8res fort appr\u00e9ci\u00e9s, surtout pour les entreprises d\u00e9sireuses de se doter d\u2019une \u00e9quipe qualifi\u00e9e et rapidement op\u00e9rationnelle afin d\u2019accompagner leur expansion. Vous pourrez disposer rapidement des comp\u00e9tences d\u2019une \u00e9quipe performante de recruteurs.<\/p>\n<h2><strong>ImpactUP, le partenaire id\u00e9al pour recruter un business manager<\/strong><\/h2>\n<p>ImpactUP est un cabinet de recrutement enti\u00e8rement d\u00e9di\u00e9 aux fonctions commerciales et marketing. Disposant de l\u2019expertise n\u00e9cessaire pour intervenir de mani\u00e8re efficace dans le processus de recrutement de votre futur business manager, notre \u00e9quipe est en mesure de rechercher et d\u2019entrer en contact avec les candidats potentiels dont les profils correspondent le mieux \u00e0 vos crit\u00e8res.<\/p>\n<p>Afin de garantir la r\u00e9ussite du projet, nous prenons soin d\u2019apporter une solution sur mesure et de vous accompagner dans la dur\u00e9e chacun de nos clients.<\/p>\n<p>Form\u00e9es pour assurer tout ou partie du processus de recrutement, nos \u00e9quipes peuvent intervenir et vous conseiller sur la strat\u00e9gie \u00e0 mettre en place. Nous pouvons vous accompagner entre autres dans la d\u00e9finition du profil recherch\u00e9 ainsi que dans le choix des canaux de diffusion. Voici comment se d\u00e9roule en d\u00e9tail notre mission dans le recrutement de votre business manager\u00a0:<\/p>\n<ol>\n<li>Nous d\u00e9terminons avec vous vos besoins en termes de profil, de formation, de personnalit\u00e9, des conditions d\u2019embauche, d\u2019exp\u00e9rience, des t\u00e2ches et de la mission de votre futur collaborateur.<\/li>\n<li>Nous r\u00e9digeons les documents cl\u00e9s indispensables au recrutement comme l\u2019offre d\u2019emploi ainsi que la description du poste.<\/li>\n<li>La phase de la recherche du candidat consiste \u00e0 int\u00e9grer l\u2019offre sur notre site et sur les autres canaux de diffusion choisis par vos soins.<\/li>\n<li>Dans la phase de pr\u00e9-s\u00e9lection, nous proc\u00e9dons \u00e0 l\u2019analyse des CV ainsi qu\u2019\u00e0 leur s\u00e9lection sur des crit\u00e8res objectifs, suivie des entretiens t\u00e9l\u00e9phoniques avec les candidats potentiels.<\/li>\n<li>Pour la s\u00e9lection, les candidats passent un entretien physique avec nos consultants et des tests sont \u00e9galement programm\u00e9s.<\/li>\n<li>Nous vous pr\u00e9sentons ensuite la liste des profils qui ont \u00e9t\u00e9 retenus avec leur dossier et les recommandations.<\/li>\n<li>Nous assurons \u00e9galement le suivi du candidat jusqu\u2019\u00e0 l\u2019aboutissement de son embauche, et \u00a0de son int\u00e9gration au sein de votre entreprise.<\/li>\n<\/ol>\n<p>Notre mission inclut le conseil dans le choix des candidats et la r\u00e9alisation des entretiens d\u2019embauche. Vous pouvez ainsi confier votre recrutement \u00e0 un cabinet sp\u00e9cialis\u00e9 reconnu pour son s\u00e9rieux et les performances de ces m\u00e9thodes et outils de recherche et de s\u00e9lection tel qu\u2019ImpactUP. Class\u00e9 parmi les meilleurs cabinets de recrutements, <strong>ImpactUp<\/strong> se d\u00e9ploie dans toute la France depuis Paris, Nantes, La Rochelle, Toulouse, Lyon et Lille.<\/p>\n<h2><strong>La chasse de t\u00eate\u00a0: une sp\u00e9cialit\u00e9 d\u2019ImpactUp<\/strong><\/h2>\n<p>\u00c9galement appel\u00e9e recrutement par approche directe, la chasse de t\u00eate fait partie des alternatives envisageables pour trouver des collaborateurs. Cette pratique ob\u00e9it \u00e0 des r\u00e8gles sp\u00e9cifiques d\u2019\u00e9thique et de proc\u00e9dures \u00e9tant donn\u00e9 qu\u2019il s\u2019agit d\u2019aller chercher le candidat id\u00e9al l\u00e0 o\u00f9 il se trouve et de le convaincre d\u2019accepter le poste. Le chasseur de t\u00eate est un expert dans l\u2019\u00e9tude des dossiers de demande d\u2019emploi qui saura d\u00e9tecter les comp\u00e9tences n\u00e9cessaires au poste \u00e0 pourvoir chez des personnes qui n\u2019auraient jamais penser \u00e0 candidater par exemple.<\/p>\n<p>Notre <strong>cabinet de recrutement<\/strong> <strong>peut rechercher votre<\/strong> <strong>business manager<\/strong> avec cette pratique. Nos consultants peuvent en effet endosser la panoplie de chasseurs de t\u00eate lorsque les voies classiques de recrutement ne donnent pas les r\u00e9sultats attendus. Nous recourons g\u00e9n\u00e9ralement \u00e0 cette solution quand le poste est difficile \u00e0 pourvoir ou quand les profils requis ne sont pas communs. Nous parvenons g\u00e9n\u00e9ralement \u00e0 d\u00e9nicher les personnes qui r\u00e9pondent aux besoins de nos clients.<\/p>\n<h2><strong>ImpactUP, plus qu\u2019une entreprise\u00a0 <\/strong><\/h2>\n<p>Notre <strong>cabinet de recrutement<\/strong> <strong>de<\/strong> <strong>business manager<\/strong> vise une collaboration sur le long terme avec nos clients. Nous apportons ainsi \u00e0 chaque client une solution sur mesure et un accompagnement personnalis\u00e9 dans la dur\u00e9e. \u00c0 noter que chaque client dispose d\u2019un interlocuteur unique afin de b\u00e9n\u00e9ficier d\u2019un suivi efficace. Les relations professionnelles que nous entretenons avec ces derniers se tournent g\u00e9n\u00e9ralement vers le partenariat. Nous offrons aux grandes entreprises et PME le meilleur de nous-m\u00eames. Dans notre mission de recrutement, nous veillons \u00e0 ce que le candidat soit efficace dans votre entreprise et reste motiv\u00e9.<\/p>\n<p>Pour ce faire, nous \u00e9tablissons un lien de proximit\u00e9 avec lui pour lui donner de nouveaux conseils afin qu\u2019il puisse s\u2019am\u00e9liorer de mani\u00e8re continue. Nous mettons en pratique cette m\u00e9thode pour vous accompagner dans le temps. Cette approche efficace a permis \u00e0 <strong>ImpactUp<\/strong> de g\u00e9rer les probl\u00e8mes entre l\u2019entreprise et le salari\u00e9.<\/p>\n<\/section>\n<p>[\/vc_column_text][\/vc_column][\/vc_row]<\/p>\n<\/div>","protected":false},"excerpt":{"rendered":"<p>[vc_row][vc_column width=&#8221;1\/3&#8243;][vc_btn title=&#8221;Voir notre offre&#8221; color=&#8221;secondarycolor&#8221; align=&#8221;center&#8221; css=&#8221;&#8221; link=&#8221;url:https%3A%2F%2Fimpactup.com%2Frecrutement%2F&#8221;][\/vc_column][vc_column width=&#8221;1\/3&#8243;][vc_btn title=&#8221;Confiez-nous votre projet&#8221; color=&#8221;secondarycolor&#8221; align=&#8221;center&#8221; css=&#8221;&#8221; link=&#8221;url:https%3A%2F%2Fimpactup.com%2Fetude-personnalisee%2F&#8221;][\/vc_column][vc_column width=&#8221;1\/3&#8243;][vc_btn title=&#8221;Contactez-nous&#8221; color=&#8221;secondarycolor&#8221; align=&#8221;center&#8221; css=&#8221;&#8221; link=&#8221;url:https%3A%2F%2Fimpactup.com%2Fcontact%2F&#8221;][\/vc_column][\/vc_row][vc_row css=&#8221;.vc_custom_1717658386032{padding-top: 40px !important;padding-bottom: 20px !important;}&#8221;][vc_column][vc_column_text css=&#8221;&#8221;] Quel cabinet de recrutement choisir pour trouver un business manager\u00a0? Le recours aux services d\u2019un cabinet de recrutement pour embaucher un business manager est une pratique [&hellip;]<\/p>\n","protected":false},"author":4,"featured_media":0,"parent":17218,"menu_order":0,"comment_status":"closed","ping_status":"closed","template":"","meta":{"_monsterinsights_skip_tracking":false,"_monsterinsights_sitenote_active":false,"_monsterinsights_sitenote_note":"","_monsterinsights_sitenote_category":0,"footnotes":""},"class_list":["post-25687","page","type-page","status-publish","hentry"],"yoast_head":"<!-- This site is optimized with the Yoast SEO plugin v27.0 - https:\/\/yoast.com\/product\/yoast-seo-wordpress\/ -->\n<title>Cabinet de recrutement de business manager<\/title>\n<meta name=\"description\" content=\"Recourir \u00e0 un cabinet de recrutement pour trouver un business manager. ImpactUp est un cabinet de recrutement pour embaucher un business manager.\" \/>\n<meta name=\"robots\" content=\"index, follow, max-snippet:-1, max-image-preview:large, max-video-preview:-1\" \/>\n<link rel=\"canonical\" href=\"https:\/\/impactup.com\/en\/glossaire\/cabinet-de-recrutement-business-manager\/\" \/>\n<meta property=\"og:locale\" content=\"en_US\" \/>\n<meta property=\"og:type\" content=\"article\" \/>\n<meta property=\"og:title\" content=\"Cabinet de recrutement de business manager\" \/>\n<meta property=\"og:description\" content=\"Recourir \u00e0 un cabinet de recrutement pour trouver un business manager. ImpactUp est un cabinet de recrutement pour embaucher un business manager.\" \/>\n<meta property=\"og:url\" content=\"https:\/\/impactup.com\/en\/glossaire\/cabinet-de-recrutement-business-manager\/\" \/>\n<meta property=\"og:site_name\" content=\"ImpactUp\" \/>\n<meta property=\"article:modified_time\" content=\"2024-06-07T12:10:52+00:00\" \/>\n<meta property=\"og:image\" content=\"https:\/\/impactup.com\/wp-content\/uploads\/2021\/01\/og.jpg\" \/>\n\t<meta property=\"og:image:width\" content=\"1067\" \/>\n\t<meta property=\"og:image:height\" content=\"600\" \/>\n\t<meta property=\"og:image:type\" content=\"image\/jpeg\" \/>\n<meta name=\"twitter:card\" content=\"summary_large_image\" \/>\n<meta name=\"twitter:label1\" content=\"Est. reading time\" \/>\n\t<meta name=\"twitter:data1\" content=\"8 minutes\" \/>\n<script type=\"application\/ld+json\" class=\"yoast-schema-graph\">{\"@context\":\"https:\/\/schema.org\",\"@graph\":[{\"@type\":\"WebPage\",\"@id\":\"https:\/\/impactup.com\/en\/glossaire\/cabinet-de-recrutement-business-manager\/\",\"url\":\"https:\/\/impactup.com\/en\/glossaire\/cabinet-de-recrutement-business-manager\/\",\"name\":\"Cabinet de recrutement de business manager\",\"isPartOf\":{\"@id\":\"https:\/\/impactup.com\/en\/#website\"},\"datePublished\":\"2024-06-06T13:02:34+00:00\",\"dateModified\":\"2024-06-07T12:10:52+00:00\",\"description\":\"Recourir \u00e0 un cabinet de recrutement pour trouver un business manager. ImpactUp est un cabinet de recrutement pour embaucher un business manager.\",\"breadcrumb\":{\"@id\":\"https:\/\/impactup.com\/en\/glossaire\/cabinet-de-recrutement-business-manager\/#breadcrumb\"},\"inLanguage\":\"en-US\",\"potentialAction\":[{\"@type\":\"ReadAction\",\"target\":[\"https:\/\/impactup.com\/en\/glossaire\/cabinet-de-recrutement-business-manager\/\"]}]},{\"@type\":\"BreadcrumbList\",\"@id\":\"https:\/\/impactup.com\/en\/glossaire\/cabinet-de-recrutement-business-manager\/#breadcrumb\",\"itemListElement\":[{\"@type\":\"ListItem\",\"position\":1,\"name\":\"Accueil\",\"item\":\"https:\/\/impactup.com\/en\/\"},{\"@type\":\"ListItem\",\"position\":2,\"name\":\"Glossaire\",\"item\":\"https:\/\/impactup.com\/en\/glossaire\/\"},{\"@type\":\"ListItem\",\"position\":3,\"name\":\"Quel cabinet de recrutement choisir pour trouver un business manager ?\"}]},{\"@type\":\"WebSite\",\"@id\":\"https:\/\/impactup.com\/en\/#website\",\"url\":\"https:\/\/impactup.com\/en\/\",\"name\":\"ImpactUp\",\"description\":\"Recrutement commerciaux, directions commerciales et fonctions marketing\",\"potentialAction\":[{\"@type\":\"SearchAction\",\"target\":{\"@type\":\"EntryPoint\",\"urlTemplate\":\"https:\/\/impactup.com\/en\/?s={search_term_string}\"},\"query-input\":{\"@type\":\"PropertyValueSpecification\",\"valueRequired\":true,\"valueName\":\"search_term_string\"}}],\"inLanguage\":\"en-US\"}]}<\/script>\n<!-- \/ Yoast SEO plugin. -->","yoast_head_json":{"title":"Cabinet de recrutement de business manager","description":"Recourir \u00e0 un cabinet de recrutement pour trouver un business manager. ImpactUp est un cabinet de recrutement pour embaucher un business manager.","robots":{"index":"index","follow":"follow","max-snippet":"max-snippet:-1","max-image-preview":"max-image-preview:large","max-video-preview":"max-video-preview:-1"},"canonical":"https:\/\/impactup.com\/en\/glossaire\/cabinet-de-recrutement-business-manager\/","og_locale":"en_US","og_type":"article","og_title":"Cabinet de recrutement de business manager","og_description":"Recourir \u00e0 un cabinet de recrutement pour trouver un business manager. ImpactUp est un cabinet de recrutement pour embaucher un business manager.","og_url":"https:\/\/impactup.com\/en\/glossaire\/cabinet-de-recrutement-business-manager\/","og_site_name":"ImpactUp","article_modified_time":"2024-06-07T12:10:52+00:00","og_image":[{"width":1067,"height":600,"url":"https:\/\/impactup.com\/wp-content\/uploads\/2021\/01\/og.jpg","type":"image\/jpeg"}],"twitter_card":"summary_large_image","twitter_misc":{"Est. reading time":"8 minutes"},"schema":{"@context":"https:\/\/schema.org","@graph":[{"@type":"WebPage","@id":"https:\/\/impactup.com\/en\/glossaire\/cabinet-de-recrutement-business-manager\/","url":"https:\/\/impactup.com\/en\/glossaire\/cabinet-de-recrutement-business-manager\/","name":"Cabinet de recrutement de business manager","isPartOf":{"@id":"https:\/\/impactup.com\/en\/#website"},"datePublished":"2024-06-06T13:02:34+00:00","dateModified":"2024-06-07T12:10:52+00:00","description":"Recourir \u00e0 un cabinet de recrutement pour trouver un business manager. ImpactUp est un cabinet de recrutement pour embaucher un business manager.","breadcrumb":{"@id":"https:\/\/impactup.com\/en\/glossaire\/cabinet-de-recrutement-business-manager\/#breadcrumb"},"inLanguage":"en-US","potentialAction":[{"@type":"ReadAction","target":["https:\/\/impactup.com\/en\/glossaire\/cabinet-de-recrutement-business-manager\/"]}]},{"@type":"BreadcrumbList","@id":"https:\/\/impactup.com\/en\/glossaire\/cabinet-de-recrutement-business-manager\/#breadcrumb","itemListElement":[{"@type":"ListItem","position":1,"name":"Accueil","item":"https:\/\/impactup.com\/en\/"},{"@type":"ListItem","position":2,"name":"Glossaire","item":"https:\/\/impactup.com\/en\/glossaire\/"},{"@type":"ListItem","position":3,"name":"Quel cabinet de recrutement choisir pour trouver un business manager ?"}]},{"@type":"WebSite","@id":"https:\/\/impactup.com\/en\/#website","url":"https:\/\/impactup.com\/en\/","name":"ImpactUp","description":"Recrutement commerciaux, directions commerciales et fonctions marketing","potentialAction":[{"@type":"SearchAction","target":{"@type":"EntryPoint","urlTemplate":"https:\/\/impactup.com\/en\/?s={search_term_string}"},"query-input":{"@type":"PropertyValueSpecification","valueRequired":true,"valueName":"search_term_string"}}],"inLanguage":"en-US"}]}},"_links":{"self":[{"href":"https:\/\/impactup.com\/en\/wp-json\/wp\/v2\/pages\/25687","targetHints":{"allow":["GET"]}}],"collection":[{"href":"https:\/\/impactup.com\/en\/wp-json\/wp\/v2\/pages"}],"about":[{"href":"https:\/\/impactup.com\/en\/wp-json\/wp\/v2\/types\/page"}],"author":[{"embeddable":true,"href":"https:\/\/impactup.com\/en\/wp-json\/wp\/v2\/users\/4"}],"replies":[{"embeddable":true,"href":"https:\/\/impactup.com\/en\/wp-json\/wp\/v2\/comments?post=25687"}],"version-history":[{"count":3,"href":"https:\/\/impactup.com\/en\/wp-json\/wp\/v2\/pages\/25687\/revisions"}],"predecessor-version":[{"id":25692,"href":"https:\/\/impactup.com\/en\/wp-json\/wp\/v2\/pages\/25687\/revisions\/25692"}],"up":[{"embeddable":true,"href":"https:\/\/impactup.com\/en\/wp-json\/wp\/v2\/pages\/17218"}],"wp:attachment":[{"href":"https:\/\/impactup.com\/en\/wp-json\/wp\/v2\/media?parent=25687"}],"curies":[{"name":"wp","href":"https:\/\/api.w.org\/{rel}","templated":true}]}}