{"id":25681,"date":"2024-06-06T14:50:42","date_gmt":"2024-06-06T12:50:42","guid":{"rendered":"https:\/\/impactup.niou.dev\/?page_id=25681"},"modified":"2024-06-13T11:47:42","modified_gmt":"2024-06-13T09:47:42","slug":"cabinet-de-recrutement-marketing","status":"publish","type":"page","link":"https:\/\/impactup.com\/en\/glossaire\/cabinet-de-recrutement-marketing\/","title":{"rendered":"Marketing : recourir \u00e0 un cabinet de recrutement comp\u00e9tent"},"content":{"rendered":"<div class=\"wpb-content-wrapper\"><p>[vc_row][vc_column width=&#8221;1\/3&#8243;][vc_btn title=&#8221;Voir notre offre&#8221; color=&#8221;secondarycolor&#8221; align=&#8221;center&#8221; css=&#8221;&#8221; link=&#8221;url:https%3A%2F%2Fimpactup.com%2Frecrutement%2F&#8221;][\/vc_column][vc_column width=&#8221;1\/3&#8243;][vc_btn title=&#8221;Confiez-nous votre projet&#8221; color=&#8221;secondarycolor&#8221; align=&#8221;center&#8221; css=&#8221;&#8221; link=&#8221;url:https%3A%2F%2Fimpactup.com%2Fetude-personnalisee%2F&#8221;][\/vc_column][vc_column width=&#8221;1\/3&#8243;][vc_btn title=&#8221;Contactez-nous&#8221; color=&#8221;secondarycolor&#8221; align=&#8221;center&#8221; css=&#8221;&#8221; link=&#8221;url:https%3A%2F%2Fimpactup.com%2Fcontact%2F&#8221;][\/vc_column][\/vc_row][vc_row css=&#8221;.vc_custom_1717658386032{padding-top: 40px !important;padding-bottom: 20px !important;}&#8221;][vc_column][\/vc_column][\/vc_row][vc_row][vc_column width=&#8221;1\/3&#8243;][vc_btn title=&#8221;Voir notre offre&#8221; color=&#8221;secondarycolor&#8221; align=&#8221;center&#8221; css=&#8221;&#8221; link=&#8221;url:https%3A%2F%2Fimpactup.com%2Frecrutement%2F&#8221;][\/vc_column][vc_column width=&#8221;1\/3&#8243;][vc_btn title=&#8221;Confiez-nous votre projet&#8221; color=&#8221;secondarycolor&#8221; align=&#8221;center&#8221; css=&#8221;&#8221; link=&#8221;url:https%3A%2F%2Fimpactup.com%2Fetude-personnalisee%2F&#8221;][\/vc_column][vc_column width=&#8221;1\/3&#8243;][vc_btn title=&#8221;Contactez-nous&#8221; color=&#8221;secondarycolor&#8221; align=&#8221;center&#8221; css=&#8221;&#8221; link=&#8221;url:https%3A%2F%2Fimpactup.com%2Fcontact%2F&#8221;][\/vc_column][\/vc_row][vc_row css=&#8221;.vc_custom_1717658445522{padding-top: 40px !important;}&#8221;][vc_column][vc_column_text css=&#8221;&#8221;]<\/p>\n<section style=\"text-align: justify;\">\n<h2>Cabinet de recrutement de profils commerciaux et marketing<\/h2>\n<p>Le <a href=\"https:\/\/impactup.com\/glossaire\/cabinet-sp%C3%A9cialis%C3%A9-recrutement-commerciaux\"><strong>cabinet de recrutement sp\u00e9cialiste du marketing<\/strong><\/a> sera votre meilleur alli\u00e9 pour trouver des collaborateurs qui r\u00e9pondent exactement aux besoins et exigences des postes \u00e0 pourvoir au sein du d\u00e9partement d\u00e9di\u00e9 au marketing de votre entreprise. Au service des entreprises de toutes tailles depuis plus de dix ans, Impactup dispose de recruteurs particuli\u00e8rement exigeants au moment de la s\u00e9lection des candidats pour ses clients. L\u2019agence a mis en place une strat\u00e9gie de recrutement bas\u00e9e sur 7 points\u00a0principaux\u00a0:<\/p>\n<ul>\n<li>la d\u00e9finition du profil demand\u00e9 pour le poste (formation, exp\u00e9rience, personnalit\u00e9) et des t\u00e2ches et objectifs que le candidat devra remplir,<\/li>\n<li>la r\u00e9daction d\u00e9taill\u00e9e de l\u2019offre d\u2019emploi,<\/li>\n<li>la recherche des candidats au poste (par internet, par prise de contacts directs et diffusion d\u2019annonces sur des supports choisis par le client),<\/li>\n<li>la premi\u00e8re s\u00e9lection \u00e0 partir des CV et d\u2019entretiens t\u00e9l\u00e9phoniques,<\/li>\n<li>la deuxi\u00e8me s\u00e9lection par le client avec entretien des candidats issus du premier tri \u00e9tabli avec dossiers et recommandations,<\/li>\n<li>le suivi du candidat durant toute la p\u00e9riode d\u2019essai.<\/li>\n<\/ul>\n<p>Le cabinet <a href=\"https:\/\/impactup.com\"><strong>ImpactUP<\/strong><\/a> est le partenaire incontournable des entreprises (grandes entreprises ou TPE) pour l\u2019identification et la s\u00e9lection de talents confirm\u00e9s et d\u2019experts m\u00e9tiers sur des p\u00f4les d\u2019expertise relatifs au marketing et au commerce : category manager, responsable webmarketing, d\u00e9l\u00e9gu\u00e9 commercial, business developer, responsable de promotion des ventes, ing\u00e9nieur commercial, marchandiseur(euse), et \u00e0 tous les postes strat\u00e9giques de l\u2019organisation : key account manager, directeur(trice) de marque, digital marketing manager, directeur(trice) de la relation client, directeur(trice) commercial(e) etc.<\/p>\n<p>Notre <strong>cabinet de recrutement marketing<\/strong> a d\u00e9j\u00e0 ainsi effectu\u00e9 plus de 2000 recrutements pour de prestigieux clients comme Publicis, Generali, Canon ou Intel.<\/p>\n<h2>La fonction marketing<\/h2>\n<p>La fonction marketing a une importance strat\u00e9gique pour la comp\u00e9titivit\u00e9 de l\u2019entreprise. En effet, c\u2019est elle qui est charg\u00e9e, d\u2019une part, de r\u00e9aliser les \u00e9tudes et les analyses de march\u00e9, d\u2019\u00e9tudier le positionnement de l\u2019entreprise, son portefeuille de produits et de clients. D\u2019autre part, de d\u00e9velopper la strat\u00e9gie ad\u00e9quate pour s\u00e9duire et fid\u00e9liser le consommateur, de piloter les \u00e9quipes et services en charge de la publicit\u00e9 et de la communication. Par ailleurs, l\u2019\u00e9mergence du marketing num\u00e9rique a fait \u00e9voluer le m\u00e9tier qui se d\u00e9cline aujourd\u2019hui sous diff\u00e9rentes formes\u00a0: marketing one to one, marketing informationnel, marketing op\u00e9rationnel, etc.<\/p>\n<p>Dans le cadre de ses fonctions, le responsable marketing manage une \u00e9quipe de marketeurs \u00e0 qui il confie des objectifs de chiffre d\u2019affaires \u00e0 r\u00e9aliser par types de client\u00e8le.\u00a0Pour ce faire, il \u00e9labore un plan marketing qui va permettre de piloter les actions de communication et d\u2019argumentation \u00e0 visant \u00e0 acqu\u00e9rir ou fid\u00e9liser les clients. En collaboration avec le service commercial, le responsable marketing \u00e9labore la strat\u00e9gie produits et organise les actions de promotion et de communication associ\u00e9es.\u00a0Son m\u00e9tier comprend d\u2019ailleurs un volet technique (analyse des march\u00e9s, veille concurrentiel, suivi indicateurs de performance etc.) et un volet op\u00e9rationnel qui consiste principalement \u00e0 mettre en place les diff\u00e9rents \u00e9v\u00e8nements inh\u00e9rents \u00e0 la promotion des produits\/services.<\/p>\n<p>Pour toutes ces raisons, les entreprises prennent soin de bien s\u00e9lectionner leurs futurs collaborateurs marketing lesquels ont de plus en plus un profil polyvalent. Exp\u00e9rience commerciale, maitrise des outils marketing et de CRM (gestion relation client),\u00a0connaissance de langue \u00e9trang\u00e8re, maitrise de logiciels de traitement de donn\u00e9es autant d\u2019atouts recherch\u00e9s par les employeurs\u00a0?<\/p>\n<p>Par ailleurs, il convient de noter que la majorit\u00e9 des dirigeants et des recruteurs font face \u00e0 des difficult\u00e9s \u00a0en termes de recrutement. Quels sont ces obstacles\u00a0? On peut, entre autres souligner le manque de comp\u00e9tences pour l&#8217;\u00e9valuation pr\u00e9cise des candidats ainsi que le manque de ressources humaines au sein des \u00e9quipes. De plus, trouver des postulants disponibles et de qualit\u00e9 demeure un d\u00e9fi majeur, selon les dirigeants et les recruteurs. Toutefois, ces difficult\u00e9s ne semblent pas insurmontables. En effet, il existe diverses solutions comme\u00a0:<\/p>\n<ul>\n<li>D\u00e9velopper votre marque employeur en mettant en avant vos valeurs et votre culture, en utilisant des canaux de communication efficaces et en participant \u00e0 des \u00e9v\u00e9nements de recrutement.<\/li>\n<li>Am\u00e9liorer l&#8217;exp\u00e9rience candidat en rendant vos annonces attrayantes, simplifiant le processus de recrutement et promouvant vos m\u00e9tiers aupr\u00e8s des jeunes.<\/li>\n<li>Revaloriser vos offres d&#8217;emploi en proposant des contrats stables, des salaires attractifs et des avantages pertinents ax\u00e9s sur le bien-\u00eatre des employ\u00e9s.<\/li>\n<\/ul>\n<p>Vous souhaitez \u00eatre accompagn\u00e9 par un expert\u00a0? Notre cabinet prend en charge tout ou partie du processus de recrutement de vos \u00e9quipes marketing (responsable marketing op\u00e9rationnel, Directeur conseil (agence), Directeur de client\u00e8le (agence), charg\u00e9 d\u2019affaires, chef de projet).<\/p>\n<p><strong>ImpactUP<\/strong> propose un large \u00e9ventail de services afin de doter rapidement les entreprises des comp\u00e9tences qui leur font d\u00e9faut :<\/p>\n<ul>\n<li>un outil en ligne SaaS d\u2019\u00e9valuation qui donne l\u2019occasion de valider les comp\u00e9tences dans une langue \u00e9trang\u00e8re propos\u00e9 en partenariat avec Pipplet ;<\/li>\n<li>une plateforme d\u2019\u00e9valuation qui repose sur 4 familles d\u2019outils : TalentBusiness\u00ae, TalentInitial\u00ae, TalentRelation\u00ae et TalentAttitude\u00ae.<\/li>\n<\/ul>\n<p>En choisissant nos outils d\u2019\u00e9valuation des capacit\u00e9s, vous vous assurez un alli\u00e9 de choix pour un recrutement de qualit\u00e9. L\u2019expertise du cabinet <strong>ImpactUp<\/strong>, c\u2019est aussi une connaissance pointue des m\u00e9tiers gr\u00e2ce aux parcours op\u00e9rationnels de nos consultants recruteurs\u00a0: ceux-ci sont issus des secteurs d\u2019activit\u00e9 pour lesquels ils interviennent.<\/p>\n<p>Par cons\u00e9quent, chaque consultant conna\u00eet parfaitement les enjeux des m\u00e9tiers pour lesquels il intervient, ainsi que l\u2019\u00e9tat du march\u00e9 du travail concernant les fonctions et postes \u00e0 pourvoir. Cela permet \u00e0 notre <strong>cabinet de recrutement <\/strong>d\u2019attirer efficacement les talents <strong>marketing<\/strong>. En m\u00eame temps, nous accordons une importance particuli\u00e8re \u00e0 la r\u00e9ussite de l\u2019embauche\u00a0: non seulement nous privil\u00e9gions les profils capables d\u2019apporter de la valeur \u00e0 votre entreprise en contribuant \u00e0 faire augmenter votre chiffre d\u2019affaires, mais nous tenons \u00e9galement \u00e0 l\u2019int\u00e9gration des nouveaux collaborateurs recrut\u00e9s par nos soins. Sachant qu\u2019une embauche rat\u00e9e repr\u00e9sente une grosse perte pour une soci\u00e9t\u00e9, nous proposons un accompagnement pour les premiers mois d\u2019une nouvelle recrue au sein d\u2019une structure. En amont, nous effectuons la s\u00e9lection des candidats selon leurs comp\u00e9tences, mais \u00e9galement par rapport \u00e0 leur affinit\u00e9 avec les valeurs et l\u2019environnement de votre entreprise. Bref, avec un talent marketing recrut\u00e9 en collaboration avec ImpactUp, les risques de d\u00e9mission pr\u00e9coce sont minimis\u00e9s.<\/p>\n<h2>L\u2019approche directe, une des sp\u00e9cialit\u00e9s de notre cabinet de recrutement<\/h2>\n<p>Il arrive dans certains cas que le client souhaite embaucher des profils confirm\u00e9s pour occuper des postes de managers. Les candidats potentiels doivent ainsi poss\u00e9der \u00e0 la fois les comp\u00e9tences techniques requises, une solide exp\u00e9rience dans le domaine, de m\u00eame que des qualit\u00e9s personnelles lui permettant d\u2019assumer ses fonctions de leader. Souvent, la m\u00e9thode de recrutement classique ne permet pas de d\u00e9nicher les profils qui ont un niveau d\u2019affinit\u00e9 \u00e9lev\u00e9 avec les postes \u00e0 pourvoir et afin d\u2019assurer la r\u00e9ussite de la mission, nous recourons \u00e0 l\u2019approche directe.<\/p>\n<p>Comme notre \u00e9quipe compte des consultants experts qui ont tiss\u00e9 des relations avec des professionnels des m\u00e9tiers du marketing. Ils pourront entrer en contact direct avec l\u2019un de ces talentueux sp\u00e9cialistes et leur proposer le poste. Cette m\u00e9thode connue sous l\u2019appellation d\u2019approche directe permet en effet de motiver des candidats de valeur qui n\u2019ont pas postul\u00e9 pour l\u2019offre d\u2019emploi.<\/p>\n<h2>L\u2019offre d\u2019externalisation commerciale<\/h2>\n<p>Outre la fonction de <strong><a href=\"https:\/\/impactup.com\/glossaire\/recrutement-commercial\">recrutement marketing<\/a>,<\/strong> notre <a href=\"https:\/\/impactup.com\/glossaire\/recrutement-commercial\"><strong>cabinet <\/strong><\/a>assure \u00e9galement l\u2019externalisation commerciale.<\/p>\n<p>Nos consultants, s\u00e9lectionn\u00e9s selon leur exp\u00e9rience du domaine qu\u2019ils vont traiter, assureront le d\u00e9veloppement commercial de votre entreprise en intervenant sur quatre domaines\u00a0:<\/p>\n<ul>\n<li>La strat\u00e9gie commerciale avec la d\u00e9finition des objectifs cl\u00e9s et la mise en place d\u2019outils et de plans d\u2019action pour les atteindre<\/li>\n<li>L\u2019organisation commerciale avec plan de recrutement, de formation, d\u2019int\u00e9gration\u2026<\/li>\n<li>L\u2019organisation de s\u00e9minaires, de TeamBuilding, de plans de r\u00e9mun\u00e9ration pour motiver et souder les \u00e9quipes<\/li>\n<li>Le pilotage par la d\u00e9finition d\u2019indicateurs de performances, la mise en \u0153uvre d\u2019outils CRM\u2026<\/li>\n<\/ul>\n<p>Avec des bureaux \u00e0 Paris, Nantes, La Rochelle, Toulouse et Lyon, nous assurons le recrutement et l\u2019externalisation commerciale sur l\u2019ensemble du territoire avec une \u00e9thique stricte et commune qui privil\u00e9gie la relation avec le client et assure le plus grand pragmatisme dans l\u2019accomplissement des missions. Misant sur la proximit\u00e9 et la culture du r\u00e9sultat, notre \u00e9quipe peut r\u00e9pondre \u00e0 des besoins r\u00e9currents ou ponctuels. Dans les 2 cas, vous profitez des comp\u00e9tences des sp\u00e9cialistes externalis\u00e9s.<\/p>\n<p>ImpactUP s\u2019engage aux c\u00f4t\u00e9s des candidats pour leur \u00e9panouissement professionnel \u00e0 une position valorisante. Nous sommes le partenaire incontournable de nombreux groupes de France et d\u2019ailleurs, convaincus par notre professionnalisme.<\/p>\n<h2>ImpactUp, des axes d\u2019expertise vari\u00e9s et compl\u00e9mentaires<\/h2>\n<p>Notre \u00e9quipe est issue d\u2019horizons professionnels diff\u00e9rents. Nous connaissons parfaitement les fondamentaux, les enjeux des m\u00e9tiers de votre secteur d\u2019activit\u00e9. C\u2019est avec cette interdisciplinarit\u00e9 que nous avons pu accompagner des entreprises de toutes tailles dans leurs \u00e9volutions.<\/p>\n<p>Le recrutement est sans nul doute notre th\u00e9matique favorite. Surtout ax\u00e9 dans les fonctions commerciales et marketing, cette branche de notre agence est actuellement la plus d\u00e9velopp\u00e9e. Pour faire court, c\u2019est notre principale activit\u00e9.<\/p>\n<p>Le cabinet de conseil est une suite logique de notre d\u00e9veloppement. En effet, nous accompagnons nos clients dans leurs projets de restructuration et de r\u00e9organisation. Notre savoir-faire en termes de gestion RH nous permet de prodiguer de pr\u00e9cieux conseils l\u00e0 o\u00f9 les entreprises \u00e9prouvent des difficult\u00e9s.<\/p>\n<p>Finalement, il y a la formation. Cette branche est surtout tourn\u00e9e vers le renforcement des capacit\u00e9s des agents d\u00e9j\u00e0 op\u00e9rationnels au sein de la soci\u00e9t\u00e9 cliente. Recrutement, management ou encore style comportemental, les th\u00e9matiques trait\u00e9es sont diverses.<\/p>\n<\/section>\n<p>[\/vc_column_text][\/vc_column][\/vc_row]<\/p>\n<\/div>","protected":false},"excerpt":{"rendered":"<p>[vc_row][vc_column width=&#8221;1\/3&#8243;][vc_btn title=&#8221;Voir notre offre&#8221; color=&#8221;secondarycolor&#8221; align=&#8221;center&#8221; css=&#8221;&#8221; link=&#8221;url:https%3A%2F%2Fimpactup.com%2Frecrutement%2F&#8221;][\/vc_column][vc_column width=&#8221;1\/3&#8243;][vc_btn title=&#8221;Confiez-nous votre projet&#8221; color=&#8221;secondarycolor&#8221; align=&#8221;center&#8221; css=&#8221;&#8221; link=&#8221;url:https%3A%2F%2Fimpactup.com%2Fetude-personnalisee%2F&#8221;][\/vc_column][vc_column width=&#8221;1\/3&#8243;][vc_btn title=&#8221;Contactez-nous&#8221; color=&#8221;secondarycolor&#8221; align=&#8221;center&#8221; css=&#8221;&#8221; link=&#8221;url:https%3A%2F%2Fimpactup.com%2Fcontact%2F&#8221;][\/vc_column][\/vc_row][vc_row css=&#8221;.vc_custom_1717658386032{padding-top: 40px !important;padding-bottom: 20px !important;}&#8221;][vc_column][\/vc_column][\/vc_row][vc_row][vc_column width=&#8221;1\/3&#8243;][vc_btn title=&#8221;Voir notre offre&#8221; color=&#8221;secondarycolor&#8221; align=&#8221;center&#8221; css=&#8221;&#8221; link=&#8221;url:https%3A%2F%2Fimpactup.com%2Frecrutement%2F&#8221;][\/vc_column][vc_column width=&#8221;1\/3&#8243;][vc_btn title=&#8221;Confiez-nous votre projet&#8221; color=&#8221;secondarycolor&#8221; align=&#8221;center&#8221; css=&#8221;&#8221; link=&#8221;url:https%3A%2F%2Fimpactup.com%2Fetude-personnalisee%2F&#8221;][\/vc_column][vc_column width=&#8221;1\/3&#8243;][vc_btn title=&#8221;Contactez-nous&#8221; color=&#8221;secondarycolor&#8221; align=&#8221;center&#8221; css=&#8221;&#8221; link=&#8221;url:https%3A%2F%2Fimpactup.com%2Fcontact%2F&#8221;][\/vc_column][\/vc_row][vc_row css=&#8221;.vc_custom_1717658445522{padding-top: 40px !important;}&#8221;][vc_column][vc_column_text css=&#8221;&#8221;] Cabinet [&hellip;]<\/p>\n","protected":false},"author":4,"featured_media":0,"parent":17218,"menu_order":0,"comment_status":"closed","ping_status":"closed","template":"","meta":{"_monsterinsights_skip_tracking":false,"_monsterinsights_sitenote_active":false,"_monsterinsights_sitenote_note":"","_monsterinsights_sitenote_category":0,"footnotes":""},"class_list":["post-25681","page","type-page","status-publish","hentry"],"yoast_head":"<!-- This site is optimized with the Yoast SEO plugin v27.0 - https:\/\/yoast.com\/product\/yoast-seo-wordpress\/ -->\n<title>ImpactUp : cabinet de recrutement en marketing<\/title>\n<meta name=\"description\" content=\"Faire appel \u00e0 un cabinet de recrutement sp\u00e9cialis\u00e9 dans le domaine du marketing. ImpactUp est un cabinet de r\u00e9f\u00e9rence pour le recrutement de profils marketing \u00e0 votre service.\" \/>\n<meta name=\"robots\" content=\"index, follow, max-snippet:-1, max-image-preview:large, max-video-preview:-1\" \/>\n<link rel=\"canonical\" href=\"https:\/\/impactup.com\/en\/glossaire\/cabinet-de-recrutement-marketing\/\" \/>\n<meta property=\"og:locale\" content=\"en_US\" \/>\n<meta property=\"og:type\" content=\"article\" \/>\n<meta property=\"og:title\" content=\"ImpactUp : cabinet de recrutement en marketing\" \/>\n<meta property=\"og:description\" content=\"Faire appel \u00e0 un cabinet de recrutement sp\u00e9cialis\u00e9 dans le domaine du marketing. ImpactUp est un cabinet de r\u00e9f\u00e9rence pour le recrutement de profils marketing \u00e0 votre service.\" \/>\n<meta property=\"og:url\" content=\"https:\/\/impactup.com\/en\/glossaire\/cabinet-de-recrutement-marketing\/\" \/>\n<meta property=\"og:site_name\" content=\"ImpactUp\" \/>\n<meta property=\"article:modified_time\" content=\"2024-06-13T09:47:42+00:00\" \/>\n<meta property=\"og:image\" content=\"https:\/\/impactup.com\/wp-content\/uploads\/2021\/01\/og.jpg\" \/>\n\t<meta property=\"og:image:width\" content=\"1067\" \/>\n\t<meta property=\"og:image:height\" content=\"600\" \/>\n\t<meta property=\"og:image:type\" content=\"image\/jpeg\" \/>\n<meta name=\"twitter:card\" content=\"summary_large_image\" \/>\n<meta name=\"twitter:label1\" content=\"Est. reading time\" \/>\n\t<meta name=\"twitter:data1\" content=\"9 minutes\" \/>\n<script type=\"application\/ld+json\" class=\"yoast-schema-graph\">{\"@context\":\"https:\/\/schema.org\",\"@graph\":[{\"@type\":\"WebPage\",\"@id\":\"https:\/\/impactup.com\/en\/glossaire\/cabinet-de-recrutement-marketing\/\",\"url\":\"https:\/\/impactup.com\/en\/glossaire\/cabinet-de-recrutement-marketing\/\",\"name\":\"ImpactUp : cabinet de recrutement en marketing\",\"isPartOf\":{\"@id\":\"https:\/\/impactup.com\/en\/#website\"},\"datePublished\":\"2024-06-06T12:50:42+00:00\",\"dateModified\":\"2024-06-13T09:47:42+00:00\",\"description\":\"Faire appel \u00e0 un cabinet de recrutement sp\u00e9cialis\u00e9 dans le domaine du marketing. ImpactUp est un cabinet de r\u00e9f\u00e9rence pour le recrutement de profils marketing \u00e0 votre service.\",\"breadcrumb\":{\"@id\":\"https:\/\/impactup.com\/en\/glossaire\/cabinet-de-recrutement-marketing\/#breadcrumb\"},\"inLanguage\":\"en-US\",\"potentialAction\":[{\"@type\":\"ReadAction\",\"target\":[\"https:\/\/impactup.com\/en\/glossaire\/cabinet-de-recrutement-marketing\/\"]}]},{\"@type\":\"BreadcrumbList\",\"@id\":\"https:\/\/impactup.com\/en\/glossaire\/cabinet-de-recrutement-marketing\/#breadcrumb\",\"itemListElement\":[{\"@type\":\"ListItem\",\"position\":1,\"name\":\"Accueil\",\"item\":\"https:\/\/impactup.com\/en\/\"},{\"@type\":\"ListItem\",\"position\":2,\"name\":\"Glossaire\",\"item\":\"https:\/\/impactup.com\/en\/glossaire\/\"},{\"@type\":\"ListItem\",\"position\":3,\"name\":\"Marketing : recourir \u00e0 un cabinet de recrutement comp\u00e9tent\"}]},{\"@type\":\"WebSite\",\"@id\":\"https:\/\/impactup.com\/en\/#website\",\"url\":\"https:\/\/impactup.com\/en\/\",\"name\":\"ImpactUp\",\"description\":\"Recrutement commerciaux, directions commerciales et fonctions marketing\",\"potentialAction\":[{\"@type\":\"SearchAction\",\"target\":{\"@type\":\"EntryPoint\",\"urlTemplate\":\"https:\/\/impactup.com\/en\/?s={search_term_string}\"},\"query-input\":{\"@type\":\"PropertyValueSpecification\",\"valueRequired\":true,\"valueName\":\"search_term_string\"}}],\"inLanguage\":\"en-US\"}]}<\/script>\n<!-- \/ Yoast SEO plugin. -->","yoast_head_json":{"title":"ImpactUp : cabinet de recrutement en marketing","description":"Faire appel \u00e0 un cabinet de recrutement sp\u00e9cialis\u00e9 dans le domaine du marketing. ImpactUp est un cabinet de r\u00e9f\u00e9rence pour le recrutement de profils marketing \u00e0 votre service.","robots":{"index":"index","follow":"follow","max-snippet":"max-snippet:-1","max-image-preview":"max-image-preview:large","max-video-preview":"max-video-preview:-1"},"canonical":"https:\/\/impactup.com\/en\/glossaire\/cabinet-de-recrutement-marketing\/","og_locale":"en_US","og_type":"article","og_title":"ImpactUp : cabinet de recrutement en marketing","og_description":"Faire appel \u00e0 un cabinet de recrutement sp\u00e9cialis\u00e9 dans le domaine du marketing. ImpactUp est un cabinet de r\u00e9f\u00e9rence pour le recrutement de profils marketing \u00e0 votre service.","og_url":"https:\/\/impactup.com\/en\/glossaire\/cabinet-de-recrutement-marketing\/","og_site_name":"ImpactUp","article_modified_time":"2024-06-13T09:47:42+00:00","og_image":[{"width":1067,"height":600,"url":"https:\/\/impactup.com\/wp-content\/uploads\/2021\/01\/og.jpg","type":"image\/jpeg"}],"twitter_card":"summary_large_image","twitter_misc":{"Est. reading time":"9 minutes"},"schema":{"@context":"https:\/\/schema.org","@graph":[{"@type":"WebPage","@id":"https:\/\/impactup.com\/en\/glossaire\/cabinet-de-recrutement-marketing\/","url":"https:\/\/impactup.com\/en\/glossaire\/cabinet-de-recrutement-marketing\/","name":"ImpactUp : cabinet de recrutement en marketing","isPartOf":{"@id":"https:\/\/impactup.com\/en\/#website"},"datePublished":"2024-06-06T12:50:42+00:00","dateModified":"2024-06-13T09:47:42+00:00","description":"Faire appel \u00e0 un cabinet de recrutement sp\u00e9cialis\u00e9 dans le domaine du marketing. ImpactUp est un cabinet de r\u00e9f\u00e9rence pour le recrutement de profils marketing \u00e0 votre service.","breadcrumb":{"@id":"https:\/\/impactup.com\/en\/glossaire\/cabinet-de-recrutement-marketing\/#breadcrumb"},"inLanguage":"en-US","potentialAction":[{"@type":"ReadAction","target":["https:\/\/impactup.com\/en\/glossaire\/cabinet-de-recrutement-marketing\/"]}]},{"@type":"BreadcrumbList","@id":"https:\/\/impactup.com\/en\/glossaire\/cabinet-de-recrutement-marketing\/#breadcrumb","itemListElement":[{"@type":"ListItem","position":1,"name":"Accueil","item":"https:\/\/impactup.com\/en\/"},{"@type":"ListItem","position":2,"name":"Glossaire","item":"https:\/\/impactup.com\/en\/glossaire\/"},{"@type":"ListItem","position":3,"name":"Marketing : recourir \u00e0 un cabinet de recrutement comp\u00e9tent"}]},{"@type":"WebSite","@id":"https:\/\/impactup.com\/en\/#website","url":"https:\/\/impactup.com\/en\/","name":"ImpactUp","description":"Recrutement commerciaux, directions commerciales et fonctions marketing","potentialAction":[{"@type":"SearchAction","target":{"@type":"EntryPoint","urlTemplate":"https:\/\/impactup.com\/en\/?s={search_term_string}"},"query-input":{"@type":"PropertyValueSpecification","valueRequired":true,"valueName":"search_term_string"}}],"inLanguage":"en-US"}]}},"_links":{"self":[{"href":"https:\/\/impactup.com\/en\/wp-json\/wp\/v2\/pages\/25681","targetHints":{"allow":["GET"]}}],"collection":[{"href":"https:\/\/impactup.com\/en\/wp-json\/wp\/v2\/pages"}],"about":[{"href":"https:\/\/impactup.com\/en\/wp-json\/wp\/v2\/types\/page"}],"author":[{"embeddable":true,"href":"https:\/\/impactup.com\/en\/wp-json\/wp\/v2\/users\/4"}],"replies":[{"embeddable":true,"href":"https:\/\/impactup.com\/en\/wp-json\/wp\/v2\/comments?post=25681"}],"version-history":[{"count":5,"href":"https:\/\/impactup.com\/en\/wp-json\/wp\/v2\/pages\/25681\/revisions"}],"predecessor-version":[{"id":26571,"href":"https:\/\/impactup.com\/en\/wp-json\/wp\/v2\/pages\/25681\/revisions\/26571"}],"up":[{"embeddable":true,"href":"https:\/\/impactup.com\/en\/wp-json\/wp\/v2\/pages\/17218"}],"wp:attachment":[{"href":"https:\/\/impactup.com\/en\/wp-json\/wp\/v2\/media?parent=25681"}],"curies":[{"name":"wp","href":"https:\/\/api.w.org\/{rel}","templated":true}]}}