{"id":25666,"date":"2024-06-06T14:36:06","date_gmt":"2024-06-06T12:36:06","guid":{"rendered":"https:\/\/impactup.niou.dev\/?page_id=25666"},"modified":"2024-06-07T14:03:58","modified_gmt":"2024-06-07T12:03:58","slug":"cabinet-de-recrutement-beaute-directeur-commercial","status":"publish","type":"page","link":"https:\/\/impactup.com\/en\/glossaire\/cabinet-de-recrutement-beaute-directeur-commercial\/","title":{"rendered":"Directeur commercial dans le secteur de la beaut\u00e9 : vers quel cabinet de recrutement se tourner ?"},"content":{"rendered":"<div class=\"wpb-content-wrapper\"><p>[vc_row][vc_column width=&#8221;1\/3&#8243;][vc_btn title=&#8221;Voir notre offre&#8221; color=&#8221;secondarycolor&#8221; align=&#8221;center&#8221; css=&#8221;&#8221; link=&#8221;url:https%3A%2F%2Fimpactup.com%2Frecrutement%2F&#8221;][\/vc_column][vc_column width=&#8221;1\/3&#8243;][vc_btn title=&#8221;Confiez-nous votre projet&#8221; color=&#8221;secondarycolor&#8221; align=&#8221;center&#8221; css=&#8221;&#8221; link=&#8221;url:https%3A%2F%2Fimpactup.com%2Fetude-personnalisee%2F&#8221;][\/vc_column][vc_column width=&#8221;1\/3&#8243;][vc_btn title=&#8221;Contactez-nous&#8221; color=&#8221;secondarycolor&#8221; align=&#8221;center&#8221; css=&#8221;&#8221; link=&#8221;url:https%3A%2F%2Fimpactup.com%2Fcontact%2F&#8221;][\/vc_column][\/vc_row][vc_row css=&#8221;.vc_custom_1717658386032{padding-top: 40px !important;padding-bottom: 20px !important;}&#8221;][vc_column][vc_column_text css=&#8221;&#8221;]<\/p>\n<section style=\"text-align: justify;\">\n<h2><strong>Directeur commercial dans le secteur de la beaut\u00e9\u00a0: vers quel cabinet de recrutement se tourner\u00a0?<\/strong><\/h2>\n<p>Dans l\u2019univers florissant de la <a href=\"https:\/\/impactup.com\/glossaire\/cabinet-chasse-de-t%C3%AAte-beaut%C3%A9-paris\"><strong>beaut\u00e9<\/strong>, <strong>le recrutement d\u2019un<\/strong> <strong>directeur<\/strong> <strong>commercial<\/strong><\/a> comp\u00e9tent rev\u00eat une importance capitale pour les entreprises. Pour r\u00e9pondre aux exigences sp\u00e9cifiques de ce poste, ces derni\u00e8res s\u2019adressent \u00e0 des cabinets de recrutement sp\u00e9cialis\u00e9s tel qu\u2019<strong>ImpactUp<\/strong>. Ces partenaires jouent un r\u00f4le important en identifiant, \u00e9valuant et s\u00e9lectionnant les meilleurs candidats pour les postes \u00e0 responsabilit\u00e9.<\/p>\n<\/section>\n<p>[\/vc_column_text][\/vc_column][\/vc_row][vc_row][vc_column width=&#8221;1\/3&#8243;][vc_btn title=&#8221;Voir notre offre&#8221; color=&#8221;secondarycolor&#8221; align=&#8221;center&#8221; css=&#8221;&#8221; link=&#8221;url:https%3A%2F%2Fimpactup.com%2Frecrutement%2F&#8221;][\/vc_column][vc_column width=&#8221;1\/3&#8243;][vc_btn title=&#8221;Confiez-nous votre projet&#8221; color=&#8221;secondarycolor&#8221; align=&#8221;center&#8221; css=&#8221;&#8221; link=&#8221;url:https%3A%2F%2Fimpactup.com%2Fetude-personnalisee%2F&#8221;][\/vc_column][vc_column width=&#8221;1\/3&#8243;][vc_btn title=&#8221;Contactez-nous&#8221; color=&#8221;secondarycolor&#8221; align=&#8221;center&#8221; css=&#8221;&#8221; link=&#8221;url:https%3A%2F%2Fimpactup.com%2Fcontact%2F&#8221;][\/vc_column][\/vc_row][vc_row css=&#8221;.vc_custom_1717658445522{padding-top: 40px !important;}&#8221;][vc_column][vc_column_text css=&#8221;&#8221;]<\/p>\n<section style=\"text-align: justify;\">\n<h2><strong>De bonnes raisons de solliciter l\u2019aide d\u2019un cabinet de recrutement<\/strong><\/h2>\n<p>Rechercher un <strong><a href=\"https:\/\/impactup.com\/glossaire\/cabinet-de-recrutement-beaute-commercial\">directeur commercial<\/a> <a href=\"https:\/\/impactup.com\/glossaire\/cabinet-de-recrutement-beaute-commercial\">sp\u00e9cialis\u00e9 dans le secteur de la beaut\u00e9<\/a> <a href=\"https:\/\/impactup.com\/glossaire\/cabinet-de-recrutement-beaute-commercial\">par le biais d\u2019un cabinet de recrutement<\/a><\/strong>\u00a0semble \u00eatre un investissement non pertinent pour de nombreuses entreprises. Pourtant, solliciter l\u2019aide d\u2019un expert, c\u2019est faire gagner du temps au service des ressources humaines qui peut alors se focaliser sur la gestion du capital humain de votre entreprise.<\/p>\n<p>Passer par une agence, c\u2019est aussi profiter d\u2019une expertise pouss\u00e9e en recrutement. Ses consultants sont en mesure de cerner les enjeux et les attentes pour chaque poste vacant. Ils utilisent aussi des m\u00e9thodes pertinentes et \u00e9prouv\u00e9es pour trouver les meilleurs talents.<\/p>\n<p>Il s\u2019agit aussi d\u2019une solution pour r\u00e9duire de fa\u00e7on significative les prises de risque, c\u2019est-\u00e0-dire les erreurs de recrutement. L\u2019approche experte que les consultants utilisent constitue un gage de l\u2019ad\u00e9quation entre votre culture d\u2019entreprise et le candidat retenu pour le poste. \u00c0 noter que ses comp\u00e9tences m\u00e9tiers et ses aptitudes personnelles ont \u00e9t\u00e9 minutieusement \u00e9valu\u00e9es avec des techniques sp\u00e9cifiques \u00e0 l\u2019agence.<\/p>\n<h2><strong>Recherche et \u00e9valuation des talents par des sp\u00e9cialistes des fonctions commerciales<\/strong><\/h2>\n<p>En confiant la mission de <strong>recrutement du futur directeur commercial de votre enseigne de<\/strong> <strong>beaut\u00e9<\/strong> <strong>\u00e0<\/strong> notre <strong>cabinet,<\/strong> vous b\u00e9n\u00e9ficiez du savoir-faire et de l\u2019exp\u00e9rience d\u2019une \u00e9quipe sp\u00e9cialiste des fonctions commerciales. Selon vos besoins et contraintes, nous pouvons prendre en charge tout ou partie du processus d\u2019embauche en veillant \u00e0 respecter une m\u00e9thodologie pr\u00e9cise.<\/p>\n<p>Le processus comporte 7 \u00e9tapes cl\u00e9s\u00a0:<\/p>\n<ul>\n<li>D\u00e9finition du besoin du poste\u00a0: mission, objectifs, t\u00e2ches, profil, formation, exp\u00e9rience, personnalit\u00e9, condition d\u2019embauche<\/li>\n<li>R\u00e9daction de l\u2019offre et de la description du poste<\/li>\n<li>Recherche de candidats potentiels\u00a0: pour cela, nous int\u00e9grons l\u2019annonce sur notre site et sur les diff\u00e9rents supports que vous avez s\u00e9lectionn\u00e9s. Nous pouvons aussi recourir \u00e0 la chasse de t\u00eate si n\u00e9cessaire<\/li>\n<li>Analyse et s\u00e9lection des candidatures sur des crit\u00e8res objectifs et entretiens t\u00e9l\u00e9phoniques<\/li>\n<li>S\u00e9lection des meilleurs profils \u00e0 l\u2019aide des entretiens physiques, tests d\u2019\u00e9valuation et prises de r\u00e9f\u00e9rence<\/li>\n<li>Pr\u00e9sentation de la liste des candidats retenus avec dossier et recommandations<\/li>\n<li>Suivi du candidat jusqu\u2019\u00e0 son embauche d\u00e9finitive<\/li>\n<\/ul>\n<p>Notre cabinet a d\u00e9j\u00e0 trait\u00e9 de mani\u00e8re r\u00e9currente des missions de recrutement de managers commerciaux pour des clients \u0153uvrant dans diff\u00e9rents secteurs d\u2019activit\u00e9, dont le cosm\u00e9tique et le luxe.<\/p>\n<h2><strong>Quel profil peut occuper le poste du directeur commercial d\u2019une enseigne de beaut\u00e9\u00a0?<\/strong><\/h2>\n<p>En tant que sp\u00e9cialiste des profils commerciaux, notre <a href=\"https:\/\/impactup.com\/glossaire\/cabinet-de-recrutement-beaute-paris\"><strong>cabinet de recrutement<\/strong><\/a> vous indique le profil id\u00e9al pour occuper le poste du <a href=\"https:\/\/impactup.com\/glossaire\/cabinet-de-recrutement-beaute-paris\"><strong>directeur commercial<\/strong> <strong>dans votre enseigne de<\/strong> <strong>beaut\u00e9<\/strong><\/a>.<\/p>\n<p>A priori, ce poste s\u2019adresse \u00e0 des cadres dot\u00e9s d\u2019une dizaine d\u2019ann\u00e9es d\u2019exp\u00e9rience. Les dipl\u00f4m\u00e9s des \u00e9coles sup\u00e9rieures de commerce et les profils poss\u00e9dant un BTS action commerciale sont les plus recherch\u00e9s par les recruteurs, mais des candidats avec un DESS sciences \u00e9conomiques (ou un dipl\u00f4me \u00e9quivalent) peuvent aussi disposer des comp\u00e9tences techniques requises pour d\u00e9finir, animer et superviser la strat\u00e9gie commerciale de votre entreprise.<\/p>\n<p>Outre cela, la personnalit\u00e9 fait partie des crit\u00e8res essentiels dans le recrutement de votre directeur commercial. En plus de son talent, le profil id\u00e9al devrait poss\u00e9der une capacit\u00e9 d\u2019organisation ainsi qu\u2019un sens d\u00e9velopp\u00e9 de communication \u00e9tant donn\u00e9 qu\u2019il doit piloter des projets commerciaux, \u00e9tablir des plans d\u2019action et \u00eatre capable de f\u00e9d\u00e9rer ses \u00e9quipes. La force de conviction, la capacit\u00e9 d\u2019analyse et de synth\u00e8se de m\u00eame que le charisme se comptent \u00e9galement parmi les qualit\u00e9s personnelles n\u00e9cessaires pour assumer les fonctions du directeur commercial.<\/p>\n<p>Ayant choisi d\u2019adopter une approche pragmatique et de privil\u00e9gier la proximit\u00e9 et la culture de r\u00e9sultat, le cabinet <strong>ImpactUp<\/strong> peut vous fournir une solution en accord parfait avec vos exigences et celles de votre activit\u00e9. Gr\u00e2ce \u00e0 nos bureaux situ\u00e9s dans plusieurs grandes villes fran\u00e7aises, nous sommes en mesure de r\u00e9pondre \u00e0 des besoins sur l\u2019ensemble du territoire.<\/p>\n<h2><strong>ImpactUp, une expertise \u00e9prouv\u00e9e dans le recrutement, la formation et le conseil<\/strong><\/h2>\n<p>Cr\u00e9\u00e9 en 2005 par Pascal Larue, <a href=\"https:\/\/impactup.com\/\"><strong>ImpactUp<\/strong><\/a> a eu l\u2019id\u00e9e de fournir des solutions sur mesure en mati\u00e8re de recrutement et de conseil en d\u00e9veloppement et organisation commerciale. En 2014, Emmanuel Laquerri\u00e8re, expert du retail, rejoint Pascal pour poursuivre l\u2019\u00e9volution du cabinet.<\/p>\n<p>Nous disposons d\u2019une \u00e9quipe pluridisciplinaire, issue \u00e0 100\u00a0% du terrain. Ce sont des consultants-recruteurs comp\u00e9tents applicables dans des situations r\u00e9elles de travail.<\/p>\n<p>Nous nous sommes sp\u00e9cialis\u00e9s dans le recrutement de cadres commerciaux et marketing\u00a0: directeur des ventes, business developer, chef de produit ou encore responsable marketing op\u00e9rationnel. Outre le process habituel, nous faisons \u00e9galement de la chasse de t\u00eate pour d\u00e9nicher les meilleurs profils sur le march\u00e9 du travail. Depuis plus d\u2019une dizaine d\u2019ann\u00e9es, nous accompagnons les grandes entreprises et les PME pour des missions de recrutement et de conseil.<\/p>\n<p>Chez <strong>ImpactUp<\/strong>, nous sommes guid\u00e9s par des valeurs fortes et des engagements clairs envers nos clients et nos candidats. Notre culture d\u2019entreprise repose sur la proximit\u00e9 et le r\u00e9sultat. Il est important pour nous d\u2019\u00e9tablir des relations de confiance avec nos clients, en comprenant leurs besoins sp\u00e9cifiques et en leur fournissant des solutions sur mesure.<\/p>\n<p>Notre engagement envers la proximit\u00e9 se manifeste \u00e9galement dans nos relations avec les candidats, que nous accompagnons tout au long du processus de recrutement avec transparence et respect.<\/p>\n<p>Enfin, notre engagement envers le r\u00e9sultat signifie que nous mettons tout en \u0153uvre pour garantir le succ\u00e8s de nos clients en recrutant les meilleurs talents qui contribueront \u00e0 leur croissance et \u00e0 leur r\u00e9ussite \u00e0 long terme.<\/p>\n<p>Nous proposons aussi divers modules de formations autour du recrutement, du management et du style comportemental. \u00c0 la carte ou bien taill\u00e9es sur mesure selon les recommandations de nos clients, nos formations r\u00e9pondent aux besoins actuels du monde professionnel.<\/p>\n<p>Certains de nos partenaires nous choisissent pour pouvoir b\u00e9n\u00e9ficier de nos conseils d\u2019expert. Nous les accompagnons, notamment, dans la structuration et l\u2019organisation de leurs entreprises pour am\u00e9liorer leurs productivit\u00e9s.<\/p>\n<\/section>\n<p>[\/vc_column_text][\/vc_column][\/vc_row]<\/p>\n<\/div>","protected":false},"excerpt":{"rendered":"<p>[vc_row][vc_column width=&#8221;1\/3&#8243;][vc_btn title=&#8221;Voir notre offre&#8221; color=&#8221;secondarycolor&#8221; align=&#8221;center&#8221; css=&#8221;&#8221; link=&#8221;url:https%3A%2F%2Fimpactup.com%2Frecrutement%2F&#8221;][\/vc_column][vc_column width=&#8221;1\/3&#8243;][vc_btn title=&#8221;Confiez-nous votre projet&#8221; color=&#8221;secondarycolor&#8221; align=&#8221;center&#8221; css=&#8221;&#8221; link=&#8221;url:https%3A%2F%2Fimpactup.com%2Fetude-personnalisee%2F&#8221;][\/vc_column][vc_column width=&#8221;1\/3&#8243;][vc_btn title=&#8221;Contactez-nous&#8221; color=&#8221;secondarycolor&#8221; align=&#8221;center&#8221; css=&#8221;&#8221; link=&#8221;url:https%3A%2F%2Fimpactup.com%2Fcontact%2F&#8221;][\/vc_column][\/vc_row][vc_row css=&#8221;.vc_custom_1717658386032{padding-top: 40px !important;padding-bottom: 20px !important;}&#8221;][vc_column][vc_column_text css=&#8221;&#8221;] Directeur commercial dans le secteur de la beaut\u00e9\u00a0: vers quel cabinet de recrutement se tourner\u00a0? Dans l\u2019univers florissant de la beaut\u00e9, le recrutement d\u2019un directeur commercial [&hellip;]<\/p>\n","protected":false},"author":4,"featured_media":0,"parent":17218,"menu_order":0,"comment_status":"closed","ping_status":"closed","template":"","meta":{"_monsterinsights_skip_tracking":false,"_monsterinsights_sitenote_active":false,"_monsterinsights_sitenote_note":"","_monsterinsights_sitenote_category":0,"footnotes":""},"class_list":["post-25666","page","type-page","status-publish","hentry"],"yoast_head":"<!-- This site is optimized with the Yoast SEO plugin v27.0 - https:\/\/yoast.com\/product\/yoast-seo-wordpress\/ -->\n<title>Trouver un cabinet pour le recrutement d\u2019un directeur commercial dans le secteur de la beaut\u00e9<\/title>\n<meta name=\"description\" content=\"S\u2019adresser \u00e0 un cabinet pour le recrutement d\u2019un directeur commercial sp\u00e9cialis\u00e9 dans le domaine de la beaut\u00e9. ImpactUp est un cabinet de recrutement qui peut vous trouver un directeur commercial dans le milieu de la beaut\u00e9.\" \/>\n<meta name=\"robots\" content=\"index, follow, max-snippet:-1, max-image-preview:large, max-video-preview:-1\" \/>\n<link rel=\"canonical\" href=\"https:\/\/impactup.com\/en\/glossaire\/cabinet-de-recrutement-beaute-directeur-commercial\/\" \/>\n<meta property=\"og:locale\" content=\"en_US\" \/>\n<meta property=\"og:type\" content=\"article\" \/>\n<meta property=\"og:title\" content=\"Trouver un cabinet pour le recrutement d\u2019un directeur commercial dans le secteur de la beaut\u00e9\" \/>\n<meta property=\"og:description\" content=\"S\u2019adresser \u00e0 un cabinet pour le recrutement d\u2019un directeur commercial sp\u00e9cialis\u00e9 dans le domaine de la beaut\u00e9. ImpactUp est un cabinet de recrutement qui peut vous trouver un directeur commercial dans le milieu de la beaut\u00e9.\" \/>\n<meta property=\"og:url\" content=\"https:\/\/impactup.com\/en\/glossaire\/cabinet-de-recrutement-beaute-directeur-commercial\/\" \/>\n<meta property=\"og:site_name\" content=\"ImpactUp\" \/>\n<meta property=\"article:modified_time\" content=\"2024-06-07T12:03:58+00:00\" \/>\n<meta property=\"og:image\" content=\"https:\/\/impactup.com\/wp-content\/uploads\/2021\/01\/og.jpg\" \/>\n\t<meta property=\"og:image:width\" content=\"1067\" \/>\n\t<meta property=\"og:image:height\" content=\"600\" \/>\n\t<meta property=\"og:image:type\" content=\"image\/jpeg\" \/>\n<meta name=\"twitter:card\" content=\"summary_large_image\" \/>\n<meta name=\"twitter:label1\" content=\"Est. reading time\" \/>\n\t<meta name=\"twitter:data1\" content=\"6 minutes\" \/>\n<script type=\"application\/ld+json\" class=\"yoast-schema-graph\">{\"@context\":\"https:\/\/schema.org\",\"@graph\":[{\"@type\":\"WebPage\",\"@id\":\"https:\/\/impactup.com\/en\/glossaire\/cabinet-de-recrutement-beaute-directeur-commercial\/\",\"url\":\"https:\/\/impactup.com\/en\/glossaire\/cabinet-de-recrutement-beaute-directeur-commercial\/\",\"name\":\"Trouver un cabinet pour le recrutement d\u2019un directeur commercial dans le secteur de la beaut\u00e9\",\"isPartOf\":{\"@id\":\"https:\/\/impactup.com\/en\/#website\"},\"datePublished\":\"2024-06-06T12:36:06+00:00\",\"dateModified\":\"2024-06-07T12:03:58+00:00\",\"description\":\"S\u2019adresser \u00e0 un cabinet pour le recrutement d\u2019un directeur commercial sp\u00e9cialis\u00e9 dans le domaine de la beaut\u00e9. ImpactUp est un cabinet de recrutement qui peut vous trouver un directeur commercial dans le milieu de la beaut\u00e9.\",\"breadcrumb\":{\"@id\":\"https:\/\/impactup.com\/en\/glossaire\/cabinet-de-recrutement-beaute-directeur-commercial\/#breadcrumb\"},\"inLanguage\":\"en-US\",\"potentialAction\":[{\"@type\":\"ReadAction\",\"target\":[\"https:\/\/impactup.com\/en\/glossaire\/cabinet-de-recrutement-beaute-directeur-commercial\/\"]}]},{\"@type\":\"BreadcrumbList\",\"@id\":\"https:\/\/impactup.com\/en\/glossaire\/cabinet-de-recrutement-beaute-directeur-commercial\/#breadcrumb\",\"itemListElement\":[{\"@type\":\"ListItem\",\"position\":1,\"name\":\"Accueil\",\"item\":\"https:\/\/impactup.com\/en\/\"},{\"@type\":\"ListItem\",\"position\":2,\"name\":\"Glossaire\",\"item\":\"https:\/\/impactup.com\/en\/glossaire\/\"},{\"@type\":\"ListItem\",\"position\":3,\"name\":\"Directeur commercial dans le secteur de la beaut\u00e9 : vers quel cabinet de recrutement se tourner ?\"}]},{\"@type\":\"WebSite\",\"@id\":\"https:\/\/impactup.com\/en\/#website\",\"url\":\"https:\/\/impactup.com\/en\/\",\"name\":\"ImpactUp\",\"description\":\"Recrutement commerciaux, directions commerciales et fonctions marketing\",\"potentialAction\":[{\"@type\":\"SearchAction\",\"target\":{\"@type\":\"EntryPoint\",\"urlTemplate\":\"https:\/\/impactup.com\/en\/?s={search_term_string}\"},\"query-input\":{\"@type\":\"PropertyValueSpecification\",\"valueRequired\":true,\"valueName\":\"search_term_string\"}}],\"inLanguage\":\"en-US\"}]}<\/script>\n<!-- \/ Yoast SEO plugin. -->","yoast_head_json":{"title":"Trouver un cabinet pour le recrutement d\u2019un directeur commercial dans le secteur de la beaut\u00e9","description":"S\u2019adresser \u00e0 un cabinet pour le recrutement d\u2019un directeur commercial sp\u00e9cialis\u00e9 dans le domaine de la beaut\u00e9. ImpactUp est un cabinet de recrutement qui peut vous trouver un directeur commercial dans le milieu de la beaut\u00e9.","robots":{"index":"index","follow":"follow","max-snippet":"max-snippet:-1","max-image-preview":"max-image-preview:large","max-video-preview":"max-video-preview:-1"},"canonical":"https:\/\/impactup.com\/en\/glossaire\/cabinet-de-recrutement-beaute-directeur-commercial\/","og_locale":"en_US","og_type":"article","og_title":"Trouver un cabinet pour le recrutement d\u2019un directeur commercial dans le secteur de la beaut\u00e9","og_description":"S\u2019adresser \u00e0 un cabinet pour le recrutement d\u2019un directeur commercial sp\u00e9cialis\u00e9 dans le domaine de la beaut\u00e9. ImpactUp est un cabinet de recrutement qui peut vous trouver un directeur commercial dans le milieu de la beaut\u00e9.","og_url":"https:\/\/impactup.com\/en\/glossaire\/cabinet-de-recrutement-beaute-directeur-commercial\/","og_site_name":"ImpactUp","article_modified_time":"2024-06-07T12:03:58+00:00","og_image":[{"width":1067,"height":600,"url":"https:\/\/impactup.com\/wp-content\/uploads\/2021\/01\/og.jpg","type":"image\/jpeg"}],"twitter_card":"summary_large_image","twitter_misc":{"Est. reading time":"6 minutes"},"schema":{"@context":"https:\/\/schema.org","@graph":[{"@type":"WebPage","@id":"https:\/\/impactup.com\/en\/glossaire\/cabinet-de-recrutement-beaute-directeur-commercial\/","url":"https:\/\/impactup.com\/en\/glossaire\/cabinet-de-recrutement-beaute-directeur-commercial\/","name":"Trouver un cabinet pour le recrutement d\u2019un directeur commercial dans le secteur de la beaut\u00e9","isPartOf":{"@id":"https:\/\/impactup.com\/en\/#website"},"datePublished":"2024-06-06T12:36:06+00:00","dateModified":"2024-06-07T12:03:58+00:00","description":"S\u2019adresser \u00e0 un cabinet pour le recrutement d\u2019un directeur commercial sp\u00e9cialis\u00e9 dans le domaine de la beaut\u00e9. ImpactUp est un cabinet de recrutement qui peut vous trouver un directeur commercial dans le milieu de la beaut\u00e9.","breadcrumb":{"@id":"https:\/\/impactup.com\/en\/glossaire\/cabinet-de-recrutement-beaute-directeur-commercial\/#breadcrumb"},"inLanguage":"en-US","potentialAction":[{"@type":"ReadAction","target":["https:\/\/impactup.com\/en\/glossaire\/cabinet-de-recrutement-beaute-directeur-commercial\/"]}]},{"@type":"BreadcrumbList","@id":"https:\/\/impactup.com\/en\/glossaire\/cabinet-de-recrutement-beaute-directeur-commercial\/#breadcrumb","itemListElement":[{"@type":"ListItem","position":1,"name":"Accueil","item":"https:\/\/impactup.com\/en\/"},{"@type":"ListItem","position":2,"name":"Glossaire","item":"https:\/\/impactup.com\/en\/glossaire\/"},{"@type":"ListItem","position":3,"name":"Directeur commercial dans le secteur de la beaut\u00e9 : vers quel cabinet de recrutement se tourner ?"}]},{"@type":"WebSite","@id":"https:\/\/impactup.com\/en\/#website","url":"https:\/\/impactup.com\/en\/","name":"ImpactUp","description":"Recrutement commerciaux, directions commerciales et fonctions marketing","potentialAction":[{"@type":"SearchAction","target":{"@type":"EntryPoint","urlTemplate":"https:\/\/impactup.com\/en\/?s={search_term_string}"},"query-input":{"@type":"PropertyValueSpecification","valueRequired":true,"valueName":"search_term_string"}}],"inLanguage":"en-US"}]}},"_links":{"self":[{"href":"https:\/\/impactup.com\/en\/wp-json\/wp\/v2\/pages\/25666","targetHints":{"allow":["GET"]}}],"collection":[{"href":"https:\/\/impactup.com\/en\/wp-json\/wp\/v2\/pages"}],"about":[{"href":"https:\/\/impactup.com\/en\/wp-json\/wp\/v2\/types\/page"}],"author":[{"embeddable":true,"href":"https:\/\/impactup.com\/en\/wp-json\/wp\/v2\/users\/4"}],"replies":[{"embeddable":true,"href":"https:\/\/impactup.com\/en\/wp-json\/wp\/v2\/comments?post=25666"}],"version-history":[{"count":3,"href":"https:\/\/impactup.com\/en\/wp-json\/wp\/v2\/pages\/25666\/revisions"}],"predecessor-version":[{"id":25673,"href":"https:\/\/impactup.com\/en\/wp-json\/wp\/v2\/pages\/25666\/revisions\/25673"}],"up":[{"embeddable":true,"href":"https:\/\/impactup.com\/en\/wp-json\/wp\/v2\/pages\/17218"}],"wp:attachment":[{"href":"https:\/\/impactup.com\/en\/wp-json\/wp\/v2\/media?parent=25666"}],"curies":[{"name":"wp","href":"https:\/\/api.w.org\/{rel}","templated":true}]}}