{"id":25661,"date":"2024-06-06T14:19:58","date_gmt":"2024-06-06T12:19:58","guid":{"rendered":"https:\/\/impactup.niou.dev\/?page_id=25661"},"modified":"2024-06-07T14:02:06","modified_gmt":"2024-06-07T12:02:06","slug":"cabinet-de-developpement-commercial","status":"publish","type":"page","link":"https:\/\/impactup.com\/en\/glossaire\/cabinet-de-developpement-commercial\/","title":{"rendered":"Trouvez les meilleurs commerciaux : confiez votre recrutement \u00e0 un cabinet sp\u00e9cialis\u00e9 dans le d\u00e9veloppement commercial"},"content":{"rendered":"<div class=\"wpb-content-wrapper\"><p>[vc_row][vc_column width=&#8221;1\/3&#8243;][vc_btn title=&#8221;Voir notre offre&#8221; color=&#8221;secondarycolor&#8221; align=&#8221;center&#8221; css=&#8221;&#8221; link=&#8221;url:https%3A%2F%2Fimpactup.com%2Frecrutement%2F&#8221;][\/vc_column][vc_column width=&#8221;1\/3&#8243;][vc_btn title=&#8221;Confiez-nous votre projet&#8221; color=&#8221;secondarycolor&#8221; align=&#8221;center&#8221; css=&#8221;&#8221; link=&#8221;url:https%3A%2F%2Fimpactup.com%2Fetude-personnalisee%2F&#8221;][\/vc_column][vc_column width=&#8221;1\/3&#8243;][vc_btn title=&#8221;Contactez-nous&#8221; color=&#8221;secondarycolor&#8221; align=&#8221;center&#8221; css=&#8221;&#8221; link=&#8221;url:https%3A%2F%2Fimpactup.com%2Fcontact%2F&#8221;][\/vc_column][\/vc_row][vc_row css=&#8221;.vc_custom_1717658386032{padding-top: 40px !important;padding-bottom: 20px !important;}&#8221;][vc_column][vc_column_text css=&#8221;&#8221;]<\/p>\n<section style=\"text-align: justify;\">\n<h2><strong>Trouvez les meilleurs commerciaux : confiez votre recrutement \u00e0 un cabinet sp\u00e9cialis\u00e9 dans le d\u00e9veloppement commercial<\/strong><\/h2>\n<p>Le succ\u00e8s d&#8217;une entreprise est tributaire de l&#8217;efficacit\u00e9 de son \u00e9quipe commerciale. Des collaborateurs performants g\u00e9n\u00e8rent des ventes et contribuent \u00e0 la croissance de l&#8217;entreprise, tandis que des profils peu productifs peuvent engendrer des pertes financi\u00e8res consid\u00e9rables.<\/p>\n<p>Face \u00e0 cet enjeu de taille, il est essentiel de mettre en place une strat\u00e9gie de recrutement rigoureuse et efficace. Pour vous aider \u00e0 trouver les perles rares qui propulseront votre <a href=\"https:\/\/impactup.com\/glossaire\/agence-de-recrutement-commercial\"><strong>d\u00e9veloppement commercial<\/strong><\/a>, il est judicieux de faire appel \u00e0 un <a href=\"https:\/\/impactup.com\/glossaire\/agence-de-recrutement-commercial\"><strong>cabinet de<\/strong> <strong>recrutement<\/strong><\/a> sp\u00e9cialis\u00e9 tel qu&#8217;<strong>ImpactUp<\/strong>.<\/p>\n<\/section>\n<p>[\/vc_column_text][\/vc_column][\/vc_row][vc_row][vc_column width=&#8221;1\/3&#8243;][vc_btn title=&#8221;Voir notre offre&#8221; color=&#8221;secondarycolor&#8221; align=&#8221;center&#8221; css=&#8221;&#8221; link=&#8221;url:https%3A%2F%2Fimpactup.com%2Frecrutement%2F&#8221;][\/vc_column][vc_column width=&#8221;1\/3&#8243;][vc_btn title=&#8221;Confiez-nous votre projet&#8221; color=&#8221;secondarycolor&#8221; align=&#8221;center&#8221; css=&#8221;&#8221; link=&#8221;url:https%3A%2F%2Fimpactup.com%2Fetude-personnalisee%2F&#8221;][\/vc_column][vc_column width=&#8221;1\/3&#8243;][vc_btn title=&#8221;Contactez-nous&#8221; color=&#8221;secondarycolor&#8221; align=&#8221;center&#8221; css=&#8221;&#8221; link=&#8221;url:https%3A%2F%2Fimpactup.com%2Fcontact%2F&#8221;][\/vc_column][\/vc_row][vc_row css=&#8221;.vc_custom_1717658445522{padding-top: 40px !important;}&#8221;][vc_column][vc_column_text css=&#8221;&#8221;]<\/p>\n<section style=\"text-align: justify;\">\n<h2><strong>Qu\u2019est-ce qu\u2019un cabinet de d\u00e9veloppement commercial\u00a0? <\/strong><\/h2>\n<p>Il s\u2019agit d\u2019une agence dont l\u2019expertise est concentr\u00e9e sur la strat\u00e9gie marketing et commerciale. En d\u2019autres termes, son activit\u00e9 consiste \u00e0 \u00e9tablir des plans d\u2019action pour aider son client \u00e0 atteindre ses objectifs en termes de vente ou de productivit\u00e9.<\/p>\n<p>La mission d\u2019un <a href=\"https:\/\/impactup.com\/glossaire\/agence-de-recrutement-commerciaux\"><strong>cabinet de d\u00e9veloppement commercial <\/strong><\/a>tourne autour de 4 axes\u00a0:<\/p>\n<ul>\n<li>Accompagner les entreprises \u00e0 identifier leurs cibles et mettre en place une bonne m\u00e9thode de prospection.<\/li>\n<li>Aider les commerciaux \u00e0 \u00e9tudier et \u00e0 cerner leur offre et le march\u00e9 dans lequel ils op\u00e8rent.<\/li>\n<li>Seconder les RH dans le recrutement de collaborateurs et les aider \u00e0 int\u00e9grer le processus de recrutement \u00e0 la strat\u00e9gie de d\u00e9veloppement de la structure.<\/li>\n<li>Trouver une solution pour instaurer une communication efficace entre les collaborateurs pour optimiser le travail d\u2019\u00e9quipe. En d\u2019autres termes, les experts du cabinet doivent \u00e9tablir un management commercial efficient.<\/li>\n<\/ul>\n<h2><strong>Le recrutement de cadres commerciaux et marketing, une op\u00e9ration d\u00e9licate<\/strong><\/h2>\n<p>Recruter des cadres dirigeants ou ex\u00e9cutants pour les entreprises de commerce, de la vente et du marketing est une t\u00e2che qui requiert souvent l\u2019aide d\u2019experts. En effet, les comp\u00e9tences requises pour ces postes \u00e0 responsabilit\u00e9 \u00e9voluent constamment avec les innovations techniques et technologiques qui ont \u00e9galement lieu dans ces secteurs. Par ailleurs, les habitudes des consommateurs changent \u00e9galement de sorte que pour suivre le mouvement, les entreprises doivent \u00e9galement revoir et remettre \u00e0 jour leurs strat\u00e9gies commerciales, de vente et marketing, ce qui n\u00e9cessite aussi de trouver des personnes qui sont en mesure de s\u2019y adapter pour les appliquer.<\/p>\n<p>Compte tenu des profils exig\u00e9s pour les postes de cadre commerciaux et marketing actuels, l\u2019accompagnement d\u2019un <strong>cabinet de d\u00e9veloppement commercial<\/strong> peut \u00eatre d\u2019une aide pr\u00e9cieuse pour la mise en place d\u2019une bonne politique de recrutement. Cette option vous permettra \u00e9galement d\u2019optimiser vos chances de trouver les personnes qu\u2019il vous faut pour chaque poste \u00e0 pourvoir.<\/p>\n<p>Pour s\u2019offrir les services des meilleurs talents sur le march\u00e9, les entreprises privil\u00e9gient la chasse de t\u00eate. En d\u2019autres termes, les recruteurs font appel \u00e0 des candidats ayant des expertises av\u00e9r\u00e9es et pointues, et qui sont, la plupart du temps, d\u00e9j\u00e0 en poste ailleurs. Avec cette m\u00e9thode de sourcing, les soci\u00e9t\u00e9s gagnent du temps. En effet, elles n\u2019attendent plus que les candidats viennent vers elles, mais vont tout de suite les contacter.<\/p>\n<h2><strong>Un cabinet de conseils et d\u2019assistance en strat\u00e9gie commerciale pour booster les performances de vos \u00e9quipes commerciales<\/strong><\/h2>\n<p>Un <strong>cabinet de d\u00e9veloppement commercial<\/strong> tel qu\u2019ImpactUP se pr\u00e9sente comme l\u2019une des solutions de choix pour b\u00e9n\u00e9ficier des conseils et de l\u2019assistance de professionnels dans la conception et la mise en \u0153uvre d\u2019une strat\u00e9gie commerciale adapt\u00e9es aux besoins et aux contraintes de vos activit\u00e9s et des objectifs de vente de votre entreprise.<\/p>\n<p>Compos\u00e9e de consultants comp\u00e9tents et exp\u00e9riment\u00e9s, l\u2019\u00e9quipe de ce prestataire de renom peut \u00e9galement vous aider \u00e0 identifier les besoins en marketing de votre entreprise adapt\u00e9e \u00e0 votre domaine de sp\u00e9cialit\u00e9. Recourir aux services d\u2019une telle agence fait aujourd\u2019hui partie des alternatives de plus en plus pris\u00e9es par les entreprises pour optimiser leur efficacit\u00e9 commerciale et mieux se positionner sur le march\u00e9.<\/p>\n<h2><strong>Les autres services propos\u00e9s par un cabinet de d\u00e9veloppement commercial<\/strong><\/h2>\n<p>Aujourd\u2019hui, les entreprises font face \u00e0 de nouvelles probl\u00e9matiques, encore m\u00e9connues de l\u2019ancienne \u00e9cole. Entre la concurrence qui s\u2019accro\u00eet du jour au lendemain, les clients qui deviennent de plus en plus exigeants et l\u2019acc\u00e8s ultra facile \u00e0 l\u2019information, faire d\u00e9velopper un business n\u2019est pas une chose ais\u00e9e. Les services d\u2019une agence sp\u00e9cialiste des enjeux commerciaux ne peuvent qu\u2019\u00eatre les bienvenus.<\/p>\n<p>Son domaine d\u2019intervention ne se limite pas au volet commercial. Un <a href=\"https:\/\/impactup.com\/glossaire\/agence-de-recrutement-commerciaux\"><strong>cabinet de d\u00e9veloppement commercial <\/strong><\/a>est \u00e9galement en mesure d\u2019impl\u00e9menter des syst\u00e8mes de gestion des ressources humaines infaillibles qui couvrent de multiples aspects en interne comme en externe. Il sert ainsi de base aux recrutements, facilite la coordination des formations et la recherche de candidats pour de futures coop\u00e9rations.<\/p>\n<p>Par ailleurs, afin de permettre aux salari\u00e9s d\u2019\u00e9voluer dans un environnement favorable \u00e0 leur \u00e9panouissement, ce qui suppose une meilleure productivit\u00e9, il les aide \u00e0 \u00e9laborer des plans bas\u00e9s sur le suivi individuel de chaque employ\u00e9 et les assiste dans l\u2019organisation des s\u00e9ances de formation, des s\u00e9minaires, etc.<\/p>\n<h2><strong>B\u00e9n\u00e9ficiez de l\u2019expertise d\u2019ImpactUP, cabinet de d\u00e9veloppement commercial<\/strong><\/h2>\n<p><strong>ImpactUP<\/strong> fait intervenir des experts du domaine commercial hautement qualifi\u00e9s et justifiant de nombreuses ann\u00e9es d\u2019exp\u00e9rience. Ce <strong>cabinet de d\u00e9veloppement commercial<\/strong> garantit aux entreprises clientes des prestations de qualit\u00e9.<\/p>\n<p>Nous traitons des th\u00e9matiques d\u00e9di\u00e9es sp\u00e9cialement au d\u00e9veloppement commercial. Pour ce faire, les quatre domaines dans lesquelles nous intervenons sont les suivantes\u00a0:<\/p>\n<ul>\n<li>La strat\u00e9gie commerciale\u00a0: Business plan, d\u00e9finition des plans d\u2019action commerciaux ainsi que des objectifs, SWOT, analyse de potentiel.<\/li>\n<li>L\u2019organisation commerciale\u00a0: plan de formation, de recrutement et d\u2019int\u00e9gration des agents commerciaux, recherche de distributeurs et\/ou de partenaires.<\/li>\n<li>La motivation des \u00e9quipes commerciales\u00a0: TeamBuilding, plans de r\u00e9mun\u00e9ration, Incentives et s\u00e9minaires.<\/li>\n<li>Le pilotage\u00a0: analyse comportementales Disc, efficacit\u00e9 personnelle, mise en \u0153uvre d\u2019outils CRM, d\u00e9finition des indicateurs de performances.<\/li>\n<\/ul>\n<h2><strong>Un expert \u00e0 vos c\u00f4t\u00e9s<\/strong><\/h2>\n<p>Avec un savoir-faire peaufin\u00e9 de plus d\u2019une quinzaine d\u2019ann\u00e9es d\u2019existence, ImpactUP est un alli\u00e9 de choix pour les entreprises fran\u00e7aises. <strong>ImpactUp<\/strong> est un cabinet sp\u00e9cialis\u00e9 dans le ciblage et le recrutement de talents confirm\u00e9s et d\u2019experts m\u00e9tiers dans les m\u00e9tiers commerciaux et marketing, comme\u00a0:<\/p>\n<ul>\n<li>charg\u00e9(e) de marketing direct\u00a0;<\/li>\n<li>ing\u00e9nieur commercial\u00a0;<\/li>\n<li>marchandiseur(euse)\u00a0;<\/li>\n<li>category manager\u00a0;<\/li>\n<li>responsable de promotion des ventes\u00a0;<\/li>\n<li>responsable webmarketing\u00a0;<\/li>\n<li>d\u00e9l\u00e9gu\u00e9 commercial\u00a0;<\/li>\n<li>mais \u00e9galement des fonctions strat\u00e9giques de l\u2019entreprise, telles que\u00a0:<\/li>\n<li>salesadministrator\u00a0;<\/li>\n<li>directeur(trice) de la relation client\u00a0;<\/li>\n<li>directeur(trice) de magasin\u00a0;<\/li>\n<li>keyaccount manager\u00a0;<\/li>\n<li>directeur(trice) de marque\u2026<\/li>\n<\/ul>\n<p>ImpactUP a d\u00e9velopp\u00e9 une offre de services compl\u00e8tepour attirer le candidat id\u00e9al, conform\u00e9ment aux attentes de l\u2019entreprise\u00a0:<\/p>\n<ul>\n<li>une plateforme d\u2019\u00e9valuation qui comporte 4 types d\u2019outils\u00a0: TalentBusiness\u00ae, TalentInitial\u00ae, TalentRelation\u00ae et TalentAttitude\u00ae\u00a0;<\/li>\n<li>un outil d\u2019\u00e9valuation en ligne en mode SaaS qui permet de tester efficacement les comp\u00e9tences linguistiques du candidat. Celui-ci a \u00e9t\u00e9 d\u00e9velopp\u00e9 en collaboration avec Pipplet.<\/li>\n<\/ul>\n<p>Nous sommes le partenaire id\u00e9al de nombreuses entreprises en France et \u00e0 l\u2019international, convaincues par notre professionnalisme.<\/p>\n<p>Nous mettons \u00e0 votre service le savoir-faire de nos sp\u00e9cialistes issus de diff\u00e9rentes disciplines. Nous faisons la diff\u00e9rence en apportant une solution compl\u00e8te et sur mesure \u00e0 tous les types de requ\u00eates, m\u00eame les plus sp\u00e9cifiques.<\/p>\n<p>N\u2019h\u00e9sitez pas \u00e0 faire appel \u00e0 nous si vous d\u00e9sirez optimiser le volet commercial, et donc la performance de votre organisation. Nous vous apporterons une r\u00e9ponse personnalis\u00e9e qui garantira une am\u00e9lioration tangible de votre rentabilit\u00e9.<\/p>\n<h2><strong>ImpactUp : des experts en recrutement et conseil commercial \u00e0 votre service<\/strong><\/h2>\n<p>Fond\u00e9 en 2005 par Pascal Larue, <a href=\"https:\/\/impactup.com\/\"><strong>ImpactUp<\/strong><\/a> est un <strong>cabinet de<\/strong> <strong>d\u00e9veloppement commercial<\/strong> riche d&#8217;une exp\u00e9rience op\u00e9rationnelle dans divers secteurs d&#8217;activit\u00e9. D\u00e8s 2007, la marque s&#8217;oriente vers deux missions sp\u00e9cifiques : le recrutement et le conseil en d\u00e9veloppement et organisation commerciale.<\/p>\n<p>En 2014, Emmanuel Laquerri\u00e8re, expert du retail avec 15 ann\u00e9es de management au sein de groupes internationaux, rejoint l&#8217;aventure. Unis par des valeurs communes et des forces compl\u00e9mentaires, les deux associ\u00e9s pilotent aujourd&#8217;hui les activit\u00e9s d&#8217;ImpactUp avec l&#8217;appui d&#8217;une \u00e9quipe solide de consultants et de charg\u00e9s de recherches.<\/p>\n<p>Devenu un des sp\u00e9cialistes fran\u00e7ais des fonctions commerciales et marketing, <strong>ImpactUp<\/strong> accompagne ses clients dans ses bureaux \u00e0 Paris, Nantes, La Rochelle, Toulouse, Lyon et Lille. Avec son expertise et son r\u00e9seau \u00e9tendu, ImpactUp est le partenaire id\u00e9al pour les entreprises qui cherchent \u00e0 optimiser leurs \u00e9quipes commerciales et marketing.<\/p>\n<\/section>\n<p>[\/vc_column_text][\/vc_column][\/vc_row]<\/p>\n<\/div>","protected":false},"excerpt":{"rendered":"<p>[vc_row][vc_column width=&#8221;1\/3&#8243;][vc_btn title=&#8221;Voir notre offre&#8221; color=&#8221;secondarycolor&#8221; align=&#8221;center&#8221; css=&#8221;&#8221; link=&#8221;url:https%3A%2F%2Fimpactup.com%2Frecrutement%2F&#8221;][\/vc_column][vc_column width=&#8221;1\/3&#8243;][vc_btn title=&#8221;Confiez-nous votre projet&#8221; color=&#8221;secondarycolor&#8221; align=&#8221;center&#8221; css=&#8221;&#8221; link=&#8221;url:https%3A%2F%2Fimpactup.com%2Fetude-personnalisee%2F&#8221;][\/vc_column][vc_column width=&#8221;1\/3&#8243;][vc_btn title=&#8221;Contactez-nous&#8221; color=&#8221;secondarycolor&#8221; align=&#8221;center&#8221; css=&#8221;&#8221; link=&#8221;url:https%3A%2F%2Fimpactup.com%2Fcontact%2F&#8221;][\/vc_column][\/vc_row][vc_row css=&#8221;.vc_custom_1717658386032{padding-top: 40px !important;padding-bottom: 20px !important;}&#8221;][vc_column][vc_column_text css=&#8221;&#8221;] Trouvez les meilleurs commerciaux : confiez votre recrutement \u00e0 un cabinet sp\u00e9cialis\u00e9 dans le d\u00e9veloppement commercial Le succ\u00e8s d&#8217;une entreprise est tributaire de l&#8217;efficacit\u00e9 de son [&hellip;]<\/p>\n","protected":false},"author":4,"featured_media":0,"parent":17218,"menu_order":0,"comment_status":"closed","ping_status":"closed","template":"","meta":{"_monsterinsights_skip_tracking":false,"_monsterinsights_sitenote_active":false,"_monsterinsights_sitenote_note":"","_monsterinsights_sitenote_category":0,"footnotes":""},"class_list":["post-25661","page","type-page","status-publish","hentry"],"yoast_head":"<!-- This site is optimized with the Yoast SEO plugin v27.0 - https:\/\/yoast.com\/product\/yoast-seo-wordpress\/ -->\n<title>Cabinet de d\u00e9veloppement commercial - Pourquoi faire appel \u00e0 un cabinet de d\u00e9veloppement commercial<\/title>\n<meta name=\"description\" content=\"Trouver un cabinet de d\u00e9veloppement commercial comp\u00e9tent et efficace. ImpactUp, le cabinet de d\u00e9veloppement commercial implant\u00e9 sur toute la France.\" \/>\n<meta name=\"robots\" content=\"index, follow, max-snippet:-1, max-image-preview:large, max-video-preview:-1\" \/>\n<link rel=\"canonical\" href=\"https:\/\/impactup.com\/en\/glossaire\/cabinet-de-developpement-commercial\/\" \/>\n<meta property=\"og:locale\" content=\"en_US\" \/>\n<meta property=\"og:type\" content=\"article\" \/>\n<meta property=\"og:title\" content=\"Cabinet de d\u00e9veloppement commercial - Pourquoi faire appel \u00e0 un cabinet de d\u00e9veloppement commercial\" \/>\n<meta property=\"og:description\" content=\"Trouver un cabinet de d\u00e9veloppement commercial comp\u00e9tent et efficace. ImpactUp, le cabinet de d\u00e9veloppement commercial implant\u00e9 sur toute la France.\" \/>\n<meta property=\"og:url\" content=\"https:\/\/impactup.com\/en\/glossaire\/cabinet-de-developpement-commercial\/\" \/>\n<meta property=\"og:site_name\" content=\"ImpactUp\" \/>\n<meta property=\"article:modified_time\" content=\"2024-06-07T12:02:06+00:00\" \/>\n<meta property=\"og:image\" content=\"https:\/\/impactup.com\/wp-content\/uploads\/2021\/01\/og.jpg\" \/>\n\t<meta property=\"og:image:width\" content=\"1067\" \/>\n\t<meta property=\"og:image:height\" content=\"600\" \/>\n\t<meta property=\"og:image:type\" content=\"image\/jpeg\" \/>\n<meta name=\"twitter:card\" content=\"summary_large_image\" \/>\n<meta name=\"twitter:label1\" content=\"Est. reading time\" \/>\n\t<meta name=\"twitter:data1\" content=\"7 minutes\" \/>\n<script type=\"application\/ld+json\" class=\"yoast-schema-graph\">{\"@context\":\"https:\/\/schema.org\",\"@graph\":[{\"@type\":\"WebPage\",\"@id\":\"https:\/\/impactup.com\/en\/glossaire\/cabinet-de-developpement-commercial\/\",\"url\":\"https:\/\/impactup.com\/en\/glossaire\/cabinet-de-developpement-commercial\/\",\"name\":\"Cabinet de d\u00e9veloppement commercial - Pourquoi faire appel \u00e0 un cabinet de d\u00e9veloppement commercial\",\"isPartOf\":{\"@id\":\"https:\/\/impactup.com\/en\/#website\"},\"datePublished\":\"2024-06-06T12:19:58+00:00\",\"dateModified\":\"2024-06-07T12:02:06+00:00\",\"description\":\"Trouver un cabinet de d\u00e9veloppement commercial comp\u00e9tent et efficace. ImpactUp, le cabinet de d\u00e9veloppement commercial implant\u00e9 sur toute la France.\",\"breadcrumb\":{\"@id\":\"https:\/\/impactup.com\/en\/glossaire\/cabinet-de-developpement-commercial\/#breadcrumb\"},\"inLanguage\":\"en-US\",\"potentialAction\":[{\"@type\":\"ReadAction\",\"target\":[\"https:\/\/impactup.com\/en\/glossaire\/cabinet-de-developpement-commercial\/\"]}]},{\"@type\":\"BreadcrumbList\",\"@id\":\"https:\/\/impactup.com\/en\/glossaire\/cabinet-de-developpement-commercial\/#breadcrumb\",\"itemListElement\":[{\"@type\":\"ListItem\",\"position\":1,\"name\":\"Accueil\",\"item\":\"https:\/\/impactup.com\/en\/\"},{\"@type\":\"ListItem\",\"position\":2,\"name\":\"Glossaire\",\"item\":\"https:\/\/impactup.com\/en\/glossaire\/\"},{\"@type\":\"ListItem\",\"position\":3,\"name\":\"Trouvez les meilleurs commerciaux : confiez votre recrutement \u00e0 un cabinet sp\u00e9cialis\u00e9 dans le d\u00e9veloppement commercial\"}]},{\"@type\":\"WebSite\",\"@id\":\"https:\/\/impactup.com\/en\/#website\",\"url\":\"https:\/\/impactup.com\/en\/\",\"name\":\"ImpactUp\",\"description\":\"Recrutement commerciaux, directions commerciales et fonctions marketing\",\"potentialAction\":[{\"@type\":\"SearchAction\",\"target\":{\"@type\":\"EntryPoint\",\"urlTemplate\":\"https:\/\/impactup.com\/en\/?s={search_term_string}\"},\"query-input\":{\"@type\":\"PropertyValueSpecification\",\"valueRequired\":true,\"valueName\":\"search_term_string\"}}],\"inLanguage\":\"en-US\"}]}<\/script>\n<!-- \/ Yoast SEO plugin. -->","yoast_head_json":{"title":"Cabinet de d\u00e9veloppement commercial - Pourquoi faire appel \u00e0 un cabinet de d\u00e9veloppement commercial","description":"Trouver un cabinet de d\u00e9veloppement commercial comp\u00e9tent et efficace. ImpactUp, le cabinet de d\u00e9veloppement commercial implant\u00e9 sur toute la France.","robots":{"index":"index","follow":"follow","max-snippet":"max-snippet:-1","max-image-preview":"max-image-preview:large","max-video-preview":"max-video-preview:-1"},"canonical":"https:\/\/impactup.com\/en\/glossaire\/cabinet-de-developpement-commercial\/","og_locale":"en_US","og_type":"article","og_title":"Cabinet de d\u00e9veloppement commercial - Pourquoi faire appel \u00e0 un cabinet de d\u00e9veloppement commercial","og_description":"Trouver un cabinet de d\u00e9veloppement commercial comp\u00e9tent et efficace. ImpactUp, le cabinet de d\u00e9veloppement commercial implant\u00e9 sur toute la France.","og_url":"https:\/\/impactup.com\/en\/glossaire\/cabinet-de-developpement-commercial\/","og_site_name":"ImpactUp","article_modified_time":"2024-06-07T12:02:06+00:00","og_image":[{"width":1067,"height":600,"url":"https:\/\/impactup.com\/wp-content\/uploads\/2021\/01\/og.jpg","type":"image\/jpeg"}],"twitter_card":"summary_large_image","twitter_misc":{"Est. reading time":"7 minutes"},"schema":{"@context":"https:\/\/schema.org","@graph":[{"@type":"WebPage","@id":"https:\/\/impactup.com\/en\/glossaire\/cabinet-de-developpement-commercial\/","url":"https:\/\/impactup.com\/en\/glossaire\/cabinet-de-developpement-commercial\/","name":"Cabinet de d\u00e9veloppement commercial - Pourquoi faire appel \u00e0 un cabinet de d\u00e9veloppement commercial","isPartOf":{"@id":"https:\/\/impactup.com\/en\/#website"},"datePublished":"2024-06-06T12:19:58+00:00","dateModified":"2024-06-07T12:02:06+00:00","description":"Trouver un cabinet de d\u00e9veloppement commercial comp\u00e9tent et efficace. ImpactUp, le cabinet de d\u00e9veloppement commercial implant\u00e9 sur toute la France.","breadcrumb":{"@id":"https:\/\/impactup.com\/en\/glossaire\/cabinet-de-developpement-commercial\/#breadcrumb"},"inLanguage":"en-US","potentialAction":[{"@type":"ReadAction","target":["https:\/\/impactup.com\/en\/glossaire\/cabinet-de-developpement-commercial\/"]}]},{"@type":"BreadcrumbList","@id":"https:\/\/impactup.com\/en\/glossaire\/cabinet-de-developpement-commercial\/#breadcrumb","itemListElement":[{"@type":"ListItem","position":1,"name":"Accueil","item":"https:\/\/impactup.com\/en\/"},{"@type":"ListItem","position":2,"name":"Glossaire","item":"https:\/\/impactup.com\/en\/glossaire\/"},{"@type":"ListItem","position":3,"name":"Trouvez les meilleurs commerciaux : confiez votre recrutement \u00e0 un cabinet sp\u00e9cialis\u00e9 dans le d\u00e9veloppement commercial"}]},{"@type":"WebSite","@id":"https:\/\/impactup.com\/en\/#website","url":"https:\/\/impactup.com\/en\/","name":"ImpactUp","description":"Recrutement commerciaux, directions commerciales et fonctions marketing","potentialAction":[{"@type":"SearchAction","target":{"@type":"EntryPoint","urlTemplate":"https:\/\/impactup.com\/en\/?s={search_term_string}"},"query-input":{"@type":"PropertyValueSpecification","valueRequired":true,"valueName":"search_term_string"}}],"inLanguage":"en-US"}]}},"_links":{"self":[{"href":"https:\/\/impactup.com\/en\/wp-json\/wp\/v2\/pages\/25661","targetHints":{"allow":["GET"]}}],"collection":[{"href":"https:\/\/impactup.com\/en\/wp-json\/wp\/v2\/pages"}],"about":[{"href":"https:\/\/impactup.com\/en\/wp-json\/wp\/v2\/types\/page"}],"author":[{"embeddable":true,"href":"https:\/\/impactup.com\/en\/wp-json\/wp\/v2\/users\/4"}],"replies":[{"embeddable":true,"href":"https:\/\/impactup.com\/en\/wp-json\/wp\/v2\/comments?post=25661"}],"version-history":[{"count":3,"href":"https:\/\/impactup.com\/en\/wp-json\/wp\/v2\/pages\/25661\/revisions"}],"predecessor-version":[{"id":25664,"href":"https:\/\/impactup.com\/en\/wp-json\/wp\/v2\/pages\/25661\/revisions\/25664"}],"up":[{"embeddable":true,"href":"https:\/\/impactup.com\/en\/wp-json\/wp\/v2\/pages\/17218"}],"wp:attachment":[{"href":"https:\/\/impactup.com\/en\/wp-json\/wp\/v2\/media?parent=25661"}],"curies":[{"name":"wp","href":"https:\/\/api.w.org\/{rel}","templated":true}]}}