{"id":25657,"date":"2024-06-06T14:14:47","date_gmt":"2024-06-06T12:14:47","guid":{"rendered":"https:\/\/impactup.niou.dev\/?page_id=25657"},"modified":"2024-06-07T16:53:54","modified_gmt":"2024-06-07T14:53:54","slug":"cabinet-de-recrutement-marketing-paris","status":"publish","type":"page","link":"https:\/\/impactup.com\/en\/glossaire\/cabinet-de-recrutement-marketing-paris\/","title":{"rendered":"Cabinet de recrutement expert du domaine du marketing \u00e0 Paris"},"content":{"rendered":"<div class=\"wpb-content-wrapper\"><p>[vc_row][vc_column width=&#8221;1\/3&#8243;][vc_btn title=&#8221;Voir notre offre&#8221; color=&#8221;secondarycolor&#8221; align=&#8221;center&#8221; css=&#8221;&#8221; link=&#8221;url:https%3A%2F%2Fimpactup.com%2Frecrutement%2F&#8221;][\/vc_column][vc_column width=&#8221;1\/3&#8243;][vc_btn title=&#8221;Confiez-nous votre projet&#8221; color=&#8221;secondarycolor&#8221; align=&#8221;center&#8221; css=&#8221;&#8221; link=&#8221;url:https%3A%2F%2Fimpactup.com%2Fetude-personnalisee%2F&#8221;][\/vc_column][vc_column width=&#8221;1\/3&#8243;][vc_btn title=&#8221;Contactez-nous&#8221; color=&#8221;secondarycolor&#8221; align=&#8221;center&#8221; css=&#8221;&#8221; link=&#8221;url:https%3A%2F%2Fimpactup.com%2Fcontact%2F&#8221;][\/vc_column][\/vc_row][vc_row css=&#8221;.vc_custom_1717658386032{padding-top: 40px !important;padding-bottom: 20px !important;}&#8221;][vc_column][vc_column_text css=&#8221;&#8221;]<\/p>\n<section style=\"text-align: justify;\">\n<h2>Cabinet de recrutement expert du domaine du marketing \u00e0 Paris<\/h2>\n<p>Faire appel \u00e0 un <a href=\"https:\/\/impactup.com\/glossaire\/cabinet-de-recrutement-export-paris\"><strong>cabinet de recrutement sp\u00e9cialiste du marketing \u00e0 Paris<\/strong><\/a> constitue la meilleure option afin de d\u00e9nicher des candidats pour des postes s\u2019y rapportant dans la capitale. ImpactUp est une agence de r\u00e9f\u00e9rence dans tout projet de recherche de collaborateurs destin\u00e9s \u00e0 des postes li\u00e9s aux fonctions commerciales et marketing.<\/p>\n<\/section>\n<p>[\/vc_column_text][\/vc_column][\/vc_row][vc_row][vc_column width=&#8221;1\/3&#8243;][vc_btn title=&#8221;Voir notre offre&#8221; color=&#8221;secondarycolor&#8221; align=&#8221;center&#8221; css=&#8221;&#8221; link=&#8221;url:https%3A%2F%2Fimpactup.com%2Frecrutement%2F&#8221;][\/vc_column][vc_column width=&#8221;1\/3&#8243;][vc_btn title=&#8221;Confiez-nous votre projet&#8221; color=&#8221;secondarycolor&#8221; align=&#8221;center&#8221; css=&#8221;&#8221; link=&#8221;url:https%3A%2F%2Fimpactup.com%2Fetude-personnalisee%2F&#8221;][\/vc_column][vc_column width=&#8221;1\/3&#8243;][vc_btn title=&#8221;Contactez-nous&#8221; color=&#8221;secondarycolor&#8221; align=&#8221;center&#8221; css=&#8221;&#8221; link=&#8221;url:https%3A%2F%2Fimpactup.com%2Fcontact%2F&#8221;][\/vc_column][\/vc_row][vc_row css=&#8221;.vc_custom_1717658445522{padding-top: 40px !important;}&#8221;][vc_column][vc_column_text css=&#8221;&#8221;]<\/p>\n<section style=\"text-align: justify;\">\n<h2>Pourquoi externaliser sa gestion RH\u00a0?<\/h2>\n<p>Pour les recrutements de postes relatifs au service commercial, l\u2018entreprise doit \u00eatre scrupuleuse extr\u00eamement vu que ces fonctions sont fortement strat\u00e9giques. Un mauvais \u00e9l\u00e9ment pourrait nuire \u00e0 l\u2019image de la soci\u00e9t\u00e9, tandis qu\u2019un bon candidat pourrait acc\u00e9l\u00e9rer sa croissance aussi bien en interne qu\u2019en externe.<\/p>\n<p>Faire confiance \u00e0 un cabinet de recrutement, en l\u2019occurrence ImpactUp, serait un choix plus que judicieux. En effet, <strong>ImpactUp<\/strong> se chargera de tout le process, du choix du potentiel candidat jusqu\u2019\u00e0 son int\u00e9gration dans votre structure. De ce fait, vous ne vous perdrez plus dans les paperasses et les d\u00e9marches administratives ext\u00e9nuantes. Vous ferez gagner de pr\u00e9cieuses heures de travail \u00e0 l\u2019entreprise et vous pourrez vous focaliser sur l\u2019essentiel.<\/p>\n<p>En effet, ImpactUp se charge de l\u2019ensemble du recrutement, en commen\u00e7ant par d\u00e9finir clairement le besoins de l\u2019entreprise. Nous assurons ensuite la r\u00e9daction de la description du poste et de l\u2019offre d\u2019emploi, avant de diffuser les annonces sur les nombreux sites de nos partenaires \u2013 et bien entendu le n\u00f4tre. Nos consultants examinent les CV et effectuent une pr\u00e9-s\u00e9l\u00e9ction en vue de choisir les candidats \u00e0 soumettre aux tests et \u00e0 l\u2019entretien d\u2019embauche. Votre entreprise recevra ensuite une shortlist avec les meilleurs profils.<\/p>\n<p>Si votre soci\u00e9t\u00e9 est bas\u00e9e \u00e0 <a href=\"https:\/\/impactup.com\/glossaire\/cabinet-de-recrutement-directeur-commercial-paris\"><strong>Paris<\/strong><\/a> ou que vous pensez vous y implanter, le <a href=\"https:\/\/impactup.com\/glossaire\/cabinet-de-recrutement-directeur-commercial-paris\"><strong>cabinet de recrutement<\/strong><\/a> <strong>ImpactUp<\/strong> vous aide \u00e0 d\u00e9nicher le talent <strong>marketing<\/strong> local qui apportera de la valeur ajout\u00e9e \u00e0 votre entreprise.<\/p>\n<h2>Faites le pas\u00a0!<\/h2>\n<p>L\u2019une des raisons pour lesquelles une entreprise h\u00e9site encore \u00e0 collaborer avec une agence de recrutement est que, dans la majorit\u00e9 des cas, cette option s\u2019av\u00e8re \u00eatre dispendieuse. Mais se lancer soi-m\u00eame dans le long p\u00e9riple du recrutement pourrait co\u00fbter encore plus cher.<\/p>\n<p>Des \u00e9v\u00e9nements malencontreux pourront avoir lieu a posteriori, et des d\u00e9penses suppl\u00e9mentaires seront \u00e0 pr\u00e9voir. En effet, si le recrutement n\u2019est pas efficace, une nouvelle recrue pourrait d\u00e9cider de s\u2019en aller au bout de quelques semaines, ce qui va causer de nombreux dommages. Le co\u00fbt d\u2019un tel incident est loin d\u2019\u00eatre anodin\u00a0: une \u00e9tude a montr\u00e9 qu\u2019avec ce que vous aurez d\u00e9pens\u00e9 pour le recrutement, la formation et l\u2019int\u00e9gration, les charges salariales et le co\u00fbt de la rupture, ainsi que les portefeuilles non travaill\u00e9s et les opportunit\u00e9s manqu\u00e9es, cela peut vite monter jusqu\u2019\u00e0 100000\u20ac ou m\u00eame le double. En effet, les m\u00e9tiers du marketing repr\u00e9sentent des fonctions hautement strat\u00e9giques au sein d\u2019une entreprise.<\/p>\n<p>Avec l\u2019aide d\u2019ImpactUp, vous aurez la main mise sur le co\u00fbt d\u2019entr\u00e9e de chaque nouveau collaborateur. Ainsi, vous pourrez d\u00e9j\u00e0 vous projeter dans le temps et pr\u00e9parer vos actions futures tout en vous assurant que vous avez les meilleurs \u00e9l\u00e9ments dans votre camp.<\/p>\n<p>\u00c0 <strong>Paris<\/strong> comme dans toute la France m\u00e9tropolitaine, optez pour la solution ImpactUp. Pour vos postes en <strong>marketing<\/strong>, ce <strong>cabinet de recrutement<\/strong> reste votre meilleur alli\u00e9.<\/p>\n<p>La s\u00e9lection des candidats est bas\u00e9e sur les comp\u00e9tences, mais \u00e9galement sur la capacit\u00e9 de chacun \u00e0 s\u2019int\u00e9grer dans votre environnement. Notre objectif consiste \u00e0 trouver des profils capables d\u2019impacter votre chiffre d\u2019affaires, et donc de travailler efficacement et de fa\u00e7on p\u00e9renne au sein de votre structure, en faisant preuve de motivation gr\u00e2ce \u00e0 une r\u00e9elle affinit\u00e9 entre les aspirations du candidat et les exigences du poste.<\/p>\n<h2>Recrutement d\u2019un expert en marketing \u00e0 Paris<\/h2>\n<p>Comment choisir son expert en marketing\u00a0? Deux possibilit\u00e9s\u00a0s\u2019offrent aux entreprises. Tenter le pari de la jeunesse et embaucher de jeunes dipl\u00f4m\u00e9s tout bonnement sortis d\u2019une \u00e9cole de commerce. Ou miser sur l\u2019exp\u00e9rience et privil\u00e9gier les candidats \u00e2g\u00e9s, qui justifient d\u2019une forte exp\u00e9rience.<\/p>\n<p>N\u2019y perdez pas la t\u00eate, <strong>ImpactUp<\/strong> a mis en poste plus de sp\u00e9cialistes en commercial et <a href=\"https:\/\/impactup.com\/glossaire\/cabinet-de-recrutement-en-france\"><strong>marketing<\/strong><\/a> que tous les autres <a href=\"https:\/\/impactup.com\/glossaire\/cabinet-de-recrutement-en-france\"><strong>cabinets de recrutement \u00e0 Paris<\/strong><\/a>. Riche de sa base de donn\u00e9es compos\u00e9e de plusieurs candidats aussi comp\u00e9tents les uns que les autres, ImpactUp d\u00e9nichera pour vous la force de vente qui propulsera vos chiffres d\u2019affaires d\u2019une fa\u00e7on exponentielle.<\/p>\n<p>En plus des comp\u00e9tences et de l\u2019exp\u00e9rience de nos consultants, tous issus de la vente et du marketing, nous utilisons des outils tr\u00e8s \u00e9labor\u00e9s avec des bases scientifiques pour \u00e9valuer les aptitudes de chaque candidat. Notre objectif \u00e9tant de d\u00e9nicher le profil id\u00e9al pour chaque poste, les tests propos\u00e9s ne se limitent pas aux comp\u00e9tences professionnelles. Nous \u00e9valuons \u00e9galement l\u2019ad\u00e9quation de la\u00a0 personnalit\u00e9 au poste \u00e0 pourvoir, nous testons les capacit\u00e9s cognitives, appr\u00e9cions la culture g\u00e9n\u00e9rale et mesurons le niveau linguistique conform\u00e9ment aux normes CECRL.<\/p>\n<p>Les fonctions commerciales et <strong>marketing <\/strong>sont trop d\u00e9licates pour \u00eatre confi\u00e9es \u00e0 un novice. Faites confiance \u00e0 un <strong>cabinet de recrutement<\/strong> expert en la mati\u00e8re et voyez votre soci\u00e9t\u00e9 au sommet de son secteur d\u2019activit\u00e9.<\/p>\n<h2>M\u00e9thodologie d\u2019ImpactUp<\/h2>\n<p>Sp\u00e9cialis\u00e9 dans le recrutement dans les fonctions commerciales et <strong>marketing<\/strong>, le <strong>cabinet de recrutement<\/strong> <a href=\"https:\/\/impactup.com\"><strong>ImpactUp<\/strong><\/a> \u00e0 <strong>Paris<\/strong> applique une m\u00e9thodologie \u00e9prouv\u00e9e se rapportant \u00e0:<\/p>\n<ul>\n<li>L\u2019analyse du besoin (r\u00f4le \u00e0 tenir au sein de l\u2019\u00e9quipe, objectifs \u00e0 atteindre, t\u00e2ches \u00e0 effectuer, d\u00e9finition du profil, formation demand\u00e9e, exp\u00e9rience recherch\u00e9e, personnalit\u00e9 souhaitable, conditions d\u2019embauche et de travail)<\/li>\n<li>La r\u00e9daction de la description du poste et de l\u2019offre d\u2019emploi<\/li>\n<\/ul>\n<ul>\n<li>La recherche des candidats par l\u2019interm\u00e9diaire de la diffusion d\u2019annonces sur les canaux les plus pertinents et par l\u2019approche directe (chasse)<\/li>\n<\/ul>\n<ul>\n<li>L\u2019analyse et le tri des CV et lettres de motivation suivie d\u2019entretiens t\u00e9l\u00e9phoniques<\/li>\n<\/ul>\n<ul>\n<li>La prise de rendez-vous pour un entretien, tests d\u2019\u00e9valuations et prises de r\u00e9f\u00e9rences apr\u00e8s pr\u00e9s\u00e9lection<\/li>\n<\/ul>\n<ul>\n<li>La pr\u00e9sentation de la s\u00e9lection finale avec des dossiers complets<\/li>\n<\/ul>\n<ul>\n<li>Le suivi et l\u2019accompagnement du nouveau collaborateur pour sa bonne int\u00e9gration jusqu\u2019\u00e0 l\u2019embauche d\u00e9finitive.<\/li>\n<\/ul>\n<p>La prestation peut se faire en int\u00e9gralit\u00e9 ou en partie et ImpactUp peut \u00e9galement rajouter des prestations d\u2019assessment center, de conseil, intervenir pour le recrutement en nombre ou proposer diverses actions de formation comme la formation au recrutement pour cr\u00e9er son propre process de recrutement au sein de l\u2019entreprise.<\/p>\n<h2>ImpactUp est \u00e9galement \u00a0un chasseur de t\u00eate<\/h2>\n<p>La chasse de t\u00eate ou recrutement par approche directe est une m\u00e9thode de prospection de candidats et de talents qui sort des sentiers battus. Notre <strong>cabinet de recrutement<\/strong> sp\u00e9cialis\u00e9 en <strong>Marketing<\/strong> \u00e0 <strong>Paris<\/strong> peut y avoir recours dans certains cas. En effet, il peut arriver que les particularit\u00e9s du poste ou le profil requis pour l\u2019assumer ne sont pas courantes, ce qui rend les techniques de recherches classiques plus compliqu\u00e9es et parfois infructueuses. La p\u00e9nurie de candidats due \u00e0 une offre sup\u00e9rieure \u00e0 la demande d\u2019emploi peut \u00e9galement nous conduire \u00e0 utiliser cette technique.<br \/>\nElle donne en principe des r\u00e9sultats satisfaisants\u00a0 comme il s\u2019agit de d\u00e9nicher la personne pour le poste parmi celles qui n\u2019auraient probablement pas penser \u00e0 candidater mais qui poss\u00e8dent les comp\u00e9tences et les qualit\u00e9s pour l\u2019assumer avec efficacit\u00e9. La chasse de t\u00eate est toutefois soumise \u00e0 des r\u00e8gles sp\u00e9cifiques notamment en ce qui concerne la prospection.<\/p>\n<p>&nbsp;<\/p>\n<\/section>\n<p>[\/vc_column_text][\/vc_column][\/vc_row]<\/p>\n<\/div>","protected":false},"excerpt":{"rendered":"<p>[vc_row][vc_column width=&#8221;1\/3&#8243;][vc_btn title=&#8221;Voir notre offre&#8221; color=&#8221;secondarycolor&#8221; align=&#8221;center&#8221; css=&#8221;&#8221; link=&#8221;url:https%3A%2F%2Fimpactup.com%2Frecrutement%2F&#8221;][\/vc_column][vc_column width=&#8221;1\/3&#8243;][vc_btn title=&#8221;Confiez-nous votre projet&#8221; color=&#8221;secondarycolor&#8221; align=&#8221;center&#8221; css=&#8221;&#8221; link=&#8221;url:https%3A%2F%2Fimpactup.com%2Fetude-personnalisee%2F&#8221;][\/vc_column][vc_column width=&#8221;1\/3&#8243;][vc_btn title=&#8221;Contactez-nous&#8221; color=&#8221;secondarycolor&#8221; align=&#8221;center&#8221; css=&#8221;&#8221; link=&#8221;url:https%3A%2F%2Fimpactup.com%2Fcontact%2F&#8221;][\/vc_column][\/vc_row][vc_row css=&#8221;.vc_custom_1717658386032{padding-top: 40px !important;padding-bottom: 20px !important;}&#8221;][vc_column][vc_column_text css=&#8221;&#8221;] Cabinet de recrutement expert du domaine du marketing \u00e0 Paris Faire appel \u00e0 un cabinet de recrutement sp\u00e9cialiste du marketing \u00e0 Paris constitue la meilleure option [&hellip;]<\/p>\n","protected":false},"author":4,"featured_media":0,"parent":17218,"menu_order":0,"comment_status":"closed","ping_status":"closed","template":"","meta":{"_monsterinsights_skip_tracking":false,"_monsterinsights_sitenote_active":false,"_monsterinsights_sitenote_note":"","_monsterinsights_sitenote_category":0,"footnotes":""},"class_list":["post-25657","page","type-page","status-publish","hentry"],"yoast_head":"<!-- This site is optimized with the Yoast SEO plugin v27.0 - https:\/\/yoast.com\/product\/yoast-seo-wordpress\/ -->\n<title>Cabinet de recrutement sp\u00e9cialiste des fonctions marketing \u00e0 Paris<\/title>\n<meta name=\"description\" content=\"Recourir \u00e0 un cabinet de recrutement expert du marketing \u00e0 Paris. ImpactUp est un cabinet de recrutement pour les fonctions marketing \u00e0 Paris.\" \/>\n<meta name=\"robots\" content=\"index, follow, max-snippet:-1, max-image-preview:large, max-video-preview:-1\" \/>\n<link rel=\"canonical\" href=\"https:\/\/impactup.com\/en\/glossaire\/cabinet-de-recrutement-marketing-paris\/\" \/>\n<meta property=\"og:locale\" content=\"en_US\" \/>\n<meta property=\"og:type\" content=\"article\" \/>\n<meta property=\"og:title\" content=\"Cabinet de recrutement sp\u00e9cialiste des fonctions marketing \u00e0 Paris\" \/>\n<meta property=\"og:description\" content=\"Recourir \u00e0 un cabinet de recrutement expert du marketing \u00e0 Paris. ImpactUp est un cabinet de recrutement pour les fonctions marketing \u00e0 Paris.\" \/>\n<meta property=\"og:url\" content=\"https:\/\/impactup.com\/en\/glossaire\/cabinet-de-recrutement-marketing-paris\/\" \/>\n<meta property=\"og:site_name\" content=\"ImpactUp\" \/>\n<meta property=\"article:modified_time\" content=\"2024-06-07T14:53:54+00:00\" \/>\n<meta property=\"og:image\" content=\"https:\/\/impactup.com\/wp-content\/uploads\/2021\/01\/og.jpg\" \/>\n\t<meta property=\"og:image:width\" content=\"1067\" \/>\n\t<meta property=\"og:image:height\" content=\"600\" \/>\n\t<meta property=\"og:image:type\" content=\"image\/jpeg\" \/>\n<meta name=\"twitter:card\" content=\"summary_large_image\" \/>\n<meta name=\"twitter:label1\" content=\"Est. reading time\" \/>\n\t<meta name=\"twitter:data1\" content=\"7 minutes\" \/>\n<script type=\"application\/ld+json\" class=\"yoast-schema-graph\">{\"@context\":\"https:\/\/schema.org\",\"@graph\":[{\"@type\":\"WebPage\",\"@id\":\"https:\/\/impactup.com\/en\/glossaire\/cabinet-de-recrutement-marketing-paris\/\",\"url\":\"https:\/\/impactup.com\/en\/glossaire\/cabinet-de-recrutement-marketing-paris\/\",\"name\":\"Cabinet de recrutement sp\u00e9cialiste des fonctions marketing \u00e0 Paris\",\"isPartOf\":{\"@id\":\"https:\/\/impactup.com\/en\/#website\"},\"datePublished\":\"2024-06-06T12:14:47+00:00\",\"dateModified\":\"2024-06-07T14:53:54+00:00\",\"description\":\"Recourir \u00e0 un cabinet de recrutement expert du marketing \u00e0 Paris. ImpactUp est un cabinet de recrutement pour les fonctions marketing \u00e0 Paris.\",\"breadcrumb\":{\"@id\":\"https:\/\/impactup.com\/en\/glossaire\/cabinet-de-recrutement-marketing-paris\/#breadcrumb\"},\"inLanguage\":\"en-US\",\"potentialAction\":[{\"@type\":\"ReadAction\",\"target\":[\"https:\/\/impactup.com\/en\/glossaire\/cabinet-de-recrutement-marketing-paris\/\"]}]},{\"@type\":\"BreadcrumbList\",\"@id\":\"https:\/\/impactup.com\/en\/glossaire\/cabinet-de-recrutement-marketing-paris\/#breadcrumb\",\"itemListElement\":[{\"@type\":\"ListItem\",\"position\":1,\"name\":\"Accueil\",\"item\":\"https:\/\/impactup.com\/en\/\"},{\"@type\":\"ListItem\",\"position\":2,\"name\":\"Glossaire\",\"item\":\"https:\/\/impactup.com\/en\/glossaire\/\"},{\"@type\":\"ListItem\",\"position\":3,\"name\":\"Cabinet de recrutement expert du domaine du marketing \u00e0 Paris\"}]},{\"@type\":\"WebSite\",\"@id\":\"https:\/\/impactup.com\/en\/#website\",\"url\":\"https:\/\/impactup.com\/en\/\",\"name\":\"ImpactUp\",\"description\":\"Recrutement commerciaux, directions commerciales et fonctions marketing\",\"potentialAction\":[{\"@type\":\"SearchAction\",\"target\":{\"@type\":\"EntryPoint\",\"urlTemplate\":\"https:\/\/impactup.com\/en\/?s={search_term_string}\"},\"query-input\":{\"@type\":\"PropertyValueSpecification\",\"valueRequired\":true,\"valueName\":\"search_term_string\"}}],\"inLanguage\":\"en-US\"}]}<\/script>\n<!-- \/ Yoast SEO plugin. -->","yoast_head_json":{"title":"Cabinet de recrutement sp\u00e9cialiste des fonctions marketing \u00e0 Paris","description":"Recourir \u00e0 un cabinet de recrutement expert du marketing \u00e0 Paris. ImpactUp est un cabinet de recrutement pour les fonctions marketing \u00e0 Paris.","robots":{"index":"index","follow":"follow","max-snippet":"max-snippet:-1","max-image-preview":"max-image-preview:large","max-video-preview":"max-video-preview:-1"},"canonical":"https:\/\/impactup.com\/en\/glossaire\/cabinet-de-recrutement-marketing-paris\/","og_locale":"en_US","og_type":"article","og_title":"Cabinet de recrutement sp\u00e9cialiste des fonctions marketing \u00e0 Paris","og_description":"Recourir \u00e0 un cabinet de recrutement expert du marketing \u00e0 Paris. ImpactUp est un cabinet de recrutement pour les fonctions marketing \u00e0 Paris.","og_url":"https:\/\/impactup.com\/en\/glossaire\/cabinet-de-recrutement-marketing-paris\/","og_site_name":"ImpactUp","article_modified_time":"2024-06-07T14:53:54+00:00","og_image":[{"width":1067,"height":600,"url":"https:\/\/impactup.com\/wp-content\/uploads\/2021\/01\/og.jpg","type":"image\/jpeg"}],"twitter_card":"summary_large_image","twitter_misc":{"Est. reading time":"7 minutes"},"schema":{"@context":"https:\/\/schema.org","@graph":[{"@type":"WebPage","@id":"https:\/\/impactup.com\/en\/glossaire\/cabinet-de-recrutement-marketing-paris\/","url":"https:\/\/impactup.com\/en\/glossaire\/cabinet-de-recrutement-marketing-paris\/","name":"Cabinet de recrutement sp\u00e9cialiste des fonctions marketing \u00e0 Paris","isPartOf":{"@id":"https:\/\/impactup.com\/en\/#website"},"datePublished":"2024-06-06T12:14:47+00:00","dateModified":"2024-06-07T14:53:54+00:00","description":"Recourir \u00e0 un cabinet de recrutement expert du marketing \u00e0 Paris. ImpactUp est un cabinet de recrutement pour les fonctions marketing \u00e0 Paris.","breadcrumb":{"@id":"https:\/\/impactup.com\/en\/glossaire\/cabinet-de-recrutement-marketing-paris\/#breadcrumb"},"inLanguage":"en-US","potentialAction":[{"@type":"ReadAction","target":["https:\/\/impactup.com\/en\/glossaire\/cabinet-de-recrutement-marketing-paris\/"]}]},{"@type":"BreadcrumbList","@id":"https:\/\/impactup.com\/en\/glossaire\/cabinet-de-recrutement-marketing-paris\/#breadcrumb","itemListElement":[{"@type":"ListItem","position":1,"name":"Accueil","item":"https:\/\/impactup.com\/en\/"},{"@type":"ListItem","position":2,"name":"Glossaire","item":"https:\/\/impactup.com\/en\/glossaire\/"},{"@type":"ListItem","position":3,"name":"Cabinet de recrutement expert du domaine du marketing \u00e0 Paris"}]},{"@type":"WebSite","@id":"https:\/\/impactup.com\/en\/#website","url":"https:\/\/impactup.com\/en\/","name":"ImpactUp","description":"Recrutement commerciaux, directions commerciales et fonctions marketing","potentialAction":[{"@type":"SearchAction","target":{"@type":"EntryPoint","urlTemplate":"https:\/\/impactup.com\/en\/?s={search_term_string}"},"query-input":{"@type":"PropertyValueSpecification","valueRequired":true,"valueName":"search_term_string"}}],"inLanguage":"en-US"}]}},"_links":{"self":[{"href":"https:\/\/impactup.com\/en\/wp-json\/wp\/v2\/pages\/25657","targetHints":{"allow":["GET"]}}],"collection":[{"href":"https:\/\/impactup.com\/en\/wp-json\/wp\/v2\/pages"}],"about":[{"href":"https:\/\/impactup.com\/en\/wp-json\/wp\/v2\/types\/page"}],"author":[{"embeddable":true,"href":"https:\/\/impactup.com\/en\/wp-json\/wp\/v2\/users\/4"}],"replies":[{"embeddable":true,"href":"https:\/\/impactup.com\/en\/wp-json\/wp\/v2\/comments?post=25657"}],"version-history":[{"count":4,"href":"https:\/\/impactup.com\/en\/wp-json\/wp\/v2\/pages\/25657\/revisions"}],"predecessor-version":[{"id":25904,"href":"https:\/\/impactup.com\/en\/wp-json\/wp\/v2\/pages\/25657\/revisions\/25904"}],"up":[{"embeddable":true,"href":"https:\/\/impactup.com\/en\/wp-json\/wp\/v2\/pages\/17218"}],"wp:attachment":[{"href":"https:\/\/impactup.com\/en\/wp-json\/wp\/v2\/media?parent=25657"}],"curies":[{"name":"wp","href":"https:\/\/api.w.org\/{rel}","templated":true}]}}