{"id":25643,"date":"2024-06-06T13:58:07","date_gmt":"2024-06-06T11:58:07","guid":{"rendered":"https:\/\/impactup.niou.dev\/?page_id=25643"},"modified":"2024-06-07T15:07:27","modified_gmt":"2024-06-07T13:07:27","slug":"cabinet-de-recrutement-manager-commercial","status":"publish","type":"page","link":"https:\/\/impactup.com\/en\/glossaire\/cabinet-de-recrutement-manager-commercial\/","title":{"rendered":"ImpactUp : Votre cabinet de recrutement expert pour d\u00e9nicher des managers commerciaux performants"},"content":{"rendered":"<div class=\"wpb-content-wrapper\"><p>[vc_row][vc_column width=&#8221;1\/3&#8243;][vc_btn title=&#8221;Voir notre offre&#8221; color=&#8221;secondarycolor&#8221; align=&#8221;center&#8221; css=&#8221;&#8221; link=&#8221;url:https%3A%2F%2Fimpactup.com%2Frecrutement%2F&#8221;][\/vc_column][vc_column width=&#8221;1\/3&#8243;][vc_btn title=&#8221;Confiez-nous votre projet&#8221; color=&#8221;secondarycolor&#8221; align=&#8221;center&#8221; css=&#8221;&#8221; link=&#8221;url:https%3A%2F%2Fimpactup.com%2Fetude-personnalisee%2F&#8221;][\/vc_column][vc_column width=&#8221;1\/3&#8243;][vc_btn title=&#8221;Contactez-nous&#8221; color=&#8221;secondarycolor&#8221; align=&#8221;center&#8221; css=&#8221;&#8221; link=&#8221;url:https%3A%2F%2Fimpactup.com%2Fcontact%2F&#8221;][\/vc_column][\/vc_row][vc_row css=&#8221;.vc_custom_1717658386032{padding-top: 40px !important;padding-bottom: 20px !important;}&#8221;][vc_column][vc_column_text css=&#8221;&#8221;]<\/p>\n<section style=\"text-align: justify;\">\n<h2>ImpactUp : Votre cabinet de recrutement expert pour d\u00e9nicher des managers commerciaux performants<\/h2>\n<p>Face \u00e0 la p\u00e9nurie de talents commerciaux qualifi\u00e9s, les entreprises peinent \u00e0 identifier les candidats ad\u00e9quats pour leurs postes strat\u00e9giques. C&#8217;est pourquoi de plus en plus d&#8217;entre elles se tournent vers des cabinets de recrutement sp\u00e9cialis\u00e9s comme ImpactUp.<\/p>\n<p>Le <a href=\"https:\/\/impactup.com\/glossaire\/cabinet-de-recrutement-fonction-commerciale\"><strong>cabinet<\/strong><\/a> ImpactUp est votre partenaire de choix pour le <a href=\"https:\/\/impactup.com\/glossaire\/cabinet-de-recrutement-fonction-commerciale\"><strong>recrutement de manager commercial <\/strong><\/a>de haut niveau. Notre expertise aiguis\u00e9e et notre r\u00e9seau \u00e9tendu nous permettent de d\u00e9nicher les profils rares qui correspondent parfaitement \u00e0 vos besoins et \u00e0 vos ambitions.<\/p>\n<p>Que vous recherchiez un manager commercial exp\u00e9riment\u00e9, un business developer talentueux, un promoteur des ventes hors pair ou un responsable e-commerce visionnaire, ImpactUp met \u00e0 votre disposition son savoir-faire et son r\u00e9seau pour vous aider \u00e0 trouver le candidat id\u00e9al.<\/p>\n<\/section>\n<p>[\/vc_column_text][\/vc_column][\/vc_row][vc_row][vc_column width=&#8221;1\/3&#8243;][vc_btn title=&#8221;Voir notre offre&#8221; color=&#8221;secondarycolor&#8221; align=&#8221;center&#8221; css=&#8221;&#8221; link=&#8221;url:https%3A%2F%2Fimpactup.com%2Frecrutement%2F&#8221;][\/vc_column][vc_column width=&#8221;1\/3&#8243;][vc_btn title=&#8221;Confiez-nous votre projet&#8221; color=&#8221;secondarycolor&#8221; align=&#8221;center&#8221; css=&#8221;&#8221; link=&#8221;url:https%3A%2F%2Fimpactup.com%2Fetude-personnalisee%2F&#8221;][\/vc_column][vc_column width=&#8221;1\/3&#8243;][vc_btn title=&#8221;Contactez-nous&#8221; color=&#8221;secondarycolor&#8221; align=&#8221;center&#8221; css=&#8221;&#8221; link=&#8221;url:https%3A%2F%2Fimpactup.com%2Fcontact%2F&#8221;][\/vc_column][\/vc_row][vc_row css=&#8221;.vc_custom_1717658445522{padding-top: 40px !important;}&#8221;][vc_column][vc_column_text css=&#8221;&#8221;]<\/p>\n<section style=\"text-align: justify;\">\n<h2>La fonction de manager commercial<\/h2>\n<p>Parmi les postes li\u00e9s aux fonctions commerciales de l\u2019entreprise, celui de manager commercial fait partie des plus d\u00e9licats compte tenu des t\u00e2ches qui reviennent \u00e0 son titulaire. Ce dernier a pour principale fonction de g\u00e9rer les \u00e9quipes de commerciaux. En collaboration avec celles-ci, il\u00a0con\u00e7oit et met en place les diverses strat\u00e9gies n\u00e9cessaires pour optimiser leurs m\u00e9thodes de travail et leurs r\u00e9sultats. Il est \u00e9galement tenu de r\u00e9aliser un suivi individuel des travaux de chacun et fera les mises au point et recadrages en cas de besoin.<\/p>\n<p>En tant que chef d&#8217;\u00e9quipe, le manager commercial supervise les talents commerciaux en charge de r\u00e9aliser les objectifs fix\u00e9s par la direction. C&#8217;est \u00e0 lui que revient la charge d&#8217;organiser le planning de travail de son \u00e9quipe, mettre en place des actions commerciales pertinentes, animer des r\u00e9unions de travail ou encore rendre compte du suivi des objectifs. Outre cet aspect manag\u00e9rial, le m\u00e9tier de manager commercial implique surtout de d\u00e9finir la bonne strat\u00e9gie pour rechercher, acqu\u00e9rir et fid\u00e9liser les clients.<\/p>\n<p>Responsable de l\u2019\u00e9quilibre \u00e9conomique et technique de son portefeuille, il \u00e9labore de nouvelles actions commerciales pour toucher d&#8217;\u00e9ventuelles nouvelles cibles tout en assurant une veille concurrentielle dans son secteur d&#8217;activit\u00e9. Capacit\u00e9s manag\u00e9riales, sens de l&#8217;organisation, rigueur et dynamisme sont des qualit\u00e9s essentielles pour un bon manager commercial. En outre, une exp\u00e9rience commerciale probante est souvent indispensable pour acc\u00e9der au m\u00e9tier.<\/p>\n<p>Compte tenu de la complexit\u00e9 de ce poste, il importe de laisser \u00e0 des professionnels le soin de proc\u00e9der au <a href=\"https:\/\/impactup.com\/glossaire\/cabinet-sp%C3%A9cialis%C3%A9-recrutement-commerciaux\"><strong>recrutement de votre manager commercial<\/strong><\/a>; un <strong>cabinet <\/strong>sp\u00e9cialis\u00e9 dans la recherche et l\u2019embauche de cadres de haut niveau qui ma\u00eetrisent parfaitement les sp\u00e9cificit\u00e9s et les contraintes des fonctions commerciales d\u2019une entreprise. Cette solution vous fera faire des \u00e9conomies de temps et d\u2019argent tout en vous assurant un recrutement de qualit\u00e9.<\/p>\n<h2>Les avantages du recrutement par un cabinet sp\u00e9cialis\u00e9<\/h2>\n<p>L\u2019externalisation des proc\u00e9dures <a href=\"https:\/\/impactup.com\/glossaire\/cabinet-de-recrutement-consultant-commercial\"><strong>de recrutement<\/strong> <strong>de manager commercial<\/strong> <strong>aupr\u00e8s d\u2019un<\/strong> <strong>cabinet <\/strong><\/a>sp\u00e9cialis\u00e9 comme <strong>ImpactUp<\/strong> offre plusieurs avantages ind\u00e9niables. En effet, confier ces t\u00e2ches \u00e0 un prestataire ext\u00e9rieur vous permettra d\u2019une part de b\u00e9n\u00e9ficier de l\u2019expertise de sp\u00e9cialistes du recrutement, et d\u2019autre part de ne pas avoir \u00e0 g\u00e9rer les risques relatifs aux d\u00e9marches d\u2019embauche. Par ailleurs, vous pourrez vous concentrer sur des t\u00e2ches plus importantes.<\/p>\n<p>Notre cabinet de recrutement intervient \u00e0 chaque \u00e9tape du processus d\u2019embauche. Nous nous chargeons entre autres de d\u00e9finir le profil \u00e0 rechercher (missions, objectifs, t\u00e2ches, formation, exp\u00e9rience, personnalit\u00e9, conditions d\u2019embauche) et de diffuser les annonces, que ce soit sur les r\u00e9seaux sociaux, via notre site ou dans les journaux. La s\u00e9lection des candidats susceptibles de r\u00e9pondre aux exigences du poste fait \u00e9galement partie de nos attributions. Il est \u00e0 noter que notre cabinet dispose d\u00e9j\u00e0 d\u2019une base de donn\u00e9es dans laquelle notre \u00e9quipe peut cibler les bons profils pouvant \u00eatre adapt\u00e9s aux attentes de votre entreprise. Pour pouvoir s\u00e9lectionner les meilleurs candidats, nos consultants utilisent un questionnaire \u00e9labor\u00e9 gr\u00e2ce \u00e0 leur savoir-faire et mettent en pratique leur expertise en mati\u00e8re d\u2019entretien d\u2019embauche.<\/p>\n<p>ImpactUP a d\u00e9velopp\u00e9 une offre de services compl\u00e8te pour attirer le candidat id\u00e9al, conform\u00e9ment aux exigences de chaque entreprise :<\/p>\n<p>\u2014 une plateforme d\u2019\u00e9valuation qui repose sur 4 familles d\u2019outils : TalentBusiness\u00ae, TalentInitial\u00ae, TalentRelation\u00ae et TalentAttitude\u00ae ;<\/p>\n<p>\u2014 un outil en ligne SaaS d\u2019\u00e9valuation qui permet de jauger son niveau en langue \u00e9trang\u00e8re propos\u00e9 en collaboration avec Pipplet.<\/p>\n<p>Nous sommes le partenaire privil\u00e9gi\u00e9 de nombreux groupes bas\u00e9s en France comme \u00e0 l\u2019international, convaincus par notre professionnalisme.<\/p>\n<h2>Confiez le recrutement de votre futur manager commercial au cabinet ImpactUp<\/h2>\n<p>Proposant ses services aux PME, grandes soci\u00e9t\u00e9s et aux grands comptes \u00e0 la recherche de nouveaux collaborateurs ou de dirigeants, <strong>ImpactUp<\/strong> peut intervenir partout en France gr\u00e2ce \u00e0 ses bureaux install\u00e9s dans diff\u00e9rentes villes\u00a0: Paris, La Rochelle, Lyon, Toulouse, Nantes, Lille.<\/p>\n<p>Pour le recrutement de votre manager commercial, nous mettons \u00e0 votre disposition une \u00e9quipe performante disposant des comp\u00e9tences requises pour assurer la r\u00e9ussite de l\u2019embauche. Nous prenons en charge la r\u00e9alisation de toutes les d\u00e9marches de recrutement, de la d\u00e9finition du profil recherch\u00e9 \u00e0 la s\u00e9lection du candidat le plus adapt\u00e9 \u00e0 vos besoins.<\/p>\n<p>Pour ce faire, nous nous appuyons sur une m\u00e9thodologie reconnue pour son efficacit\u00e9 et des outils de recherche et d\u2019\u00e9valuation innovants. Tout ceci nous permet d\u2019acc\u00e9l\u00e9rer le processus et d\u2019assurer que le candidat s\u00e9lectionn\u00e9 correspond r\u00e9ellement aux exigences du poste.<\/p>\n<p>Pour chaque mission qui nous est confi\u00e9e, nous apportons une solution sur mesure et offrons un accompagnement sur la dur\u00e9e. Selon votre demande, nous pouvons prendre en charge tout ou partie du processus de recrutement ou encore r\u00e9pondre \u00e0 des besoins r\u00e9currents ou ponctuels.<\/p>\n<p>Nous appliquons des crit\u00e8res de s\u00e9lection stricts pour pouvoir choisir les meilleurs profils. Pour vous permettre de trouver le <strong>manager commercial<\/strong> le plus prometteur, notre <strong>cabinet de recrutement<\/strong> peut recourir aux m\u00e9thodes classiques et traiter la mission en respectant toutes les \u00e9tapes cl\u00e9s\u00a0:<\/p>\n<ul>\n<li>D\u00e9finition de votre besoin\u00a0: mission, objectifs, t\u00e2ches, profil, formation, exp\u00e9rience, personnalit\u00e9, conditions d\u2019embauche<\/li>\n<li>Description du poste et r\u00e9daction de l\u2019offre d\u2019emploi<\/li>\n<li>Recherche\u00a0: diffusion de l\u2019annonce sur les supports que vous avez s\u00e9lectionn\u00e9s et int\u00e9gration sur notre site<\/li>\n<li>Pr\u00e9-s\u00e9lection\u00a0: analyse et tri des candidatures sur des crit\u00e8res objectifs et entretiens t\u00e9l\u00e9phoniques<\/li>\n<li>S\u00e9lection\u00a0: Entretiens physiques avec nos consultants, tests et prise des r\u00e9f\u00e9rences<\/li>\n<li>Short list\u00a0: soumission de la liste et des dossiers des candidats retenus et recommandations<\/li>\n<li>Suivi du candidat s\u00e9lectionn\u00e9 jusqu\u2019\u00e0 l\u2019embauche d\u00e9finitive<\/li>\n<\/ul>\n<p>Au cas o\u00f9 cette d\u00e9marche ne permettrait pas de trouver le candidat id\u00e9al, nous proc\u00e9dons au recrutement par approche directe. En effet, notre \u00e9quipe compte des chasseurs de t\u00eates aguerris, capables de d\u00e9nicher et de motiver des candidats de valeur.<\/p>\n<p>Outre le recrutement, le conseil en d\u00e9veloppement et organisation commerciale figure \u00e9galement parmi nos domaines d\u2019intervention. Nous intervenons principalement dans 4 domaines\u00a0:<\/p>\n<ul>\n<li>la strat\u00e9gie commerciale (analyse de potentiel, SWOT, Business plan, plan d\u2019adressage de march\u00e9, d\u00e9finition des objectifs cl\u00e9s et des plans d\u2019action commerciaux)<\/li>\n<li>l\u2019organisation commerciale (plan de recrutement, formation, int\u00e9gration des populations commerciales, recherche de partenaires et distributeurs)<\/li>\n<li>la motivation des \u00e9quipes commerciales (plans de r\u00e9mun\u00e9ration, s\u00e9minaires et incentives, team building)<\/li>\n<li>le pilotage (d\u00e9finition des indicateurs de performances, mise en \u0153uvre d\u2019outils CRM, analyse comportementale, efficacit\u00e9 personnelle)<\/li>\n<\/ul>\n<h2>ImpactUp, la proximit\u00e9, le pragmatisme et le r\u00e9sultat sont les ma\u00eetres mots.<\/h2>\n<p>C\u2019est en tissant une relation de confiance avec nos collaborateurs que notre agence est arriv\u00e9e l\u00e0 o\u00f9 elle est en ce moment. Nous traitons chacun de nos clients et de nos candidats avec le plus grand des soins, faisant preuve d\u2019un sens aigu de l\u2019\u00e9coute et essayant d\u2019\u00eatre le plus r\u00e9actifs possible. La proximit\u00e9 est bien plus qu\u2019une promesse que nous faisons \u00e0 nos partenaires. Nous apportons \u00e0 chaque client une solution sur mesure et un accompagnement dans la dur\u00e9e. Nos clients deviennent ainsi de v\u00e9ritables partenaires.<\/p>\n<p>Qui plus est, nos consultants recruteurs sont des sp\u00e9cialistes issus \u00e0 100\u00a0% du terrain. En ma\u00eetrisant leurs sujets, ils peuvent accompagner les clients dans les difficult\u00e9s dont ces derniers font face quotidiennement. Le pragmatisme est pour nous un moyen de garantir l\u2019efficience de nos approches.<\/p>\n<p>Le fait de valoriser l\u2019efficacit\u00e9 de nos m\u00e9thodes nous a tout simplement fait avancer. C\u2019est avec un \u00e9tat d\u2019esprit tourn\u00e9 vers le r\u00e9sultat que nous travaillons jour apr\u00e8s jour pour offrir \u00e0 nos clients la satisfaction qu\u2019ils m\u00e9ritent. Forts de nos nombreuses ann\u00e9es d\u2019exp\u00e9rience et en cultivant cet \u00e9tat d\u2019esprit, nous avons recrut\u00e9 plus de 2000 managers et commerciaux.<\/p>\n<h2>ImpactUp : votre partenaire privil\u00e9gi\u00e9 pour le recrutement et la formation de vos managers commerciaux<\/h2>\n<p>En confiant votre recherche de manager commercial \u00e0 <strong>ImpactUp<\/strong>, vous optez pour l&#8217;expertise d&#8217;un cabinet sp\u00e9cialis\u00e9 qui saura comprendre vos besoins et vous s\u00e9lectionner des candidats parfaitement adapt\u00e9s \u00e0 votre culture d&#8217;entreprise et \u00e0 vos enjeux strat\u00e9giques.<\/p>\n<p>Soucieux de vous accompagner dans la r\u00e9ussite durable de vos \u00e9quipes commerciales, le <strong>cabinet de recrutement <\/strong>de<strong> manager commercial ImpactUp<\/strong> propose \u00e9galement des formations personnalis\u00e9es con\u00e7ues pour d\u00e9velopper les comp\u00e9tences et le savoir-faire de vos managers.<\/p>\n<p>Parce que les managers commerciaux sont les piliers de la croissance d&#8217;une entreprise, <a href=\"https:\/\/impactup.com\"><strong>ImpactUp<\/strong><\/a> met \u00e0 votre disposition une offre compl\u00e8te de formations sur mesure. Nos programmes sont pens\u00e9s pour r\u00e9pondre aux besoins sp\u00e9cifiques de votre entreprise et de vos managers, en tenant compte de leur niveau d&#8217;exp\u00e9rience, de leurs aptitudes et de vos objectifs strat\u00e9giques.<\/p>\n<p>Les sessions sont anim\u00e9es par des formateurs experts et exp\u00e9riment\u00e9s, reconnus pour leur savoir-faire et leur p\u00e9dagogie. Ils sauront partager leurs connaissances et leurs pratiques avec vos managers, en s&#8217;appuyant sur des cas concrets et des mises en situation r\u00e9alistes.<\/p>\n<p>Pour garantir l&#8217;efficacit\u00e9 de nos programmes, nous proposons \u00e0 chaque manager un suivi individualis\u00e9. Ainsi, il est possible de mesurer les progr\u00e8s r\u00e9alis\u00e9s et de s&#8217;assurer que les formations r\u00e9pondent bien aux attentes de chacun.<\/p>\n<p>N&#8217;h\u00e9sitez pas \u00e0 nous contacter pour en savoir plus sur nos services et d\u00e9couvrir comment nous pouvons vous aider \u00e0 recruter et \u00e0 former les managers commerciaux qui feront la diff\u00e9rence pour votre entreprise.<\/p>\n<h2><\/h2>\n<\/section>\n<p>[\/vc_column_text][\/vc_column][\/vc_row]<\/p>\n<\/div>","protected":false},"excerpt":{"rendered":"<p>[vc_row][vc_column width=&#8221;1\/3&#8243;][vc_btn title=&#8221;Voir notre offre&#8221; color=&#8221;secondarycolor&#8221; align=&#8221;center&#8221; css=&#8221;&#8221; link=&#8221;url:https%3A%2F%2Fimpactup.com%2Frecrutement%2F&#8221;][\/vc_column][vc_column width=&#8221;1\/3&#8243;][vc_btn title=&#8221;Confiez-nous votre projet&#8221; color=&#8221;secondarycolor&#8221; align=&#8221;center&#8221; css=&#8221;&#8221; link=&#8221;url:https%3A%2F%2Fimpactup.com%2Fetude-personnalisee%2F&#8221;][\/vc_column][vc_column width=&#8221;1\/3&#8243;][vc_btn title=&#8221;Contactez-nous&#8221; color=&#8221;secondarycolor&#8221; align=&#8221;center&#8221; css=&#8221;&#8221; link=&#8221;url:https%3A%2F%2Fimpactup.com%2Fcontact%2F&#8221;][\/vc_column][\/vc_row][vc_row css=&#8221;.vc_custom_1717658386032{padding-top: 40px !important;padding-bottom: 20px !important;}&#8221;][vc_column][vc_column_text css=&#8221;&#8221;] ImpactUp : Votre cabinet de recrutement expert pour d\u00e9nicher des managers commerciaux performants Face \u00e0 la p\u00e9nurie de talents commerciaux qualifi\u00e9s, les entreprises peinent \u00e0 identifier [&hellip;]<\/p>\n","protected":false},"author":4,"featured_media":0,"parent":17218,"menu_order":0,"comment_status":"closed","ping_status":"closed","template":"","meta":{"_monsterinsights_skip_tracking":false,"_monsterinsights_sitenote_active":false,"_monsterinsights_sitenote_note":"","_monsterinsights_sitenote_category":0,"footnotes":""},"class_list":["post-25643","page","type-page","status-publish","hentry"],"yoast_head":"<!-- This site is optimized with the Yoast SEO plugin v27.0 - https:\/\/yoast.com\/product\/yoast-seo-wordpress\/ -->\n<title>Un cabinet sp\u00e9cialis\u00e9 dans le recrutement de manager commercial<\/title>\n<meta name=\"description\" content=\"Quel cabinet pour d\u00e9l\u00e9guer le recrutement de manager commercial ? ImpactUp, le cabinet le mieux qualifi\u00e9 pour le recrutement de manager commercial.\" \/>\n<meta name=\"robots\" content=\"index, follow, max-snippet:-1, max-image-preview:large, max-video-preview:-1\" \/>\n<link rel=\"canonical\" href=\"https:\/\/impactup.com\/en\/glossaire\/cabinet-de-recrutement-manager-commercial\/\" \/>\n<meta property=\"og:locale\" content=\"en_US\" \/>\n<meta property=\"og:type\" content=\"article\" \/>\n<meta property=\"og:title\" content=\"Un cabinet sp\u00e9cialis\u00e9 dans le recrutement de manager commercial\" \/>\n<meta property=\"og:description\" content=\"Quel cabinet pour d\u00e9l\u00e9guer le recrutement de manager commercial ? ImpactUp, le cabinet le mieux qualifi\u00e9 pour le recrutement de manager commercial.\" \/>\n<meta property=\"og:url\" content=\"https:\/\/impactup.com\/en\/glossaire\/cabinet-de-recrutement-manager-commercial\/\" \/>\n<meta property=\"og:site_name\" content=\"ImpactUp\" \/>\n<meta property=\"article:modified_time\" content=\"2024-06-07T13:07:27+00:00\" \/>\n<meta property=\"og:image\" content=\"https:\/\/impactup.com\/wp-content\/uploads\/2021\/01\/og.jpg\" \/>\n\t<meta property=\"og:image:width\" content=\"1067\" \/>\n\t<meta property=\"og:image:height\" content=\"600\" \/>\n\t<meta property=\"og:image:type\" content=\"image\/jpeg\" \/>\n<meta name=\"twitter:card\" content=\"summary_large_image\" \/>\n<meta name=\"twitter:label1\" content=\"Est. reading time\" \/>\n\t<meta name=\"twitter:data1\" content=\"9 minutes\" \/>\n<script type=\"application\/ld+json\" class=\"yoast-schema-graph\">{\"@context\":\"https:\/\/schema.org\",\"@graph\":[{\"@type\":\"WebPage\",\"@id\":\"https:\/\/impactup.com\/en\/glossaire\/cabinet-de-recrutement-manager-commercial\/\",\"url\":\"https:\/\/impactup.com\/en\/glossaire\/cabinet-de-recrutement-manager-commercial\/\",\"name\":\"Un cabinet sp\u00e9cialis\u00e9 dans le recrutement de manager commercial\",\"isPartOf\":{\"@id\":\"https:\/\/impactup.com\/en\/#website\"},\"datePublished\":\"2024-06-06T11:58:07+00:00\",\"dateModified\":\"2024-06-07T13:07:27+00:00\",\"description\":\"Quel cabinet pour d\u00e9l\u00e9guer le recrutement de manager commercial ? ImpactUp, le cabinet le mieux qualifi\u00e9 pour le recrutement de manager commercial.\",\"breadcrumb\":{\"@id\":\"https:\/\/impactup.com\/en\/glossaire\/cabinet-de-recrutement-manager-commercial\/#breadcrumb\"},\"inLanguage\":\"en-US\",\"potentialAction\":[{\"@type\":\"ReadAction\",\"target\":[\"https:\/\/impactup.com\/en\/glossaire\/cabinet-de-recrutement-manager-commercial\/\"]}]},{\"@type\":\"BreadcrumbList\",\"@id\":\"https:\/\/impactup.com\/en\/glossaire\/cabinet-de-recrutement-manager-commercial\/#breadcrumb\",\"itemListElement\":[{\"@type\":\"ListItem\",\"position\":1,\"name\":\"Accueil\",\"item\":\"https:\/\/impactup.com\/en\/\"},{\"@type\":\"ListItem\",\"position\":2,\"name\":\"Glossaire\",\"item\":\"https:\/\/impactup.com\/en\/glossaire\/\"},{\"@type\":\"ListItem\",\"position\":3,\"name\":\"ImpactUp : Votre cabinet de recrutement expert pour d\u00e9nicher des managers commerciaux performants\"}]},{\"@type\":\"WebSite\",\"@id\":\"https:\/\/impactup.com\/en\/#website\",\"url\":\"https:\/\/impactup.com\/en\/\",\"name\":\"ImpactUp\",\"description\":\"Recrutement commerciaux, directions commerciales et fonctions marketing\",\"potentialAction\":[{\"@type\":\"SearchAction\",\"target\":{\"@type\":\"EntryPoint\",\"urlTemplate\":\"https:\/\/impactup.com\/en\/?s={search_term_string}\"},\"query-input\":{\"@type\":\"PropertyValueSpecification\",\"valueRequired\":true,\"valueName\":\"search_term_string\"}}],\"inLanguage\":\"en-US\"}]}<\/script>\n<!-- \/ Yoast SEO plugin. -->","yoast_head_json":{"title":"Un cabinet sp\u00e9cialis\u00e9 dans le recrutement de manager commercial","description":"Quel cabinet pour d\u00e9l\u00e9guer le recrutement de manager commercial ? ImpactUp, le cabinet le mieux qualifi\u00e9 pour le recrutement de manager commercial.","robots":{"index":"index","follow":"follow","max-snippet":"max-snippet:-1","max-image-preview":"max-image-preview:large","max-video-preview":"max-video-preview:-1"},"canonical":"https:\/\/impactup.com\/en\/glossaire\/cabinet-de-recrutement-manager-commercial\/","og_locale":"en_US","og_type":"article","og_title":"Un cabinet sp\u00e9cialis\u00e9 dans le recrutement de manager commercial","og_description":"Quel cabinet pour d\u00e9l\u00e9guer le recrutement de manager commercial ? ImpactUp, le cabinet le mieux qualifi\u00e9 pour le recrutement de manager commercial.","og_url":"https:\/\/impactup.com\/en\/glossaire\/cabinet-de-recrutement-manager-commercial\/","og_site_name":"ImpactUp","article_modified_time":"2024-06-07T13:07:27+00:00","og_image":[{"width":1067,"height":600,"url":"https:\/\/impactup.com\/wp-content\/uploads\/2021\/01\/og.jpg","type":"image\/jpeg"}],"twitter_card":"summary_large_image","twitter_misc":{"Est. reading time":"9 minutes"},"schema":{"@context":"https:\/\/schema.org","@graph":[{"@type":"WebPage","@id":"https:\/\/impactup.com\/en\/glossaire\/cabinet-de-recrutement-manager-commercial\/","url":"https:\/\/impactup.com\/en\/glossaire\/cabinet-de-recrutement-manager-commercial\/","name":"Un cabinet sp\u00e9cialis\u00e9 dans le recrutement de manager commercial","isPartOf":{"@id":"https:\/\/impactup.com\/en\/#website"},"datePublished":"2024-06-06T11:58:07+00:00","dateModified":"2024-06-07T13:07:27+00:00","description":"Quel cabinet pour d\u00e9l\u00e9guer le recrutement de manager commercial ? ImpactUp, le cabinet le mieux qualifi\u00e9 pour le recrutement de manager commercial.","breadcrumb":{"@id":"https:\/\/impactup.com\/en\/glossaire\/cabinet-de-recrutement-manager-commercial\/#breadcrumb"},"inLanguage":"en-US","potentialAction":[{"@type":"ReadAction","target":["https:\/\/impactup.com\/en\/glossaire\/cabinet-de-recrutement-manager-commercial\/"]}]},{"@type":"BreadcrumbList","@id":"https:\/\/impactup.com\/en\/glossaire\/cabinet-de-recrutement-manager-commercial\/#breadcrumb","itemListElement":[{"@type":"ListItem","position":1,"name":"Accueil","item":"https:\/\/impactup.com\/en\/"},{"@type":"ListItem","position":2,"name":"Glossaire","item":"https:\/\/impactup.com\/en\/glossaire\/"},{"@type":"ListItem","position":3,"name":"ImpactUp : Votre cabinet de recrutement expert pour d\u00e9nicher des managers commerciaux performants"}]},{"@type":"WebSite","@id":"https:\/\/impactup.com\/en\/#website","url":"https:\/\/impactup.com\/en\/","name":"ImpactUp","description":"Recrutement commerciaux, directions commerciales et fonctions marketing","potentialAction":[{"@type":"SearchAction","target":{"@type":"EntryPoint","urlTemplate":"https:\/\/impactup.com\/en\/?s={search_term_string}"},"query-input":{"@type":"PropertyValueSpecification","valueRequired":true,"valueName":"search_term_string"}}],"inLanguage":"en-US"}]}},"_links":{"self":[{"href":"https:\/\/impactup.com\/en\/wp-json\/wp\/v2\/pages\/25643","targetHints":{"allow":["GET"]}}],"collection":[{"href":"https:\/\/impactup.com\/en\/wp-json\/wp\/v2\/pages"}],"about":[{"href":"https:\/\/impactup.com\/en\/wp-json\/wp\/v2\/types\/page"}],"author":[{"embeddable":true,"href":"https:\/\/impactup.com\/en\/wp-json\/wp\/v2\/users\/4"}],"replies":[{"embeddable":true,"href":"https:\/\/impactup.com\/en\/wp-json\/wp\/v2\/comments?post=25643"}],"version-history":[{"count":6,"href":"https:\/\/impactup.com\/en\/wp-json\/wp\/v2\/pages\/25643\/revisions"}],"predecessor-version":[{"id":25883,"href":"https:\/\/impactup.com\/en\/wp-json\/wp\/v2\/pages\/25643\/revisions\/25883"}],"up":[{"embeddable":true,"href":"https:\/\/impactup.com\/en\/wp-json\/wp\/v2\/pages\/17218"}],"wp:attachment":[{"href":"https:\/\/impactup.com\/en\/wp-json\/wp\/v2\/media?parent=25643"}],"curies":[{"name":"wp","href":"https:\/\/api.w.org\/{rel}","templated":true}]}}