{"id":25640,"date":"2024-06-06T13:56:35","date_gmt":"2024-06-06T11:56:35","guid":{"rendered":"https:\/\/impactup.niou.dev\/?page_id=25640"},"modified":"2024-06-06T14:02:31","modified_gmt":"2024-06-06T12:02:31","slug":"cabinet-chasseur-de-tete","status":"publish","type":"page","link":"https:\/\/impactup.com\/en\/glossaire\/cabinet-chasseur-de-tete\/","title":{"rendered":"Recrutement sur mesure : ImpactUp, votre cabinet chasseur de t\u00eate"},"content":{"rendered":"<div class=\"wpb-content-wrapper\"><p>[vc_row][vc_column width=&#8221;1\/3&#8243;][vc_btn title=&#8221;Voir notre offre&#8221; color=&#8221;secondarycolor&#8221; align=&#8221;center&#8221; css=&#8221;&#8221; link=&#8221;url:https%3A%2F%2Fimpactup.com%2Frecrutement%2F&#8221;][\/vc_column][vc_column width=&#8221;1\/3&#8243;][vc_btn title=&#8221;Confiez-nous votre projet&#8221; color=&#8221;secondarycolor&#8221; align=&#8221;center&#8221; css=&#8221;&#8221; link=&#8221;url:https%3A%2F%2Fimpactup.com%2Fetude-personnalisee%2F&#8221;][\/vc_column][vc_column width=&#8221;1\/3&#8243;][vc_btn title=&#8221;Contactez-nous&#8221; color=&#8221;secondarycolor&#8221; align=&#8221;center&#8221; css=&#8221;&#8221; link=&#8221;url:https%3A%2F%2Fimpactup.com%2Fcontact%2F&#8221;][\/vc_column][\/vc_row][vc_row css=&#8221;.vc_custom_1717658386032{padding-top: 40px !important;padding-bottom: 20px !important;}&#8221;][vc_column][vc_column_text css=&#8221;&#8221;]<\/p>\n<section style=\"text-align: justify;\">\n<h2><strong>Recrutement sur mesure : ImpactUp, votre cabinet chasseur de t\u00eate<\/strong><\/h2>\n<p>Pour les entreprises en qu\u00eate de talents, le recrutement est un processus complexe et chronophage. Les m\u00e9thodes traditionnelles, souvent limit\u00e9es, peuvent ne pas r\u00e9pondre \u00e0 vos besoins sp\u00e9cifiques et vous faire perdre un temps pr\u00e9cieux. C&#8217;est l\u00e0 qu&#8217;intervient <strong>ImpactUp<\/strong>, votre <a href=\"https:\/\/impactup.com\/glossaire\/cabinet-chasseur-de-t%C3%AAte-paris\"><strong>cabinet chasseur de t\u00eate<\/strong><\/a> exp\u00e9riment\u00e9. Avec son vaste r\u00e9seau de recruteurs et de consultants pr\u00e9sents dans toute la France, ImpactUp vous accompagne dans la recherche du profil id\u00e9al pour votre entreprise.<\/p>\n<\/section>\n<p>[\/vc_column_text][\/vc_column][\/vc_row][vc_row][vc_column width=&#8221;1\/3&#8243;][vc_btn title=&#8221;Voir notre offre&#8221; color=&#8221;secondarycolor&#8221; align=&#8221;center&#8221; css=&#8221;&#8221; link=&#8221;url:https%3A%2F%2Fimpactup.com%2Frecrutement%2F&#8221;][\/vc_column][vc_column width=&#8221;1\/3&#8243;][vc_btn title=&#8221;Confiez-nous votre projet&#8221; color=&#8221;secondarycolor&#8221; align=&#8221;center&#8221; css=&#8221;&#8221; link=&#8221;url:https%3A%2F%2Fimpactup.com%2Fetude-personnalisee%2F&#8221;][\/vc_column][vc_column width=&#8221;1\/3&#8243;][vc_btn title=&#8221;Contactez-nous&#8221; color=&#8221;secondarycolor&#8221; align=&#8221;center&#8221; css=&#8221;&#8221; link=&#8221;url:https%3A%2F%2Fimpactup.com%2Fcontact%2F&#8221;][\/vc_column][\/vc_row][vc_row css=&#8221;.vc_custom_1717658445522{padding-top: 40px !important;}&#8221;][vc_column][vc_column_text css=&#8221;&#8221;]<\/p>\n<section style=\"text-align: justify;\">\n<h2><strong>Quand faire appel \u00e0 un cabinet chasseur de t\u00eate\u00a0?<\/strong><\/h2>\n<p>Le recrutement de collaborateurs pour des postes n\u00e9cessitant des comp\u00e9tences sp\u00e9cifiques peut s\u2019av\u00e9rer long et fastidieux. En effet, il est souvent difficile de trouver des candidats qui r\u00e9pondent exactement aux crit\u00e8res souhait\u00e9s. De plus, les m\u00e9thodes de recrutement classiques peuvent se r\u00e9v\u00e9ler co\u00fbteuses et chronophages. Sans compter que la moindre erreur de casting risque d\u2019\u00eatre fortement pr\u00e9judiciable \u00e0 l\u2019entreprise, sachant que le co\u00fbt moyen d\u2019un recrutement rat\u00e9 varie de 3\u00a0000 \u00e0 10\u00a0000\u00a0euros en France.<\/p>\n<p>Pour toutes ces raisons, de plus en plus d\u2019entreprises choisissent de confier leur campagne de recrutement \u00e0 un <a href=\"https:\/\/impactup.com\/glossaire\/chasseur-de-t%C3%AAte\"><strong>cabinet chasseur de t\u00eates<\/strong><\/a> comme ImpactUp. Si, apr\u00e8s avoir men\u00e9 une op\u00e9ration de recrutement en interne, vous n\u2019avez pas r\u00e9ussi \u00e0 obtenir de r\u00e9sultats satisfaisants, nous pouvons vous aider \u00e0 trouver les candidats les plus prometteurs pour vos postes strat\u00e9giques.<\/p>\n<p>Nous vous accompagnons \u00e0 chaque \u00e9tape du processus de recrutement, de la d\u00e9finition du profil de poste jusqu\u2019\u00e0 l\u2019int\u00e9gration du nouveau collaborateur. Notre \u00e9quipe de consultants est l\u00e0 pour vous aider \u00e0 \u00e9laborer une strat\u00e9gie de recrutement efficace, ajust\u00e9e \u00e0 vos besoins. Ils peuvent \u00e9galement vous fournir des conseils avis\u00e9s pour renforcer votre marque employeur et attirer les candidats les plus qualifi\u00e9s.<\/p>\n<p>En choisissant <strong>ImpactUp<\/strong>, vous \u00eates assur\u00e9 de faire appel \u00e0 un cabinet b\u00e9n\u00e9ficiant d\u2019une solide expertise en mati\u00e8re de recrutement et d\u2019une connaissance approfondie du march\u00e9 de l\u2019emploi.<\/p>\n<p>Nous sommes sp\u00e9cialis\u00e9s dans la recherche de cadres pour des postes cl\u00e9s dans des secteurs en tension, tels que la grande distribution, notamment pour les profils suivants\u00a0:<\/p>\n<ul>\n<li>Sales administrator\u00a0;<\/li>\n<li>Directeur(trice) commercial(e)\u00a0;<\/li>\n<li>Responsable de promotion des ventes\u00a0;<\/li>\n<li>Responsable webmarketing\u00a0;<\/li>\n<li>Marchandiseur(euse)\u00a0;<\/li>\n<li>Ing\u00e9nieur commercial\u00a0;<\/li>\n<li>Category manager\u00a0;<\/li>\n<li>Directeur(trice) de la relation client\u00a0;<\/li>\n<li>Business developer\u00a0;<\/li>\n<li>Directeur(trice) de magasin\u00a0;<\/li>\n<li>Charg\u00e9(e) de marketing direct\u00a0;<\/li>\n<li>Key Account Manager\u2026<\/li>\n<\/ul>\n<h2><strong>Le r\u00f4le cl\u00e9 d\u2019un cabinet de chasseurs de t\u00eates<\/strong><\/h2>\n<p>Vous \u00eates \u00e0 la recherche des candidats disposant de comp\u00e9tences sp\u00e9cifiques pour occuper des postes vacants au sein de votre entreprise\u00a0? Ne cherchez pas plus loin, un <strong>cabinet chasseur de t\u00eate<\/strong> est l\u2019expert en la mati\u00e8re. Cette agence de recrutement de haut vol dispose de l\u2019expertise n\u00e9cessaire pour d\u00e9nicher les meilleurs profils, m\u00eame dans des secteurs o\u00f9 l\u2019on s\u2019attend le moins.<\/p>\n<p>Les consultants travaillant pour ce type de cabinet sont des professionnels du terrain, capables de rep\u00e9rer des talents prometteurs parmi les candidats qui postulent pour d\u2019autres emplois.<\/p>\n<p>Leur expertise leur permet \u00e9galement de rechercher des perles rares hors des sentiers battus, sans se limiter aux demandes qu\u2019ils ont re\u00e7ues.<\/p>\n<p>Il convient de souligner que toutes les m\u00e9thodes utilis\u00e9es par un <a href=\"https:\/\/impactup.com\/glossaire\/chasseur-de-t%C3%AAte-commerciaux\"><strong>cabinet chasseur de t\u00eate<\/strong><\/a> sont parfaitement l\u00e9gales et respectent les r\u00e8gles \u00e9thiques en vigueur dans le monde du travail et de l\u2019entreprise.<\/p>\n<p><strong>ImpactUp<\/strong> est la r\u00e9ponse \u00e0 vos besoins de recrutement. En partenariat avec Pipplet, nous avons d\u00e9velopp\u00e9 un service d\u2019\u00e9valuation en ligne de comp\u00e9tences linguistiques en mode SaaS.<\/p>\n<p>En plus de cela, nous proposons quatre gammes d\u2019outils diff\u00e9rentes\u00a0: TalentInitial\u00ae, TalentAttitude\u00ae, TalentBusiness\u00ae et TalentRelation\u00ae, chacun avec une \u00e9valuation sp\u00e9cialis\u00e9e et approfondie des comp\u00e9tences professionnelles du candidat. Ces solutions d\u2019\u00e9valuation de talents permettent aux entreprises de trouver rapidement des collaborateurs comp\u00e9tents.<\/p>\n<h2><strong>ImpactUp\u00a0: Le \u00ab\u00a0talent hunt\u00a0\u00bb r\u00e9invent\u00e9<\/strong><\/h2>\n<p>Depuis plus de quinze ans, notre agence est devenue un acteur majeur dans le domaine du commerce et du marketing. Nous avons aid\u00e9 plus de 2\u00a0000\u00a0candidats \u00e0 acc\u00e9der \u00e0 des postes strat\u00e9giques dans toute la France.<\/p>\n<p>Forts de notre exp\u00e9rience, de notre expertise et de nos solides relations, nous avons d\u00e9cid\u00e9 de nous lancer dans la chasse de t\u00eate.<\/p>\n<p>Notre engagement envers nos clients et nos partenaires est sans compromis. Nous nous engageons \u00e0 suivre ces principes fondamentaux\u00a0:<\/p>\n<ul>\n<li>Pragmatisme\u00a0: nous n\u2019acceptons que les missions que nous ma\u00eetrisons parfaitement.<\/li>\n<li>Proximit\u00e9\u00a0: nous cr\u00e9ons un environnement d\u2019\u00e9change et de confiance avec nos clients et les candidats potentiels.<\/li>\n<li>Culture du r\u00e9sultat\u00a0: nous visons l\u2019excellence en fournissant les meilleurs talents pour chaque poste cl\u00e9.<\/li>\n<\/ul>\n<p>Chez <strong>ImpactUp<\/strong>, la <strong>chasse de t\u00eate<\/strong> est plus qu\u2019une simple recherche de candidats. C\u2019est un art que nous ma\u00eetrisons et que nous avons r\u00e9invent\u00e9 pour r\u00e9pondre aux besoins de nos clients.<\/p>\n<h2><strong>ImpactUp\u00a0: votre partenaire de choix pour recruter les meilleurs talents<\/strong><\/h2>\n<p>Chez ImpactUp nous savons \u00e0 quel point il est difficile et chronophage de trouver les meilleurs collaborateurs pour votre entreprise. C\u2019est pourquoi nous offrons des solutions personnalis\u00e9es pour r\u00e9pondre \u00e0 vos besoins de recrutement sp\u00e9cifiques.<\/p>\n<p>Notre <a href=\"https:\/\/impactup.com\/glossaire\/cabinet-chasseur-de-t%C3%AAte-paris\"><strong>cabinet chasseur de t\u00eate<\/strong><\/a> prend en charge toutes les \u00e9tapes du processus de recrutement, depuis l\u2019analyse de vos attentes jusqu\u2019\u00e0 la s\u00e9lection et l\u2019entretien des candidats.<\/p>\n<p>Nous commen\u00e7ons par comprendre les caract\u00e9ristiques de chaque poste \u00e0 pourvoir. Nous dressons ensuite le profil du candidat id\u00e9al en utilisant nos propres outils et en interrogeant notre base de donn\u00e9es.<\/p>\n<p>Apr\u00e8s cela, nous r\u00e9digeons des annonces sur mesure et les diffusons aupr\u00e8s de notre r\u00e9seau de recruteurs sp\u00e9cialis\u00e9s pour trouver les meilleurs collaborateurs pour votre entreprise.<\/p>\n<p>En travaillant avec <strong>ImpactUp<\/strong>, vous b\u00e9n\u00e9ficiez d\u2019un gain de temps significatif. Nous mettons en place des proc\u00e9d\u00e9s de recrutement rigoureux, \u00e9tablis et mis en \u0153uvre par des experts, afin de d\u00e9nicher les profils les plus qualifi\u00e9s et adapt\u00e9s \u00e0 vos exigences.<\/p>\n<p>Nous sommes fiers de notre capacit\u00e9 \u00e0 trouver les candidats les plus talentueux pour chaque poste, gr\u00e2ce \u00e0 notre r\u00e9seau d\u2019experts et \u00e0 nos strat\u00e9gies de recrutement innovantes.<\/p>\n<h2><strong>ImpactUp : une expertise reconnue en recrutement et conseil en d\u00e9veloppement commercial<\/strong><\/h2>\n<p>Fond\u00e9 en 2005 par Pascal Larue, fort de son expertise en direction commerciale et marketing, ImpactUp s&#8217;est sp\u00e9cialis\u00e9 d\u00e8s 2007 dans le recrutement et le conseil en d\u00e9veloppement et organisation commerciale. En 2014, il s&#8217;associe \u00e0 Emmanuel Laquerri\u00e8re, expert du retail avec 15 ans d&#8217;exp\u00e9rience en management au sein de groupes internationaux.<\/p>\n<p>Leurs valeurs communes, leurs forces compl\u00e9mentaires et leur envie de les conjuguer ensemble les ont conduits \u00e0 collaborer pour mener le cabinet vers une nouvelle phase de d\u00e9veloppement. Aujourd&#8217;hui, ils pilotent les activit\u00e9s de l&#8217;entreprise avec une \u00e9quipe solide de consultants et de charg\u00e9s de recherches.<\/p>\n<p>Devenu l&#8217;un des sp\u00e9cialistes fran\u00e7ais des fonctions commerciales et marketing, le <strong><a href=\"https:\/\/impactup.com\/glossaire\/chasseur-de-t%C3%AAte-commerciaux\">cabinet de chasseurs de t\u00eate<\/a> ImpactUp<\/strong> accompagne ses clients dans la recherche de solutions sur mesure pour optimiser leur performance commerciale et marketing.<\/p>\n<p>Avec ses six implantations en France, le cabinet est en mesure de r\u00e9pondre aux besoins des entreprises de toutes tailles, sur l&#8217;ensemble du territoire national.<\/p>\n<p><a href=\"https:\/\/impactup.com\/\"><strong>ImpactUp<\/strong><\/a><strong> : <\/strong>l&#8217;alli\u00e9 des entreprises pour une croissance durable.<\/p>\n<\/section>\n<p>[\/vc_column_text][\/vc_column][\/vc_row]<\/p>\n<\/div>","protected":false},"excerpt":{"rendered":"<p>[vc_row][vc_column width=&#8221;1\/3&#8243;][vc_btn title=&#8221;Voir notre offre&#8221; color=&#8221;secondarycolor&#8221; align=&#8221;center&#8221; css=&#8221;&#8221; link=&#8221;url:https%3A%2F%2Fimpactup.com%2Frecrutement%2F&#8221;][\/vc_column][vc_column width=&#8221;1\/3&#8243;][vc_btn title=&#8221;Confiez-nous votre projet&#8221; color=&#8221;secondarycolor&#8221; align=&#8221;center&#8221; css=&#8221;&#8221; link=&#8221;url:https%3A%2F%2Fimpactup.com%2Fetude-personnalisee%2F&#8221;][\/vc_column][vc_column width=&#8221;1\/3&#8243;][vc_btn title=&#8221;Contactez-nous&#8221; color=&#8221;secondarycolor&#8221; align=&#8221;center&#8221; css=&#8221;&#8221; link=&#8221;url:https%3A%2F%2Fimpactup.com%2Fcontact%2F&#8221;][\/vc_column][\/vc_row][vc_row css=&#8221;.vc_custom_1717658386032{padding-top: 40px !important;padding-bottom: 20px !important;}&#8221;][vc_column][vc_column_text css=&#8221;&#8221;] Recrutement sur mesure : ImpactUp, votre cabinet chasseur de t\u00eate Pour les entreprises en qu\u00eate de talents, le recrutement est un processus complexe et chronophage. Les [&hellip;]<\/p>\n","protected":false},"author":4,"featured_media":0,"parent":17218,"menu_order":0,"comment_status":"closed","ping_status":"closed","template":"","meta":{"_monsterinsights_skip_tracking":false,"_monsterinsights_sitenote_active":false,"_monsterinsights_sitenote_note":"","_monsterinsights_sitenote_category":0,"footnotes":""},"class_list":["post-25640","page","type-page","status-publish","hentry"],"yoast_head":"<!-- This site is optimized with the Yoast SEO plugin v27.0 - https:\/\/yoast.com\/product\/yoast-seo-wordpress\/ -->\n<title>Cabinet chasseur de t\u00eate - \u00c0 quel cabinet de chasseurs de t\u00eate confier la recherche de talents<\/title>\n<meta name=\"description\" content=\"Poste important \u00e0 pourvoir, faites appel \u00e0 un cabinet chasseur de t\u00eate. ImpactUp : le cabinet chasseur de t\u00eate sp\u00e9cialis\u00e9 dans les fonctions commerciales et marketing.\" \/>\n<meta name=\"robots\" content=\"index, follow, max-snippet:-1, max-image-preview:large, max-video-preview:-1\" \/>\n<link rel=\"canonical\" href=\"https:\/\/impactup.com\/en\/glossaire\/cabinet-chasseur-de-tete\/\" \/>\n<meta property=\"og:locale\" content=\"en_US\" \/>\n<meta property=\"og:type\" content=\"article\" \/>\n<meta property=\"og:title\" content=\"Cabinet chasseur de t\u00eate - \u00c0 quel cabinet de chasseurs de t\u00eate confier la recherche de talents\" \/>\n<meta property=\"og:description\" content=\"Poste important \u00e0 pourvoir, faites appel \u00e0 un cabinet chasseur de t\u00eate. ImpactUp : le cabinet chasseur de t\u00eate sp\u00e9cialis\u00e9 dans les fonctions commerciales et marketing.\" \/>\n<meta property=\"og:url\" content=\"https:\/\/impactup.com\/en\/glossaire\/cabinet-chasseur-de-tete\/\" \/>\n<meta property=\"og:site_name\" content=\"ImpactUp\" \/>\n<meta property=\"article:modified_time\" content=\"2024-06-06T12:02:31+00:00\" \/>\n<meta property=\"og:image\" content=\"https:\/\/impactup.com\/wp-content\/uploads\/2021\/01\/og.jpg\" \/>\n\t<meta property=\"og:image:width\" content=\"1067\" \/>\n\t<meta property=\"og:image:height\" content=\"600\" \/>\n\t<meta property=\"og:image:type\" content=\"image\/jpeg\" \/>\n<meta name=\"twitter:card\" content=\"summary_large_image\" \/>\n<meta name=\"twitter:label1\" content=\"Est. reading time\" \/>\n\t<meta name=\"twitter:data1\" content=\"7 minutes\" \/>\n<script type=\"application\/ld+json\" class=\"yoast-schema-graph\">{\"@context\":\"https:\/\/schema.org\",\"@graph\":[{\"@type\":\"WebPage\",\"@id\":\"https:\/\/impactup.com\/en\/glossaire\/cabinet-chasseur-de-tete\/\",\"url\":\"https:\/\/impactup.com\/en\/glossaire\/cabinet-chasseur-de-tete\/\",\"name\":\"Cabinet chasseur de t\u00eate - \u00c0 quel cabinet de chasseurs de t\u00eate confier la recherche de talents\",\"isPartOf\":{\"@id\":\"https:\/\/impactup.com\/en\/#website\"},\"datePublished\":\"2024-06-06T11:56:35+00:00\",\"dateModified\":\"2024-06-06T12:02:31+00:00\",\"description\":\"Poste important \u00e0 pourvoir, faites appel \u00e0 un cabinet chasseur de t\u00eate. ImpactUp : le cabinet chasseur de t\u00eate sp\u00e9cialis\u00e9 dans les fonctions commerciales et marketing.\",\"breadcrumb\":{\"@id\":\"https:\/\/impactup.com\/en\/glossaire\/cabinet-chasseur-de-tete\/#breadcrumb\"},\"inLanguage\":\"en-US\",\"potentialAction\":[{\"@type\":\"ReadAction\",\"target\":[\"https:\/\/impactup.com\/en\/glossaire\/cabinet-chasseur-de-tete\/\"]}]},{\"@type\":\"BreadcrumbList\",\"@id\":\"https:\/\/impactup.com\/en\/glossaire\/cabinet-chasseur-de-tete\/#breadcrumb\",\"itemListElement\":[{\"@type\":\"ListItem\",\"position\":1,\"name\":\"Accueil\",\"item\":\"https:\/\/impactup.com\/en\/\"},{\"@type\":\"ListItem\",\"position\":2,\"name\":\"Glossaire\",\"item\":\"https:\/\/impactup.com\/en\/glossaire\/\"},{\"@type\":\"ListItem\",\"position\":3,\"name\":\"Recrutement sur mesure : ImpactUp, votre cabinet chasseur de t\u00eate\"}]},{\"@type\":\"WebSite\",\"@id\":\"https:\/\/impactup.com\/en\/#website\",\"url\":\"https:\/\/impactup.com\/en\/\",\"name\":\"ImpactUp\",\"description\":\"Recrutement commerciaux, directions commerciales et fonctions marketing\",\"potentialAction\":[{\"@type\":\"SearchAction\",\"target\":{\"@type\":\"EntryPoint\",\"urlTemplate\":\"https:\/\/impactup.com\/en\/?s={search_term_string}\"},\"query-input\":{\"@type\":\"PropertyValueSpecification\",\"valueRequired\":true,\"valueName\":\"search_term_string\"}}],\"inLanguage\":\"en-US\"}]}<\/script>\n<!-- \/ Yoast SEO plugin. -->","yoast_head_json":{"title":"Cabinet chasseur de t\u00eate - \u00c0 quel cabinet de chasseurs de t\u00eate confier la recherche de talents","description":"Poste important \u00e0 pourvoir, faites appel \u00e0 un cabinet chasseur de t\u00eate. ImpactUp : le cabinet chasseur de t\u00eate sp\u00e9cialis\u00e9 dans les fonctions commerciales et marketing.","robots":{"index":"index","follow":"follow","max-snippet":"max-snippet:-1","max-image-preview":"max-image-preview:large","max-video-preview":"max-video-preview:-1"},"canonical":"https:\/\/impactup.com\/en\/glossaire\/cabinet-chasseur-de-tete\/","og_locale":"en_US","og_type":"article","og_title":"Cabinet chasseur de t\u00eate - \u00c0 quel cabinet de chasseurs de t\u00eate confier la recherche de talents","og_description":"Poste important \u00e0 pourvoir, faites appel \u00e0 un cabinet chasseur de t\u00eate. ImpactUp : le cabinet chasseur de t\u00eate sp\u00e9cialis\u00e9 dans les fonctions commerciales et marketing.","og_url":"https:\/\/impactup.com\/en\/glossaire\/cabinet-chasseur-de-tete\/","og_site_name":"ImpactUp","article_modified_time":"2024-06-06T12:02:31+00:00","og_image":[{"width":1067,"height":600,"url":"https:\/\/impactup.com\/wp-content\/uploads\/2021\/01\/og.jpg","type":"image\/jpeg"}],"twitter_card":"summary_large_image","twitter_misc":{"Est. reading time":"7 minutes"},"schema":{"@context":"https:\/\/schema.org","@graph":[{"@type":"WebPage","@id":"https:\/\/impactup.com\/en\/glossaire\/cabinet-chasseur-de-tete\/","url":"https:\/\/impactup.com\/en\/glossaire\/cabinet-chasseur-de-tete\/","name":"Cabinet chasseur de t\u00eate - \u00c0 quel cabinet de chasseurs de t\u00eate confier la recherche de talents","isPartOf":{"@id":"https:\/\/impactup.com\/en\/#website"},"datePublished":"2024-06-06T11:56:35+00:00","dateModified":"2024-06-06T12:02:31+00:00","description":"Poste important \u00e0 pourvoir, faites appel \u00e0 un cabinet chasseur de t\u00eate. ImpactUp : le cabinet chasseur de t\u00eate sp\u00e9cialis\u00e9 dans les fonctions commerciales et marketing.","breadcrumb":{"@id":"https:\/\/impactup.com\/en\/glossaire\/cabinet-chasseur-de-tete\/#breadcrumb"},"inLanguage":"en-US","potentialAction":[{"@type":"ReadAction","target":["https:\/\/impactup.com\/en\/glossaire\/cabinet-chasseur-de-tete\/"]}]},{"@type":"BreadcrumbList","@id":"https:\/\/impactup.com\/en\/glossaire\/cabinet-chasseur-de-tete\/#breadcrumb","itemListElement":[{"@type":"ListItem","position":1,"name":"Accueil","item":"https:\/\/impactup.com\/en\/"},{"@type":"ListItem","position":2,"name":"Glossaire","item":"https:\/\/impactup.com\/en\/glossaire\/"},{"@type":"ListItem","position":3,"name":"Recrutement sur mesure : ImpactUp, votre cabinet chasseur de t\u00eate"}]},{"@type":"WebSite","@id":"https:\/\/impactup.com\/en\/#website","url":"https:\/\/impactup.com\/en\/","name":"ImpactUp","description":"Recrutement commerciaux, directions commerciales et fonctions marketing","potentialAction":[{"@type":"SearchAction","target":{"@type":"EntryPoint","urlTemplate":"https:\/\/impactup.com\/en\/?s={search_term_string}"},"query-input":{"@type":"PropertyValueSpecification","valueRequired":true,"valueName":"search_term_string"}}],"inLanguage":"en-US"}]}},"_links":{"self":[{"href":"https:\/\/impactup.com\/en\/wp-json\/wp\/v2\/pages\/25640","targetHints":{"allow":["GET"]}}],"collection":[{"href":"https:\/\/impactup.com\/en\/wp-json\/wp\/v2\/pages"}],"about":[{"href":"https:\/\/impactup.com\/en\/wp-json\/wp\/v2\/types\/page"}],"author":[{"embeddable":true,"href":"https:\/\/impactup.com\/en\/wp-json\/wp\/v2\/users\/4"}],"replies":[{"embeddable":true,"href":"https:\/\/impactup.com\/en\/wp-json\/wp\/v2\/comments?post=25640"}],"version-history":[{"count":1,"href":"https:\/\/impactup.com\/en\/wp-json\/wp\/v2\/pages\/25640\/revisions"}],"predecessor-version":[{"id":25644,"href":"https:\/\/impactup.com\/en\/wp-json\/wp\/v2\/pages\/25640\/revisions\/25644"}],"up":[{"embeddable":true,"href":"https:\/\/impactup.com\/en\/wp-json\/wp\/v2\/pages\/17218"}],"wp:attachment":[{"href":"https:\/\/impactup.com\/en\/wp-json\/wp\/v2\/media?parent=25640"}],"curies":[{"name":"wp","href":"https:\/\/api.w.org\/{rel}","templated":true}]}}