{"id":25632,"date":"2024-06-06T13:40:13","date_gmt":"2024-06-06T11:40:13","guid":{"rendered":"https:\/\/impactup.niou.dev\/?page_id=25632"},"modified":"2024-06-06T13:44:49","modified_gmt":"2024-06-06T11:44:49","slug":"cabinet-chasseur-de-tete-paris","status":"publish","type":"page","link":"https:\/\/impactup.com\/en\/glossaire\/cabinet-chasseur-de-tete-paris\/","title":{"rendered":"Cabinet chasseur de t\u00eate \u00e0 Paris : ImpactUp est un partenaire de choix"},"content":{"rendered":"<div class=\"wpb-content-wrapper\"><p>[vc_row][vc_column width=&#8221;1\/3&#8243;][vc_btn title=&#8221;Voir notre offre&#8221; color=&#8221;secondarycolor&#8221; align=&#8221;center&#8221; css=&#8221;&#8221; link=&#8221;url:https%3A%2F%2Fimpactup.com%2Frecrutement%2F&#8221;][\/vc_column][vc_column width=&#8221;1\/3&#8243;][vc_btn title=&#8221;Confiez-nous votre projet&#8221; color=&#8221;secondarycolor&#8221; align=&#8221;center&#8221; css=&#8221;&#8221; link=&#8221;url:https%3A%2F%2Fimpactup.com%2Fetude-personnalisee%2F&#8221;][\/vc_column][vc_column width=&#8221;1\/3&#8243;][vc_btn title=&#8221;Contactez-nous&#8221; color=&#8221;secondarycolor&#8221; align=&#8221;center&#8221; css=&#8221;&#8221; link=&#8221;url:https%3A%2F%2Fimpactup.com%2Fcontact%2F&#8221;][\/vc_column][\/vc_row][vc_row css=&#8221;.vc_custom_1717658386032{padding-top: 40px !important;padding-bottom: 20px !important;}&#8221;][vc_column][vc_column_text css=&#8221;&#8221;]<\/p>\n<section style=\"text-align: justify;\">\n<h2><strong>Cabinet chasseur de t\u00eate \u00e0 Paris\u00a0: ImpactUp est un partenaire de choix<\/strong><\/h2>\n<p>Dans le monde comp\u00e9titif des affaires, trouver des candidats pour des postes commerciaux repr\u00e9sente un d\u00e9fi de taille. Leur crainte de voir les meilleurs talents rejoindre la concurrence, combin\u00e9e \u00e0 des processus de recrutement souvent longs et complexes, les laisse souvent dans l\u2019impasse. C\u2019est l\u00e0 qu\u2019intervient <strong>ImpactUp<\/strong>, un <a href=\"https:\/\/impactup.com\/glossaire\/cabinet-chasseur-de-t%C3%AAte\"><strong>cabinet<\/strong> <strong>de chasseur de t\u00eate bas\u00e9 \u00e0<\/strong> <strong>Paris<\/strong><\/a>, sp\u00e9cialis\u00e9 dans l\u2019identification et l\u2019acquisition des talents les plus recherch\u00e9s.<\/p>\n<\/section>\n<p>[\/vc_column_text][\/vc_column][\/vc_row][vc_row][vc_column width=&#8221;1\/3&#8243;][vc_btn title=&#8221;Voir notre offre&#8221; color=&#8221;secondarycolor&#8221; align=&#8221;center&#8221; css=&#8221;&#8221; link=&#8221;url:https%3A%2F%2Fimpactup.com%2Frecrutement%2F&#8221;][\/vc_column][vc_column width=&#8221;1\/3&#8243;][vc_btn title=&#8221;Confiez-nous votre projet&#8221; color=&#8221;secondarycolor&#8221; align=&#8221;center&#8221; css=&#8221;&#8221; link=&#8221;url:https%3A%2F%2Fimpactup.com%2Fetude-personnalisee%2F&#8221;][\/vc_column][vc_column width=&#8221;1\/3&#8243;][vc_btn title=&#8221;Contactez-nous&#8221; color=&#8221;secondarycolor&#8221; align=&#8221;center&#8221; css=&#8221;&#8221; link=&#8221;url:https%3A%2F%2Fimpactup.com%2Fcontact%2F&#8221;][\/vc_column][\/vc_row][vc_row css=&#8221;.vc_custom_1717658445522{padding-top: 40px !important;}&#8221;][vc_column][vc_column_text css=&#8221;&#8221;]<\/p>\n<section style=\"text-align: justify;\">\n<h2><strong>Qu\u2019est-ce qu\u2019un cabinet chasseur de t\u00eate\u00a0? <\/strong><\/h2>\n<p>Une entreprise qui recherche les comp\u00e9tences adapt\u00e9es aux postes strat\u00e9giques a du mal \u00e0 trouver les bons profils. Et pour cause\u00a0? Les bons candidats ne sont pas en qu\u00eate d\u2019un nouvel emploi. C\u2019est ici qu\u2019intervient le <a href=\"https:\/\/impactup.com\/glossaire\/chasseur-de-t%C3%AAte-commerciaux\"><strong>cabinet chasseur de t\u00eate \u00e0 Paris <\/strong><\/a>qui va d\u00e9ployer les meilleurs moyens pour les approcher. Il faut savoir que leurs techniques respectent une certaine \u00e9thique et sont totalement \u00e9prouv\u00e9es.<\/p>\n<p>Dans la plupart des cas, leurs services sont sollicit\u00e9s pour trouver des candidats qui vont occuper le poste de cadre, de dirigeant ou un profil tr\u00e8s technique dans un secteur bien sp\u00e9cifique. Ainsi, la \u00ab\u00a0chasse\u00a0\u00bb suit une d\u00e9marche tr\u00e8s pr\u00e9cise qui tient compte des besoins de l\u2019entreprise ainsi que des particularit\u00e9s de son secteur d\u2019activit\u00e9.<\/p>\n<p>Pour garder la confidentialit\u00e9 sur le projet et les besoins de l\u2019entreprise client, le cabinet doit travailler en toute discr\u00e9tion. Il peut trouver les bons profils chez la concurrence ou les soci\u00e9t\u00e9s analogues.<\/p>\n<h2><strong>Quand recourir aux services d\u2019un cabinet chasseur de t\u00eates \u00e0 Paris\u00a0?<\/strong><\/h2>\n<p>Faire appel \u00e0 un <strong>cabinet chasseur de t\u00eates de<\/strong> <strong>Paris<\/strong> pour votre campagne de recrutement sera la solution id\u00e9ale si les m\u00e9thodes de recrutement habituelles n\u2019ont pas donn\u00e9 de r\u00e9sultats satisfaisants. Que vous ayez opt\u00e9 pour un recrutement interne ou lanc\u00e9 une campagne de recrutement externe en bonne et due forme et que malgr\u00e9 tout, vos efforts ont \u00e9t\u00e9 vains et que les postes restent toujours vacants par manque de candidats r\u00e9pondant aux profils demand\u00e9s, le chasseur de t\u00eates se pr\u00e9sente alors comme \u00e9tant la meilleure option. Le chasseur de t\u00eates dispose souvent d\u2019un r\u00e9seau \u00e9tendu de contacts et de ressources pour identifier des candidats exceptionnels qui ne sont pas visibles sur le march\u00e9 du travail classique.<\/p>\n<p>Les comp\u00e9tences dont b\u00e9n\u00e9ficie cet expert en recherche de candidats de valeur par \u00ab\u00a0approche directe\u00a0\u00bb vous seront \u00e9galement d\u2019une aide pr\u00e9cieuse si vous cherchez \u00e0 pourvoir rapidement le poste vacant. Son expertise et son d\u00e9vouement \u00e0 trouver rapidement les bons candidats peuvent acc\u00e9l\u00e9rer le processus de recrutement et permettre \u00e0 votre entreprise de pourvoir des postes cl\u00e9s sans compromettre la qualit\u00e9 des \u00e9l\u00e9ments s\u00e9lectionn\u00e9s. Bien que ses m\u00e9thodes peuvent para\u00eetre peu communes, elles sont parfaitement l\u00e9gales et il sera d\u2019une meilleure efficacit\u00e9 qu\u2019une agence de recrutement classique.<\/p>\n<p>En outre, faire appel \u00e0 un cabinet de chasseurs de t\u00eates \u00e0 Paris est particuli\u00e8rement b\u00e9n\u00e9fique lorsque vous souhaitez maintenir la confidentialit\u00e9 du processus de recrutement. Il est habitu\u00e9 \u00e0 travailler de mani\u00e8re discr\u00e8te et peut prot\u00e9ger l\u2019identit\u00e9 de votre entreprise ainsi que celle des candidats potentiels jusqu\u2019\u00e0 l\u2019organisation des entretiens formels.<\/p>\n<p>Enfin, si votre entreprise recherche des candidats sp\u00e9cifiques ayant des comp\u00e9tences rares ou une expertise particuli\u00e8re dans un domaine pr\u00e9cis, un cabinet chasseur de t\u00eates \u00e0 Paris peut \u00eatre la solution id\u00e9ale. Sa capacit\u00e9 \u00e0 mener des recherches approfondies et \u00e0 cibler des profils pr\u00e9cis peut vous aider \u00e0 trouver les talents dont vous avez besoin pour rester comp\u00e9titif dans votre secteur d\u2019activit\u00e9.<\/p>\n<h2><strong>Chasse de t\u00eate et recrutement traditionnel\u00a0: quelle diff\u00e9rence\u2009?<\/strong><\/h2>\n<p>Tout est question d\u2019objectif. Pour les postes plus ou moins courants, un recruteur traditionnel fera largement l\u2019affaire. En ayant recours aux moyens habituels (les CVth\u00e8ques, les annonces, etc.), le responsable trouvera son candidat au bout de quelques entretiens.<\/p>\n<p>La chasse de t\u00eate, par contre, est surtout r\u00e9serv\u00e9e aux profils p\u00e9nuriques. Pour ces postes, une annonce ne sera pas utile. C\u2019est l\u2019agence qui ira voir le candidat sans que ce dernier n\u2019ait \u00e0 postuler. Un tel cabinet dispose, g\u00e9n\u00e9ralement, d\u2019une base de donn\u00e9e plus fournie, d\u2019un r\u00e9seau plus \u00e9largi et de contacts haut plac\u00e9s.<\/p>\n<p>Ainsi pour les postes \u00e0 caract\u00e8res commerciales et strat\u00e9giques, il est recommand\u00e9 de faire appel aux services d\u2019un <strong>cabinet<\/strong> <strong>de chasseur de t\u00eates<\/strong>. D\u2019autant plus que si vous \u00eates dans la distribution, dans l\u2019industrie de la beaut\u00e9 ou du luxe, les profils que vous recherchez sont souvent atypiques.<\/p>\n<h2><strong>Recrutement de cadre commercial par un chasseur de t\u00eates \u00e0 Paris<\/strong><\/h2>\n<p>Confier le recrutement de votre cadre commercial \u00e0 <a href=\"https:\/\/impactup.com\/glossaire\/chasseur-de-t%C3%AAte\"><strong>Paris \u00e0 un cabinet chasseur de t\u00eates<\/strong><\/a> s\u2019impose comme la solution la plus efficace pour \u00eatre s\u00fbr de trouver le meilleur collaborateur qui r\u00e9pondra exactement \u00e0 vos besoins. En effet, compte tenu des responsabilit\u00e9s qui incomberont \u00e0 la personne qui sera embauch\u00e9e, il est plus qu\u2019important de la choisir avec soin.<\/p>\n<p>Elle doit \u00eatre en mesure de garantir sa mise en \u0153uvre, d\u2019atteindre les objectifs et capable d\u2019identifier les opportunit\u00e9s de d\u00e9veloppement. Elle se doit \u00e9galement d\u2019assurer un reporting r\u00e9gulier. Le candidat retenu doit \u00eatre un bon n\u00e9gociateur hors pair et poss\u00e9der des comp\u00e9tences \u00e9prouv\u00e9es en management et en animation d\u2019\u00e9quipe. En tout cas, un bon nombre de qualit\u00e9s seront exig\u00e9es de la part des postulants. Pour faire le tri parmi la multitude de candidatures, <strong>ImpactUP<\/strong>, un <strong>cabinet \u00ab\u00a0chasseur de t\u00eates<\/strong>\u00a0\u00bb <strong>de r\u00e9f\u00e9rence \u00e0<\/strong> <strong>Paris<\/strong>, vous propose son expertise et son savoir-faire.<\/p>\n<p>Faire appel aux comp\u00e9tences d\u2019une agence de recrutement reste en effet un gage d\u2019efficacit\u00e9 pour la majorit\u00e9 des dirigeants d\u2019entreprises. Certains cabinets comptant en leur sein des experts en strat\u00e9gie ont un p\u00f4le d\u00e9di\u00e9 dont la mission est de vous aider dans l\u2019identification de la meilleure solution marketing sur le moyen terme.<\/p>\n<h2><strong>ImpactUP\u00a0: un \u00ab\u00a0chasseur de t\u00eates\u00a0\u00bb sp\u00e9cialis\u00e9 dans le recrutement de cadres commerciaux<\/strong><\/h2>\n<p>ImpactUP, un <strong>cabinet \u00ab\u00a0chasseur de t\u00eates<\/strong>\u00a0<strong>\u00bb d\u00e9sormais incontournable \u00e0 Paris<\/strong>, vous propose son aide pour le recrutement de vos futurs cadres commerciaux. Gr\u00e2ce \u00e0 notre expertise, nous sommes en mesure de s\u00e9lectionner pour vous le candidat id\u00e9al. Nous g\u00e9rons le processus de recrutement du d\u00e9but jusqu\u2019\u00e0 l\u2019aboutissement du recrutement\u00a0: la publication des annonces, la r\u00e9ception et le tri des dossiers, les entretiens et les \u00e9ventuels tests.<\/p>\n<p>Pour plus de d\u00e9tail, le processus respecte sept \u00e9tapes fondamentales\u00a0suivantes\u00a0:<\/p>\n<ul>\n<li>Nous d\u00e9finissons avec vous la mission, les t\u00e2ches, la formation, l\u2019exp\u00e9rience, les objectifs et la personnalit\u00e9 du collaborateur que vous souhaitez int\u00e9grer au sein de votre entreprise.<\/li>\n<li>Nous r\u00e9digeons les documents indispensables\u00a0comme l\u2019offre d\u2019emploi et la description du poste.<\/li>\n<li>Nous nous chargeons d\u2019int\u00e9grer sur notre site l\u2019offre et la diffusons sur les supports que vous aurez s\u00e9lectionn\u00e9s. Nous proc\u00e9dons \u00e9galement aux prises de contact direct.<\/li>\n<li>Pour la pr\u00e9s\u00e9lection, nous s\u00e9lectionnons et analysons les CV et proc\u00e9dons aux entretiens t\u00e9l\u00e9phoniques.<\/li>\n<li>Dans la phase de la s\u00e9lection des profils, des entretiens physiques ont lieu avec nos consultants et nous programmons \u00e9galement les tests.<\/li>\n<li>Nous pr\u00e9sentons ensuite un short list renfermant la liste des candidats que nous avons retenus.<\/li>\n<li>La derni\u00e8re \u00e9tape consiste au suivi du candidat jusqu\u2019\u00e0 son embauche d\u00e9finitive.<\/li>\n<\/ul>\n<p>Toutes ces \u00e9tapes sont effectu\u00e9es dans le respect des candidats ainsi qu\u2019aux crit\u00e8res de non-discrimination.<\/p>\n<p>Vous pouvez \u00eatre s\u00fbr d\u2019avoir sous la main un collaborateur \u00e0 la hauteur de vos esp\u00e9rances, capable de mettre en \u0153uvre et de coordonner votre politique commerciale. Gr\u00e2ce \u00e0 sa base de donn\u00e9es de candidats qualifi\u00e9s, <strong>ImpactUP<\/strong> est m\u00eame en mesure de satisfaire vos demandes qu\u2019elles soient urgentes, r\u00e9currentes ou ponctuelles.<\/p>\n<h2><strong>Trouver la perle rare\u00a0: des experts \u00e0 votre service<\/strong><\/h2>\n<p>Le cabinet ImpactUP accompagne les entreprises (grandes structures ou TPE) dans le recrutement de profils de haut niveau et d\u2019experts m\u00e9tiers sur des p\u00f4les d\u2019expertise li\u00e9s au marketing et au commerce :<\/p>\n<ul>\n<li>category manager\u00a0;<\/li>\n<li>responsable de promotion des ventes\u00a0;<\/li>\n<li>marchandiseur(euse)\u00a0;<\/li>\n<li>responsable webmarketing\u00a0;<\/li>\n<li>charg\u00e9(e) de marketing direct\u00a0;<\/li>\n<li>d\u00e9l\u00e9gu\u00e9 commercial\u00a0;<\/li>\n<li>business developer;<\/li>\n<li>Ainsi qu\u2019\u00e0 toutes les fonctions-cl\u00e9s de l\u2019entreprise\u00a0:<\/li>\n<li>digital marketing manager\u00a0;<\/li>\n<li>key account manager ;<\/li>\n<li>directeur(trice) de la relation client\u00a0;<\/li>\n<li>directeur(trice) de magasin\u00a0;<\/li>\n<li>directeur(trice) de marque\u2026<\/li>\n<\/ul>\n<p>Par ailleurs, pour faciliter l\u2019int\u00e9gration des candidats nouvellement embauch\u00e9s, <a href=\"https:\/\/impactup.com\/\"><strong>ImpactUP<\/strong><\/a> leur propose un accompagnement. Cela les aide \u00e0 retrouver rapidement leurs marques dans leur nouvel environnement de travail.<\/p>\n<p><strong>ImpactUP<\/strong> a d\u00e9velopp\u00e9 une offre de services compl\u00e8te pour trouver le profil id\u00e9al, conform\u00e9ment aux exigences du recruteur\u00a0:<\/p>\n<ul>\n<li>une plateforme d\u2019\u00e9valuation qui comporte 4 familles d\u2019outils\u00a0: TalentInitial\u00ae, TalentAttitude\u00ae, TalentBusiness\u00ae et TalentRelation\u00ae\u00a0;<\/li>\n<li>un outil d\u2019\u00e9valuation en ligne en mode SaaSqui permet de tester efficacement les comp\u00e9tences linguistiques du candidat. Cette solution a \u00e9t\u00e9 d\u00e9velopp\u00e9een partenariat avec Pipplet.<\/li>\n<\/ul>\n<p>Nos r\u00e9f\u00e9rences clients incluent des entreprises de toute taille bas\u00e9es en France et \u00e0 l\u2019\u00e9tranger, convaincues par notre professionnalisme.<\/p>\n<\/section>\n<p>[\/vc_column_text][\/vc_column][\/vc_row]<\/p>\n<\/div>","protected":false},"excerpt":{"rendered":"<p>[vc_row][vc_column width=&#8221;1\/3&#8243;][vc_btn title=&#8221;Voir notre offre&#8221; color=&#8221;secondarycolor&#8221; align=&#8221;center&#8221; css=&#8221;&#8221; link=&#8221;url:https%3A%2F%2Fimpactup.com%2Frecrutement%2F&#8221;][\/vc_column][vc_column width=&#8221;1\/3&#8243;][vc_btn title=&#8221;Confiez-nous votre projet&#8221; color=&#8221;secondarycolor&#8221; align=&#8221;center&#8221; css=&#8221;&#8221; link=&#8221;url:https%3A%2F%2Fimpactup.com%2Fetude-personnalisee%2F&#8221;][\/vc_column][vc_column width=&#8221;1\/3&#8243;][vc_btn title=&#8221;Contactez-nous&#8221; color=&#8221;secondarycolor&#8221; align=&#8221;center&#8221; css=&#8221;&#8221; link=&#8221;url:https%3A%2F%2Fimpactup.com%2Fcontact%2F&#8221;][\/vc_column][\/vc_row][vc_row css=&#8221;.vc_custom_1717658386032{padding-top: 40px !important;padding-bottom: 20px !important;}&#8221;][vc_column][vc_column_text css=&#8221;&#8221;] Cabinet chasseur de t\u00eate \u00e0 Paris\u00a0: ImpactUp est un partenaire de choix Dans le monde comp\u00e9titif des affaires, trouver des candidats pour des postes commerciaux repr\u00e9sente [&hellip;]<\/p>\n","protected":false},"author":4,"featured_media":0,"parent":17218,"menu_order":0,"comment_status":"closed","ping_status":"closed","template":"","meta":{"_monsterinsights_skip_tracking":false,"_monsterinsights_sitenote_active":false,"_monsterinsights_sitenote_note":"","_monsterinsights_sitenote_category":0,"footnotes":""},"class_list":["post-25632","page","type-page","status-publish","hentry"],"yoast_head":"<!-- This site is optimized with the Yoast SEO plugin v27.0 - https:\/\/yoast.com\/product\/yoast-seo-wordpress\/ -->\n<title>Cabinet chasseur de t\u00eate paris - Trouver un cabinet de chasseur de t\u00eate \u00e0 Paris<\/title>\n<meta name=\"description\" content=\"Faire appel \u00e0 un cabinet chasseur de t\u00eate \u00e0 Paris est une solution avantageuse. ImpactUp, bas\u00e9 \u00e0 Paris, est un cabinet de chasseur de t\u00eate renomm\u00e9.\" \/>\n<meta name=\"robots\" content=\"index, follow, max-snippet:-1, max-image-preview:large, max-video-preview:-1\" \/>\n<link rel=\"canonical\" href=\"https:\/\/impactup.com\/en\/glossaire\/cabinet-chasseur-de-tete-paris\/\" \/>\n<meta property=\"og:locale\" content=\"en_US\" \/>\n<meta property=\"og:type\" content=\"article\" \/>\n<meta property=\"og:title\" content=\"Cabinet chasseur de t\u00eate paris - Trouver un cabinet de chasseur de t\u00eate \u00e0 Paris\" \/>\n<meta property=\"og:description\" content=\"Faire appel \u00e0 un cabinet chasseur de t\u00eate \u00e0 Paris est une solution avantageuse. ImpactUp, bas\u00e9 \u00e0 Paris, est un cabinet de chasseur de t\u00eate renomm\u00e9.\" \/>\n<meta property=\"og:url\" content=\"https:\/\/impactup.com\/en\/glossaire\/cabinet-chasseur-de-tete-paris\/\" \/>\n<meta property=\"og:site_name\" content=\"ImpactUp\" \/>\n<meta property=\"article:modified_time\" content=\"2024-06-06T11:44:49+00:00\" \/>\n<meta property=\"og:image\" content=\"https:\/\/impactup.com\/wp-content\/uploads\/2021\/01\/og.jpg\" \/>\n\t<meta property=\"og:image:width\" content=\"1067\" \/>\n\t<meta property=\"og:image:height\" content=\"600\" \/>\n\t<meta property=\"og:image:type\" content=\"image\/jpeg\" \/>\n<meta name=\"twitter:card\" content=\"summary_large_image\" \/>\n<meta name=\"twitter:label1\" content=\"Est. reading time\" \/>\n\t<meta name=\"twitter:data1\" content=\"1 minute\" \/>\n<script type=\"application\/ld+json\" class=\"yoast-schema-graph\">{\"@context\":\"https:\/\/schema.org\",\"@graph\":[{\"@type\":\"WebPage\",\"@id\":\"https:\/\/impactup.com\/en\/glossaire\/cabinet-chasseur-de-tete-paris\/\",\"url\":\"https:\/\/impactup.com\/en\/glossaire\/cabinet-chasseur-de-tete-paris\/\",\"name\":\"Cabinet chasseur de t\u00eate paris - Trouver un cabinet de chasseur de t\u00eate \u00e0 Paris\",\"isPartOf\":{\"@id\":\"https:\/\/impactup.com\/en\/#website\"},\"datePublished\":\"2024-06-06T11:40:13+00:00\",\"dateModified\":\"2024-06-06T11:44:49+00:00\",\"description\":\"Faire appel \u00e0 un cabinet chasseur de t\u00eate \u00e0 Paris est une solution avantageuse. ImpactUp, bas\u00e9 \u00e0 Paris, est un cabinet de chasseur de t\u00eate renomm\u00e9.\",\"breadcrumb\":{\"@id\":\"https:\/\/impactup.com\/en\/glossaire\/cabinet-chasseur-de-tete-paris\/#breadcrumb\"},\"inLanguage\":\"en-US\",\"potentialAction\":[{\"@type\":\"ReadAction\",\"target\":[\"https:\/\/impactup.com\/en\/glossaire\/cabinet-chasseur-de-tete-paris\/\"]}]},{\"@type\":\"BreadcrumbList\",\"@id\":\"https:\/\/impactup.com\/en\/glossaire\/cabinet-chasseur-de-tete-paris\/#breadcrumb\",\"itemListElement\":[{\"@type\":\"ListItem\",\"position\":1,\"name\":\"Accueil\",\"item\":\"https:\/\/impactup.com\/en\/\"},{\"@type\":\"ListItem\",\"position\":2,\"name\":\"Glossaire\",\"item\":\"https:\/\/impactup.com\/en\/glossaire\/\"},{\"@type\":\"ListItem\",\"position\":3,\"name\":\"Cabinet chasseur de t\u00eate \u00e0 Paris : ImpactUp est un partenaire de choix\"}]},{\"@type\":\"WebSite\",\"@id\":\"https:\/\/impactup.com\/en\/#website\",\"url\":\"https:\/\/impactup.com\/en\/\",\"name\":\"ImpactUp\",\"description\":\"Recrutement commerciaux, directions commerciales et fonctions marketing\",\"potentialAction\":[{\"@type\":\"SearchAction\",\"target\":{\"@type\":\"EntryPoint\",\"urlTemplate\":\"https:\/\/impactup.com\/en\/?s={search_term_string}\"},\"query-input\":{\"@type\":\"PropertyValueSpecification\",\"valueRequired\":true,\"valueName\":\"search_term_string\"}}],\"inLanguage\":\"en-US\"}]}<\/script>\n<!-- \/ Yoast SEO plugin. -->","yoast_head_json":{"title":"Cabinet chasseur de t\u00eate paris - Trouver un cabinet de chasseur de t\u00eate \u00e0 Paris","description":"Faire appel \u00e0 un cabinet chasseur de t\u00eate \u00e0 Paris est une solution avantageuse. ImpactUp, bas\u00e9 \u00e0 Paris, est un cabinet de chasseur de t\u00eate renomm\u00e9.","robots":{"index":"index","follow":"follow","max-snippet":"max-snippet:-1","max-image-preview":"max-image-preview:large","max-video-preview":"max-video-preview:-1"},"canonical":"https:\/\/impactup.com\/en\/glossaire\/cabinet-chasseur-de-tete-paris\/","og_locale":"en_US","og_type":"article","og_title":"Cabinet chasseur de t\u00eate paris - Trouver un cabinet de chasseur de t\u00eate \u00e0 Paris","og_description":"Faire appel \u00e0 un cabinet chasseur de t\u00eate \u00e0 Paris est une solution avantageuse. ImpactUp, bas\u00e9 \u00e0 Paris, est un cabinet de chasseur de t\u00eate renomm\u00e9.","og_url":"https:\/\/impactup.com\/en\/glossaire\/cabinet-chasseur-de-tete-paris\/","og_site_name":"ImpactUp","article_modified_time":"2024-06-06T11:44:49+00:00","og_image":[{"width":1067,"height":600,"url":"https:\/\/impactup.com\/wp-content\/uploads\/2021\/01\/og.jpg","type":"image\/jpeg"}],"twitter_card":"summary_large_image","twitter_misc":{"Est. reading time":"1 minute"},"schema":{"@context":"https:\/\/schema.org","@graph":[{"@type":"WebPage","@id":"https:\/\/impactup.com\/en\/glossaire\/cabinet-chasseur-de-tete-paris\/","url":"https:\/\/impactup.com\/en\/glossaire\/cabinet-chasseur-de-tete-paris\/","name":"Cabinet chasseur de t\u00eate paris - Trouver un cabinet de chasseur de t\u00eate \u00e0 Paris","isPartOf":{"@id":"https:\/\/impactup.com\/en\/#website"},"datePublished":"2024-06-06T11:40:13+00:00","dateModified":"2024-06-06T11:44:49+00:00","description":"Faire appel \u00e0 un cabinet chasseur de t\u00eate \u00e0 Paris est une solution avantageuse. ImpactUp, bas\u00e9 \u00e0 Paris, est un cabinet de chasseur de t\u00eate renomm\u00e9.","breadcrumb":{"@id":"https:\/\/impactup.com\/en\/glossaire\/cabinet-chasseur-de-tete-paris\/#breadcrumb"},"inLanguage":"en-US","potentialAction":[{"@type":"ReadAction","target":["https:\/\/impactup.com\/en\/glossaire\/cabinet-chasseur-de-tete-paris\/"]}]},{"@type":"BreadcrumbList","@id":"https:\/\/impactup.com\/en\/glossaire\/cabinet-chasseur-de-tete-paris\/#breadcrumb","itemListElement":[{"@type":"ListItem","position":1,"name":"Accueil","item":"https:\/\/impactup.com\/en\/"},{"@type":"ListItem","position":2,"name":"Glossaire","item":"https:\/\/impactup.com\/en\/glossaire\/"},{"@type":"ListItem","position":3,"name":"Cabinet chasseur de t\u00eate \u00e0 Paris : ImpactUp est un partenaire de choix"}]},{"@type":"WebSite","@id":"https:\/\/impactup.com\/en\/#website","url":"https:\/\/impactup.com\/en\/","name":"ImpactUp","description":"Recrutement commerciaux, directions commerciales et fonctions marketing","potentialAction":[{"@type":"SearchAction","target":{"@type":"EntryPoint","urlTemplate":"https:\/\/impactup.com\/en\/?s={search_term_string}"},"query-input":{"@type":"PropertyValueSpecification","valueRequired":true,"valueName":"search_term_string"}}],"inLanguage":"en-US"}]}},"_links":{"self":[{"href":"https:\/\/impactup.com\/en\/wp-json\/wp\/v2\/pages\/25632","targetHints":{"allow":["GET"]}}],"collection":[{"href":"https:\/\/impactup.com\/en\/wp-json\/wp\/v2\/pages"}],"about":[{"href":"https:\/\/impactup.com\/en\/wp-json\/wp\/v2\/types\/page"}],"author":[{"embeddable":true,"href":"https:\/\/impactup.com\/en\/wp-json\/wp\/v2\/users\/4"}],"replies":[{"embeddable":true,"href":"https:\/\/impactup.com\/en\/wp-json\/wp\/v2\/comments?post=25632"}],"version-history":[{"count":3,"href":"https:\/\/impactup.com\/en\/wp-json\/wp\/v2\/pages\/25632\/revisions"}],"predecessor-version":[{"id":25639,"href":"https:\/\/impactup.com\/en\/wp-json\/wp\/v2\/pages\/25632\/revisions\/25639"}],"up":[{"embeddable":true,"href":"https:\/\/impactup.com\/en\/wp-json\/wp\/v2\/pages\/17218"}],"wp:attachment":[{"href":"https:\/\/impactup.com\/en\/wp-json\/wp\/v2\/media?parent=25632"}],"curies":[{"name":"wp","href":"https:\/\/api.w.org\/{rel}","templated":true}]}}