{"id":25624,"date":"2024-06-06T13:23:58","date_gmt":"2024-06-06T11:23:58","guid":{"rendered":"https:\/\/impactup.niou.dev\/?page_id=25624"},"modified":"2024-06-07T13:56:51","modified_gmt":"2024-06-07T11:56:51","slug":"cabinet-chasse-de-tete-directeur-marketing","status":"publish","type":"page","link":"https:\/\/impactup.com\/en\/glossaire\/cabinet-chasse-de-tete-directeur-marketing\/","title":{"rendered":"A quel cabinet de chasse de t\u00eate s\u2019adresser pour trouver un directeur marketing ?"},"content":{"rendered":"<div class=\"wpb-content-wrapper\"><p>[vc_row][vc_column width=&#8221;1\/3&#8243;][vc_btn title=&#8221;Voir notre offre&#8221; color=&#8221;secondarycolor&#8221; align=&#8221;center&#8221; css=&#8221;&#8221; link=&#8221;url:https%3A%2F%2Fimpactup.com%2Frecrutement%2F&#8221;][\/vc_column][vc_column width=&#8221;1\/3&#8243;][vc_btn title=&#8221;Confiez-nous votre projet&#8221; color=&#8221;secondarycolor&#8221; align=&#8221;center&#8221; css=&#8221;&#8221; link=&#8221;url:https%3A%2F%2Fimpactup.com%2Fetude-personnalisee%2F&#8221;][\/vc_column][vc_column width=&#8221;1\/3&#8243;][vc_btn title=&#8221;Contactez-nous&#8221; color=&#8221;secondarycolor&#8221; align=&#8221;center&#8221; css=&#8221;&#8221; link=&#8221;url:https%3A%2F%2Fimpactup.com%2Fcontact%2F&#8221;][\/vc_column][\/vc_row][vc_row css=&#8221;.vc_custom_1717658386032{padding-top: 40px !important;padding-bottom: 20px !important;}&#8221;][vc_column][vc_column_text css=&#8221;&#8221;]<\/p>\n<section style=\"text-align: justify;\">\n<h2><strong>A quel cabinet de chasse de t\u00eate s\u2019adresser pour trouver un directeur marketing\u00a0?<\/strong><\/h2>\n<p>Vous pouvez choisir de faire appel \u00e0 un <a href=\"https:\/\/impactup.com\/glossaire\/cabinet-de-recrutement-beaute-commercial\"><strong>cabinet<\/strong> <strong>de <\/strong><strong>chasse de t\u00eate pour d\u00e9nicher votre futur<\/strong> <\/a><strong><a href=\"https:\/\/impactup.com\/glossaire\/cabinet-de-recrutement-beaute-commercial\">directeur marketing<\/a>. <\/strong>Ce type d\u2019agence de recrutement constitue en effet une alternative int\u00e9ressante pour les postes difficiles \u00e0 pourvoir. Sp\u00e9cialiste des fonctions commerciales et marketing, <strong>ImpactUp<\/strong> vous aidera \u00e0 trouver la personne dont le profil et les comp\u00e9tences correspondront \u00e0 vos attentes.<\/p>\n<\/section>\n<p>[\/vc_column_text][\/vc_column][\/vc_row][vc_row][vc_column width=&#8221;1\/3&#8243;][vc_btn title=&#8221;Voir notre offre&#8221; color=&#8221;secondarycolor&#8221; align=&#8221;center&#8221; css=&#8221;&#8221; link=&#8221;url:https%3A%2F%2Fimpactup.com%2Frecrutement%2F&#8221;][\/vc_column][vc_column width=&#8221;1\/3&#8243;][vc_btn title=&#8221;Confiez-nous votre projet&#8221; color=&#8221;secondarycolor&#8221; align=&#8221;center&#8221; css=&#8221;&#8221; link=&#8221;url:https%3A%2F%2Fimpactup.com%2Fetude-personnalisee%2F&#8221;][\/vc_column][vc_column width=&#8221;1\/3&#8243;][vc_btn title=&#8221;Contactez-nous&#8221; color=&#8221;secondarycolor&#8221; align=&#8221;center&#8221; css=&#8221;&#8221; link=&#8221;url:https%3A%2F%2Fimpactup.com%2Fcontact%2F&#8221;][\/vc_column][\/vc_row][vc_row css=&#8221;.vc_custom_1717658445522{padding-top: 40px !important;}&#8221;][vc_column][vc_column_text css=&#8221;&#8221;]<\/p>\n<section style=\"text-align: justify;\">\n<h2><strong>Externaliser le recrutement\u00a0: les avantages<\/strong><\/h2>\n<p>Le processus de recrutement est une d\u00e9marche fastidieuse et chronophage qui peut mobiliser plusieurs personnes au sein d\u2019une entreprise. Par ailleurs, il n\u00e9cessite un savoir-faire particulier pour en assurer le succ\u00e8s. Voil\u00e0 pourquoi de nombreuses soci\u00e9t\u00e9s, quelle que soit leur taille, pr\u00e9f\u00e8rent confier la t\u00e2che de la prospection de leurs collaborateurs \u00e0 des professionnels sp\u00e9cialis\u00e9s externes.<\/p>\n<p>Le recours \u00e0 un<a href=\"https:\/\/impactup.com\/glossaire\/cabinet-de-recrutement-beaute-directeur-commercial\"><strong> cabinet<\/strong> <strong>de <\/strong><strong>chasse de t\u00eate pour trouver un<\/strong> <strong>directeur marketing<\/strong><\/a> vous permettra ainsi de b\u00e9n\u00e9ficier de l\u2019expertise de recruteurs qui ma\u00eetrisent la m\u00e9thode de l\u2019approche directe. Les consultants chasseurs de t\u00eate d\u2019<strong>ImpactUp<\/strong> sauront prendre en compte vos attentes et vos besoins ainsi que les exigences du poste lors des travaux de sourcing de candidats potentiels. \u00a0Vous devrez toutefois bien pr\u00e9ciser les particularit\u00e9s du poste \u00e0 pourvoir et le profil requis, et vous attendre \u00e0 ce que la personne qui vous sera pr\u00e9sent\u00e9e n\u2019y correspondent pas exactement. Mais ils vous soumettront uniquement des personnes qu\u2019ils jugeront en mesure de prendre le poste en charge avec efficacit\u00e9.<\/p>\n<h2><strong>Recrutement directeur marketing\u00a0: pourquoi faire appel \u00e0 un chasseur de t\u00eate\u00a0? <\/strong><\/h2>\n<p>Homme de conception et de strat\u00e9gie, le <strong>directeur marketing <\/strong>est un maillon essentiel des rouages de l\u2019entreprise.\u00a0Cet expert en strat\u00e9gie marketing analyse le march\u00e9, d\u00e9termine les cibles, fixe les objectifs \u00e0 atteindre en fonction du positionnement de l\u2019entreprise. Il supervise \u00e9galement la conception et la mise en place des actions promotionnelles pour mettre en avant un produit et travaille de concert avec la direction commerciale pour d\u00e9velopper les ventes de l\u2019ensemble des biens ou services.<\/p>\n<p>Le m\u00e9tier de directeur marketing a une forte composante manag\u00e9riale dans la mesure o\u00f9 il est amen\u00e9 \u00e0 coordonner le travail de plusieurs chefs de produits.\u00a0Par ailleurs, occuper ce poste requiert des comp\u00e9tences techniques pr\u00e9cises \u2013 communication, gestion, finances, etc. \u2013 sans oublier qu\u2019il s\u2019agit d\u2019un m\u00e9tier cr\u00e9atif. La plupart des directeurs marketing \u00e9voluant aujourd\u2019hui dans un contexte international (ma\u00eetrise de langues \u00e9trang\u00e8res, connaissance des march\u00e9s mondiaux).\u00a0Pour toutes ces raisons, les entreprises prennent soin de bien s\u00e9lectionner leurs futurs directeurs marketing, lesquels ont de plus en plus un profil polyvalent. Le recours \u00e0 un <strong>cabinet de chasse de t\u00eate<\/strong> tel qu\u2019<a href=\"https:\/\/impactup.com\/\"><strong>ImpactUp<\/strong><\/a> constitue le meilleur moyen de d\u00e9busquer les profils talentueux, qui sont le plus souvent d\u00e9j\u00e0 en poste.<\/p>\n<h2><strong>Chasse de t\u00eate\u00a0: comment \u00e7a fonctionne\u00a0? <\/strong><\/h2>\n<p>Tout comme les simples recruteurs, l\u2019objectif d\u2019un chasseur de t\u00eate est de trouver de nouveaux talents. Cependant, il est particuli\u00e8rement sollicit\u00e9 dans le cadre de recrutement complexe comme les cas suivants\u00a0:<\/p>\n<ul>\n<li>Les postes strat\u00e9giques comme ceux des cadres et des dirigeants. C\u2019est par exemple le cas pour le <strong>directeur marketing<\/strong>, dont le recrutement doit \u00eatre confi\u00e9 \u00e0 un <strong>cabinet <\/strong>de <strong>chasse de t\u00eate<\/strong>.<\/li>\n<li>Les postes p\u00e9nuriques\u00a0;<\/li>\n<li>Les postes qui requi\u00e8rent des profils aux comp\u00e9tences sp\u00e9cifiques, difficiles \u00e0 rep\u00e9rer sur le march\u00e9 de l\u2019emploi\u00a0;<\/li>\n<li>Les postes internationaux.<\/li>\n<\/ul>\n<p>Sa mission consiste \u00e0 trouver le bon candidat pour le poste \u00e0 pourvoir. Le plus souvent, il r\u00e9alise ses recherches aupr\u00e8s des professionnels qui ne sont pas en qu\u00eate de nouvel emploi et donc non disponibles sur les plateformes traditionnelles de recherche. Cet expert utilise alors des m\u00e9thodes particuli\u00e8res pour les approcher.<\/p>\n<h2><strong>Recrutement directeur marketing\u00a0 avec ImpactUp<\/strong><\/h2>\n<p>Vous \u00eates \u00e0 la recherche de la perle rare\u00a0? Un <a href=\"https:\/\/impactup.com\/glossaire\/cabinet-de-recrutement-directeur-commercial-toulouse\"><strong>directeur marketing<\/strong><\/a> qui accompagnera la performance globale de votre entreprise\u00a0? Le <a href=\"https:\/\/impactup.com\/glossaire\/cabinet-de-recrutement-directeur-commercial-toulouse\"><strong>cabinet de chasse de t\u00eate <\/strong><\/a>ImpactUp vous propose sa gamme de services experte.\u00a0Nous prenons en charge tout ou partie du processus de recrutement de votre futur collaborateur.<\/p>\n<p>Dans le cadre de notre mission, nous d\u00e9finissons en amont vos besoins\u00a0puis nous nous attelons \u00e0 la description du poste ainsi que l\u2019offre d\u2019emploi. La prochaine \u00e9tape consiste \u00e0 rechercher les candidats potentiels par le biais de l\u2019int\u00e9gration de l\u2019offre sur notre site, une Approche directe (chasse) et la diffusion d\u2019annonces sur les supports s\u00e9lectionn\u00e9s par notre client.\u00a0L\u2019approche directe est une d\u00e9marche sp\u00e9cialis\u00e9e, caract\u00e9ristique des cabinets de chasse de t\u00eate. Elle consiste \u00e0 contacter directement le talent potentiel apr\u00e8s avoir identifi\u00e9 son profil.<\/p>\n<p>Nos consultants experts analysent et s\u00e9lectionnent les CV sur la base de crit\u00e8res objectifs et font passer des entretiens t\u00e9l\u00e9phoniques \u00e0 chaque candidat avant la phase de s\u00e9lection. \u00c0 l\u2019issue de celle-ci, nous vous pr\u00e9senterons un short list des candidats retenus avec dossier et recommandations et veillons \u00e0 assurer le suivi du candidat jusqu\u2019\u00e0 l\u2019embauche d\u00e9finitive.<\/p>\n<\/section>\n<p>[\/vc_column_text][\/vc_column][\/vc_row]<\/p>\n<\/div>","protected":false},"excerpt":{"rendered":"<p>[vc_row][vc_column width=&#8221;1\/3&#8243;][vc_btn title=&#8221;Voir notre offre&#8221; color=&#8221;secondarycolor&#8221; align=&#8221;center&#8221; css=&#8221;&#8221; link=&#8221;url:https%3A%2F%2Fimpactup.com%2Frecrutement%2F&#8221;][\/vc_column][vc_column width=&#8221;1\/3&#8243;][vc_btn title=&#8221;Confiez-nous votre projet&#8221; color=&#8221;secondarycolor&#8221; align=&#8221;center&#8221; css=&#8221;&#8221; link=&#8221;url:https%3A%2F%2Fimpactup.com%2Fetude-personnalisee%2F&#8221;][\/vc_column][vc_column width=&#8221;1\/3&#8243;][vc_btn title=&#8221;Contactez-nous&#8221; color=&#8221;secondarycolor&#8221; align=&#8221;center&#8221; css=&#8221;&#8221; link=&#8221;url:https%3A%2F%2Fimpactup.com%2Fcontact%2F&#8221;][\/vc_column][\/vc_row][vc_row css=&#8221;.vc_custom_1717658386032{padding-top: 40px !important;padding-bottom: 20px !important;}&#8221;][vc_column][vc_column_text css=&#8221;&#8221;] A quel cabinet de chasse de t\u00eate s\u2019adresser pour trouver un directeur marketing\u00a0? Vous pouvez choisir de faire appel \u00e0 un cabinet de chasse de t\u00eate [&hellip;]<\/p>\n","protected":false},"author":4,"featured_media":0,"parent":17218,"menu_order":0,"comment_status":"closed","ping_status":"closed","template":"","meta":{"_monsterinsights_skip_tracking":false,"_monsterinsights_sitenote_active":false,"_monsterinsights_sitenote_note":"","_monsterinsights_sitenote_category":0,"footnotes":""},"class_list":["post-25624","page","type-page","status-publish","hentry"],"yoast_head":"<!-- This site is optimized with the Yoast SEO plugin v27.0 - https:\/\/yoast.com\/product\/yoast-seo-wordpress\/ -->\n<title>Cabinet sp\u00e9cialiste en chasse de t\u00eate de directeur marketing<\/title>\n<meta name=\"description\" content=\"Recourir \u00e0 un cabinet de chasse de t\u00eate pour embaucher un directeur marketing comp\u00e9tent. ImpatUp est un cabinet qui utilisera la chasse de t\u00eate pour trouver votre directeur marketing.\" \/>\n<meta name=\"robots\" content=\"index, follow, max-snippet:-1, max-image-preview:large, max-video-preview:-1\" \/>\n<link rel=\"canonical\" href=\"https:\/\/impactup.com\/en\/glossaire\/cabinet-chasse-de-tete-directeur-marketing\/\" \/>\n<meta property=\"og:locale\" content=\"en_US\" \/>\n<meta property=\"og:type\" content=\"article\" \/>\n<meta property=\"og:title\" content=\"Cabinet sp\u00e9cialiste en chasse de t\u00eate de directeur marketing\" \/>\n<meta property=\"og:description\" content=\"Recourir \u00e0 un cabinet de chasse de t\u00eate pour embaucher un directeur marketing comp\u00e9tent. ImpatUp est un cabinet qui utilisera la chasse de t\u00eate pour trouver votre directeur marketing.\" \/>\n<meta property=\"og:url\" content=\"https:\/\/impactup.com\/en\/glossaire\/cabinet-chasse-de-tete-directeur-marketing\/\" \/>\n<meta property=\"og:site_name\" content=\"ImpactUp\" \/>\n<meta property=\"article:modified_time\" content=\"2024-06-07T11:56:51+00:00\" \/>\n<meta property=\"og:image\" content=\"https:\/\/impactup.com\/wp-content\/uploads\/2021\/01\/og.jpg\" \/>\n\t<meta property=\"og:image:width\" content=\"1067\" \/>\n\t<meta property=\"og:image:height\" content=\"600\" \/>\n\t<meta property=\"og:image:type\" content=\"image\/jpeg\" \/>\n<meta name=\"twitter:card\" content=\"summary_large_image\" \/>\n<meta name=\"twitter:label1\" content=\"Est. reading time\" \/>\n\t<meta name=\"twitter:data1\" content=\"5 minutes\" \/>\n<script type=\"application\/ld+json\" class=\"yoast-schema-graph\">{\"@context\":\"https:\/\/schema.org\",\"@graph\":[{\"@type\":\"WebPage\",\"@id\":\"https:\/\/impactup.com\/en\/glossaire\/cabinet-chasse-de-tete-directeur-marketing\/\",\"url\":\"https:\/\/impactup.com\/en\/glossaire\/cabinet-chasse-de-tete-directeur-marketing\/\",\"name\":\"Cabinet sp\u00e9cialiste en chasse de t\u00eate de directeur marketing\",\"isPartOf\":{\"@id\":\"https:\/\/impactup.com\/en\/#website\"},\"datePublished\":\"2024-06-06T11:23:58+00:00\",\"dateModified\":\"2024-06-07T11:56:51+00:00\",\"description\":\"Recourir \u00e0 un cabinet de chasse de t\u00eate pour embaucher un directeur marketing comp\u00e9tent. ImpatUp est un cabinet qui utilisera la chasse de t\u00eate pour trouver votre directeur marketing.\",\"breadcrumb\":{\"@id\":\"https:\/\/impactup.com\/en\/glossaire\/cabinet-chasse-de-tete-directeur-marketing\/#breadcrumb\"},\"inLanguage\":\"en-US\",\"potentialAction\":[{\"@type\":\"ReadAction\",\"target\":[\"https:\/\/impactup.com\/en\/glossaire\/cabinet-chasse-de-tete-directeur-marketing\/\"]}]},{\"@type\":\"BreadcrumbList\",\"@id\":\"https:\/\/impactup.com\/en\/glossaire\/cabinet-chasse-de-tete-directeur-marketing\/#breadcrumb\",\"itemListElement\":[{\"@type\":\"ListItem\",\"position\":1,\"name\":\"Accueil\",\"item\":\"https:\/\/impactup.com\/en\/\"},{\"@type\":\"ListItem\",\"position\":2,\"name\":\"Glossaire\",\"item\":\"https:\/\/impactup.com\/en\/glossaire\/\"},{\"@type\":\"ListItem\",\"position\":3,\"name\":\"A quel cabinet de chasse de t\u00eate s\u2019adresser pour trouver un directeur marketing ?\"}]},{\"@type\":\"WebSite\",\"@id\":\"https:\/\/impactup.com\/en\/#website\",\"url\":\"https:\/\/impactup.com\/en\/\",\"name\":\"ImpactUp\",\"description\":\"Recrutement commerciaux, directions commerciales et fonctions marketing\",\"potentialAction\":[{\"@type\":\"SearchAction\",\"target\":{\"@type\":\"EntryPoint\",\"urlTemplate\":\"https:\/\/impactup.com\/en\/?s={search_term_string}\"},\"query-input\":{\"@type\":\"PropertyValueSpecification\",\"valueRequired\":true,\"valueName\":\"search_term_string\"}}],\"inLanguage\":\"en-US\"}]}<\/script>\n<!-- \/ Yoast SEO plugin. -->","yoast_head_json":{"title":"Cabinet sp\u00e9cialiste en chasse de t\u00eate de directeur marketing","description":"Recourir \u00e0 un cabinet de chasse de t\u00eate pour embaucher un directeur marketing comp\u00e9tent. ImpatUp est un cabinet qui utilisera la chasse de t\u00eate pour trouver votre directeur marketing.","robots":{"index":"index","follow":"follow","max-snippet":"max-snippet:-1","max-image-preview":"max-image-preview:large","max-video-preview":"max-video-preview:-1"},"canonical":"https:\/\/impactup.com\/en\/glossaire\/cabinet-chasse-de-tete-directeur-marketing\/","og_locale":"en_US","og_type":"article","og_title":"Cabinet sp\u00e9cialiste en chasse de t\u00eate de directeur marketing","og_description":"Recourir \u00e0 un cabinet de chasse de t\u00eate pour embaucher un directeur marketing comp\u00e9tent. ImpatUp est un cabinet qui utilisera la chasse de t\u00eate pour trouver votre directeur marketing.","og_url":"https:\/\/impactup.com\/en\/glossaire\/cabinet-chasse-de-tete-directeur-marketing\/","og_site_name":"ImpactUp","article_modified_time":"2024-06-07T11:56:51+00:00","og_image":[{"width":1067,"height":600,"url":"https:\/\/impactup.com\/wp-content\/uploads\/2021\/01\/og.jpg","type":"image\/jpeg"}],"twitter_card":"summary_large_image","twitter_misc":{"Est. reading time":"5 minutes"},"schema":{"@context":"https:\/\/schema.org","@graph":[{"@type":"WebPage","@id":"https:\/\/impactup.com\/en\/glossaire\/cabinet-chasse-de-tete-directeur-marketing\/","url":"https:\/\/impactup.com\/en\/glossaire\/cabinet-chasse-de-tete-directeur-marketing\/","name":"Cabinet sp\u00e9cialiste en chasse de t\u00eate de directeur marketing","isPartOf":{"@id":"https:\/\/impactup.com\/en\/#website"},"datePublished":"2024-06-06T11:23:58+00:00","dateModified":"2024-06-07T11:56:51+00:00","description":"Recourir \u00e0 un cabinet de chasse de t\u00eate pour embaucher un directeur marketing comp\u00e9tent. ImpatUp est un cabinet qui utilisera la chasse de t\u00eate pour trouver votre directeur marketing.","breadcrumb":{"@id":"https:\/\/impactup.com\/en\/glossaire\/cabinet-chasse-de-tete-directeur-marketing\/#breadcrumb"},"inLanguage":"en-US","potentialAction":[{"@type":"ReadAction","target":["https:\/\/impactup.com\/en\/glossaire\/cabinet-chasse-de-tete-directeur-marketing\/"]}]},{"@type":"BreadcrumbList","@id":"https:\/\/impactup.com\/en\/glossaire\/cabinet-chasse-de-tete-directeur-marketing\/#breadcrumb","itemListElement":[{"@type":"ListItem","position":1,"name":"Accueil","item":"https:\/\/impactup.com\/en\/"},{"@type":"ListItem","position":2,"name":"Glossaire","item":"https:\/\/impactup.com\/en\/glossaire\/"},{"@type":"ListItem","position":3,"name":"A quel cabinet de chasse de t\u00eate s\u2019adresser pour trouver un directeur marketing ?"}]},{"@type":"WebSite","@id":"https:\/\/impactup.com\/en\/#website","url":"https:\/\/impactup.com\/en\/","name":"ImpactUp","description":"Recrutement commerciaux, directions commerciales et fonctions marketing","potentialAction":[{"@type":"SearchAction","target":{"@type":"EntryPoint","urlTemplate":"https:\/\/impactup.com\/en\/?s={search_term_string}"},"query-input":{"@type":"PropertyValueSpecification","valueRequired":true,"valueName":"search_term_string"}}],"inLanguage":"en-US"}]}},"_links":{"self":[{"href":"https:\/\/impactup.com\/en\/wp-json\/wp\/v2\/pages\/25624","targetHints":{"allow":["GET"]}}],"collection":[{"href":"https:\/\/impactup.com\/en\/wp-json\/wp\/v2\/pages"}],"about":[{"href":"https:\/\/impactup.com\/en\/wp-json\/wp\/v2\/types\/page"}],"author":[{"embeddable":true,"href":"https:\/\/impactup.com\/en\/wp-json\/wp\/v2\/users\/4"}],"replies":[{"embeddable":true,"href":"https:\/\/impactup.com\/en\/wp-json\/wp\/v2\/comments?post=25624"}],"version-history":[{"count":5,"href":"https:\/\/impactup.com\/en\/wp-json\/wp\/v2\/pages\/25624\/revisions"}],"predecessor-version":[{"id":25848,"href":"https:\/\/impactup.com\/en\/wp-json\/wp\/v2\/pages\/25624\/revisions\/25848"}],"up":[{"embeddable":true,"href":"https:\/\/impactup.com\/en\/wp-json\/wp\/v2\/pages\/17218"}],"wp:attachment":[{"href":"https:\/\/impactup.com\/en\/wp-json\/wp\/v2\/media?parent=25624"}],"curies":[{"name":"wp","href":"https:\/\/api.w.org\/{rel}","templated":true}]}}