{"id":25620,"date":"2024-06-06T11:57:03","date_gmt":"2024-06-06T09:57:03","guid":{"rendered":"https:\/\/impactup.niou.dev\/?page_id=25620"},"modified":"2024-06-07T13:53:25","modified_gmt":"2024-06-07T11:53:25","slug":"cabinet-chasse-de-tete-directeur-commercial","status":"publish","type":"page","link":"https:\/\/impactup.com\/en\/glossaire\/cabinet-chasse-de-tete-directeur-commercial\/","title":{"rendered":"Faire appel au cabinet ImpactUp pour la chasse de t\u00eate d\u2019un directeur commercial"},"content":{"rendered":"<div class=\"wpb-content-wrapper\"><p>[vc_row][vc_column width=&#8221;1\/3&#8243;][vc_btn title=&#8221;Voir notre offre&#8221; color=&#8221;secondarycolor&#8221; align=&#8221;center&#8221; css=&#8221;&#8221; link=&#8221;url:https%3A%2F%2Fimpactup.com%2Frecrutement%2F&#8221;][\/vc_column][vc_column width=&#8221;1\/3&#8243;][vc_btn title=&#8221;Confiez-nous votre projet&#8221; color=&#8221;secondarycolor&#8221; align=&#8221;center&#8221; css=&#8221;&#8221; link=&#8221;url:https%3A%2F%2Fimpactup.com%2Fetude-personnalisee%2F&#8221;][\/vc_column][vc_column width=&#8221;1\/3&#8243;][vc_btn title=&#8221;Contactez-nous&#8221; color=&#8221;secondarycolor&#8221; align=&#8221;center&#8221; css=&#8221;&#8221; link=&#8221;url:https%3A%2F%2Fimpactup.com%2Fcontact%2F&#8221;][\/vc_column][\/vc_row][vc_row css=&#8221;.vc_custom_1717658386032{padding-top: 40px !important;padding-bottom: 20px !important;}&#8221;][vc_column][vc_column_text css=&#8221;&#8221;]<\/p>\n<section style=\"text-align: justify;\">\n<h2><strong>Faire appel au cabinet ImpactUp pour la chasse de t\u00eate d\u2019un directeur commercial<\/strong><\/h2>\n<p>Recruter un <a href=\"https:\/\/impactup.com\/glossaire\/chasseur-de-tete-commerciaux-lyon-69\"><strong>directeur commercial<\/strong><\/a> est un d\u00e9fi de taille d\u2019o\u00f9 l\u2019int\u00e9r\u00eat de recourir \u00e0 un <a href=\"https:\/\/impactup.com\/glossaire\/chasseur-de-tete-commerciaux-lyon-69\"><strong>cabinet de chasse de t\u00eate<\/strong><\/a> qualifi\u00e9 et exp\u00e9riment\u00e9. Dans ce cadre, <strong>ImpactUp<\/strong> se distingue comme un partenaire de confiance, regroupant les meilleurs recruteurs et consultants sp\u00e9cialis\u00e9s dans le domaine commercial et marketing.<\/p>\n<\/section>\n<p>[\/vc_column_text][\/vc_column][\/vc_row][vc_row][vc_column width=&#8221;1\/3&#8243;][vc_btn title=&#8221;Voir notre offre&#8221; color=&#8221;secondarycolor&#8221; align=&#8221;center&#8221; css=&#8221;&#8221; link=&#8221;url:https%3A%2F%2Fimpactup.com%2Frecrutement%2F&#8221;][\/vc_column][vc_column width=&#8221;1\/3&#8243;][vc_btn title=&#8221;Confiez-nous votre projet&#8221; color=&#8221;secondarycolor&#8221; align=&#8221;center&#8221; css=&#8221;&#8221; link=&#8221;url:https%3A%2F%2Fimpactup.com%2Fetude-personnalisee%2F&#8221;][\/vc_column][vc_column width=&#8221;1\/3&#8243;][vc_btn title=&#8221;Contactez-nous&#8221; color=&#8221;secondarycolor&#8221; align=&#8221;center&#8221; css=&#8221;&#8221; link=&#8221;url:https%3A%2F%2Fimpactup.com%2Fcontact%2F&#8221;][\/vc_column][\/vc_row][vc_row css=&#8221;.vc_custom_1717658445522{padding-top: 40px !important;}&#8221;][vc_column][vc_column_text css=&#8221;&#8221;]<\/p>\n<section style=\"text-align: justify;\">\n<h2><strong>Pourquoi externaliser le recrutement de son directeur commercial\u00a0? <\/strong><\/h2>\n<p>Trouver un <a href=\"https:\/\/impactup.com\/glossaire\/chasseur-de-t%C3%AAte-commerciaux\"><strong>directeur commercial charismatique et exp\u00e9riment\u00e9<\/strong><\/a> est loin d\u2019\u00eatre une t\u00e2che facile. En effet, ce type de profil est fortement pl\u00e9biscit\u00e9 et les meilleurs candidats sont la plupart du temps d\u00e9j\u00e0 en poste. Bien souvent, les entreprises s\u2019adressent \u00e0 des cabinets de chasse de t\u00eate pour trouver le bon candidat et prendre en charge son recrutement. Gr\u00e2ce \u00e0 leur savoir-faire et l\u2019importance de leur r\u00e9seau, les cabinets de chasse sont en mesure d\u2019identifier rapidement les profils qui int\u00e9ressent leurs clients. Par ailleurs, le recours \u00e0 un chasseur de t\u00eates pr\u00e9sente de nombreux avantages :<\/p>\n<ul>\n<li>Un gain de temps consid\u00e9rable\u00a0: prise en charge du processus de recrutement<\/li>\n<li>Une recherche cibl\u00e9e et pertinente\u00a0: le professionnel contacte directement les candidats potentiels qui ne sont pas souvent visibles sur les plateformes de recherche d&#8217;emploi.<\/li>\n<li>Un recrutement rentable\u00a0: les services des chasseurs de t\u00eates permettent de trouver des candidats de haute qualit\u00e9, ce qui r\u00e9duit les co\u00fbts \u00e0 long terme.<\/li>\n<li>Un travail discret\u00a0: les candidats sont contact\u00e9s en toute discr\u00e9tion, pr\u00e9servant ainsi la r\u00e9putation de l&#8217;entreprise.<\/li>\n<li>Un vaste r\u00e9seau de candidats potentiels\u00a0gr\u00e2ce \u00e0 un acc\u00e8s privil\u00e9gi\u00e9 au r\u00e9seau de professionnels qualifi\u00e9s.<\/li>\n<\/ul>\n<p>Recourir aux <strong>services des chasseurs de t\u00eates<\/strong> est donc un choix strat\u00e9gique et judicieux. Ils apportent une valeur ajout\u00e9e ind\u00e9niable aux grandes entreprises ainsi qu\u2019aux TPE et PME.<\/p>\n<p>Haut du formulaire<\/p>\n<p>Chez <strong>ImpactUp<\/strong>, nous mettons en \u0153uvre diff\u00e9rentes approches, dont l\u2019approche directe, pour trouver le candidat le plus proche possible du profil que vous avez d\u00e9termin\u00e9. En raison de la criticit\u00e9 de ses fonctions, le directeur commercial doit satisfaire \u00e0 des crit\u00e8res stricts de comp\u00e9tences techniques\u00a0et manag\u00e9riales, soft skills et cultural fit, qui ne sont pas toujours \u00e9vidents \u00e0 cerner. Chez ImpactUp, nous comprenons parfaitement ces enjeux voil\u00e0 pourquoi nous mobilisons des consultants-recruteurs issus des fonctions pour lesquelles ils interviennent au service de votre projet.<\/p>\n<h2><strong>Des solutions sur mesure, un accompagnement sur la dur\u00e9e <\/strong><\/h2>\n<p>Vous recherchez un <a href=\"https:\/\/impactup.com\/glossaire\/cabinet-chasse-de-t\u00eate-beaut\u00e9-paris\"><strong>cabinet de chasse de t\u00eate pour vous aider \u00e0 recruter votre directeur commercial<\/strong><\/a>? L\u2019agence de recrutement et de conseil <strong>ImpactUp<\/strong> est le partenaire qu\u2019il vous faut. Sp\u00e9cialistes des fonctions commerciales et marketing, nous accompagnons les grandes entreprises et les PME tout au long du processus de recrutement de leurs cadres dirigeants.<\/p>\n<p>Dans le cadre de notre mission, nous d\u00e9finissons en amont vos besoins\u00a0\u2013 mission, votre objectif(s), t\u00e2ches, profil, formation, exp\u00e9rience, personnalit\u00e9, conditions d\u2019embauche \u2013 puis nous r\u00e9alisons la description du poste ainsi que l\u2019offre d\u2019emploi. Lors de la phase de sourcing\u2013offre sur notre site, approche directe et diffusion d\u2019annonces sur les supports s\u00e9lectionn\u00e9s par le client\u2014, nos consultants experts contactent directement les candidats potentiels qui correspondent aux besoins du poste, analysent et s\u00e9lectionnent les CV sur la base de crit\u00e8res objectifs et font passer des entretiens t\u00e9l\u00e9phoniques \u00e0 chaque candidat.<\/p>\n<p>Exp\u00e9rience commerciale, maitrise de langue \u00e9trang\u00e8re, comp\u00e9tences techniques et commerciales, adaptabilit\u00e9 et r\u00e9sistance \u00e0 la pression\u2026 nous passons tout au crible pour vous garantir le meilleur profil. A l\u2019issue de l\u2019\u00e9valuation, nous vous pr\u00e9senterons un short list des candidats retenus avec dossier et recommandations et veillons \u00e0 assurer le suivi du candidat jusqu\u2019\u00e0 l\u2019embauche d\u00e9finitive. Nous nous occupons enfin de suivre l\u2019int\u00e9gration du nouveau collaborateur au sein de votre soci\u00e9t\u00e9.<\/p>\n<p><strong>ImpactUp<\/strong>, c\u2019est aussi un \u00e9ventail de services expert afin de doter rapidement les entreprises des comp\u00e9tences qui leur font d\u00e9faut\u00a0:<\/p>\n<ul>\n<li>un outil en ligne SaaS d\u2019\u00e9valuation qui donne l\u2019occasion de valider les comp\u00e9tences dans une langue \u00e9trang\u00e8re propos\u00e9 en partenariat avec Pipplet ;<\/li>\n<li>une plateforme d\u2019\u00e9valuation qui repose sur 4 familles d\u2019outils : TalentBusiness\u00ae, TalentInitial\u00ae, TalentRelation\u00ae et TalentAttitude\u00ae.<\/li>\n<\/ul>\n<ul>\n<li><a href=\"https:\/\/impactup.com\/\"><strong>ImpactUp<\/strong><\/a> se sp\u00e9cialise \u00e9galement dans le d\u00e9veloppement commercial, en intervenant comme une direction commerciale externalis\u00e9e. Outre le recrutement, nous intervenons dans 4 domaines\u00a0:<\/li>\n<li>la strat\u00e9gie commerciale\u00a0: analyse de potentiel, SWOT, business plan, plan d\u2019adressage, d\u00e9finition des plans d\u2019action commerciaux\u2026<\/li>\n<li>l\u2019organisation commerciale\u00a0: plan de recrutement, formation, int\u00e9gration des populations commerciales\u2026<\/li>\n<li>la motivation des \u00e9quipes commerciales\u00a0: plans de r\u00e9mun\u00e9ration, s\u00e9minaires et incentives, team building<\/li>\n<li>le pilotage : d\u00e9finition des indicateurs de performance, mise en \u0153uvre d\u2019outils CRM, analyse comportementale<\/li>\n<\/ul>\n<p>N\u2019h\u00e9sitez pas \u00e0 nous contacter\u00a0!<\/p>\n<p>&nbsp;<\/p>\n<\/section>\n<p>[\/vc_column_text][\/vc_column][\/vc_row]<\/p>\n<\/div>","protected":false},"excerpt":{"rendered":"<p>[vc_row][vc_column width=&#8221;1\/3&#8243;][vc_btn title=&#8221;Voir notre offre&#8221; color=&#8221;secondarycolor&#8221; align=&#8221;center&#8221; css=&#8221;&#8221; link=&#8221;url:https%3A%2F%2Fimpactup.com%2Frecrutement%2F&#8221;][\/vc_column][vc_column width=&#8221;1\/3&#8243;][vc_btn title=&#8221;Confiez-nous votre projet&#8221; color=&#8221;secondarycolor&#8221; align=&#8221;center&#8221; css=&#8221;&#8221; link=&#8221;url:https%3A%2F%2Fimpactup.com%2Fetude-personnalisee%2F&#8221;][\/vc_column][vc_column width=&#8221;1\/3&#8243;][vc_btn title=&#8221;Contactez-nous&#8221; color=&#8221;secondarycolor&#8221; align=&#8221;center&#8221; css=&#8221;&#8221; link=&#8221;url:https%3A%2F%2Fimpactup.com%2Fcontact%2F&#8221;][\/vc_column][\/vc_row][vc_row css=&#8221;.vc_custom_1717658386032{padding-top: 40px !important;padding-bottom: 20px !important;}&#8221;][vc_column][vc_column_text css=&#8221;&#8221;] Faire appel au cabinet ImpactUp pour la chasse de t\u00eate d\u2019un directeur commercial Recruter un directeur commercial est un d\u00e9fi de taille d\u2019o\u00f9 l\u2019int\u00e9r\u00eat de recourir [&hellip;]<\/p>\n","protected":false},"author":4,"featured_media":0,"parent":17218,"menu_order":0,"comment_status":"closed","ping_status":"closed","template":"","meta":{"_monsterinsights_skip_tracking":false,"_monsterinsights_sitenote_active":false,"_monsterinsights_sitenote_note":"","_monsterinsights_sitenote_category":0,"footnotes":""},"class_list":["post-25620","page","type-page","status-publish","hentry"],"yoast_head":"<!-- This site is optimized with the Yoast SEO plugin v27.0 - https:\/\/yoast.com\/product\/yoast-seo-wordpress\/ -->\n<title>Cabinet de chasse de t\u00eate de directeur commercial<\/title>\n<meta name=\"description\" content=\"Un cabinet de recrutement utilise la m\u00e9thode de la chasse de t\u00eate pour d\u00e9nicher des profils cadres comme celui de directeur commercial. ImpactUp est un cabinet sp\u00e9cialis\u00e9 en chasse de t\u00eate pour faciliter le recrutement d\u2019un directeur commercial comp\u00e9tent.\" \/>\n<meta name=\"robots\" content=\"index, follow, max-snippet:-1, max-image-preview:large, max-video-preview:-1\" \/>\n<link rel=\"canonical\" href=\"https:\/\/impactup.com\/en\/glossaire\/cabinet-chasse-de-tete-directeur-commercial\/\" \/>\n<meta property=\"og:locale\" content=\"en_US\" \/>\n<meta property=\"og:type\" content=\"article\" \/>\n<meta property=\"og:title\" content=\"Cabinet de chasse de t\u00eate de directeur commercial\" \/>\n<meta property=\"og:description\" content=\"Un cabinet de recrutement utilise la m\u00e9thode de la chasse de t\u00eate pour d\u00e9nicher des profils cadres comme celui de directeur commercial. ImpactUp est un cabinet sp\u00e9cialis\u00e9 en chasse de t\u00eate pour faciliter le recrutement d\u2019un directeur commercial comp\u00e9tent.\" \/>\n<meta property=\"og:url\" content=\"https:\/\/impactup.com\/en\/glossaire\/cabinet-chasse-de-tete-directeur-commercial\/\" \/>\n<meta property=\"og:site_name\" content=\"ImpactUp\" \/>\n<meta property=\"article:modified_time\" content=\"2024-06-07T11:53:25+00:00\" \/>\n<meta property=\"og:image\" content=\"https:\/\/impactup.com\/wp-content\/uploads\/2021\/01\/og.jpg\" \/>\n\t<meta property=\"og:image:width\" content=\"1067\" \/>\n\t<meta property=\"og:image:height\" content=\"600\" \/>\n\t<meta property=\"og:image:type\" content=\"image\/jpeg\" \/>\n<meta name=\"twitter:card\" content=\"summary_large_image\" \/>\n<meta name=\"twitter:label1\" content=\"Est. reading time\" \/>\n\t<meta name=\"twitter:data1\" content=\"5 minutes\" \/>\n<script type=\"application\/ld+json\" class=\"yoast-schema-graph\">{\"@context\":\"https:\/\/schema.org\",\"@graph\":[{\"@type\":\"WebPage\",\"@id\":\"https:\/\/impactup.com\/en\/glossaire\/cabinet-chasse-de-tete-directeur-commercial\/\",\"url\":\"https:\/\/impactup.com\/en\/glossaire\/cabinet-chasse-de-tete-directeur-commercial\/\",\"name\":\"Cabinet de chasse de t\u00eate de directeur commercial\",\"isPartOf\":{\"@id\":\"https:\/\/impactup.com\/en\/#website\"},\"datePublished\":\"2024-06-06T09:57:03+00:00\",\"dateModified\":\"2024-06-07T11:53:25+00:00\",\"description\":\"Un cabinet de recrutement utilise la m\u00e9thode de la chasse de t\u00eate pour d\u00e9nicher des profils cadres comme celui de directeur commercial. ImpactUp est un cabinet sp\u00e9cialis\u00e9 en chasse de t\u00eate pour faciliter le recrutement d\u2019un directeur commercial comp\u00e9tent.\",\"breadcrumb\":{\"@id\":\"https:\/\/impactup.com\/en\/glossaire\/cabinet-chasse-de-tete-directeur-commercial\/#breadcrumb\"},\"inLanguage\":\"en-US\",\"potentialAction\":[{\"@type\":\"ReadAction\",\"target\":[\"https:\/\/impactup.com\/en\/glossaire\/cabinet-chasse-de-tete-directeur-commercial\/\"]}]},{\"@type\":\"BreadcrumbList\",\"@id\":\"https:\/\/impactup.com\/en\/glossaire\/cabinet-chasse-de-tete-directeur-commercial\/#breadcrumb\",\"itemListElement\":[{\"@type\":\"ListItem\",\"position\":1,\"name\":\"Accueil\",\"item\":\"https:\/\/impactup.com\/en\/\"},{\"@type\":\"ListItem\",\"position\":2,\"name\":\"Glossaire\",\"item\":\"https:\/\/impactup.com\/en\/glossaire\/\"},{\"@type\":\"ListItem\",\"position\":3,\"name\":\"Faire appel au cabinet ImpactUp pour la chasse de t\u00eate d\u2019un directeur commercial\"}]},{\"@type\":\"WebSite\",\"@id\":\"https:\/\/impactup.com\/en\/#website\",\"url\":\"https:\/\/impactup.com\/en\/\",\"name\":\"ImpactUp\",\"description\":\"Recrutement commerciaux, directions commerciales et fonctions marketing\",\"potentialAction\":[{\"@type\":\"SearchAction\",\"target\":{\"@type\":\"EntryPoint\",\"urlTemplate\":\"https:\/\/impactup.com\/en\/?s={search_term_string}\"},\"query-input\":{\"@type\":\"PropertyValueSpecification\",\"valueRequired\":true,\"valueName\":\"search_term_string\"}}],\"inLanguage\":\"en-US\"}]}<\/script>\n<!-- \/ Yoast SEO plugin. -->","yoast_head_json":{"title":"Cabinet de chasse de t\u00eate de directeur commercial","description":"Un cabinet de recrutement utilise la m\u00e9thode de la chasse de t\u00eate pour d\u00e9nicher des profils cadres comme celui de directeur commercial. ImpactUp est un cabinet sp\u00e9cialis\u00e9 en chasse de t\u00eate pour faciliter le recrutement d\u2019un directeur commercial comp\u00e9tent.","robots":{"index":"index","follow":"follow","max-snippet":"max-snippet:-1","max-image-preview":"max-image-preview:large","max-video-preview":"max-video-preview:-1"},"canonical":"https:\/\/impactup.com\/en\/glossaire\/cabinet-chasse-de-tete-directeur-commercial\/","og_locale":"en_US","og_type":"article","og_title":"Cabinet de chasse de t\u00eate de directeur commercial","og_description":"Un cabinet de recrutement utilise la m\u00e9thode de la chasse de t\u00eate pour d\u00e9nicher des profils cadres comme celui de directeur commercial. ImpactUp est un cabinet sp\u00e9cialis\u00e9 en chasse de t\u00eate pour faciliter le recrutement d\u2019un directeur commercial comp\u00e9tent.","og_url":"https:\/\/impactup.com\/en\/glossaire\/cabinet-chasse-de-tete-directeur-commercial\/","og_site_name":"ImpactUp","article_modified_time":"2024-06-07T11:53:25+00:00","og_image":[{"width":1067,"height":600,"url":"https:\/\/impactup.com\/wp-content\/uploads\/2021\/01\/og.jpg","type":"image\/jpeg"}],"twitter_card":"summary_large_image","twitter_misc":{"Est. reading time":"5 minutes"},"schema":{"@context":"https:\/\/schema.org","@graph":[{"@type":"WebPage","@id":"https:\/\/impactup.com\/en\/glossaire\/cabinet-chasse-de-tete-directeur-commercial\/","url":"https:\/\/impactup.com\/en\/glossaire\/cabinet-chasse-de-tete-directeur-commercial\/","name":"Cabinet de chasse de t\u00eate de directeur commercial","isPartOf":{"@id":"https:\/\/impactup.com\/en\/#website"},"datePublished":"2024-06-06T09:57:03+00:00","dateModified":"2024-06-07T11:53:25+00:00","description":"Un cabinet de recrutement utilise la m\u00e9thode de la chasse de t\u00eate pour d\u00e9nicher des profils cadres comme celui de directeur commercial. ImpactUp est un cabinet sp\u00e9cialis\u00e9 en chasse de t\u00eate pour faciliter le recrutement d\u2019un directeur commercial comp\u00e9tent.","breadcrumb":{"@id":"https:\/\/impactup.com\/en\/glossaire\/cabinet-chasse-de-tete-directeur-commercial\/#breadcrumb"},"inLanguage":"en-US","potentialAction":[{"@type":"ReadAction","target":["https:\/\/impactup.com\/en\/glossaire\/cabinet-chasse-de-tete-directeur-commercial\/"]}]},{"@type":"BreadcrumbList","@id":"https:\/\/impactup.com\/en\/glossaire\/cabinet-chasse-de-tete-directeur-commercial\/#breadcrumb","itemListElement":[{"@type":"ListItem","position":1,"name":"Accueil","item":"https:\/\/impactup.com\/en\/"},{"@type":"ListItem","position":2,"name":"Glossaire","item":"https:\/\/impactup.com\/en\/glossaire\/"},{"@type":"ListItem","position":3,"name":"Faire appel au cabinet ImpactUp pour la chasse de t\u00eate d\u2019un directeur commercial"}]},{"@type":"WebSite","@id":"https:\/\/impactup.com\/en\/#website","url":"https:\/\/impactup.com\/en\/","name":"ImpactUp","description":"Recrutement commerciaux, directions commerciales et fonctions marketing","potentialAction":[{"@type":"SearchAction","target":{"@type":"EntryPoint","urlTemplate":"https:\/\/impactup.com\/en\/?s={search_term_string}"},"query-input":{"@type":"PropertyValueSpecification","valueRequired":true,"valueName":"search_term_string"}}],"inLanguage":"en-US"}]}},"_links":{"self":[{"href":"https:\/\/impactup.com\/en\/wp-json\/wp\/v2\/pages\/25620","targetHints":{"allow":["GET"]}}],"collection":[{"href":"https:\/\/impactup.com\/en\/wp-json\/wp\/v2\/pages"}],"about":[{"href":"https:\/\/impactup.com\/en\/wp-json\/wp\/v2\/types\/page"}],"author":[{"embeddable":true,"href":"https:\/\/impactup.com\/en\/wp-json\/wp\/v2\/users\/4"}],"replies":[{"embeddable":true,"href":"https:\/\/impactup.com\/en\/wp-json\/wp\/v2\/comments?post=25620"}],"version-history":[{"count":3,"href":"https:\/\/impactup.com\/en\/wp-json\/wp\/v2\/pages\/25620\/revisions"}],"predecessor-version":[{"id":25623,"href":"https:\/\/impactup.com\/en\/wp-json\/wp\/v2\/pages\/25620\/revisions\/25623"}],"up":[{"embeddable":true,"href":"https:\/\/impactup.com\/en\/wp-json\/wp\/v2\/pages\/17218"}],"wp:attachment":[{"href":"https:\/\/impactup.com\/en\/wp-json\/wp\/v2\/media?parent=25620"}],"curies":[{"name":"wp","href":"https:\/\/api.w.org\/{rel}","templated":true}]}}