{"id":25615,"date":"2024-06-06T11:44:09","date_gmt":"2024-06-06T09:44:09","guid":{"rendered":"https:\/\/impactup.niou.dev\/?page_id=25615"},"modified":"2024-06-06T11:57:11","modified_gmt":"2024-06-06T09:57:11","slug":"cabinet-de-recrutement-directeur-marketing","status":"publish","type":"page","link":"https:\/\/impactup.com\/en\/glossaire\/cabinet-de-recrutement-directeur-marketing\/","title":{"rendered":"ImpactUp : un cabinet de choix pour le recrutement de votre directeur marketing"},"content":{"rendered":"<div class=\"wpb-content-wrapper\"><p>[vc_row][vc_column width=&#8221;1\/3&#8243;][vc_btn title=&#8221;Voir notre offre&#8221; color=&#8221;secondarycolor&#8221; align=&#8221;center&#8221; css=&#8221;&#8221; link=&#8221;url:https%3A%2F%2Fimpactup.com%2Frecrutement%2F&#8221;][\/vc_column][vc_column width=&#8221;1\/3&#8243;][vc_btn title=&#8221;Confiez-nous votre projet&#8221; color=&#8221;secondarycolor&#8221; align=&#8221;center&#8221; css=&#8221;&#8221; link=&#8221;url:https%3A%2F%2Fimpactup.com%2Fetude-personnalisee%2F&#8221;][\/vc_column][vc_column width=&#8221;1\/3&#8243;][vc_btn title=&#8221;Contactez-nous&#8221; color=&#8221;secondarycolor&#8221; align=&#8221;center&#8221; css=&#8221;&#8221; link=&#8221;url:https%3A%2F%2Fimpactup.com%2Fcontact%2F&#8221;][\/vc_column][\/vc_row][vc_row css=&#8221;.vc_custom_1717658386032{padding-top: 40px !important;padding-bottom: 20px !important;}&#8221;][vc_column][vc_column_text css=&#8221;&#8221;]<\/p>\n<section style=\"text-align: justify;\">\n<h2>ImpactUp : un cabinet de choix pour le recrutement de votre directeur marketing<\/h2>\n<p>Le succ\u00e8s d&#8217;une entreprise repose en grande partie sur la performance de son \u00e9quipe marketing. C&#8217;est pourquoi la s\u00e9lection d&#8217;un directeur marketing comp\u00e9tent et exp\u00e9riment\u00e9 est importante. Pour vous aider\u00a0 dans\u00a0 votre\u00a0 d\u00e9marche, <strong>ImpactUp<\/strong>, <a href=\"https:\/\/impactup.com\/glossaire\/cabinet-de-recrutement-directeur-des-ventes\"><strong>cabinet sp\u00e9cialis\u00e9 dans le recrutement de directeur marketing<\/strong><\/a>, met \u00e0 votre disposition son expertise et son r\u00e9seau de talents\u00a0 afin d\u2019identifier le candidat id\u00e9al pour votre entreprise.<\/p>\n<p><strong>ImpactUp<\/strong> ne se contente pas de \u00a0proposer des profils, mais s&#8217;engage \u00e0 vous accompagner tout au long du processus de recrutement, de la d\u00e9finition de vos besoins \u00e0 l&#8217;int\u00e9gration du nouveau directeur marketing au sein de vos \u00e9quipes, en passant par la formation de vos collaborateurs.<\/p>\n<\/section>\n<p>[\/vc_column_text][\/vc_column][\/vc_row][vc_row][vc_column width=&#8221;1\/3&#8243;][vc_btn title=&#8221;Voir notre offre&#8221; color=&#8221;secondarycolor&#8221; align=&#8221;center&#8221; css=&#8221;&#8221; link=&#8221;url:https%3A%2F%2Fimpactup.com%2Frecrutement%2F&#8221;][\/vc_column][vc_column width=&#8221;1\/3&#8243;][vc_btn title=&#8221;Confiez-nous votre projet&#8221; color=&#8221;secondarycolor&#8221; align=&#8221;center&#8221; css=&#8221;&#8221; link=&#8221;url:https%3A%2F%2Fimpactup.com%2Fetude-personnalisee%2F&#8221;][\/vc_column][vc_column width=&#8221;1\/3&#8243;][vc_btn title=&#8221;Contactez-nous&#8221; color=&#8221;secondarycolor&#8221; align=&#8221;center&#8221; css=&#8221;&#8221; link=&#8221;url:https%3A%2F%2Fimpactup.com%2Fcontact%2F&#8221;][\/vc_column][\/vc_row][vc_row css=&#8221;.vc_custom_1717658445522{padding-top: 40px !important;}&#8221;][vc_column][vc_column_text css=&#8221;&#8221;]<\/p>\n<section style=\"text-align: justify;\">\n<h2>Les services d&#8217;un cabinet de recrutement sp\u00e9cialis\u00e9<\/h2>\n<p>Un <a href=\"https:\/\/impactup.com\/glossaire\/cabinet-de-recrutement-direction-commerciale\"><strong>cabinet de recrutement<\/strong><\/a> sp\u00e9cialis\u00e9 en recherche de <a href=\"https:\/\/impactup.com\/glossaire\/cabinet-de-recrutement-direction-commerciale\"><strong>directeur de marketing<\/strong><\/a> est avant tout une agence qui a fait de cette t\u00e2che son c\u0153ur de m\u00e9tier. Elle dispose de ce fait de toutes les ressources techniques, technologiques et humaines requises pour effectuer les missions qui lui sont confi\u00e9es avec succ\u00e8s. C\u2019est \u00e9galement un professionnel qui conna\u00eet parfaitement les contraintes et sp\u00e9cificit\u00e9s des travaux et responsabilit\u00e9s incombant aux titulaires de ce poste, et ce quelle que soit la sp\u00e9cialit\u00e9 de l\u2019entreprise pour laquelle la personne choisie devra travailler.<\/p>\n<p>Ce type de cabinet sera de ce fait parfaitement en mesure de concevoir et de mettre en place une politique de recrutement, mais \u00e9galement de suivre le d\u00e9roulement et de prendre en charge les diff\u00e9rentes d\u00e9marches requises jusqu\u2019\u00e0 l\u2019embauche du candidat retenu. Dans le cas o\u00f9 les m\u00e9thodes conventionnelles de recrutement ne donnent pas de r\u00e9sultats satisfaisants, certains cabinets se transforment en redoutables chasseurs de t\u00eate. Ils vont ainsi prospecter chez les entreprises concurrentes pour savoir s\u2019il y a des directeurs marketing ouverts \u00e0 de nouvelles perspectives de carri\u00e8re.<\/p>\n<p>ImpactUp propose une large palette de prestations pour satisfaire \u00e0 tous les besoins des dirigeants d\u2019entreprises en mati\u00e8re de ressources humaines :<br \/>\n&#8211; une plateforme d\u2019\u00e9valuation qui comporte 4 familles d\u2019outils : TalentInitial\u00ae, TalentAttitude\u00ae, TalentBusiness\u00ae et TalentRelation\u00ae ;<br \/>\n&#8211; un outil en ligne SaaS d\u2019\u00e9valuation qui donne l\u2019opportunit\u00e9 d\u2019estimer la maitrise d\u2019une langue \u00e9trang\u00e8re propos\u00e9 en partenariat avec Pipplet.<\/p>\n<h2>Le r\u00f4le et la mission d&#8217;un directeur marketing\u00a0?<\/h2>\n<p>Le directeur marketing est responsable de la conception, de la mise en \u0153uvre et du suivi de la strat\u00e9gie marketing d\u2019une entreprise. De ses comp\u00e9tences et de ses qualit\u00e9s de gestionnaire et de commercial d\u00e9pendent une grande partie des performances de vente de la soci\u00e9t\u00e9. La teneur de ses t\u00e2ches et missions imposent de ce fait \u00e0 l\u2019entreprise de trouver une personne dont le savoir-faire et l\u2019exp\u00e9rience sont adapt\u00e9s \u00e0 la prise en charge du d\u00e9partement marketing. Il existe de nombreux candidats qui ont suivi des \u00e9tudes de marketing, et qui disposent d\u2019une certaine exp\u00e9rience dans le domaine. Toutefois, les v\u00e9ritables talents qui poss\u00e8dent \u00e0 la fois les connaissances techniques, les qualit\u00e9s manag\u00e9riales et les qualit\u00e9s humaines n\u00e9cessaires pour apporter une r\u00e9elle valeur ajout\u00e9e \u00e0 l\u2019entreprise, sont bien plus rares et sont parfois d\u00e9j\u00e0 en poste ailleurs.<\/p>\n<p>C\u2019est pourquoi il est recommand\u00e9 de faire appel aux services d\u2019un <a href=\"https:\/\/impactup.com\/glossaire\/recrutement-commercial\"><strong>cabinet de recrutement pour trouver un directeur marketing<\/strong><\/a>. Gr\u00e2ce \u00e0 son exp\u00e9rience, son \u00e9quipe saura d\u00e9nicher la perle rare que ce soit en termes de comp\u00e9tences, d\u2019expertise ou de qualit\u00e9s interpersonnelles.<\/p>\n<h2>Pourquoi faire appel \u00e0 un cabinet de recrutement sp\u00e9cialis\u00e9\u00a0?<\/h2>\n<p>Faire appel \u00e0 un <strong>cabinet de recrutement<\/strong> pour la recherche d\u2019un <strong>directeur marketing<\/strong> demeure une garantie d\u2019efficience pour toutes les organisations. Votre soci\u00e9t\u00e9 b\u00e9n\u00e9ficiera de conseils avis\u00e9s de sp\u00e9cialistes exp\u00e9riment\u00e9s et forts de plusieurs ann\u00e9es d\u2019exp\u00e9rience. Certains cabinets comme la n\u00f4tre, disposent d\u2019un service d\u00e9di\u00e9 \u00e0 vous accompagner dans la d\u00e9finition d\u2019une strat\u00e9gie sur le moyen terme.<\/p>\n<p>Ainsi, en confiant ce travail \u00e0 un sp\u00e9cialiste, vous avez l\u2019assurance de trouver rapidement le candidat id\u00e9al tout en \u00e9vitant une perte de temps. Vous pouvez ainsi continuer \u00e0 vous concentrer sur votre c\u0153ur de m\u00e9tier en toute s\u00e9r\u00e9nit\u00e9, avec la certitude que le cabinet g\u00e8re parfaitement le <strong>recrutement<\/strong> de votre nouveau <strong>directeur marketing<\/strong>.<\/p>\n<p>En outre, l\u2019externalisation du recrutement s\u2019av\u00e8re souvent plus \u00e9conomique qu\u2019un processus r\u00e9alis\u00e9 en interne. En effet, une telle d\u00e9marche suppose d\u2019engager \u00e0 temps plein certains collaborateurs, parfois pour r\u00e9aliser des t\u00e2ches longues et fastidieuses (r\u00e9ception et tri des CV). Cela suppose un co\u00fbt relativement important, alors que le r\u00e9sultat est parfois m\u00e9diocre, les recruteurs internes de l\u2019entreprise ne disposant pas toujours des comp\u00e9tences requises pour effectuer le processus comme il se doit. Chez un cabinet, chaque projet de recrutement est trait\u00e9 par des experts qui poss\u00e8dent une solide exp\u00e9rience dans le poste concern\u00e9, et qui pr\u00e9sentent en m\u00eame temps de solides comp\u00e9tences en mati\u00e8re de ressources humaines.<\/p>\n<h2>ImpactUp, le sp\u00e9cialiste du domaine commercial et marketing<\/h2>\n<p>B\u00e9n\u00e9ficiant de plus de 15 ans d\u2019exp\u00e9rience dans le domaine du recrutement de cadres commerciaux, <strong>ImpactUp<\/strong> est le <strong>cabinet<\/strong> qu\u2019il vous faut pour le <strong>recrutement <\/strong>de votre<strong> directeur marketing<\/strong>. Peu importe votre secteur ou votre envergure, nous sommes \u00e0 l\u2019\u00e9coute de vos besoins pour vous aider \u00e0 trouver celui qui pilotera l\u2019expansion de votre activit\u00e9. En effet, notre objectif est toujours de trouver un candidat capable de contribuer \u00e0 augmenter vos parts de march\u00e9.<\/p>\n<p>Parce que nous savons que le recrutement de tout cadre confirm\u00e9 est un processus difficile, nous vous offrons un accompagnement sur mesure depuis la d\u00e9termination du profil id\u00e9al jusqu\u2019\u00e0 la s\u00e9lection des meilleurs candidats, et m\u00eame durant la phase d\u2019int\u00e9gration. Nous pouvons \u00e9galement vous aider dans l\u2019\u00e9laboration d\u2019une strat\u00e9gie commerciale et marketing ad\u00e9quate en attendant que notre <strong>cabinet<\/strong> ait proc\u00e9d\u00e9 au <strong>recrutement <\/strong>de votre<strong> directeur marketing<\/strong>. Nous pouvons aussi vous aider dans la recherche de\u00a0: marchandiseur(euse), category manager, responsable de promotion des ventes, charg\u00e9(e) de marketing direct, d\u00e9l\u00e9gu\u00e9 commercial, ing\u00e9nieur commercial, responsable webmarketing et bien d\u2019autres encore.<\/p>\n<p>De nombreuses entreprises de France et d\u2019ailleurs nous ont choisis, convaincues par notre professionnalisme, nous avons recrut\u00e9 plus de 2000 managers et commerciaux. Les demandeurs d\u2019emploi \u00e9galement\u00a0: Les candidats peuvent compter sur des conseils d\u2019experts d\u2019<a href=\"https:\/\/impactup.com\"><strong>ImpactUp<\/strong><\/a> dans ce moment important de leur vie professionnelle. En se rapprochant d\u2019un cabinet de recrutement,\u00a0 les \u00a0candidats peuvent acc\u00e9der \u00e0 une pr\u00e9paration de qualit\u00e9 afin d\u2019augmenter son employabilit\u00e9.<\/p>\n<p>De plus, <strong>ImpactUp<\/strong> n\u2019est pas seulement une agence sp\u00e9cialis\u00e9e dans le recrutement des profils commerciaux. Nous assurons \u00e9galement la direction commerciale des entreprises qui sont en collaboration avec notre firme. Dans ce sens, nous pouvons r\u00e9aliser diverses missions telles que l\u2019organisation commerciale (plan de recrutement, formation des collaborateurs commerciaux\u2026), le pilotage de projet CRM, la d\u00e9finition des strat\u00e9gies commerciales \u2013 analyse de potentiel, SWOT, Business plan\u2026-, la motivation des \u00e9quipes commerciales \u2013 plans de r\u00e9mun\u00e9ration, s\u00e9minaires, team building\u2026-, etc.<\/p>\n<p>Nous disposons aussi d\u2019une division distribution et retail qui s\u2019occupe des clients \u00e0 la recherche de profils capables d\u2019interagir et d\u2019\u00e9tablir une relation de confiance avec les consommateurs. Nos \u00e9quipes sont issues du terrain \u00e0 100\u00a0% et recrutent ainsi dans des domaines et environnements dans lesquels elles maitrisent les contraintes et fondamentaux des m\u00e9tiers. De plus, nous avons \u00e0 c\u0153ur d\u2019apporter \u00e0 chaque client une solution sur mesure et un accompagnement dans la dur\u00e9e, et aux candidats des actions proactives de communication.<\/p>\n<p>Enfin, notre mission est de permettre \u00e0 nos clients d\u2019int\u00e9grer le meilleur profil afin qu\u2019ils puissent d\u00e9velopper leurs parts de march\u00e9. Notre approche bas\u00e9e sur le pragmatisme, la proximit\u00e9 et l\u2019exigence de r\u00e9sultat fait de nous un prestataire de r\u00e9f\u00e9rence dans notre m\u00e9tier. <strong>ImpactUp<\/strong> est ainsi class\u00e9 d\u00e8s la premi\u00e8re ann\u00e9e dans l\u2019enqu\u00eate des meilleurs cabinets de recrutement.<\/p>\n<h2>D\u00e9veloppez vos comp\u00e9tences RH avec ImpactUp Formation<\/h2>\n<p>Dans un monde en constante \u00e9volution, il est primordial pour les entreprises de disposer de talents dot\u00e9s des comp\u00e9tences ad\u00e9quates pour r\u00e9ussir. C&#8217;est pourquoi le <strong>cabinet de recrutement <\/strong>de<strong> directeur marketing ImpactUp<\/strong> Formation propose des modules de formation sur mesure anim\u00e9s par des consultants sp\u00e9cialis\u00e9s, afin d&#8217;accompagner les \u00e9quipes op\u00e9rationnelles et ressources humaines dans le d\u00e9veloppement de leurs aptitudes. Parmi nos domaines d&#8217;expertise figure le recrutement, un \u00e9l\u00e9ment cl\u00e9 pour identifier et attirer les meilleurs directeurs marketing.<\/p>\n<p>Nos formations d\u00e9di\u00e9es au recrutement de directeurs marketing vous permettront de construire et piloter des processus de recrutement efficaces, de structurer vos entretiens, d&#8217;utiliser des tests d&#8217;\u00e9valuation pertinents et de mettre en place des strat\u00e9gies pour capter et fid\u00e9liser les talents les plus prometteurs.<\/p>\n<p>En plus du recrutement, nous proposons \u00e9galement des formations sur le \u00a0style comportemental et de \u00a0management, afin de vous offrir une approche compl\u00e8te du d\u00e9veloppement des comp\u00e9tences RH.<\/p>\n<p>Si vous avez des demandes sp\u00e9cifiques, vous pouvez directement vous adresser \u00e0 notre \u00e9quipe qui est disponible sur le site ou dans nos locaux \u00e0 Paris, Bordeaux, Toulouse, Nantes, La Rochelle, Lyon et Lille.<\/p>\n<p>&nbsp;<\/p>\n<\/section>\n<p>[\/vc_column_text][\/vc_column][\/vc_row]<\/p>\n<\/div>","protected":false},"excerpt":{"rendered":"<p>[vc_row][vc_column width=&#8221;1\/3&#8243;][vc_btn title=&#8221;Voir notre offre&#8221; color=&#8221;secondarycolor&#8221; align=&#8221;center&#8221; css=&#8221;&#8221; link=&#8221;url:https%3A%2F%2Fimpactup.com%2Frecrutement%2F&#8221;][\/vc_column][vc_column width=&#8221;1\/3&#8243;][vc_btn title=&#8221;Confiez-nous votre projet&#8221; color=&#8221;secondarycolor&#8221; align=&#8221;center&#8221; css=&#8221;&#8221; link=&#8221;url:https%3A%2F%2Fimpactup.com%2Fetude-personnalisee%2F&#8221;][\/vc_column][vc_column width=&#8221;1\/3&#8243;][vc_btn title=&#8221;Contactez-nous&#8221; color=&#8221;secondarycolor&#8221; align=&#8221;center&#8221; css=&#8221;&#8221; link=&#8221;url:https%3A%2F%2Fimpactup.com%2Fcontact%2F&#8221;][\/vc_column][\/vc_row][vc_row css=&#8221;.vc_custom_1717658386032{padding-top: 40px !important;padding-bottom: 20px !important;}&#8221;][vc_column][vc_column_text css=&#8221;&#8221;] ImpactUp : un cabinet de choix pour le recrutement de votre directeur marketing Le succ\u00e8s d&#8217;une entreprise repose en grande partie sur la performance de son [&hellip;]<\/p>\n","protected":false},"author":4,"featured_media":0,"parent":17218,"menu_order":0,"comment_status":"closed","ping_status":"closed","template":"","meta":{"_monsterinsights_skip_tracking":false,"_monsterinsights_sitenote_active":false,"_monsterinsights_sitenote_note":"","_monsterinsights_sitenote_category":0,"footnotes":""},"class_list":["post-25615","page","type-page","status-publish","hentry"],"yoast_head":"<!-- This site is optimized with the Yoast SEO plugin v27.0 - https:\/\/yoast.com\/product\/yoast-seo-wordpress\/ -->\n<title>Quel cabinet pour le recrutement d\u2019un directeur commercial<\/title>\n<meta name=\"description\" content=\"Recrutement de directeur marketing : optez pour un cabinet sp\u00e9cialis\u00e9. ImpactUp : le cabinet expert du recrutement de directeur marketing et autres postes commerciaux.\" \/>\n<meta name=\"robots\" content=\"index, follow, max-snippet:-1, max-image-preview:large, max-video-preview:-1\" \/>\n<link rel=\"canonical\" href=\"https:\/\/impactup.com\/en\/glossaire\/cabinet-de-recrutement-directeur-marketing\/\" \/>\n<meta property=\"og:locale\" content=\"en_US\" \/>\n<meta property=\"og:type\" content=\"article\" \/>\n<meta property=\"og:title\" content=\"Quel cabinet pour le recrutement d\u2019un directeur commercial\" \/>\n<meta property=\"og:description\" content=\"Recrutement de directeur marketing : optez pour un cabinet sp\u00e9cialis\u00e9. ImpactUp : le cabinet expert du recrutement de directeur marketing et autres postes commerciaux.\" \/>\n<meta property=\"og:url\" content=\"https:\/\/impactup.com\/en\/glossaire\/cabinet-de-recrutement-directeur-marketing\/\" \/>\n<meta property=\"og:site_name\" content=\"ImpactUp\" \/>\n<meta property=\"article:modified_time\" content=\"2024-06-06T09:57:11+00:00\" \/>\n<meta property=\"og:image\" content=\"https:\/\/impactup.com\/wp-content\/uploads\/2021\/01\/og.jpg\" \/>\n\t<meta property=\"og:image:width\" content=\"1067\" \/>\n\t<meta property=\"og:image:height\" content=\"600\" \/>\n\t<meta property=\"og:image:type\" content=\"image\/jpeg\" \/>\n<meta name=\"twitter:card\" content=\"summary_large_image\" \/>\n<meta name=\"twitter:label1\" content=\"Est. reading time\" \/>\n\t<meta name=\"twitter:data1\" content=\"8 minutes\" \/>\n<script type=\"application\/ld+json\" class=\"yoast-schema-graph\">{\"@context\":\"https:\/\/schema.org\",\"@graph\":[{\"@type\":\"WebPage\",\"@id\":\"https:\/\/impactup.com\/en\/glossaire\/cabinet-de-recrutement-directeur-marketing\/\",\"url\":\"https:\/\/impactup.com\/en\/glossaire\/cabinet-de-recrutement-directeur-marketing\/\",\"name\":\"Quel cabinet pour le recrutement d\u2019un directeur commercial\",\"isPartOf\":{\"@id\":\"https:\/\/impactup.com\/en\/#website\"},\"datePublished\":\"2024-06-06T09:44:09+00:00\",\"dateModified\":\"2024-06-06T09:57:11+00:00\",\"description\":\"Recrutement de directeur marketing : optez pour un cabinet sp\u00e9cialis\u00e9. ImpactUp : le cabinet expert du recrutement de directeur marketing et autres postes commerciaux.\",\"breadcrumb\":{\"@id\":\"https:\/\/impactup.com\/en\/glossaire\/cabinet-de-recrutement-directeur-marketing\/#breadcrumb\"},\"inLanguage\":\"en-US\",\"potentialAction\":[{\"@type\":\"ReadAction\",\"target\":[\"https:\/\/impactup.com\/en\/glossaire\/cabinet-de-recrutement-directeur-marketing\/\"]}]},{\"@type\":\"BreadcrumbList\",\"@id\":\"https:\/\/impactup.com\/en\/glossaire\/cabinet-de-recrutement-directeur-marketing\/#breadcrumb\",\"itemListElement\":[{\"@type\":\"ListItem\",\"position\":1,\"name\":\"Accueil\",\"item\":\"https:\/\/impactup.com\/en\/\"},{\"@type\":\"ListItem\",\"position\":2,\"name\":\"Glossaire\",\"item\":\"https:\/\/impactup.com\/en\/glossaire\/\"},{\"@type\":\"ListItem\",\"position\":3,\"name\":\"ImpactUp : un cabinet de choix pour le recrutement de votre directeur marketing\"}]},{\"@type\":\"WebSite\",\"@id\":\"https:\/\/impactup.com\/en\/#website\",\"url\":\"https:\/\/impactup.com\/en\/\",\"name\":\"ImpactUp\",\"description\":\"Recrutement commerciaux, directions commerciales et fonctions marketing\",\"potentialAction\":[{\"@type\":\"SearchAction\",\"target\":{\"@type\":\"EntryPoint\",\"urlTemplate\":\"https:\/\/impactup.com\/en\/?s={search_term_string}\"},\"query-input\":{\"@type\":\"PropertyValueSpecification\",\"valueRequired\":true,\"valueName\":\"search_term_string\"}}],\"inLanguage\":\"en-US\"}]}<\/script>\n<!-- \/ Yoast SEO plugin. -->","yoast_head_json":{"title":"Quel cabinet pour le recrutement d\u2019un directeur commercial","description":"Recrutement de directeur marketing : optez pour un cabinet sp\u00e9cialis\u00e9. ImpactUp : le cabinet expert du recrutement de directeur marketing et autres postes commerciaux.","robots":{"index":"index","follow":"follow","max-snippet":"max-snippet:-1","max-image-preview":"max-image-preview:large","max-video-preview":"max-video-preview:-1"},"canonical":"https:\/\/impactup.com\/en\/glossaire\/cabinet-de-recrutement-directeur-marketing\/","og_locale":"en_US","og_type":"article","og_title":"Quel cabinet pour le recrutement d\u2019un directeur commercial","og_description":"Recrutement de directeur marketing : optez pour un cabinet sp\u00e9cialis\u00e9. ImpactUp : le cabinet expert du recrutement de directeur marketing et autres postes commerciaux.","og_url":"https:\/\/impactup.com\/en\/glossaire\/cabinet-de-recrutement-directeur-marketing\/","og_site_name":"ImpactUp","article_modified_time":"2024-06-06T09:57:11+00:00","og_image":[{"width":1067,"height":600,"url":"https:\/\/impactup.com\/wp-content\/uploads\/2021\/01\/og.jpg","type":"image\/jpeg"}],"twitter_card":"summary_large_image","twitter_misc":{"Est. reading time":"8 minutes"},"schema":{"@context":"https:\/\/schema.org","@graph":[{"@type":"WebPage","@id":"https:\/\/impactup.com\/en\/glossaire\/cabinet-de-recrutement-directeur-marketing\/","url":"https:\/\/impactup.com\/en\/glossaire\/cabinet-de-recrutement-directeur-marketing\/","name":"Quel cabinet pour le recrutement d\u2019un directeur commercial","isPartOf":{"@id":"https:\/\/impactup.com\/en\/#website"},"datePublished":"2024-06-06T09:44:09+00:00","dateModified":"2024-06-06T09:57:11+00:00","description":"Recrutement de directeur marketing : optez pour un cabinet sp\u00e9cialis\u00e9. ImpactUp : le cabinet expert du recrutement de directeur marketing et autres postes commerciaux.","breadcrumb":{"@id":"https:\/\/impactup.com\/en\/glossaire\/cabinet-de-recrutement-directeur-marketing\/#breadcrumb"},"inLanguage":"en-US","potentialAction":[{"@type":"ReadAction","target":["https:\/\/impactup.com\/en\/glossaire\/cabinet-de-recrutement-directeur-marketing\/"]}]},{"@type":"BreadcrumbList","@id":"https:\/\/impactup.com\/en\/glossaire\/cabinet-de-recrutement-directeur-marketing\/#breadcrumb","itemListElement":[{"@type":"ListItem","position":1,"name":"Accueil","item":"https:\/\/impactup.com\/en\/"},{"@type":"ListItem","position":2,"name":"Glossaire","item":"https:\/\/impactup.com\/en\/glossaire\/"},{"@type":"ListItem","position":3,"name":"ImpactUp : un cabinet de choix pour le recrutement de votre directeur marketing"}]},{"@type":"WebSite","@id":"https:\/\/impactup.com\/en\/#website","url":"https:\/\/impactup.com\/en\/","name":"ImpactUp","description":"Recrutement commerciaux, directions commerciales et fonctions marketing","potentialAction":[{"@type":"SearchAction","target":{"@type":"EntryPoint","urlTemplate":"https:\/\/impactup.com\/en\/?s={search_term_string}"},"query-input":{"@type":"PropertyValueSpecification","valueRequired":true,"valueName":"search_term_string"}}],"inLanguage":"en-US"}]}},"_links":{"self":[{"href":"https:\/\/impactup.com\/en\/wp-json\/wp\/v2\/pages\/25615","targetHints":{"allow":["GET"]}}],"collection":[{"href":"https:\/\/impactup.com\/en\/wp-json\/wp\/v2\/pages"}],"about":[{"href":"https:\/\/impactup.com\/en\/wp-json\/wp\/v2\/types\/page"}],"author":[{"embeddable":true,"href":"https:\/\/impactup.com\/en\/wp-json\/wp\/v2\/users\/4"}],"replies":[{"embeddable":true,"href":"https:\/\/impactup.com\/en\/wp-json\/wp\/v2\/comments?post=25615"}],"version-history":[{"count":3,"href":"https:\/\/impactup.com\/en\/wp-json\/wp\/v2\/pages\/25615\/revisions"}],"predecessor-version":[{"id":25619,"href":"https:\/\/impactup.com\/en\/wp-json\/wp\/v2\/pages\/25615\/revisions\/25619"}],"up":[{"embeddable":true,"href":"https:\/\/impactup.com\/en\/wp-json\/wp\/v2\/pages\/17218"}],"wp:attachment":[{"href":"https:\/\/impactup.com\/en\/wp-json\/wp\/v2\/media?parent=25615"}],"curies":[{"name":"wp","href":"https:\/\/api.w.org\/{rel}","templated":true}]}}