{"id":25610,"date":"2024-06-06T11:38:39","date_gmt":"2024-06-06T09:38:39","guid":{"rendered":"https:\/\/impactup.niou.dev\/?page_id=25610"},"modified":"2024-06-07T13:32:13","modified_gmt":"2024-06-07T11:32:13","slug":"agence-de-recrutement-distribution","status":"publish","type":"page","link":"https:\/\/impactup.com\/en\/glossaire\/agence-de-recrutement-distribution\/","title":{"rendered":"Agence de recrutement sp\u00e9cialiste de la distribution"},"content":{"rendered":"<div class=\"wpb-content-wrapper\"><p>[vc_row][vc_column width=&#8221;1\/3&#8243;][vc_btn title=&#8221;Voir notre offre&#8221; color=&#8221;secondarycolor&#8221; align=&#8221;center&#8221; css=&#8221;&#8221; link=&#8221;url:https%3A%2F%2Fimpactup.com%2Frecrutement%2F&#8221;][\/vc_column][vc_column width=&#8221;1\/3&#8243;][vc_btn title=&#8221;Confiez-nous votre projet&#8221; color=&#8221;secondarycolor&#8221; align=&#8221;center&#8221; css=&#8221;&#8221; link=&#8221;url:https%3A%2F%2Fimpactup.com%2Fetude-personnalisee%2F&#8221;][\/vc_column][vc_column width=&#8221;1\/3&#8243;][vc_btn title=&#8221;Contactez-nous&#8221; color=&#8221;secondarycolor&#8221; align=&#8221;center&#8221; css=&#8221;&#8221; link=&#8221;url:https%3A%2F%2Fimpactup.com%2Fcontact%2F&#8221;][\/vc_column][\/vc_row][vc_row css=&#8221;.vc_custom_1717658386032{padding-top: 40px !important;padding-bottom: 20px !important;}&#8221;][vc_column][vc_column_text css=&#8221;&#8221;]<\/p>\n<section style=\"text-align: justify;\">\n<h2><strong>Agence de recrutement sp\u00e9cialiste de la distribution<\/strong><\/h2>\n<p>Le recours \u00e0 une <a href=\"https:\/\/impactup.com\/glossaire\/agence-de-recrutement-commercial\"><strong>agence de recrutement<\/strong> <strong>pour embaucher dans la<\/strong> <strong>distribution<\/strong><\/a> implique de s\u2019adresser \u00e0 un cabinet sp\u00e9cialis\u00e9 dans ce domaine particulier. Cette option permettra d\u2019affiner la prospection en fonction des profils recherch\u00e9s. <strong>ImpactUp<\/strong> est un partenaire de r\u00e9f\u00e9rence pour le recrutement de talents destin\u00e9s aux fonctions commerciales et marketing auquel vous pouvez confier la t\u00e2che de trouver vos collaborateurs dans ces secteurs.<\/p>\n<\/section>\n<p>[\/vc_column_text][\/vc_column][\/vc_row][vc_row][vc_column width=&#8221;1\/3&#8243;][vc_btn title=&#8221;Voir notre offre&#8221; color=&#8221;secondarycolor&#8221; align=&#8221;center&#8221; css=&#8221;&#8221; link=&#8221;url:https%3A%2F%2Fimpactup.com%2Frecrutement%2F&#8221;][\/vc_column][vc_column width=&#8221;1\/3&#8243;][vc_btn title=&#8221;Confiez-nous votre projet&#8221; color=&#8221;secondarycolor&#8221; align=&#8221;center&#8221; css=&#8221;&#8221; link=&#8221;url:https%3A%2F%2Fimpactup.com%2Fetude-personnalisee%2F&#8221;][\/vc_column][vc_column width=&#8221;1\/3&#8243;][vc_btn title=&#8221;Contactez-nous&#8221; color=&#8221;secondarycolor&#8221; align=&#8221;center&#8221; css=&#8221;&#8221; link=&#8221;url:https%3A%2F%2Fimpactup.com%2Fcontact%2F&#8221;][\/vc_column][\/vc_row][vc_row css=&#8221;.vc_custom_1717658445522{padding-top: 40px !important;}&#8221;][vc_column][vc_column_text css=&#8221;&#8221;]<\/p>\n<section style=\"text-align: justify;\">\n<h2><strong>Agence de recrutement au service des entreprises de la distribution<\/strong><\/h2>\n<p>Le recours \u00e0 une <a href=\"https:\/\/impactup.com\/glossaire\/agence-de-recrutement-commerciaux\"><strong>agence de recrutement<\/strong> <strong>sp\u00e9cialiste des m\u00e9tiers de la<\/strong> <strong>distribution<\/strong><\/a> est pr\u00e9f\u00e9rable pour embaucher des professionnels de ce secteur. ImpactUP est une structure sp\u00e9cialis\u00e9e dans le recrutement de profils de haut niveau et experts m\u00e9tiers) sur des p\u00f4les d\u2019expertise relatifs au marketing, au commerce et \u00e0 la grande distribution : charg\u00e9(e) de marketing direct, responsable de promotion des ventes, ing\u00e9nieur commercial, responsable webmarketing, d\u00e9l\u00e9gu\u00e9 commercial, marchandiseur(euse), category manager, et \u00e0 tous les postes strat\u00e9giques de l\u2019organisation : directeur(trice) de magasin, directeur(trice) de marque, directeur(trice) commercial(e)key account manager, digital marketing manager, etc.<\/p>\n<h2><strong>Recrutement pour la grande distribution, une op\u00e9ration d\u00e9licate<\/strong><\/h2>\n<p>La grande distribution est un secteur prosp\u00e8re et en constante \u00e9volution. En effet, elle innove de mani\u00e8re permanente afin de r\u00e9pondre aux besoins des consommateurs et pour rester comp\u00e9titive dans un march\u00e9 tr\u00e8s concurrentiel. Il s\u2019agit \u00e9galement d\u2019un secteur prometteur en termes d\u2019emplois et d\u2019opportunit\u00e9s de carri\u00e8re. La grande distribution compte, en effet, plus de 750 000 salari\u00e9s en France et regroupe plus de\u00a030 000 points de vente\u00a0en 2014 (source\u00a0: LSA) avec un chiffre d\u2019affaires annuel de plus de 300 milliards. \u00c0 noter \u00e9galement que les professionnels \u00e9voluant dans ce domaine\u00a0sont relativement jeunes\u00a0(42 % de salari\u00e9s de moins de 35 ans) dont la majorit\u00e9 b\u00e9n\u00e9ficie d&#8217;un CDI (contrat \u00e0 dur\u00e9e ind\u00e9termin\u00e9e). De par ce constat, il para\u00eet donc ais\u00e9 pour les demandeurs d\u2019emploi de trouver des offres int\u00e9ressantes dans le secteur de la grande distribution. Mais pour les soci\u00e9t\u00e9s de <strong>distribution<\/strong>, ce n\u2019est pas vraiment le cas, car sans l\u2019aide d\u2019une <strong>agence de recrutement<\/strong>, elles peineront \u00e0 trouver des collaborateurs efficaces. En effet, le march\u00e9 du travail dans la grande distribution est en constante \u00e9volution. De plus, bien que ce ne soient pas les candidats qui manquent, ce sont surtout les comp\u00e9tences et les profils requis qui transforment le recrutement de cadres pour divers postes \u00e0 responsabilit\u00e9 pour ce secteur en un v\u00e9ritable parcours du combattant.<\/p>\n<p>Par ailleurs, certains aspects du m\u00e9tier peuvent sembler r\u00e9barbatifs aux personnes les plus adapt\u00e9es \u00e9tant donn\u00e9 les nombreuses contraintes auxquelles les horaires et les conditions de travail sont soumis. Il est donc assez normal que les entreprises aient du mal \u00e0 trouver du personnel et optent pour les services de cabinets sp\u00e9cialis\u00e9s. Pour assurer l\u2019efficacit\u00e9 des candidats s\u00e9lectionn\u00e9s dans leurs futures missions, <strong>ImpactUp<\/strong> les accompagne et les conseille pour les aider \u00e0 bien int\u00e9grer leur nouveau milieu de travail.<\/p>\n<p>Charg\u00e9(e) de marketing direct, responsable webmarketing, d\u00e9l\u00e9gu\u00e9 commercial ou encore responsable de promotion des ventes. Les postes de la distribution ont diverses d\u00e9nominations. Ce qui est s\u00fbr, c\u2019est que chacun d\u2019entre eux repr\u00e9sente un enjeu majeur de d\u00e9veloppement pour l\u2019entreprise concern\u00e9e.<\/p>\n<h2><strong>Pourquoi confier le recrutement des cadres et agents commerciaux \u00e0 une agence sp\u00e9cialis\u00e9e\u00a0?<\/strong><\/h2>\n<p>Les soci\u00e9t\u00e9s de distribution ont besoin d\u2019un grand nombre d\u2019agents et de cadres commerciaux (dirigeants ou ex\u00e9cutifs) performants qui se distinguent par leurs comp\u00e9tences. Pour disposer d\u2019\u00e9quipes commerciales gagnantes, il faut les composer avec des membres dont le savoir-faire et les qualit\u00e9s se compl\u00e8tent, dirig\u00e9s par des gestionnaires efficaces.<\/p>\n<p>Or, trouver les bonnes personnes pour chaque poste est loin d\u2019\u00eatre une t\u00e2che facile dans le secteur de la <strong>distribution<\/strong>. Se tourner vers une <strong>agence de recrutement<\/strong> s\u2019av\u00e8re alors \u00eatre la solution id\u00e9ale pour former ou compl\u00e9ter une \u00e9quipe. Le recours \u00e0 un cabinet pour g\u00e9rer vos embauches reste une garantie d\u2019efficacit\u00e9 pour tous les dirigeants, en parall\u00e8le il pourra aussi vous assister dans la d\u00e9finition d\u2019une strat\u00e9gie.<\/p>\n<p>Nous appuyant sur un savoir-faire acquis sur plus d\u2019une quinzaine d\u2019ann\u00e9es d\u2019existence, nous avons mis sur pied une approche de recrutement tout \u00e0 fait innovante. Vu notre parcours, nous sommes conscients des principaux besoins du march\u00e9 de l\u2019emploi dans l\u2019industrie de la distribution. ImpactUp travaille ainsi en \u00e9troite collaboration avec les clients pour trouver les meilleurs candidats dans toute la France.<\/p>\n<p><strong>ImpactUP<\/strong> met en \u0153uvre diff\u00e9rentes techniques pour placer le profil id\u00e9al, conform\u00e9ment aux exigences de l\u2019employeur :<\/p>\n<ul>\n<li>une plateforme d\u2019\u00e9valuation qui comporte 4 familles d\u2019outils : TalentBusiness\u00ae, TalentInitial\u00ae, TalentRelation\u00ae et TalentAttitude\u00ae ;<\/li>\n<li>un service en ligne SaaS d&#8217;\u00e9valuation qui permet de jauger les bases de comp\u00e9tences dans une langue \u00e9trang\u00e8re et ainsi de renforcer ses capacit\u00e9s en langues \u00e9trang\u00e8res propos\u00e9 en collaboration avec Pipplet.<\/li>\n<\/ul>\n<h2><strong>Les avantages du recours \u00e0 une agence de recrutement<\/strong><\/h2>\n<p>Des agences de recrutement dot\u00e9es d\u2019experts en strat\u00e9gie d\u2019entreprise ont souvent un p\u00f4le d\u00e9di\u00e9 \u00e0 r\u00e9soudre des questions sp\u00e9cifiques\u00a0li\u00e9es \u00e0 la strat\u00e9gie sur le moyen ou long terme. Les consultants intervenant au nom d\u2019une telle agence disposent du savoir-faire n\u00e9cessaire pour mener \u00e0 bien une mission de recrutement.<\/p>\n<p>Le plus souvent issus du milieu professionnel, ces consultants justifient de plusieurs ann\u00e9es d\u2019exp\u00e9rience dans le commerce et de la distribution. Ils connaissent de ce fait parfaitement les postes \u00e0 pourvoir et les exigences du m\u00e9tier. En outre, l\u2019agence de recrutement met en \u0153uvre des solutions innovantes pour trouver parmi les candidatures recueillies celle qui correspond au mieux \u00e0 l\u2019attente de ses clients. De nombreux groupes de diff\u00e9rentes nationalit\u00e9s s\u2019adressent \u00e0 nous, convaincus par le professionnalisme de nos \u00e9quipes de consultants-recruteurs et de nos chasseurs de t\u00eate.<\/p>\n<p>Chez <strong>ImpactUp<\/strong>, nous nous sommes entour\u00e9s des meilleurs recruteurs et consultants de France. Chacun d\u2019entre eux ayant eu un parcours diff\u00e9rent, notre compl\u00e9mentarit\u00e9 fait notre force. Recourir au service de nos collaborateurs \u00e0 travers les antennes <strong>ImpactUp<\/strong> repr\u00e9sente pour vous une r\u00e9elle opportunit\u00e9. En effet, nous sommes pr\u00e9sents dans les principales agglom\u00e9rations fran\u00e7aises (Paris, Toulouse, Lyon, Lille, Nantes, La Rochelle, etc.)<\/p>\n<h2><strong>La chasse de t\u00eate, une option de recrutement \u00e0 envisager<\/strong><\/h2>\n<p>Parfois, notamment lorsque les sp\u00e9cificit\u00e9s de la place \u00e0 pourvoir et les profils requis sont complexes ou inhabituels, trouver des candidats va s\u2019apparenter \u00e0 un parcours du combattant. Dans d\u2019autres cas, l\u2019offre pour la cat\u00e9gorie de poste est nettement sup\u00e9rieure \u00e0 la demande de sorte que le nombre de postulants est tr\u00e8s limit\u00e9, voire inexistant.<\/p>\n<p>Quand les voies classiques ne donnent pas les r\u00e9sultats attendus, ou lorsqu\u2019il faut d\u00e9nicher quelqu\u2019un en urgence, la chasse de t\u00eate devient une option int\u00e9ressante pour l\u2019<a href=\"https:\/\/impactup.com\/glossaire\/cabinet-de-recrutement-distribution\"><strong>agence de recrutement <\/strong><strong>sp\u00e9cialis\u00e9 dans la<\/strong> <strong>distribution<\/strong><\/a>. Aussi appel\u00e9e m\u00e9thode par approche directe, cette technique consiste \u00e0 aller chercher le candidat id\u00e9al parmi des personnes qui n\u2019ont pas forc\u00e9ment le profil ou les comp\u00e9tences recherch\u00e9es, mais qui pr\u00e9sentent toutes les aptitudes pour assumer le poste avec efficacit\u00e9. Il s\u2019agira ensuite de les convaincre d\u2019accepter le poste. Les recruteurs d\u2019ImpactUp peuvent se transformer en redoutables chasseurs de t\u00eate en cas de n\u00e9cessit\u00e9.<\/p>\n<h2><strong>Comment choisir une agence de recrutement\u00a0?<\/strong><\/h2>\n<p>Faire appel \u00e0 une <strong>agence de recrutement sp\u00e9cialis\u00e9 dans la<\/strong> <strong>distribution <\/strong>n\u2019est pas tout si vous souhaitez trouver le candidat id\u00e9al. Encore faut-il bien choisir le cabinet avec qui collaborer. Pour le savoir, voici les param\u00e8tres \u00e0 consid\u00e9rer\u00a0:<\/p>\n<ul>\n<li>Les m\u00e9thodes et outils de recrutement<\/li>\n<\/ul>\n<p>Il est important de se renseigner sur la fa\u00e7on de travailler de votre futur partenaire RH\u00a0: les outils de travail qu\u2019il utilise, la plateforme de diffusion des annonces, le responsable de la recherche et du traitement des candidatures, etc.<\/p>\n<ul>\n<li>La notori\u00e9t\u00e9<\/li>\n<\/ul>\n<p>Pour optimiser les chances de trouver le bon candidat, il est essentiel de travailler avec une agence r\u00e9put\u00e9e sur le march\u00e9 de recrutement. Pour le v\u00e9rifier, r\u00e9f\u00e9rez-vous aux avis laiss\u00e9s par les clients sur Internet ou votre r\u00e9seau RH.<\/p>\n<ul>\n<li>La communication<\/li>\n<\/ul>\n<p>Les qualit\u00e9s humaines comptent aussi \u00e9norm\u00e9ment dans le choix d\u2019une agence de recrutement. Aussi, il est important que votre interlocuteur puisse cerner votre activit\u00e9 et la culture de votre entreprise d\u00e8s la premi\u00e8re entrevue.<\/p>\n<h2><strong>Vous avez un poste \u00e0 pourvoir dans la distribution\u00a0? Faites appel \u00e0 l\u2019agence de recrutement ImpactUP<\/strong><\/h2>\n<p>L\u2019<strong>agence de recrutement <\/strong>ImpactUP est sp\u00e9cialis\u00e9e dans les fonctions commerciales et marketing. Elle est compos\u00e9e de consultants qui ont \u00e9volu\u00e9 pendant plusieurs ann\u00e9es dans le monde de la <strong>distribution<\/strong>. Ils ont les comp\u00e9tences et les qualit\u00e9s requises par chaque poste commercial, que ce soit pour un cadre, un technicien ou un employ\u00e9 qualifi\u00e9.<\/p>\n<p>Notre \u00e9quipe de professionnels conseille, d\u2019ailleurs, les PME et grands comptes \u00e9voluant dans le circuit de la distribution\u00a0: e-commerce, grossiste, e-business, distribution alimentaire, CHR, Luxe, GMS, distribution sp\u00e9cialis\u00e9e, CHD, circuits s\u00e9lectifs\u2026<\/p>\n<p>Nous intervenons ainsi dans trois domaines\u00a0: organisation et reingeniering (modification de structure, vision d\u2019entreprise, mise en place de mode projet au sein d\u2019\u00e9quipes op\u00e9rationnelles et de direction), formation sur-mesure (vente et conseil de vente, \u00e9volution du client et dimensions cl\u00e9s des vendeurs, management de la performance\u2026) et accompagnement (reprise en main d\u2019\u00e9quipe).<\/p>\n<p>Recourir au service d\u2019une telle agence de recrutement est donc tout \u00e0 fait opportun pour les entreprises de distribution qui envisagent de cr\u00e9er ou de compl\u00e9ter son \u00e9quipe commerciale. Dans la conduite de leur mission de recrutement, les agents d\u2019<a href=\"https:\/\/impactup.com\/\"><strong>ImpactUP<\/strong><\/a> mettent en \u0153uvre un processus et des m\u00e9thodes innovantes. Ils trouveront dans les meilleurs d\u00e9lais la personne qui convient parfaitement \u00e0 un poste vacant dans la <strong>distribution<\/strong>.<\/p>\n<\/section>\n<p>[\/vc_column_text][\/vc_column][\/vc_row]<\/p>\n<\/div>","protected":false},"excerpt":{"rendered":"<p>[vc_row][vc_column width=&#8221;1\/3&#8243;][vc_btn title=&#8221;Voir notre offre&#8221; color=&#8221;secondarycolor&#8221; align=&#8221;center&#8221; css=&#8221;&#8221; link=&#8221;url:https%3A%2F%2Fimpactup.com%2Frecrutement%2F&#8221;][\/vc_column][vc_column width=&#8221;1\/3&#8243;][vc_btn title=&#8221;Confiez-nous votre projet&#8221; color=&#8221;secondarycolor&#8221; align=&#8221;center&#8221; css=&#8221;&#8221; link=&#8221;url:https%3A%2F%2Fimpactup.com%2Fetude-personnalisee%2F&#8221;][\/vc_column][vc_column width=&#8221;1\/3&#8243;][vc_btn title=&#8221;Contactez-nous&#8221; color=&#8221;secondarycolor&#8221; align=&#8221;center&#8221; css=&#8221;&#8221; link=&#8221;url:https%3A%2F%2Fimpactup.com%2Fcontact%2F&#8221;][\/vc_column][\/vc_row][vc_row css=&#8221;.vc_custom_1717658386032{padding-top: 40px !important;padding-bottom: 20px !important;}&#8221;][vc_column][vc_column_text css=&#8221;&#8221;] Agence de recrutement sp\u00e9cialiste de la distribution Le recours \u00e0 une agence de recrutement pour embaucher dans la distribution implique de s\u2019adresser \u00e0 un cabinet sp\u00e9cialis\u00e9 [&hellip;]<\/p>\n","protected":false},"author":4,"featured_media":0,"parent":17218,"menu_order":0,"comment_status":"closed","ping_status":"closed","template":"","meta":{"_monsterinsights_skip_tracking":false,"_monsterinsights_sitenote_active":false,"_monsterinsights_sitenote_note":"","_monsterinsights_sitenote_category":0,"footnotes":""},"class_list":["post-25610","page","type-page","status-publish","hentry"],"yoast_head":"<!-- This site is optimized with the Yoast SEO plugin v27.0 - https:\/\/yoast.com\/product\/yoast-seo-wordpress\/ -->\n<title>Agence de recrutement pour le secteur de la distribution<\/title>\n<meta name=\"description\" content=\"Faire appel \u00e0 une agence de recrutement sp\u00e9cialiste de la distribution en France. ImpactUp est une agence de recrutement experte du secteur de la distribution.\" \/>\n<meta name=\"robots\" content=\"index, follow, max-snippet:-1, max-image-preview:large, max-video-preview:-1\" \/>\n<link rel=\"canonical\" href=\"https:\/\/impactup.com\/en\/glossaire\/agence-de-recrutement-distribution\/\" \/>\n<meta property=\"og:locale\" content=\"en_US\" \/>\n<meta property=\"og:type\" content=\"article\" \/>\n<meta property=\"og:title\" content=\"Agence de recrutement pour le secteur de la distribution\" \/>\n<meta property=\"og:description\" content=\"Faire appel \u00e0 une agence de recrutement sp\u00e9cialiste de la distribution en France. ImpactUp est une agence de recrutement experte du secteur de la distribution.\" \/>\n<meta property=\"og:url\" content=\"https:\/\/impactup.com\/en\/glossaire\/agence-de-recrutement-distribution\/\" \/>\n<meta property=\"og:site_name\" content=\"ImpactUp\" \/>\n<meta property=\"article:modified_time\" content=\"2024-06-07T11:32:13+00:00\" \/>\n<meta property=\"og:image\" content=\"https:\/\/impactup.com\/wp-content\/uploads\/2021\/01\/og.jpg\" \/>\n\t<meta property=\"og:image:width\" content=\"1067\" \/>\n\t<meta property=\"og:image:height\" content=\"600\" \/>\n\t<meta property=\"og:image:type\" content=\"image\/jpeg\" \/>\n<meta name=\"twitter:card\" content=\"summary_large_image\" \/>\n<meta name=\"twitter:label1\" content=\"Est. reading time\" \/>\n\t<meta name=\"twitter:data1\" content=\"9 minutes\" \/>\n<script type=\"application\/ld+json\" class=\"yoast-schema-graph\">{\"@context\":\"https:\/\/schema.org\",\"@graph\":[{\"@type\":\"WebPage\",\"@id\":\"https:\/\/impactup.com\/en\/glossaire\/agence-de-recrutement-distribution\/\",\"url\":\"https:\/\/impactup.com\/en\/glossaire\/agence-de-recrutement-distribution\/\",\"name\":\"Agence de recrutement pour le secteur de la distribution\",\"isPartOf\":{\"@id\":\"https:\/\/impactup.com\/en\/#website\"},\"datePublished\":\"2024-06-06T09:38:39+00:00\",\"dateModified\":\"2024-06-07T11:32:13+00:00\",\"description\":\"Faire appel \u00e0 une agence de recrutement sp\u00e9cialiste de la distribution en France. ImpactUp est une agence de recrutement experte du secteur de la distribution.\",\"breadcrumb\":{\"@id\":\"https:\/\/impactup.com\/en\/glossaire\/agence-de-recrutement-distribution\/#breadcrumb\"},\"inLanguage\":\"en-US\",\"potentialAction\":[{\"@type\":\"ReadAction\",\"target\":[\"https:\/\/impactup.com\/en\/glossaire\/agence-de-recrutement-distribution\/\"]}]},{\"@type\":\"BreadcrumbList\",\"@id\":\"https:\/\/impactup.com\/en\/glossaire\/agence-de-recrutement-distribution\/#breadcrumb\",\"itemListElement\":[{\"@type\":\"ListItem\",\"position\":1,\"name\":\"Accueil\",\"item\":\"https:\/\/impactup.com\/en\/\"},{\"@type\":\"ListItem\",\"position\":2,\"name\":\"Glossaire\",\"item\":\"https:\/\/impactup.com\/en\/glossaire\/\"},{\"@type\":\"ListItem\",\"position\":3,\"name\":\"Agence de recrutement sp\u00e9cialiste de la distribution\"}]},{\"@type\":\"WebSite\",\"@id\":\"https:\/\/impactup.com\/en\/#website\",\"url\":\"https:\/\/impactup.com\/en\/\",\"name\":\"ImpactUp\",\"description\":\"Recrutement commerciaux, directions commerciales et fonctions marketing\",\"potentialAction\":[{\"@type\":\"SearchAction\",\"target\":{\"@type\":\"EntryPoint\",\"urlTemplate\":\"https:\/\/impactup.com\/en\/?s={search_term_string}\"},\"query-input\":{\"@type\":\"PropertyValueSpecification\",\"valueRequired\":true,\"valueName\":\"search_term_string\"}}],\"inLanguage\":\"en-US\"}]}<\/script>\n<!-- \/ Yoast SEO plugin. -->","yoast_head_json":{"title":"Agence de recrutement pour le secteur de la distribution","description":"Faire appel \u00e0 une agence de recrutement sp\u00e9cialiste de la distribution en France. ImpactUp est une agence de recrutement experte du secteur de la distribution.","robots":{"index":"index","follow":"follow","max-snippet":"max-snippet:-1","max-image-preview":"max-image-preview:large","max-video-preview":"max-video-preview:-1"},"canonical":"https:\/\/impactup.com\/en\/glossaire\/agence-de-recrutement-distribution\/","og_locale":"en_US","og_type":"article","og_title":"Agence de recrutement pour le secteur de la distribution","og_description":"Faire appel \u00e0 une agence de recrutement sp\u00e9cialiste de la distribution en France. ImpactUp est une agence de recrutement experte du secteur de la distribution.","og_url":"https:\/\/impactup.com\/en\/glossaire\/agence-de-recrutement-distribution\/","og_site_name":"ImpactUp","article_modified_time":"2024-06-07T11:32:13+00:00","og_image":[{"width":1067,"height":600,"url":"https:\/\/impactup.com\/wp-content\/uploads\/2021\/01\/og.jpg","type":"image\/jpeg"}],"twitter_card":"summary_large_image","twitter_misc":{"Est. reading time":"9 minutes"},"schema":{"@context":"https:\/\/schema.org","@graph":[{"@type":"WebPage","@id":"https:\/\/impactup.com\/en\/glossaire\/agence-de-recrutement-distribution\/","url":"https:\/\/impactup.com\/en\/glossaire\/agence-de-recrutement-distribution\/","name":"Agence de recrutement pour le secteur de la distribution","isPartOf":{"@id":"https:\/\/impactup.com\/en\/#website"},"datePublished":"2024-06-06T09:38:39+00:00","dateModified":"2024-06-07T11:32:13+00:00","description":"Faire appel \u00e0 une agence de recrutement sp\u00e9cialiste de la distribution en France. ImpactUp est une agence de recrutement experte du secteur de la distribution.","breadcrumb":{"@id":"https:\/\/impactup.com\/en\/glossaire\/agence-de-recrutement-distribution\/#breadcrumb"},"inLanguage":"en-US","potentialAction":[{"@type":"ReadAction","target":["https:\/\/impactup.com\/en\/glossaire\/agence-de-recrutement-distribution\/"]}]},{"@type":"BreadcrumbList","@id":"https:\/\/impactup.com\/en\/glossaire\/agence-de-recrutement-distribution\/#breadcrumb","itemListElement":[{"@type":"ListItem","position":1,"name":"Accueil","item":"https:\/\/impactup.com\/en\/"},{"@type":"ListItem","position":2,"name":"Glossaire","item":"https:\/\/impactup.com\/en\/glossaire\/"},{"@type":"ListItem","position":3,"name":"Agence de recrutement sp\u00e9cialiste de la distribution"}]},{"@type":"WebSite","@id":"https:\/\/impactup.com\/en\/#website","url":"https:\/\/impactup.com\/en\/","name":"ImpactUp","description":"Recrutement commerciaux, directions commerciales et fonctions marketing","potentialAction":[{"@type":"SearchAction","target":{"@type":"EntryPoint","urlTemplate":"https:\/\/impactup.com\/en\/?s={search_term_string}"},"query-input":{"@type":"PropertyValueSpecification","valueRequired":true,"valueName":"search_term_string"}}],"inLanguage":"en-US"}]}},"_links":{"self":[{"href":"https:\/\/impactup.com\/en\/wp-json\/wp\/v2\/pages\/25610","targetHints":{"allow":["GET"]}}],"collection":[{"href":"https:\/\/impactup.com\/en\/wp-json\/wp\/v2\/pages"}],"about":[{"href":"https:\/\/impactup.com\/en\/wp-json\/wp\/v2\/types\/page"}],"author":[{"embeddable":true,"href":"https:\/\/impactup.com\/en\/wp-json\/wp\/v2\/users\/4"}],"replies":[{"embeddable":true,"href":"https:\/\/impactup.com\/en\/wp-json\/wp\/v2\/comments?post=25610"}],"version-history":[{"count":3,"href":"https:\/\/impactup.com\/en\/wp-json\/wp\/v2\/pages\/25610\/revisions"}],"predecessor-version":[{"id":25616,"href":"https:\/\/impactup.com\/en\/wp-json\/wp\/v2\/pages\/25610\/revisions\/25616"}],"up":[{"embeddable":true,"href":"https:\/\/impactup.com\/en\/wp-json\/wp\/v2\/pages\/17218"}],"wp:attachment":[{"href":"https:\/\/impactup.com\/en\/wp-json\/wp\/v2\/media?parent=25610"}],"curies":[{"name":"wp","href":"https:\/\/api.w.org\/{rel}","templated":true}]}}