{"id":25600,"date":"2024-06-07T11:56:01","date_gmt":"2024-06-07T09:56:01","guid":{"rendered":"https:\/\/impactup.niou.dev\/?page_id=25600"},"modified":"2024-06-07T16:25:02","modified_gmt":"2024-06-07T14:25:02","slug":"cabinet-de-recrutement-directeur-general","status":"publish","type":"page","link":"https:\/\/impactup.com\/en\/glossaire\/cabinet-de-recrutement-directeur-general\/","title":{"rendered":"ImpactUp, un cabinet de recrutement expert pour trouver votre directeur g\u00e9n\u00e9ral"},"content":{"rendered":"<div class=\"wpb-content-wrapper\"><p>[vc_row][vc_column width=&#8221;1\/3&#8243;][vc_btn title=&#8221;Voir notre offre&#8221; color=&#8221;secondarycolor&#8221; align=&#8221;center&#8221; css=&#8221;&#8221; link=&#8221;url:https%3A%2F%2Fimpactup.com%2Frecrutement%2F&#8221;][\/vc_column][vc_column width=&#8221;1\/3&#8243;][vc_btn title=&#8221;Confiez-nous votre projet&#8221; color=&#8221;secondarycolor&#8221; align=&#8221;center&#8221; css=&#8221;&#8221; link=&#8221;url:https%3A%2F%2Fimpactup.com%2Fetude-personnalisee%2F&#8221;][\/vc_column][vc_column width=&#8221;1\/3&#8243;][vc_btn title=&#8221;Contactez-nous&#8221; color=&#8221;secondarycolor&#8221; align=&#8221;center&#8221; css=&#8221;&#8221; link=&#8221;url:https%3A%2F%2Fimpactup.com%2Fcontact%2F&#8221;][\/vc_column][\/vc_row][vc_row css=&#8221;.vc_custom_1717658386032{padding-top: 40px !important;padding-bottom: 20px !important;}&#8221;][vc_column][vc_column_text css=&#8221;&#8221;]<\/p>\n<section style=\"text-align: justify;\">\n<h2><strong>ImpactUp, un cabinet de recrutement expert pour trouver votre directeur g\u00e9n\u00e9ral<\/strong><\/h2>\n<p>Faire appel \u00e0 un <a href=\"https:\/\/impactup.com\/glossaire\/cabinet-de-recrutement-en-france\"><strong>cabinet<\/strong> <strong>de recrutement sp\u00e9cialis\u00e9 pour le poste de<\/strong> <strong>directeur g\u00e9n\u00e9ral<\/strong><\/a> est une solution judicieuse. Le choix du dirigeant est en effet d\u00e9terminant pour assurer le d\u00e9veloppement et la p\u00e9rennit\u00e9 de la soci\u00e9t\u00e9. Dans cette d\u00e9marche, un cabinet exp\u00e9riment\u00e9 comme <strong>ImpactUp<\/strong>\u00a0 constitue un alli\u00e9 de choix. Expert dans le recrutement de cadres dirigeants, notre cabinet met \u00e0 votre disposition son savoir-faire et ses ressources pour trouver le candidat id\u00e9al.<\/p>\n<\/section>\n<p>[\/vc_column_text][\/vc_column][\/vc_row][vc_row][vc_column width=&#8221;1\/3&#8243;][vc_btn title=&#8221;Voir notre offre&#8221; color=&#8221;secondarycolor&#8221; align=&#8221;center&#8221; css=&#8221;&#8221; link=&#8221;url:https%3A%2F%2Fimpactup.com%2Frecrutement%2F&#8221;][\/vc_column][vc_column width=&#8221;1\/3&#8243;][vc_btn title=&#8221;Confiez-nous votre projet&#8221; color=&#8221;secondarycolor&#8221; align=&#8221;center&#8221; css=&#8221;&#8221; link=&#8221;url:https%3A%2F%2Fimpactup.com%2Fetude-personnalisee%2F&#8221;][\/vc_column][vc_column width=&#8221;1\/3&#8243;][vc_btn title=&#8221;Contactez-nous&#8221; color=&#8221;secondarycolor&#8221; align=&#8221;center&#8221; css=&#8221;&#8221; link=&#8221;url:https%3A%2F%2Fimpactup.com%2Fcontact%2F&#8221;][\/vc_column][\/vc_row][vc_row css=&#8221;.vc_custom_1717658445522{padding-top: 40px !important;}&#8221;][vc_column][vc_column_text css=&#8221;&#8221;]<\/p>\n<section style=\"text-align: justify;\">\n<h2><strong>Le r\u00f4le central du directeur g\u00e9n\u00e9ral dans une entreprise<\/strong><\/h2>\n<p>Le directeur g\u00e9n\u00e9ral incarne la vision et la strat\u00e9gie de l\u2019entreprise. Son r\u00f4le d\u00e9passe largement la simple gestion op\u00e9rationnelle, car il est charg\u00e9 de d\u00e9finir les objectifs \u00e0 long terme, de prendre des d\u00e9cisions strat\u00e9giques et de garantir la bonne marche de l\u2019organisation dans son ensemble. Le DG supervise l\u2019ensemble des d\u00e9partements, coordonne les \u00e9quipes et veille \u00e0 ce que les ressources soient utilis\u00e9es de mani\u00e8re optimale pour atteindre les objectifs fix\u00e9s.<\/p>\n<p>Il est \u00e9galement responsable de la gestion des risques, de la recherche de nouvelles opportunit\u00e9s de croissance et de l\u2019adaptation de l\u2019entreprise aux \u00e9volutions du march\u00e9. Le DG est en somme le pilier sur lequel repose la performance et la p\u00e9rennit\u00e9 de l\u2019entreprise. Ainsi, il est essentiel de choisir un directeur g\u00e9n\u00e9ral pour assurer le succ\u00e8s et la croissance continue de l\u2019entreprise.<\/p>\n<h2><strong>Comment identifier un bon directeur g\u00e9n\u00e9ral\u00a0?<\/strong><\/h2>\n<p>Un directeur g\u00e9n\u00e9ral \u00e9tablit les valeurs et la culture d\u2019une entreprise. Il est aussi impliqu\u00e9 dans toutes les op\u00e9rations organisationnelles et financi\u00e8res de l\u2019entreprise. Alors, comment savoir s\u2019il s\u2019agit d\u2019un candidat vraiment qualifi\u00e9 et comp\u00e9tent\u00a0?<\/p>\n<p>Pour ce faire, vous pouvez proc\u00e9der \u00e0 une v\u00e9rification des rapports de solvabilit\u00e9. Ces derniers sont disponibles sur certaines plateformes et permettent de conna\u00eetre le rapport entre le dirigeant et la performance de l\u2019entreprise. Gr\u00e2ce \u00e0 l\u2019historique financier int\u00e9gral d\u2019une entreprise, vous pouvez voir si la situation a chang\u00e9 pendant la p\u00e9riode d\u2019administration de celui que vous envisagez de recruter.<\/p>\n<p>Par ailleurs, les plateformes professionnelles permettent d\u2019en savoir davantage sur le parcours professionnel d\u2019un directeur.\u00a0 Aussi, n\u2019h\u00e9sitez pas \u00e0 scruter minutieusement le profil des candidats potentiels. Il est aussi important de se m\u00e9fier de ceux qui ont une liste importante de mandats ant\u00e9rieurs. Aussi, mieux vaut r\u00e9aliser quelques recherches sur ce qui a mal tourn\u00e9 dans les entreprises qu\u2019ils ont dirig\u00e9es.<\/p>\n<p>Pour mieux vous concentrer sur le c\u0153ur de votre m\u00e9tier et assurer la r\u00e9ussite de votre projet de recrutement de <a href=\"https:\/\/impactup.com\/glossaire\/chasseur-de-t%C3%AAte\"><strong>directeur g\u00e9n\u00e9ral<\/strong>, <strong>confiez cette t\u00e2che \u00e0 un<\/strong> <strong>cabinet de recrutement <\/strong><\/a>sp\u00e9cialis\u00e9.<\/p>\n<h2><strong>Pourquoi opter pour un cabinet lors du recrutement d\u2019un directeur g\u00e9n\u00e9ral\u00a0?<\/strong><\/h2>\n<p>Recruter un cadre dirigeant n\u2019est pas facile, car les candidats talentueux ne courent pas les rues. En effet, rares sont les profils de directeur qui sont \u00e0 la recherche d\u2019un emploi. Le plus souvent, ils sont d\u00e9j\u00e0 en poste ou se trouvent dans une situation transitoire. Dans tous les cas, ils attendent une meilleure opportunit\u00e9 et sont relativement exigeants. Il ne suffit plus de passer des annonces.<\/p>\n<p>Il est donc plus int\u00e9ressant pour les entreprises de faire appel \u00e0 un cabinet de recrutement pour pouvoir mettre la main sur un directeur g\u00e9n\u00e9ral qui correspond au profil recherch\u00e9. Gr\u00e2ce \u00e0 ses r\u00e9seaux et sa collaboration avec l\u2019agence allemande Market Mission, <strong>ImpactUP<\/strong> peut approcher les candidats inaccessibles pour les services des ressources humaines des entreprises.<\/p>\n<p>Par ailleurs, un processus de recrutement peut prendre beaucoup de temps et n\u00e9cessite la mobilisation de nombreux moyens s\u2019il est effectu\u00e9 en interne. En m\u00eame temps, l\u2019int\u00e9gration du nouveau collaborateur peut s\u2019av\u00e9rer d\u00e9licate, surtout s\u2019il s\u2019agit d\u2019un cadre dirigeant. Un cabinet de recrutement peut assister le nouveau venu et l\u2019aider \u00e0 \u00e9tablir une relation productive avec son \u00e9quipe. Chez <strong>ImpactUP<\/strong>, nos consultants peuvent accompagner la personne recrut\u00e9e en bin\u00f4me pendant une certaine dur\u00e9e.<\/p>\n<h2><strong>Quel type de cabinet s\u00e9lectionner pour le recrutement d\u2019un directeur g\u00e9n\u00e9ral\u00a0?<\/strong><\/h2>\n<p>Il existe diff\u00e9rents types d\u2019agences. Il y a d\u2019abord les g\u00e9n\u00e9ralistes et les sp\u00e9cialis\u00e9es. Les g\u00e9n\u00e9ralistes conviennent surtout aux m\u00e9tiers administratifs (juriste, comptable, secr\u00e9taire, etc.), mais ne r\u00e9pondent pas aux besoins des postes qui exigent des qualit\u00e9s humaines bien d\u00e9termin\u00e9es. Pour \u00e9valuer ce type de candidat, il est imp\u00e9ratif d\u2019avoir exerc\u00e9 le m\u00e9tier soi-m\u00eame.<\/p>\n<p>C\u2019est l\u00e0 le principal avantage du cabinet sp\u00e9cialis\u00e9 pour le recrutement d\u2019un directeur g\u00e9n\u00e9ral\u00a0: le candidat sera s\u00e9lectionn\u00e9 par un consultant qui connait parfaitement le m\u00e9tier, et qui peut appr\u00e9hender avec justesse les enjeux du domaine concern\u00e9. Chez <strong>ImpactUP<\/strong>, les consultants sont des personnes de terrain qui disposent d\u2019une exp\u00e9rience probante dans le poste \u00e0 pourvoir, tout en pr\u00e9sentant des comp\u00e9tences et qualit\u00e9s en mati\u00e8re de ressources humaines et de management.<\/p>\n<p>Pour les postes qui exigent de v\u00e9ritables perles rares, les entreprises peuvent faire appel \u00e0 des chasseurs de t\u00eates. Ces derniers se chargent de contacter les \u00ab\u00a0candidats\u00a0\u00bb d\u00e9j\u00e0 en poste afin de les convaincre \u00e0 rejoindre l\u2019entreprise qui recrute. C\u2019est parfois une solution qui s\u2019impose lorsqu\u2019il s\u2019agit de trouver un collaborateur de talent.<\/p>\n<h2><strong>ImpactUP, agence sp\u00e9cialis\u00e9e qui se soucie avant tout des performances de l\u2019entreprise<\/strong><\/h2>\n<p><a href=\"https:\/\/impactup.com\/glossaire\/cabinet-de-recrutement-dirigeant-commercial\"><strong>Cabinet de recrutement sp\u00e9cialis\u00e9 dans les domaines commercial et marketing<\/strong><\/a>, ImpactUP est tout indiqu\u00e9 pour la recherche d\u2019un directeur g\u00e9n\u00e9ral. Notre principale pr\u00e9occupation durant le processus de recrutement, c\u2019est de trouver des candidats qui r\u00e9unissent l\u2019expertise technique et les qualit\u00e9s humaines requises pour faire avancer l\u2019entreprise dans la voie de la croissance.<\/p>\n<p><strong>ImpactUP<\/strong> est un prestataire reconnu comme un acteur de premier plan dans le recrutement de profils de haut niveau et experts m\u00e9tiers) sur des p\u00f4les d\u2019expertise li\u00e9s au marketing et au commerce\u00a0: responsable webmarketing, d\u00e9l\u00e9gu\u00e9 commercial, responsable de promotion des ventes, ing\u00e9nieur commercial, charg\u00e9(e) de marketing direct, category manager, business developer, et \u00e0 toutes les fonctions-cl\u00e9s de l\u2019organisation\u00a0: directeur(trice) de la relation client, sales administrator, directeur(trice) de magasin, keyaccount manager, directeur(trice) de marque, et bien d\u2019autres encore. Nous nous chargeons de tous vos projets de recrutement de la collecte et de la s\u00e9lection des dossiers jusqu\u2019\u00e0 l\u2019embauche d\u00e9finitive. Nous faisons tout pour vous proposer \u00e9galement le profil correspondant \u00e0 vos crit\u00e8res. Dans ce sens, ImpactUP met en \u0153uvre diff\u00e9rentes strat\u00e9gies pour trouver le profil id\u00e9al, conform\u00e9ment aux exigences du recruteur\u00a0:<\/p>\n<ul>\n<li>un outil en ligne SaaS permettant d\u2019\u00e9valuer les capacit\u00e9s linguistiques du candidat. Celui-ci est propos\u00e9 en partenariat avec Pipplet\u00a0;<\/li>\n<li>une plateforme d\u2019\u00e9valuation qui repose sur 4 gammes d\u2019outils\u00a0: TalentBusiness\u00ae, TalentInitial\u00ae, TalentRelation\u00ae et TalentAttitude\u00ae.<\/li>\n<\/ul>\n<p>Comme nous privil\u00e9gions aussi le savoir-\u00eatre dans notre recherche, nous r\u00e9alisons dans la majorit\u00e9 des cas, des tests de personnalit\u00e9.<\/p>\n<p>Par ailleurs, <strong>ImpactUp<\/strong> peut prendre en charge la direction commerciale des PME et des grandes entreprises\u00a0en assurant diverses missions telles que<strong> l\u2019<\/strong>organisation commerciale (plan de recrutement, la d\u00e9finition des strat\u00e9gies commerciales, la formation des collaborateurs commerciaux\u2026), le pilotage de projet CRM, la motivation des \u00e9quipes commerciales, etc. Il dispose \u00e9galement d\u2019une division distribution et retail qui accompagne les clients dans la recherche de candidats de valeur capables d\u2019\u00e9tablir une relation de confiance avec les consommateurs. De m\u00eame, son \u00e9quipe peut assurer le coaching de vos collaborateurs\u00a0: directeur de magasin, directeur export, responsable merchandising, responsable de boutique\u2026<\/p>\n<p>Les candidats peuvent compter sur les conseils personnalis\u00e9s d\u2019<a href=\"https:\/\/impactup.com\/\"><strong>ImpactUP<\/strong><\/a> pour atteindre leurs objectifs professionnels. Nous sommes le partenaire id\u00e9al de nombreuses entreprises et bas\u00e9es dans diff\u00e9rents pays, convaincues par notre professionnalisme.<\/p>\n<\/section>\n<p>[\/vc_column_text][\/vc_column][\/vc_row]<\/p>\n<\/div>","protected":false},"excerpt":{"rendered":"<p>[vc_row][vc_column width=&#8221;1\/3&#8243;][vc_btn title=&#8221;Voir notre offre&#8221; color=&#8221;secondarycolor&#8221; align=&#8221;center&#8221; css=&#8221;&#8221; link=&#8221;url:https%3A%2F%2Fimpactup.com%2Frecrutement%2F&#8221;][\/vc_column][vc_column width=&#8221;1\/3&#8243;][vc_btn title=&#8221;Confiez-nous votre projet&#8221; color=&#8221;secondarycolor&#8221; align=&#8221;center&#8221; css=&#8221;&#8221; link=&#8221;url:https%3A%2F%2Fimpactup.com%2Fetude-personnalisee%2F&#8221;][\/vc_column][vc_column width=&#8221;1\/3&#8243;][vc_btn title=&#8221;Contactez-nous&#8221; color=&#8221;secondarycolor&#8221; align=&#8221;center&#8221; css=&#8221;&#8221; link=&#8221;url:https%3A%2F%2Fimpactup.com%2Fcontact%2F&#8221;][\/vc_column][\/vc_row][vc_row css=&#8221;.vc_custom_1717658386032{padding-top: 40px !important;padding-bottom: 20px !important;}&#8221;][vc_column][vc_column_text css=&#8221;&#8221;] ImpactUp, un cabinet de recrutement expert pour trouver votre directeur g\u00e9n\u00e9ral Faire appel \u00e0 un cabinet de recrutement sp\u00e9cialis\u00e9 pour le poste de directeur g\u00e9n\u00e9ral est [&hellip;]<\/p>\n","protected":false},"author":4,"featured_media":0,"parent":17218,"menu_order":0,"comment_status":"closed","ping_status":"closed","template":"","meta":{"_monsterinsights_skip_tracking":false,"_monsterinsights_sitenote_active":false,"_monsterinsights_sitenote_note":"","_monsterinsights_sitenote_category":0,"footnotes":""},"class_list":["post-25600","page","type-page","status-publish","hentry"],"yoast_head":"<!-- This site is optimized with the Yoast SEO plugin v27.0 - https:\/\/yoast.com\/product\/yoast-seo-wordpress\/ -->\n<title>Cabinet de recrutement pour trouver un directeur g\u00e9n\u00e9ral comp\u00e9tent<\/title>\n<meta name=\"description\" content=\"Pour le recrutement d\u2019un directeur g\u00e9n\u00e9ral, il est conseill\u00e9 de se rapprocher d\u2019un cabinet. ImpactUp est un cabinet de recrutement qui vous aide \u00e0 d\u00e9nicher votre directeur g\u00e9n\u00e9ral.\" \/>\n<meta name=\"robots\" content=\"index, follow, max-snippet:-1, max-image-preview:large, max-video-preview:-1\" \/>\n<link rel=\"canonical\" href=\"https:\/\/impactup.com\/en\/glossaire\/cabinet-de-recrutement-directeur-general\/\" \/>\n<meta property=\"og:locale\" content=\"en_US\" \/>\n<meta property=\"og:type\" content=\"article\" \/>\n<meta property=\"og:title\" content=\"Cabinet de recrutement pour trouver un directeur g\u00e9n\u00e9ral comp\u00e9tent\" \/>\n<meta property=\"og:description\" content=\"Pour le recrutement d\u2019un directeur g\u00e9n\u00e9ral, il est conseill\u00e9 de se rapprocher d\u2019un cabinet. ImpactUp est un cabinet de recrutement qui vous aide \u00e0 d\u00e9nicher votre directeur g\u00e9n\u00e9ral.\" \/>\n<meta property=\"og:url\" content=\"https:\/\/impactup.com\/en\/glossaire\/cabinet-de-recrutement-directeur-general\/\" \/>\n<meta property=\"og:site_name\" content=\"ImpactUp\" \/>\n<meta property=\"article:modified_time\" content=\"2024-06-07T14:25:02+00:00\" \/>\n<meta property=\"og:image\" content=\"https:\/\/impactup.com\/wp-content\/uploads\/2021\/01\/og.jpg\" \/>\n\t<meta property=\"og:image:width\" content=\"1067\" \/>\n\t<meta property=\"og:image:height\" content=\"600\" \/>\n\t<meta property=\"og:image:type\" content=\"image\/jpeg\" \/>\n<meta name=\"twitter:card\" content=\"summary_large_image\" \/>\n<meta name=\"twitter:label1\" content=\"Est. reading time\" \/>\n\t<meta name=\"twitter:data1\" content=\"7 minutes\" \/>\n<script type=\"application\/ld+json\" class=\"yoast-schema-graph\">{\"@context\":\"https:\/\/schema.org\",\"@graph\":[{\"@type\":\"WebPage\",\"@id\":\"https:\/\/impactup.com\/en\/glossaire\/cabinet-de-recrutement-directeur-general\/\",\"url\":\"https:\/\/impactup.com\/en\/glossaire\/cabinet-de-recrutement-directeur-general\/\",\"name\":\"Cabinet de recrutement pour trouver un directeur g\u00e9n\u00e9ral comp\u00e9tent\",\"isPartOf\":{\"@id\":\"https:\/\/impactup.com\/en\/#website\"},\"datePublished\":\"2024-06-07T09:56:01+00:00\",\"dateModified\":\"2024-06-07T14:25:02+00:00\",\"description\":\"Pour le recrutement d\u2019un directeur g\u00e9n\u00e9ral, il est conseill\u00e9 de se rapprocher d\u2019un cabinet. ImpactUp est un cabinet de recrutement qui vous aide \u00e0 d\u00e9nicher votre directeur g\u00e9n\u00e9ral.\",\"breadcrumb\":{\"@id\":\"https:\/\/impactup.com\/en\/glossaire\/cabinet-de-recrutement-directeur-general\/#breadcrumb\"},\"inLanguage\":\"en-US\",\"potentialAction\":[{\"@type\":\"ReadAction\",\"target\":[\"https:\/\/impactup.com\/en\/glossaire\/cabinet-de-recrutement-directeur-general\/\"]}]},{\"@type\":\"BreadcrumbList\",\"@id\":\"https:\/\/impactup.com\/en\/glossaire\/cabinet-de-recrutement-directeur-general\/#breadcrumb\",\"itemListElement\":[{\"@type\":\"ListItem\",\"position\":1,\"name\":\"Accueil\",\"item\":\"https:\/\/impactup.com\/en\/\"},{\"@type\":\"ListItem\",\"position\":2,\"name\":\"Glossaire\",\"item\":\"https:\/\/impactup.com\/en\/glossaire\/\"},{\"@type\":\"ListItem\",\"position\":3,\"name\":\"ImpactUp, un cabinet de recrutement expert pour trouver votre directeur g\u00e9n\u00e9ral\"}]},{\"@type\":\"WebSite\",\"@id\":\"https:\/\/impactup.com\/en\/#website\",\"url\":\"https:\/\/impactup.com\/en\/\",\"name\":\"ImpactUp\",\"description\":\"Recrutement commerciaux, directions commerciales et fonctions marketing\",\"potentialAction\":[{\"@type\":\"SearchAction\",\"target\":{\"@type\":\"EntryPoint\",\"urlTemplate\":\"https:\/\/impactup.com\/en\/?s={search_term_string}\"},\"query-input\":{\"@type\":\"PropertyValueSpecification\",\"valueRequired\":true,\"valueName\":\"search_term_string\"}}],\"inLanguage\":\"en-US\"}]}<\/script>\n<!-- \/ Yoast SEO plugin. -->","yoast_head_json":{"title":"Cabinet de recrutement pour trouver un directeur g\u00e9n\u00e9ral comp\u00e9tent","description":"Pour le recrutement d\u2019un directeur g\u00e9n\u00e9ral, il est conseill\u00e9 de se rapprocher d\u2019un cabinet. ImpactUp est un cabinet de recrutement qui vous aide \u00e0 d\u00e9nicher votre directeur g\u00e9n\u00e9ral.","robots":{"index":"index","follow":"follow","max-snippet":"max-snippet:-1","max-image-preview":"max-image-preview:large","max-video-preview":"max-video-preview:-1"},"canonical":"https:\/\/impactup.com\/en\/glossaire\/cabinet-de-recrutement-directeur-general\/","og_locale":"en_US","og_type":"article","og_title":"Cabinet de recrutement pour trouver un directeur g\u00e9n\u00e9ral comp\u00e9tent","og_description":"Pour le recrutement d\u2019un directeur g\u00e9n\u00e9ral, il est conseill\u00e9 de se rapprocher d\u2019un cabinet. ImpactUp est un cabinet de recrutement qui vous aide \u00e0 d\u00e9nicher votre directeur g\u00e9n\u00e9ral.","og_url":"https:\/\/impactup.com\/en\/glossaire\/cabinet-de-recrutement-directeur-general\/","og_site_name":"ImpactUp","article_modified_time":"2024-06-07T14:25:02+00:00","og_image":[{"width":1067,"height":600,"url":"https:\/\/impactup.com\/wp-content\/uploads\/2021\/01\/og.jpg","type":"image\/jpeg"}],"twitter_card":"summary_large_image","twitter_misc":{"Est. reading time":"7 minutes"},"schema":{"@context":"https:\/\/schema.org","@graph":[{"@type":"WebPage","@id":"https:\/\/impactup.com\/en\/glossaire\/cabinet-de-recrutement-directeur-general\/","url":"https:\/\/impactup.com\/en\/glossaire\/cabinet-de-recrutement-directeur-general\/","name":"Cabinet de recrutement pour trouver un directeur g\u00e9n\u00e9ral comp\u00e9tent","isPartOf":{"@id":"https:\/\/impactup.com\/en\/#website"},"datePublished":"2024-06-07T09:56:01+00:00","dateModified":"2024-06-07T14:25:02+00:00","description":"Pour le recrutement d\u2019un directeur g\u00e9n\u00e9ral, il est conseill\u00e9 de se rapprocher d\u2019un cabinet. ImpactUp est un cabinet de recrutement qui vous aide \u00e0 d\u00e9nicher votre directeur g\u00e9n\u00e9ral.","breadcrumb":{"@id":"https:\/\/impactup.com\/en\/glossaire\/cabinet-de-recrutement-directeur-general\/#breadcrumb"},"inLanguage":"en-US","potentialAction":[{"@type":"ReadAction","target":["https:\/\/impactup.com\/en\/glossaire\/cabinet-de-recrutement-directeur-general\/"]}]},{"@type":"BreadcrumbList","@id":"https:\/\/impactup.com\/en\/glossaire\/cabinet-de-recrutement-directeur-general\/#breadcrumb","itemListElement":[{"@type":"ListItem","position":1,"name":"Accueil","item":"https:\/\/impactup.com\/en\/"},{"@type":"ListItem","position":2,"name":"Glossaire","item":"https:\/\/impactup.com\/en\/glossaire\/"},{"@type":"ListItem","position":3,"name":"ImpactUp, un cabinet de recrutement expert pour trouver votre directeur g\u00e9n\u00e9ral"}]},{"@type":"WebSite","@id":"https:\/\/impactup.com\/en\/#website","url":"https:\/\/impactup.com\/en\/","name":"ImpactUp","description":"Recrutement commerciaux, directions commerciales et fonctions marketing","potentialAction":[{"@type":"SearchAction","target":{"@type":"EntryPoint","urlTemplate":"https:\/\/impactup.com\/en\/?s={search_term_string}"},"query-input":{"@type":"PropertyValueSpecification","valueRequired":true,"valueName":"search_term_string"}}],"inLanguage":"en-US"}]}},"_links":{"self":[{"href":"https:\/\/impactup.com\/en\/wp-json\/wp\/v2\/pages\/25600","targetHints":{"allow":["GET"]}}],"collection":[{"href":"https:\/\/impactup.com\/en\/wp-json\/wp\/v2\/pages"}],"about":[{"href":"https:\/\/impactup.com\/en\/wp-json\/wp\/v2\/types\/page"}],"author":[{"embeddable":true,"href":"https:\/\/impactup.com\/en\/wp-json\/wp\/v2\/users\/4"}],"replies":[{"embeddable":true,"href":"https:\/\/impactup.com\/en\/wp-json\/wp\/v2\/comments?post=25600"}],"version-history":[{"count":1,"href":"https:\/\/impactup.com\/en\/wp-json\/wp\/v2\/pages\/25600\/revisions"}],"predecessor-version":[{"id":25813,"href":"https:\/\/impactup.com\/en\/wp-json\/wp\/v2\/pages\/25600\/revisions\/25813"}],"up":[{"embeddable":true,"href":"https:\/\/impactup.com\/en\/wp-json\/wp\/v2\/pages\/17218"}],"wp:attachment":[{"href":"https:\/\/impactup.com\/en\/wp-json\/wp\/v2\/media?parent=25600"}],"curies":[{"name":"wp","href":"https:\/\/api.w.org\/{rel}","templated":true}]}}