{"id":25592,"date":"2024-06-06T11:14:09","date_gmt":"2024-06-06T09:14:09","guid":{"rendered":"https:\/\/impactup.niou.dev\/?page_id=25592"},"modified":"2024-06-07T13:22:48","modified_gmt":"2024-06-07T11:22:48","slug":"agence-de-recrutement-commercial","status":"publish","type":"page","link":"https:\/\/impactup.com\/en\/glossaire\/agence-de-recrutement-commercial\/","title":{"rendered":"Embaucher un commercial avec l\u2019aide d\u2019une agence de recrutement exp\u00e9riment\u00e9e"},"content":{"rendered":"<div class=\"wpb-content-wrapper\"><p>[vc_row][vc_column width=&#8221;1\/3&#8243;][vc_btn title=&#8221;Voir notre offre&#8221; color=&#8221;secondarycolor&#8221; align=&#8221;center&#8221; css=&#8221;&#8221; link=&#8221;url:https%3A%2F%2Fimpactup.com%2Frecrutement%2F&#8221;][\/vc_column][vc_column width=&#8221;1\/3&#8243;][vc_btn title=&#8221;Confiez-nous votre projet&#8221; color=&#8221;secondarycolor&#8221; align=&#8221;center&#8221; css=&#8221;&#8221; link=&#8221;url:https%3A%2F%2Fimpactup.com%2Fetude-personnalisee%2F&#8221;][\/vc_column][vc_column width=&#8221;1\/3&#8243;][vc_btn title=&#8221;Contactez-nous&#8221; color=&#8221;secondarycolor&#8221; align=&#8221;center&#8221; css=&#8221;&#8221; link=&#8221;url:https%3A%2F%2Fimpactup.com%2Fcontact%2F&#8221;][\/vc_column][\/vc_row][vc_row css=&#8221;.vc_custom_1717658386032{padding-top: 40px !important;padding-bottom: 20px !important;}&#8221;][vc_column][vc_column_text css=&#8221;&#8221;]<\/p>\n<section style=\"text-align: justify;\">\n<h2><strong>Embaucher un commercial avec l\u2019aide d\u2019une agence de recrutement exp\u00e9riment\u00e9e<\/strong><\/h2>\n<p>De nombreuses entreprises choisissent de faire appel \u00e0 une <a href=\"https:\/\/impactup.com\/glossaire\/agence-de-recrutement-commerciaux\"><strong>agence de recrutement<\/strong> <strong>pour trouver un<\/strong> <strong>commercial<\/strong><\/a> pouvant r\u00e9pondre \u00e0 leurs attentes. Le recours \u00e0 un cabinet sp\u00e9cialis\u00e9 permet d\u2019optimiser les chances de d\u00e9nicher la perle rare. <strong>ImpactUp<\/strong> est recruteur et chasseur de t\u00eate pour les fonctions commerciales depuis plusieurs ann\u00e9es.<\/p>\n<\/section>\n<p>[\/vc_column_text][\/vc_column][\/vc_row][vc_row][vc_column width=&#8221;1\/3&#8243;][vc_btn title=&#8221;Voir notre offre&#8221; color=&#8221;secondarycolor&#8221; align=&#8221;center&#8221; css=&#8221;&#8221; link=&#8221;url:https%3A%2F%2Fimpactup.com%2Frecrutement%2F&#8221;][\/vc_column][vc_column width=&#8221;1\/3&#8243;][vc_btn title=&#8221;Confiez-nous votre projet&#8221; color=&#8221;secondarycolor&#8221; align=&#8221;center&#8221; css=&#8221;&#8221; link=&#8221;url:https%3A%2F%2Fimpactup.com%2Fetude-personnalisee%2F&#8221;][\/vc_column][vc_column width=&#8221;1\/3&#8243;][vc_btn title=&#8221;Contactez-nous&#8221; color=&#8221;secondarycolor&#8221; align=&#8221;center&#8221; css=&#8221;&#8221; link=&#8221;url:https%3A%2F%2Fimpactup.com%2Fcontact%2F&#8221;][\/vc_column][\/vc_row][vc_row css=&#8221;.vc_custom_1717658445522{padding-top: 40px !important;}&#8221;][vc_column][vc_column_text css=&#8221;&#8221;]<\/p>\n<section style=\"text-align: justify;\">\n<h2><strong>Recrutement de commercial, une t\u00e2che d\u00e9licate<\/strong><\/h2>\n<p>On qualifie souvent les commerciaux de vendeurs, mais leurs t\u00e2ches sont beaucoup plus vastes et complexes. Ils repr\u00e9sentent d\u2019ailleurs une v\u00e9ritable force pour leurs entreprises notamment en ce qui concerne la promotion de leurs produits. Dans ce sens, les commerciaux peuvent \u00eatre amen\u00e9s \u00e0 r\u00e9aliser diverses missions telles que la prospection client\u00e8le, la communication (partage d\u2019informations concernant les produits ou les services aux clients cibl\u00e9s) et la vente \u00e0 proprement parler. De m\u00eame, ils assurent les services avant et apr\u00e8s-vente et veillent \u00e0 la fid\u00e9lisation des clients en leur proposant, par exemple, des offres compl\u00e9mentaires et\/ou des promotions. Pour le bon d\u00e9roulement de ces missions, les commerciaux doivent prendre en consid\u00e9ration les sp\u00e9cificit\u00e9s du march\u00e9 cibl\u00e9 ainsi que le positionnement recherch\u00e9 par leur entreprise sur chaque march\u00e9. Il incombe \u00e9galement aux commerciaux de remonter certaines informations \u00e0 leurs responsables et dirigeants comme les indices de satisfaction et d\u2019insatisfaction, les nouvelles tendances des consommateurs, l\u2019\u00e9volution des besoins ou encore l\u2019\u00e9tude de la concurrence. De ce fait, proc\u00e9der \u00e0 l\u2019embauche de <a href=\"https:\/\/impactup.com\/glossaire\/cabinet-de-d%C3%A9veloppement-commercial\"><strong>commercial sans recourir \u00e0 l\u2019aide d\u2019une<\/strong> <strong>agence de recrutement<\/strong><\/a> sp\u00e9cialis\u00e9e risque d\u2019\u00eatre fastidieux. En effet, ces derni\u00e8res d\u00e9cennies, le m\u00e9tier de commercial fait partie des activit\u00e9s qui requi\u00e8rent bien plus que des dipl\u00f4mes d\u2019\u00e9coles de commerce prestigieuses \u00e9tant donn\u00e9 que le travail sur le terrain et en situation r\u00e9elle est souvent tr\u00e8s diff\u00e9rent des cours th\u00e9oriques et pratiques et des stages divers effectu\u00e9s durant le cursus. Et en ce qui concerne ceux qui sont d\u00e9j\u00e0 dans le m\u00e9tier depuis plusieurs ann\u00e9es, il se peut que leurs connaissances soient plus ou moins obsol\u00e8tes et n\u00e9cessitent une remise \u00e0 jour afin qu\u2019ils puissent \u00eatre vraiment efficaces dans le m\u00e9tier.<\/p>\n<p>Compte tenu des enjeux des performances et du savoir-faire des commerciaux, il est plus qu\u2019important de ne pas faire de recrutement \u00e0 la h\u00e2te pour trouver un commercial efficace. Le fait est que choisir le mauvais profil peut nuire fortement aux r\u00e9sultats commerciaux de l\u2019entreprise et peut m\u00eame alt\u00e9rer son image de marque. En effet, les missions et t\u00e2ches qui seront confi\u00e9es \u00e0 un commercial ne se limitent pas \u00e0 vendre des biens et des services. Ses missions incluent \u00e9galement la mise en place d\u2019une strat\u00e9gie personnelle de vente en fonction des attentes et des pr\u00e9f\u00e9rences de ses prospects et client\u00e8les cibles. Il doit \u00e9galement avoir un excellent sens de l\u2019organisation pour planifier ses tourn\u00e9es et assurer le contr\u00f4le et la gestion de son portefeuille client.<\/p>\n<h2><strong>La chasse de t\u00eate comme alternative au recrutement classique<\/strong><\/h2>\n<p>Actuellement, les vrais profils commerciaux se font de plus en plus rares. Chaque secteur d\u2019activit\u00e9 ayant ses propres crit\u00e8res, il est difficile de trouver un agent performant quand tous les sp\u00e9cialistes du domaine sont d\u00e9j\u00e0 en poste. Dans ce contexte certaines <strong>agences de recrutement<\/strong> proposent des services de chasse de t\u00eate. D\u2019ailleurs, de plus en plus d\u2019entreprises choisissent cette d\u00e9marche.<\/p>\n<p>\u00c0 la diff\u00e9rence de la m\u00e9thode de recrutement habituel, la chasse de t\u00eate n\u00e9cessite une approche plut\u00f4t \u00ab\u2009active\u2009\u00bb de la part du recruteur. En effet, il s\u2019agit ici de d\u00e9nicher le meilleur candidat pour un poste donn\u00e9, m\u00eame si ce dernier est d\u00e9j\u00e0 engag\u00e9 aupr\u00e8s d\u2019une autre structure.<\/p>\n<p>Cette m\u00e9thode permet aux entreprises de gagner du temps. En fait, il n\u2019est plus n\u00e9cessaire de r\u00e9diger une quelconque annonce ou bien de faire passer une interview \u00e0 un candidat.<\/p>\n<h2><strong>Les avantages des services d\u2019un cabinet de recrutement<\/strong><\/h2>\n<p>Afin d\u2019avoir la garantie de trouver les profils les plus adapt\u00e9s, il est plus judicieux de solliciter les services d\u2019un cabinet de recrutement sp\u00e9cialis\u00e9. En effet, le recours \u00e0 un cabinet de recrutement g\u00e9n\u00e8re des gains de temps et des \u00e9conomies de ressources notables. Vous b\u00e9n\u00e9ficierez en plus de l\u2019expertise de sp\u00e9cialistes exp\u00e9riment\u00e9s. Des cabinets de recrutement comptant en leur sein des consultants en strat\u00e9gie d\u2019entreprise sont aussi capables de vous accompagner dans l\u2019\u00e9laboration d\u2019une strat\u00e9gie sur le moyen terme.<\/p>\n<p>Parmi les leaders dans ce domaine, figure notre soci\u00e9t\u00e9 <strong>ImpactUP<\/strong>. Notre <strong>agence de recrutement<\/strong> a d\u00e9j\u00e0 permis l\u2019embauche de pr\u00e8s d\u2019un millier de <strong>commerciaux<\/strong> et managers depuis sa cr\u00e9ation. Pr\u00e9sente dans les plus grandes villes comme Lyon, Paris, La Rochelle, Nantes, Lille et Toulouse, l\u2019agence ImpactUP constitue votre meilleur alli\u00e9 pour trouver\u00a0: marchandiseur(euse), business developer, d\u00e9l\u00e9gu\u00e9 commercial, ing\u00e9nieur commercial, category manager, responsable de promotion des ventes, charg\u00e9(e) de marketing direct et cadre de haut niveau comme le digital marketing manager, directeur(trice) commercial(e) keyaccount manager, directeur(trice) de la relation client, directeur(trice) de marque, et bien d\u2019autres encore.<\/p>\n<h2><strong>Comment trouver une agence de recrutement\u00a0?<\/strong><\/h2>\n<p>Il existe plusieurs moyens de proc\u00e9der \u00e0 la recherche d\u2019une <a href=\"https:\/\/impactup.com\/glossaire\/cabinet-de-recrutement-consultant-commercial\"><strong>agence de recrutement<\/strong> <strong>pour embaucher un<\/strong> <strong>commercial<\/strong><\/a>. Pour ne pas trop t\u00e2tonner, il est pr\u00e9f\u00e9rable de faire une pr\u00e9s\u00e9lection parmi les cabinets sp\u00e9cialis\u00e9s dans le secteur auquel appartient le poste \u00e0 pourvoir. Cette pratique vous aidera \u00e0 r\u00e9duire le champ de prospection et \u00e0 ne pas vous attarder avec les agences dites g\u00e9n\u00e9ralistes.<\/p>\n<p>Pour trouver des prestataires, vous pouvez bien entendu recourir aux sites sp\u00e9cialis\u00e9s. Le bouche-\u00e0-oreille constitue \u00e9galement une piste \u00e0 privil\u00e9gier, d\u2019autant plus qu\u2019il vous permettra d\u2019avoir directement les avis des clients, pass\u00e9s et pr\u00e9sents, des agences qui vous seront propos\u00e9es. Par ailleurs, si le poste \u00e0 pourvoir est d\u00e9localis\u00e9, il est recommand\u00e9 de proc\u00e9der aux recherches dans la zone correspondante. Il faudra ensuite comparer les offres, les services annexes, les tarifs avant de fixer votre choix. <strong>ImpactUp<\/strong> est pr\u00e9sent \u00e0 Paris, Lille, Nantes, Bordeaux, Toulouse et la Rochelle.<\/p>\n<h2><strong>Conseils pour bien choisir un cabinet de recrutement<\/strong><\/h2>\n<p>Le choix d\u2019une <strong>agence de recrutement pour trouver le bon<\/strong> <strong>commercial\u00a0<\/strong>doit \u00eatre bas\u00e9 sur un panel de crit\u00e8res que voici\u00a0:<\/p>\n<ul>\n<li>Les besoins en recrutement<\/li>\n<\/ul>\n<p>Les besoins d\u2019une entreprise qui cherche \u00e0 r\u00e9aliser une campagne de recrutement massive et qui cherche des candidats pour des postes p\u00e9nuriques ne sont pas les m\u00eames. Aussi, il est primordial de bien d\u00e9finir vos besoins.<\/p>\n<ul>\n<li>Les techniques de recrutement<\/li>\n<\/ul>\n<p>Toutes les agences n\u2019utilisent pas la m\u00eame m\u00e9thode de recrutement. Certains sont sp\u00e9cialis\u00e9s dans un secteur pr\u00e9cis ou un type de profil et d\u2019autres sont plus g\u00e9n\u00e9ralistes.<\/p>\n<ul>\n<li>La notori\u00e9t\u00e9<\/li>\n<\/ul>\n<p>Il est primordial de pouvoir compter sur un partenaire RH ayant une bonne r\u00e9putation. Pour le savoir, r\u00e9f\u00e9rez-vous aux avis des clients sur la toile et v\u00e9rifiez le nombre d\u2019ann\u00e9es d\u2019exp\u00e9rience ainsi que le taux de r\u00e9ussite.<\/p>\n<ul>\n<li>L\u2019accompagnement<\/li>\n<\/ul>\n<p>L\u2019accompagnement diff\u00e8re aussi d\u2019un cabinet \u00e0 un autre. Si certains s\u2019occupent de l\u2019int\u00e9gralit\u00e9 de la d\u00e9marche de recrutement, d\u2019autres impliquent les entreprises clientes.<\/p>\n<h2><strong>ImpactUP, sp\u00e9cialiste des m\u00e9tiers marketing et commerciaux<\/strong><\/h2>\n<p>Peu importe votre secteur d\u2019activit\u00e9s, pour vendre des biens et des services, vous avez besoin d\u2019un commercial r\u00e9pondant \u00e0 divers crit\u00e8res : une personne disposant d\u2019une exp\u00e9rience av\u00e9r\u00e9e dans le milieu, une personne ayant suivi une formation sp\u00e9cifique dans le domaine commercial, qui poss\u00e8de une connaissance accrue du march\u00e9, qui est un n\u00e9gociateur confirm\u00e9 ou une aisance relationnelle hors pair\u2026<\/p>\n<p>Pour vous aider \u00e0 d\u00e9nicher des profils d\u2019exception, faites confiance l\u2019exp\u00e9rience de notre <strong>agence de recrutement <\/strong><strong>sp\u00e9cialiste des fonctions<\/strong> <strong>commerciales<\/strong>. Forts de notre exp\u00e9rience et de notre savoir-faire, nous vous garantissons des r\u00e9sultats \u00e0 la hauteur de vos exigences. Que vos besoins soient ponctuels ou r\u00e9currents, nous pouvons vous assurer des comp\u00e9tences externes sp\u00e9cialis\u00e9es. <a href=\"https:\/\/impactup.com\/\"><strong>ImpactUP<\/strong><\/a> propose une large palette de services pour satisfaire \u00e0 tous les enjeux des entreprises en mati\u00e8re de ressources humaines :<\/p>\n<ul>\n<li>un service en ligne SaaS d\u2019\u00e9valuation qui donne la possibilit\u00e9 de jauger son niveau en langue \u00e9trang\u00e8re propos\u00e9 en partenariat avec Pipplet ;<\/li>\n<li>une plateforme d\u2019\u00e9valuation qui repose sur 4 gammes d\u2019outils : TalentRelation\u00ae, TalentBusiness\u00ae, TalentAttitude\u00ae et TalentInitial\u00ae.<\/li>\n<\/ul>\n<h2><strong>Une agence au service des entreprises commerciales de toutes tailles<\/strong><\/h2>\n<p>Notre <strong>agence de recrutement<\/strong>, lanc\u00e9e en 2005, intervient aupr\u00e8s des grands comptes ou des PME qui ont besoin en urgence de <strong>commerciaux<\/strong> ou de managers. Parmi nos clients se trouvent des entreprises de grande envergure tricolores et internationales, convaincues par notre professionnalisme.<\/p>\n<p>Les profils que nous s\u00e9lectionnons seront \u00e0 m\u00eame de d\u00e9velopper votre part de march\u00e9 gr\u00e2ce \u00e0 leurs qualifications et \u00e0 leurs comp\u00e9tences. Nous nous basons sur l\u2019efficacit\u00e9 de notre \u00e9quipe constitu\u00e9e de charg\u00e9s de recherches et de consultants. Le recrutement et le conseil sont les deux missions sur lesquelles nous nous concentrons afin d\u2019assurer aux entreprises en fort d\u00e9veloppement un meilleur accompagnement. Pragmatisme, r\u00e9sultat, proximit\u00e9 sont les ma\u00eetres-mots au sein de notre \u00e9tablissement.<\/p>\n<\/section>\n<p>[\/vc_column_text][\/vc_column][\/vc_row]<\/p>\n<\/div>","protected":false},"excerpt":{"rendered":"<p>[vc_row][vc_column width=&#8221;1\/3&#8243;][vc_btn title=&#8221;Voir notre offre&#8221; color=&#8221;secondarycolor&#8221; align=&#8221;center&#8221; css=&#8221;&#8221; link=&#8221;url:https%3A%2F%2Fimpactup.com%2Frecrutement%2F&#8221;][\/vc_column][vc_column width=&#8221;1\/3&#8243;][vc_btn title=&#8221;Confiez-nous votre projet&#8221; color=&#8221;secondarycolor&#8221; align=&#8221;center&#8221; css=&#8221;&#8221; link=&#8221;url:https%3A%2F%2Fimpactup.com%2Fetude-personnalisee%2F&#8221;][\/vc_column][vc_column width=&#8221;1\/3&#8243;][vc_btn title=&#8221;Contactez-nous&#8221; color=&#8221;secondarycolor&#8221; align=&#8221;center&#8221; css=&#8221;&#8221; link=&#8221;url:https%3A%2F%2Fimpactup.com%2Fcontact%2F&#8221;][\/vc_column][\/vc_row][vc_row css=&#8221;.vc_custom_1717658386032{padding-top: 40px !important;padding-bottom: 20px !important;}&#8221;][vc_column][vc_column_text css=&#8221;&#8221;] Embaucher un commercial avec l\u2019aide d\u2019une agence de recrutement exp\u00e9riment\u00e9e De nombreuses entreprises choisissent de faire appel \u00e0 une agence de recrutement pour trouver un commercial [&hellip;]<\/p>\n","protected":false},"author":4,"featured_media":0,"parent":17218,"menu_order":0,"comment_status":"closed","ping_status":"closed","template":"","meta":{"_monsterinsights_skip_tracking":false,"_monsterinsights_sitenote_active":false,"_monsterinsights_sitenote_note":"","_monsterinsights_sitenote_category":0,"footnotes":""},"class_list":["post-25592","page","type-page","status-publish","hentry"],"yoast_head":"<!-- This site is optimized with the Yoast SEO plugin v27.0 - https:\/\/yoast.com\/product\/yoast-seo-wordpress\/ -->\n<title>Agence de recrutement de commercial exp\u00e9riment\u00e9<\/title>\n<meta name=\"description\" content=\"Recourir \u00e0 une agence de recrutement d\u2019agent commercial fiable. ImpactUp est une agence de recrutement sp\u00e9cialiste du secteur commercial.\" \/>\n<meta name=\"robots\" content=\"index, follow, max-snippet:-1, max-image-preview:large, max-video-preview:-1\" \/>\n<link rel=\"canonical\" href=\"https:\/\/impactup.com\/en\/glossaire\/agence-de-recrutement-commercial\/\" \/>\n<meta property=\"og:locale\" content=\"en_US\" \/>\n<meta property=\"og:type\" content=\"article\" \/>\n<meta property=\"og:title\" content=\"Agence de recrutement de commercial exp\u00e9riment\u00e9\" \/>\n<meta property=\"og:description\" content=\"Recourir \u00e0 une agence de recrutement d\u2019agent commercial fiable. ImpactUp est une agence de recrutement sp\u00e9cialiste du secteur commercial.\" \/>\n<meta property=\"og:url\" content=\"https:\/\/impactup.com\/en\/glossaire\/agence-de-recrutement-commercial\/\" \/>\n<meta property=\"og:site_name\" content=\"ImpactUp\" \/>\n<meta property=\"article:modified_time\" content=\"2024-06-07T11:22:48+00:00\" \/>\n<meta property=\"og:image\" content=\"https:\/\/impactup.com\/wp-content\/uploads\/2021\/01\/og.jpg\" \/>\n\t<meta property=\"og:image:width\" content=\"1067\" \/>\n\t<meta property=\"og:image:height\" content=\"600\" \/>\n\t<meta property=\"og:image:type\" content=\"image\/jpeg\" \/>\n<meta name=\"twitter:card\" content=\"summary_large_image\" \/>\n<meta name=\"twitter:label1\" content=\"Est. reading time\" \/>\n\t<meta name=\"twitter:data1\" content=\"8 minutes\" \/>\n<script type=\"application\/ld+json\" class=\"yoast-schema-graph\">{\"@context\":\"https:\/\/schema.org\",\"@graph\":[{\"@type\":\"WebPage\",\"@id\":\"https:\/\/impactup.com\/en\/glossaire\/agence-de-recrutement-commercial\/\",\"url\":\"https:\/\/impactup.com\/en\/glossaire\/agence-de-recrutement-commercial\/\",\"name\":\"Agence de recrutement de commercial exp\u00e9riment\u00e9\",\"isPartOf\":{\"@id\":\"https:\/\/impactup.com\/en\/#website\"},\"datePublished\":\"2024-06-06T09:14:09+00:00\",\"dateModified\":\"2024-06-07T11:22:48+00:00\",\"description\":\"Recourir \u00e0 une agence de recrutement d\u2019agent commercial fiable. ImpactUp est une agence de recrutement sp\u00e9cialiste du secteur commercial.\",\"breadcrumb\":{\"@id\":\"https:\/\/impactup.com\/en\/glossaire\/agence-de-recrutement-commercial\/#breadcrumb\"},\"inLanguage\":\"en-US\",\"potentialAction\":[{\"@type\":\"ReadAction\",\"target\":[\"https:\/\/impactup.com\/en\/glossaire\/agence-de-recrutement-commercial\/\"]}]},{\"@type\":\"BreadcrumbList\",\"@id\":\"https:\/\/impactup.com\/en\/glossaire\/agence-de-recrutement-commercial\/#breadcrumb\",\"itemListElement\":[{\"@type\":\"ListItem\",\"position\":1,\"name\":\"Accueil\",\"item\":\"https:\/\/impactup.com\/en\/\"},{\"@type\":\"ListItem\",\"position\":2,\"name\":\"Glossaire\",\"item\":\"https:\/\/impactup.com\/en\/glossaire\/\"},{\"@type\":\"ListItem\",\"position\":3,\"name\":\"Embaucher un commercial avec l\u2019aide d\u2019une agence de recrutement exp\u00e9riment\u00e9e\"}]},{\"@type\":\"WebSite\",\"@id\":\"https:\/\/impactup.com\/en\/#website\",\"url\":\"https:\/\/impactup.com\/en\/\",\"name\":\"ImpactUp\",\"description\":\"Recrutement commerciaux, directions commerciales et fonctions marketing\",\"potentialAction\":[{\"@type\":\"SearchAction\",\"target\":{\"@type\":\"EntryPoint\",\"urlTemplate\":\"https:\/\/impactup.com\/en\/?s={search_term_string}\"},\"query-input\":{\"@type\":\"PropertyValueSpecification\",\"valueRequired\":true,\"valueName\":\"search_term_string\"}}],\"inLanguage\":\"en-US\"}]}<\/script>\n<!-- \/ Yoast SEO plugin. -->","yoast_head_json":{"title":"Agence de recrutement de commercial exp\u00e9riment\u00e9","description":"Recourir \u00e0 une agence de recrutement d\u2019agent commercial fiable. ImpactUp est une agence de recrutement sp\u00e9cialiste du secteur commercial.","robots":{"index":"index","follow":"follow","max-snippet":"max-snippet:-1","max-image-preview":"max-image-preview:large","max-video-preview":"max-video-preview:-1"},"canonical":"https:\/\/impactup.com\/en\/glossaire\/agence-de-recrutement-commercial\/","og_locale":"en_US","og_type":"article","og_title":"Agence de recrutement de commercial exp\u00e9riment\u00e9","og_description":"Recourir \u00e0 une agence de recrutement d\u2019agent commercial fiable. ImpactUp est une agence de recrutement sp\u00e9cialiste du secteur commercial.","og_url":"https:\/\/impactup.com\/en\/glossaire\/agence-de-recrutement-commercial\/","og_site_name":"ImpactUp","article_modified_time":"2024-06-07T11:22:48+00:00","og_image":[{"width":1067,"height":600,"url":"https:\/\/impactup.com\/wp-content\/uploads\/2021\/01\/og.jpg","type":"image\/jpeg"}],"twitter_card":"summary_large_image","twitter_misc":{"Est. reading time":"8 minutes"},"schema":{"@context":"https:\/\/schema.org","@graph":[{"@type":"WebPage","@id":"https:\/\/impactup.com\/en\/glossaire\/agence-de-recrutement-commercial\/","url":"https:\/\/impactup.com\/en\/glossaire\/agence-de-recrutement-commercial\/","name":"Agence de recrutement de commercial exp\u00e9riment\u00e9","isPartOf":{"@id":"https:\/\/impactup.com\/en\/#website"},"datePublished":"2024-06-06T09:14:09+00:00","dateModified":"2024-06-07T11:22:48+00:00","description":"Recourir \u00e0 une agence de recrutement d\u2019agent commercial fiable. ImpactUp est une agence de recrutement sp\u00e9cialiste du secteur commercial.","breadcrumb":{"@id":"https:\/\/impactup.com\/en\/glossaire\/agence-de-recrutement-commercial\/#breadcrumb"},"inLanguage":"en-US","potentialAction":[{"@type":"ReadAction","target":["https:\/\/impactup.com\/en\/glossaire\/agence-de-recrutement-commercial\/"]}]},{"@type":"BreadcrumbList","@id":"https:\/\/impactup.com\/en\/glossaire\/agence-de-recrutement-commercial\/#breadcrumb","itemListElement":[{"@type":"ListItem","position":1,"name":"Accueil","item":"https:\/\/impactup.com\/en\/"},{"@type":"ListItem","position":2,"name":"Glossaire","item":"https:\/\/impactup.com\/en\/glossaire\/"},{"@type":"ListItem","position":3,"name":"Embaucher un commercial avec l\u2019aide d\u2019une agence de recrutement exp\u00e9riment\u00e9e"}]},{"@type":"WebSite","@id":"https:\/\/impactup.com\/en\/#website","url":"https:\/\/impactup.com\/en\/","name":"ImpactUp","description":"Recrutement commerciaux, directions commerciales et fonctions marketing","potentialAction":[{"@type":"SearchAction","target":{"@type":"EntryPoint","urlTemplate":"https:\/\/impactup.com\/en\/?s={search_term_string}"},"query-input":{"@type":"PropertyValueSpecification","valueRequired":true,"valueName":"search_term_string"}}],"inLanguage":"en-US"}]}},"_links":{"self":[{"href":"https:\/\/impactup.com\/en\/wp-json\/wp\/v2\/pages\/25592","targetHints":{"allow":["GET"]}}],"collection":[{"href":"https:\/\/impactup.com\/en\/wp-json\/wp\/v2\/pages"}],"about":[{"href":"https:\/\/impactup.com\/en\/wp-json\/wp\/v2\/types\/page"}],"author":[{"embeddable":true,"href":"https:\/\/impactup.com\/en\/wp-json\/wp\/v2\/users\/4"}],"replies":[{"embeddable":true,"href":"https:\/\/impactup.com\/en\/wp-json\/wp\/v2\/comments?post=25592"}],"version-history":[{"count":4,"href":"https:\/\/impactup.com\/en\/wp-json\/wp\/v2\/pages\/25592\/revisions"}],"predecessor-version":[{"id":25598,"href":"https:\/\/impactup.com\/en\/wp-json\/wp\/v2\/pages\/25592\/revisions\/25598"}],"up":[{"embeddable":true,"href":"https:\/\/impactup.com\/en\/wp-json\/wp\/v2\/pages\/17218"}],"wp:attachment":[{"href":"https:\/\/impactup.com\/en\/wp-json\/wp\/v2\/media?parent=25592"}],"curies":[{"name":"wp","href":"https:\/\/api.w.org\/{rel}","templated":true}]}}