{"id":25588,"date":"2024-06-06T11:13:38","date_gmt":"2024-06-06T09:13:38","guid":{"rendered":"https:\/\/impactup.niou.dev\/?page_id=25588"},"modified":"2024-06-06T11:22:06","modified_gmt":"2024-06-06T09:22:06","slug":"chasseur-de-tete","status":"publish","type":"page","link":"https:\/\/impactup.com\/en\/glossaire\/chasseur-de-tete\/","title":{"rendered":"Le cabinet chasseur de t\u00eate, un partenaire pour un recrutement r\u00e9ussi"},"content":{"rendered":"<div class=\"wpb-content-wrapper\"><p>[vc_row][vc_column width=&#8221;1\/3&#8243;][vc_btn title=&#8221;Voir notre offre&#8221; color=&#8221;secondarycolor&#8221; align=&#8221;center&#8221; css=&#8221;&#8221; link=&#8221;url:https%3A%2F%2Fimpactup.com%2Frecrutement%2F&#8221;][\/vc_column][vc_column width=&#8221;1\/3&#8243;][vc_btn title=&#8221;Confiez-nous votre projet&#8221; color=&#8221;secondarycolor&#8221; align=&#8221;center&#8221; css=&#8221;&#8221; link=&#8221;url:https%3A%2F%2Fimpactup.com%2Fetude-personnalisee%2F&#8221;][\/vc_column][vc_column width=&#8221;1\/3&#8243;][vc_btn title=&#8221;Contactez-nous&#8221; color=&#8221;secondarycolor&#8221; align=&#8221;center&#8221; css=&#8221;&#8221; link=&#8221;url:https%3A%2F%2Fimpactup.com%2Fcontact%2F&#8221;][\/vc_column][\/vc_row][vc_row css=&#8221;.vc_custom_1717658386032{padding-top: 40px !important;padding-bottom: 20px !important;}&#8221;][vc_column][vc_column_text css=&#8221;&#8221;]<\/p>\n<section style=\"text-align: justify;\">\n<h2><strong>Le cabinet chasseur de t\u00eate, un partenaire pour un recrutement r\u00e9ussi<\/strong><\/h2>\n<p>Le <a href=\"https:\/\/impactup.com\/glossaire\/chasseur-de-t%C3%AAte-commerciaux\"><strong>chasseur de t\u00eate <\/strong><\/a>constitue la meilleure alternative aux agences de recrutement classiques dans certains cas. Ses m\u00e9thodes de prospection atypiques permettent d\u2019optimiser les chances de trouver des candidats de valeur. Pour pourvoir des postes dans les fonctions commerciales et marketing, vous pouvez vous adresser au cabinet ImpactUp, sp\u00e9cialis\u00e9 dans le recrutement par approche directe.<\/p>\n<\/section>\n<p>[\/vc_column_text][\/vc_column][\/vc_row][vc_row][vc_column width=&#8221;1\/3&#8243;][vc_btn title=&#8221;Voir notre offre&#8221; color=&#8221;secondarycolor&#8221; align=&#8221;center&#8221; css=&#8221;&#8221; link=&#8221;url:https%3A%2F%2Fimpactup.com%2Frecrutement%2F&#8221;][\/vc_column][vc_column width=&#8221;1\/3&#8243;][vc_btn title=&#8221;Confiez-nous votre projet&#8221; color=&#8221;secondarycolor&#8221; align=&#8221;center&#8221; css=&#8221;&#8221; link=&#8221;url:https%3A%2F%2Fimpactup.com%2Fetude-personnalisee%2F&#8221;][\/vc_column][vc_column width=&#8221;1\/3&#8243;][vc_btn title=&#8221;Contactez-nous&#8221; color=&#8221;secondarycolor&#8221; align=&#8221;center&#8221; css=&#8221;&#8221; link=&#8221;url:https%3A%2F%2Fimpactup.com%2Fcontact%2F&#8221;][\/vc_column][\/vc_row][vc_row css=&#8221;.vc_custom_1717658445522{padding-top: 40px !important;}&#8221;][vc_column][vc_column_text css=&#8221;&#8221;]<\/p>\n<section style=\"text-align: justify;\">\n<h2>Les fonctions commerciales\u00a0: piliers des performances des entreprises<\/h2>\n<p>Les fonctions commerciales, incluant la vente et le marketing, sont les piliers de la performance et de la croissance d\u2019une entreprise. Elles rassemblent toutes les t\u00e2ches qui touchent de loin ou de pr\u00e8s \u00e0 la vente des produits et\/ou des services de l\u2019entreprise. Leur r\u00f4le va de l\u2019\u00e9tude des besoins des clients et des prospects \u00e0 la conception et \u00e0 la mise en \u0153uvre des strat\u00e9gies qui pourront y r\u00e9pondre et assurer la satisfaction de ces derniers (aussi bien en termes de qualit\u00e9 et de conformit\u00e9 des produits \u00e0 leurs attentes qu\u2019en termes de services).<\/p>\n<p>Les fonctions commerciales comprennent de nombreux m\u00e9tiers\u00a0: commerciaux, vendeurs, d\u00e9marcheurs, gestion de client\u00e8le et de relations clients, prospecteurs, support des ventes, conseillers client\u00e8le, etc.\u00a0\u00a0 Compte tenu de la forte demande de professionnels (tous niveaux confondus) dans ces domaines, le recours \u00e0 un <strong>chasseur de t\u00eate<\/strong> sp\u00e9cialis\u00e9 comme ImpactUp sera d\u2019une aide pr\u00e9cieuse pour pourvoir les postes qui s\u2019y rapportent.<\/p>\n<h2>Le recrutement\u00a0: un processus d\u00e9licat<\/h2>\n<p>La recherche et l\u2019embauche de nouveaux collaborateurs sont deux op\u00e9rations qui requi\u00e8rent des pr\u00e9cautions particuli\u00e8res pour en garantir les r\u00e9sultats. En effet, il faudra s\u2019assurer de trouver les personnes dont les comp\u00e9tences et le profil vont parfaitement correspondre aux besoins de l\u2019entreprise et aux exigences des postes \u00e0 pourvoir. Une erreur dans le choix des candidats risque par ailleurs de co\u00fbter cher, en temps et en argent, \u00e0 l\u2019entreprise. Et il faudra recommencer \u00e0 prospecter tout en prenant les mesures qui s\u2019imposent pour r\u00e9parer les \u00e9ventuels dommages dus. Or, le processus de recrutement peut \u00eatre particuli\u00e8rement chronophage et peut \u00a0mobiliser plusieurs personnes. Ce qui peut handicaper les petites structures.<\/p>\n<p>L\u2019externalisation des t\u00e2ches li\u00e9es \u00e0 la prospection aupr\u00e8s d\u2019un cabinet ou d\u2019un <a href=\"https:\/\/impactup.com\/glossaire\/cabinet-chasseur-de-t%C3%AAte-paris\"><strong>chasseur de t\u00eate<\/strong><\/a> se pr\u00e9sente ainsi comme la solution \u00e0 privil\u00e9gier. Cette option pr\u00e9sente des avantages pratiques et \u00e9conomiques ind\u00e9niables et permettra de se concentrer sur les travaux plus productifs. <strong>ImpactUp<\/strong> est une agence de recrutement et de chasse de t\u00eate reconnue pour son efficacit\u00e9.<\/p>\n<h2>Chasseur de t\u00eates, de quoi s\u2019agit-il\u00a0?<\/h2>\n<p>Le <a href=\"https:\/\/impactup.com\/glossaire\/cabinet-de-recrutement-consultant-commercial\"><strong>chasseur de t\u00eates<\/strong><\/a> est un recruteur dont les proc\u00e9dures de recherche sortent un peu des sentiers battus. Il est charg\u00e9 de d\u00e9nicher pour le compte d\u2019une entreprise des profils de valeur, sp\u00e9cialis\u00e9s et de haut niveau, dont les comp\u00e9tences requises sont particuli\u00e8rement complexes. Pour ce faire, il utilise souvent la m\u00e9thode de recrutement par approche directe qui repose sur la recherche de personnes selon le poste \u00e0 pourvoir. Apr\u00e8s une recherche via les canaux de communication et les bases de donn\u00e9es professionnelles, l\u2019expert rep\u00e8re quelques profils potentiellement int\u00e9ressants. Autrement dit, il va mettre en place une strat\u00e9gie sp\u00e9cifique qui va lui permettre de trouver un candidat potentiel parmi ceux qui n\u2019ont pas postul\u00e9, mais dont il pense qu\u2019ils seront \u00e0 m\u00eame d\u2019assurer le poste. En effet, certains candidats ne sont pas particuli\u00e8rement en recherche active, mais restent en veille dans le cas o\u00f9 des propositions plus attrayantes leur sont propos\u00e9es.<\/p>\n<p>En principe, cet expert exerce ses activit\u00e9s professionnelles au sein d\u2019un cabinet de recrutement. Les comp\u00e9tences de ce dernier sont en effet indispensables si vous souhaitez composer dans les plus brefs d\u00e9lais une \u00e9quipe performante afin d\u2019assurer la croissance de votre entreprise. D\u2019autant plus que les services d\u2019un cabinet sp\u00e9cialis\u00e9 vous permettent de b\u00e9n\u00e9ficier d\u2019un carnet de contact international et d\u2019une m\u00e9thodologie de recherche innovante. Certaines agences sp\u00e9cialis\u00e9es se sont m\u00eame fait une r\u00e9putation dans la r\u00e9solution de diverses probl\u00e9matiques strat\u00e9giques, gr\u00e2ce au recrutement de profils de talent mais \u00e9galement \u00e0 travers des prestations de conseil sur mesure. <a href=\"https:\/\/impactup.com\"><strong>ImpactUP<\/strong><\/a> dispose d\u2019une offre de services compl\u00e8te pour doter rapidement les entreprises des comp\u00e9tences dont elles ont besoin :<\/p>\n<ul>\n<li>un service en ligne SaaS d\u2019\u00e9valuation qui permet de valider les comp\u00e9tences dans une langue \u00e9trang\u00e8re propos\u00e9 en collaboration avec Pipplet ;<\/li>\n<li>une plateforme d\u2019\u00e9valuation qui repose sur 4 gammes d\u2019outils : TalentBusiness\u00ae, TalentInitial\u00ae, TalentRelation\u00ae et TalentAttitude\u00ae.<\/li>\n<\/ul>\n<h2>Les missions du chasseur de t\u00eate<\/h2>\n<p>Les missions du chasseur de t\u00eates sont nombreuses et extr\u00eamement d\u00e9licates. Il doit d\u00e9terminer avec pr\u00e9cision les besoins de l\u2019entreprise afin d\u2019identifier le profil le plus pertinent. Afin de trouver la perle rare, il \u00e9tablit avec l\u2019entreprise le profil du candidat id\u00e9al et les qualit\u00e9s personnelles et professionnelles indispensables au poste. Le chasseur de t\u00eate doit ainsi ma\u00eetriser le secteur d\u2019activit\u00e9 de l\u2019entreprise et les exigences du poste \u00e0 pourvoir. Il doit \u00e9galement appr\u00e9hender les valeurs et la culture de la soci\u00e9t\u00e9 afin de s\u2019assurer que les candidats trouv\u00e9s puissent trouver rapidement leurs marques au sein de leurs nouveaux locaux. En effet, il devra accompagner les recrues et les motiver dans leur nouvel environnement professionnel. Cette \u00e9tape est primordiale pour que les pr\u00e9tendants au poste puissent s\u2019int\u00e9grer plus rapidement.<\/p>\n<p>Compte tenu de la complexit\u00e9 et de la pluralit\u00e9 des fonctions relatives \u00e0 son m\u00e9tier, une connaissance approfondie de son domaine d\u2019intervention est imp\u00e9rative pour le <strong>chasseur de t\u00eates<\/strong>. Certaines qualit\u00e9s lui sont \u00e9galement indispensables telles que le sens de la n\u00e9gociation, une bonne capacit\u00e9 d\u2019expression orale et \u00e9crite ainsi qu\u2019un sens psychologique d\u00e9velopp\u00e9. Les experts de ce type de recrutement sont g\u00e9n\u00e9ralement issus des fonctions pour lesquelles ils chassent. Ainsi, les consultants sp\u00e9cialis\u00e9s dans l\u2019embauche de cadres commerciaux sont eux-m\u00eames des commerciaux de haut niveau. Ils poss\u00e8dent \u00e9galement de solides comp\u00e9tences manag\u00e9riales et relationnelles.<\/p>\n<h2>Pourquoi faire appel \u00e0 un cabinet chasseur de t\u00eates\u00a0?<\/h2>\n<p>S\u2019adresser \u00e0 un cabinet de recrutement est une n\u00e9cessit\u00e9 dans la mesure o\u00f9 l\u2019entreprise pourra se d\u00e9charger de t\u00e2ches chronophages et souvent infructueuses. En effet, il regroupe bon nombre d\u2019experts dans l\u2019art de d\u00e9nicher les profils qui sont \u00e0 m\u00eame d\u2019assurer le poste \u00e0 pourvoir. D\u2019ailleurs, certains de ces <strong>chasseurs de t\u00eates <\/strong>ont d\u00e9j\u00e0 occup\u00e9 une fonction \u00e9quivalente. C\u2019est donc un alli\u00e9 de taille pour trouver rapidement les candidats parfaits pour des postes d\u00e9licats ou des postes dont les comp\u00e9tences requises sont particuli\u00e8rement complexes.<\/p>\n<h2>Comment choisir un chasseur de t\u00eate\u00a0?<\/h2>\n<p>Pour d\u00e9nicher les meilleurs talents qui vous accompagneront dans le d\u00e9veloppement de votre entreprise, il est important de bien choisir le <strong>chasseur de t\u00eate <\/strong>avec qui vous allez collaborer. Lors de la premi\u00e8re entrevue avec le consultant, renseignez-vous sur sa m\u00e9thodologie et les mesures qu\u2019il prend en cas de recrutements difficiles, les termes du contrat (garanties, clause de non-sollicitation, etc.). Il est tout aussi important de savoir s\u2019il peut comprendre votre plan d\u2019affaires, les valeurs de votre entreprise, etc. L\u2019objectif de cet entretien est de savoir s\u2019il peut se poser comme un v\u00e9ritable partenaire dans votre projet de recrutement.<\/p>\n<p>En outre, il est conseill\u00e9 de se tourner vers un consultant sp\u00e9cialis\u00e9 dans un seul domaine (agroalimentaire, a\u00e9ronautique, etc.) dans un profil sp\u00e9cifique (cadre, directeur, etc.). Enfin, il ne faut pas h\u00e9siter \u00e0 v\u00e9rifier sa r\u00e9putation. Pour ce faire, v\u00e9rifier les avis les plus r\u00e9currents de ses clients sur les diff\u00e9rentes plateformes.<\/p>\n<p>Conseiller en recrutement, <strong>ImpactUP<\/strong> est une r\u00e9f\u00e9rence dans le domaine du recrutement de managers commerciaux ou encore de dirigeants. Nous avons d\u00e9velopp\u00e9 une forte expertise dans la recherche et l\u2019\u00e9valuation de profils capables d\u2019assurer le d\u00e9veloppement de votre activit\u00e9. Pragmatisme, proximit\u00e9, r\u00e9sultats, tels sont nos mots d\u2019ordre. Peu importe le secteur concern\u00e9, notre objectif reste l\u2019am\u00e9lioration de vos performances. Nous avons d\u00e9j\u00e0 particip\u00e9 \u00e0 l\u2019embauche de plus de 2000 managers talentueux, et d\u00e9veloppons chaque jour notre r\u00e9seau de consultants partenaires ind\u00e9pendants afin de r\u00e9pondre exactement aux besoins des entreprises.<\/p>\n<h2>ImpactUP, cabinet de recrutement et chasseur de t\u00eates exp\u00e9riment\u00e9<\/h2>\n<p><strong>ImpactUP<\/strong> est une structure reconnue des d\u00e9cideurs pour son efficacit\u00e9 dans le ciblage et la s\u00e9lection de profils de haut niveau et experts m\u00e9tiers) dans les fonctions commerciales et marketing : ing\u00e9nieur commercial, marchandiseur(euse), responsable webmarketing, d\u00e9l\u00e9gu\u00e9 commercial, business developer, responsable de promotion des ventes, charg\u00e9(e) de marketing direct, et \u00e0 tous les postes-cl\u00e9s de l\u2019organisation : sales administrator, directeur(trice) de marque, directeur(trice) de la relation client, directeur(trice) de magasin, key account manager, et bien d\u2019autres encore. Fort de plus de 15\u00a0ans d\u2019exp\u00e9rience, nous disposons de solides connaissances dans le domaine du conseil et recrutement de profils commerciaux et rompus \u00e0 l\u2019exercice d\u00e9licat de l\u2019audition des candidats, nous sommes facilement capables d\u2019\u00e9valuer le potentiel, les capacit\u00e9s et de cerner la motivation de chaque profil.<\/p>\n<p>Lors d\u2019un processus de recrutement classique, nous proc\u00e9dons \u00e0 plusieurs tests pour \u00e9valuer les comp\u00e9tences et la personnalit\u00e9 des candidats, afin de d\u00e9terminer leur affinit\u00e9 avec le poste \u00e0 pourvoir. Lors d\u2019une mission de chasse de t\u00eate, nos consultants mobilisent leur large r\u00e9seau et proc\u00e8dent \u00e0 une identification des meilleurs profils afin de les approcher et n\u00e9gocier leur migration vers votre entreprise. Nos <strong>chasseurs de t\u00eate<\/strong> actifs dans toute la France, vous pouvez nous contacter directement dans nos bureaux \u00e0 Paris, Bordeaux, Nantes, Lyon, Marseille et La Rochelle. Nous travaillons \u00e9galement avec un cabinet sp\u00e9cialis\u00e9 allemand, et cette collaboration nous permet de satisfaire les besoins des entreprises qui d\u00e9sirent embaucher en Allemagne, en Suisse et en Autriche.<\/p>\n<\/section>\n<p>[\/vc_column_text][\/vc_column][\/vc_row]<\/p>\n<\/div>","protected":false},"excerpt":{"rendered":"<p>[vc_row][vc_column width=&#8221;1\/3&#8243;][vc_btn title=&#8221;Voir notre offre&#8221; color=&#8221;secondarycolor&#8221; align=&#8221;center&#8221; css=&#8221;&#8221; link=&#8221;url:https%3A%2F%2Fimpactup.com%2Frecrutement%2F&#8221;][\/vc_column][vc_column width=&#8221;1\/3&#8243;][vc_btn title=&#8221;Confiez-nous votre projet&#8221; color=&#8221;secondarycolor&#8221; align=&#8221;center&#8221; css=&#8221;&#8221; link=&#8221;url:https%3A%2F%2Fimpactup.com%2Fetude-personnalisee%2F&#8221;][\/vc_column][vc_column width=&#8221;1\/3&#8243;][vc_btn title=&#8221;Contactez-nous&#8221; color=&#8221;secondarycolor&#8221; align=&#8221;center&#8221; css=&#8221;&#8221; link=&#8221;url:https%3A%2F%2Fimpactup.com%2Fcontact%2F&#8221;][\/vc_column][\/vc_row][vc_row css=&#8221;.vc_custom_1717658386032{padding-top: 40px !important;padding-bottom: 20px !important;}&#8221;][vc_column][vc_column_text css=&#8221;&#8221;] Le cabinet chasseur de t\u00eate, un partenaire pour un recrutement r\u00e9ussi Le chasseur de t\u00eate constitue la meilleure alternative aux agences de recrutement classiques dans certains [&hellip;]<\/p>\n","protected":false},"author":4,"featured_media":0,"parent":17218,"menu_order":0,"comment_status":"closed","ping_status":"closed","template":"","meta":{"_monsterinsights_skip_tracking":false,"_monsterinsights_sitenote_active":false,"_monsterinsights_sitenote_note":"","_monsterinsights_sitenote_category":0,"footnotes":""},"class_list":["post-25588","page","type-page","status-publish","hentry"],"yoast_head":"<!-- This site is optimized with the Yoast SEO plugin v27.0 - https:\/\/yoast.com\/product\/yoast-seo-wordpress\/ -->\n<title>Chasseur de t\u00eate - Cabinet chasseur de t\u00eate<\/title>\n<meta name=\"description\" content=\"Le cabinet chasseur de t\u00eate est un recruteur efficace. ImpactUp est une agence de recrutement et un chasseur de t\u00eate sp\u00e9cialiste des fonctions commerciales et marketing.\" \/>\n<meta name=\"robots\" content=\"index, follow, max-snippet:-1, max-image-preview:large, max-video-preview:-1\" \/>\n<link rel=\"canonical\" href=\"https:\/\/impactup.com\/en\/glossaire\/chasseur-de-tete\/\" \/>\n<meta property=\"og:locale\" content=\"en_US\" \/>\n<meta property=\"og:type\" content=\"article\" \/>\n<meta property=\"og:title\" content=\"Chasseur de t\u00eate - Cabinet chasseur de t\u00eate\" \/>\n<meta property=\"og:description\" content=\"Le cabinet chasseur de t\u00eate est un recruteur efficace. ImpactUp est une agence de recrutement et un chasseur de t\u00eate sp\u00e9cialiste des fonctions commerciales et marketing.\" \/>\n<meta property=\"og:url\" content=\"https:\/\/impactup.com\/en\/glossaire\/chasseur-de-tete\/\" \/>\n<meta property=\"og:site_name\" content=\"ImpactUp\" \/>\n<meta property=\"article:modified_time\" content=\"2024-06-06T09:22:06+00:00\" \/>\n<meta property=\"og:image\" content=\"https:\/\/impactup.com\/wp-content\/uploads\/2021\/01\/og.jpg\" \/>\n\t<meta property=\"og:image:width\" content=\"1067\" \/>\n\t<meta property=\"og:image:height\" content=\"600\" \/>\n\t<meta property=\"og:image:type\" content=\"image\/jpeg\" \/>\n<meta name=\"twitter:card\" content=\"summary_large_image\" \/>\n<meta name=\"twitter:label1\" content=\"Est. reading time\" \/>\n\t<meta name=\"twitter:data1\" content=\"9 minutes\" \/>\n<script type=\"application\/ld+json\" class=\"yoast-schema-graph\">{\"@context\":\"https:\/\/schema.org\",\"@graph\":[{\"@type\":\"WebPage\",\"@id\":\"https:\/\/impactup.com\/en\/glossaire\/chasseur-de-tete\/\",\"url\":\"https:\/\/impactup.com\/en\/glossaire\/chasseur-de-tete\/\",\"name\":\"Chasseur de t\u00eate - Cabinet chasseur de t\u00eate\",\"isPartOf\":{\"@id\":\"https:\/\/impactup.com\/en\/#website\"},\"datePublished\":\"2024-06-06T09:13:38+00:00\",\"dateModified\":\"2024-06-06T09:22:06+00:00\",\"description\":\"Le cabinet chasseur de t\u00eate est un recruteur efficace. ImpactUp est une agence de recrutement et un chasseur de t\u00eate sp\u00e9cialiste des fonctions commerciales et marketing.\",\"breadcrumb\":{\"@id\":\"https:\/\/impactup.com\/en\/glossaire\/chasseur-de-tete\/#breadcrumb\"},\"inLanguage\":\"en-US\",\"potentialAction\":[{\"@type\":\"ReadAction\",\"target\":[\"https:\/\/impactup.com\/en\/glossaire\/chasseur-de-tete\/\"]}]},{\"@type\":\"BreadcrumbList\",\"@id\":\"https:\/\/impactup.com\/en\/glossaire\/chasseur-de-tete\/#breadcrumb\",\"itemListElement\":[{\"@type\":\"ListItem\",\"position\":1,\"name\":\"Accueil\",\"item\":\"https:\/\/impactup.com\/en\/\"},{\"@type\":\"ListItem\",\"position\":2,\"name\":\"Glossaire\",\"item\":\"https:\/\/impactup.com\/en\/glossaire\/\"},{\"@type\":\"ListItem\",\"position\":3,\"name\":\"Le cabinet chasseur de t\u00eate, un partenaire pour un recrutement r\u00e9ussi\"}]},{\"@type\":\"WebSite\",\"@id\":\"https:\/\/impactup.com\/en\/#website\",\"url\":\"https:\/\/impactup.com\/en\/\",\"name\":\"ImpactUp\",\"description\":\"Recrutement commerciaux, directions commerciales et fonctions marketing\",\"potentialAction\":[{\"@type\":\"SearchAction\",\"target\":{\"@type\":\"EntryPoint\",\"urlTemplate\":\"https:\/\/impactup.com\/en\/?s={search_term_string}\"},\"query-input\":{\"@type\":\"PropertyValueSpecification\",\"valueRequired\":true,\"valueName\":\"search_term_string\"}}],\"inLanguage\":\"en-US\"}]}<\/script>\n<!-- \/ Yoast SEO plugin. -->","yoast_head_json":{"title":"Chasseur de t\u00eate - Cabinet chasseur de t\u00eate","description":"Le cabinet chasseur de t\u00eate est un recruteur efficace. ImpactUp est une agence de recrutement et un chasseur de t\u00eate sp\u00e9cialiste des fonctions commerciales et marketing.","robots":{"index":"index","follow":"follow","max-snippet":"max-snippet:-1","max-image-preview":"max-image-preview:large","max-video-preview":"max-video-preview:-1"},"canonical":"https:\/\/impactup.com\/en\/glossaire\/chasseur-de-tete\/","og_locale":"en_US","og_type":"article","og_title":"Chasseur de t\u00eate - Cabinet chasseur de t\u00eate","og_description":"Le cabinet chasseur de t\u00eate est un recruteur efficace. ImpactUp est une agence de recrutement et un chasseur de t\u00eate sp\u00e9cialiste des fonctions commerciales et marketing.","og_url":"https:\/\/impactup.com\/en\/glossaire\/chasseur-de-tete\/","og_site_name":"ImpactUp","article_modified_time":"2024-06-06T09:22:06+00:00","og_image":[{"width":1067,"height":600,"url":"https:\/\/impactup.com\/wp-content\/uploads\/2021\/01\/og.jpg","type":"image\/jpeg"}],"twitter_card":"summary_large_image","twitter_misc":{"Est. reading time":"9 minutes"},"schema":{"@context":"https:\/\/schema.org","@graph":[{"@type":"WebPage","@id":"https:\/\/impactup.com\/en\/glossaire\/chasseur-de-tete\/","url":"https:\/\/impactup.com\/en\/glossaire\/chasseur-de-tete\/","name":"Chasseur de t\u00eate - Cabinet chasseur de t\u00eate","isPartOf":{"@id":"https:\/\/impactup.com\/en\/#website"},"datePublished":"2024-06-06T09:13:38+00:00","dateModified":"2024-06-06T09:22:06+00:00","description":"Le cabinet chasseur de t\u00eate est un recruteur efficace. ImpactUp est une agence de recrutement et un chasseur de t\u00eate sp\u00e9cialiste des fonctions commerciales et marketing.","breadcrumb":{"@id":"https:\/\/impactup.com\/en\/glossaire\/chasseur-de-tete\/#breadcrumb"},"inLanguage":"en-US","potentialAction":[{"@type":"ReadAction","target":["https:\/\/impactup.com\/en\/glossaire\/chasseur-de-tete\/"]}]},{"@type":"BreadcrumbList","@id":"https:\/\/impactup.com\/en\/glossaire\/chasseur-de-tete\/#breadcrumb","itemListElement":[{"@type":"ListItem","position":1,"name":"Accueil","item":"https:\/\/impactup.com\/en\/"},{"@type":"ListItem","position":2,"name":"Glossaire","item":"https:\/\/impactup.com\/en\/glossaire\/"},{"@type":"ListItem","position":3,"name":"Le cabinet chasseur de t\u00eate, un partenaire pour un recrutement r\u00e9ussi"}]},{"@type":"WebSite","@id":"https:\/\/impactup.com\/en\/#website","url":"https:\/\/impactup.com\/en\/","name":"ImpactUp","description":"Recrutement commerciaux, directions commerciales et fonctions marketing","potentialAction":[{"@type":"SearchAction","target":{"@type":"EntryPoint","urlTemplate":"https:\/\/impactup.com\/en\/?s={search_term_string}"},"query-input":{"@type":"PropertyValueSpecification","valueRequired":true,"valueName":"search_term_string"}}],"inLanguage":"en-US"}]}},"_links":{"self":[{"href":"https:\/\/impactup.com\/en\/wp-json\/wp\/v2\/pages\/25588","targetHints":{"allow":["GET"]}}],"collection":[{"href":"https:\/\/impactup.com\/en\/wp-json\/wp\/v2\/pages"}],"about":[{"href":"https:\/\/impactup.com\/en\/wp-json\/wp\/v2\/types\/page"}],"author":[{"embeddable":true,"href":"https:\/\/impactup.com\/en\/wp-json\/wp\/v2\/users\/4"}],"replies":[{"embeddable":true,"href":"https:\/\/impactup.com\/en\/wp-json\/wp\/v2\/comments?post=25588"}],"version-history":[{"count":3,"href":"https:\/\/impactup.com\/en\/wp-json\/wp\/v2\/pages\/25588\/revisions"}],"predecessor-version":[{"id":25599,"href":"https:\/\/impactup.com\/en\/wp-json\/wp\/v2\/pages\/25588\/revisions\/25599"}],"up":[{"embeddable":true,"href":"https:\/\/impactup.com\/en\/wp-json\/wp\/v2\/pages\/17218"}],"wp:attachment":[{"href":"https:\/\/impactup.com\/en\/wp-json\/wp\/v2\/media?parent=25588"}],"curies":[{"name":"wp","href":"https:\/\/api.w.org\/{rel}","templated":true}]}}