{"id":25585,"date":"2024-06-06T11:09:05","date_gmt":"2024-06-06T09:09:05","guid":{"rendered":"https:\/\/impactup.niou.dev\/?page_id=25585"},"modified":"2024-06-13T13:35:20","modified_gmt":"2024-06-13T11:35:20","slug":"agence-de-recrutement-commerciaux","status":"publish","type":"page","link":"https:\/\/impactup.com\/en\/glossaire\/agence-de-recrutement-commerciaux\/","title":{"rendered":"Recrutement de commerciaux : misez sur l\u2019agence ImpactUp pour des talents hors pair"},"content":{"rendered":"<div class=\"wpb-content-wrapper\"><p>[vc_row][vc_column width=&#8221;1\/3&#8243;][vc_btn title=&#8221;Voir notre offre&#8221; color=&#8221;secondarycolor&#8221; align=&#8221;center&#8221; css=&#8221;&#8221; link=&#8221;url:https%3A%2F%2Fimpactup.com%2Frecrutement%2F&#8221;][\/vc_column][vc_column width=&#8221;1\/3&#8243;][vc_btn title=&#8221;Confiez-nous votre projet&#8221; color=&#8221;secondarycolor&#8221; align=&#8221;center&#8221; css=&#8221;&#8221; link=&#8221;url:https%3A%2F%2Fimpactup.com%2Fetude-personnalisee%2F&#8221;][\/vc_column][vc_column width=&#8221;1\/3&#8243;][vc_btn title=&#8221;Contactez-nous&#8221; color=&#8221;secondarycolor&#8221; align=&#8221;center&#8221; css=&#8221;&#8221; link=&#8221;url:https%3A%2F%2Fimpactup.com%2Fcontact%2F&#8221;][\/vc_column][\/vc_row][vc_row css=&#8221;.vc_custom_1717658386032{padding-top: 40px !important;padding-bottom: 20px !important;}&#8221;][vc_column][vc_column_text css=&#8221;&#8221;]<\/p>\n<section style=\"text-align: justify;\">\n<h2>Recrutement de commerciaux : misez sur l\u2019agence ImpactUp pour des talents hors pair<\/h2>\n<p>Le succ\u00e8s d&#8217;une entreprise commerciale repose en grande partie sur l&#8217;efficacit\u00e9 de ses \u00e9quipes de vente. Pour recruter les meilleurs <a href=\"https:\/\/impactup.com\/glossaire\/agence-de-recrutement-commercial\"><strong>commerciaux<\/strong><\/a>, il est primordial de s&#8217;associer \u00e0 une <a href=\"https:\/\/impactup.com\/glossaire\/agence-de-recrutement-commercial\"><strong>agence de recrutement sp\u00e9cialis\u00e9e<\/strong><\/a>.\u00a0<strong>ImpactUp<\/strong>, experte dans le domaine du recrutement de commerciaux et postes marketing, vous accompagne dans la s\u00e9lection de talents hors pair, parfaitement adapt\u00e9s aux besoins de votre entreprise.<\/p>\n<\/section>\n<p>[\/vc_column_text][\/vc_column][\/vc_row][vc_row][vc_column width=&#8221;1\/3&#8243;][vc_btn title=&#8221;Voir notre offre&#8221; color=&#8221;secondarycolor&#8221; align=&#8221;center&#8221; css=&#8221;&#8221; link=&#8221;url:https%3A%2F%2Fimpactup.com%2Frecrutement%2F&#8221;][\/vc_column][vc_column width=&#8221;1\/3&#8243;][vc_btn title=&#8221;Confiez-nous votre projet&#8221; color=&#8221;secondarycolor&#8221; align=&#8221;center&#8221; css=&#8221;&#8221; link=&#8221;url:https%3A%2F%2Fimpactup.com%2Fetude-personnalisee%2F&#8221;][\/vc_column][vc_column width=&#8221;1\/3&#8243;][vc_btn title=&#8221;Contactez-nous&#8221; color=&#8221;secondarycolor&#8221; align=&#8221;center&#8221; css=&#8221;&#8221; link=&#8221;url:https%3A%2F%2Fimpactup.com%2Fcontact%2F&#8221;][\/vc_column][\/vc_row][vc_row css=&#8221;.vc_custom_1717658445522{padding-top: 40px !important;}&#8221;][vc_column][vc_column_text css=&#8221;&#8221;]<\/p>\n<section style=\"text-align: justify;\">\n<h2><strong>Les profils commerciaux sont des perles rares<\/strong><\/h2>\n<p>Le <a href=\"https:\/\/impactup.com\/glossaire\/cabinet-de-d%C3%A9veloppement-commercial\"><strong>recrutement d\u2019un charg\u00e9 de mission commercial<\/strong><\/a>, d\u2019un chef de produit ou encore d\u2019un directeur marketing est une \u00e9tape cl\u00e9 dans le d\u00e9veloppement de votre entreprise. Cependant, avec les nombreux profils, tous aussi int\u00e9ressants les uns que les autres, il vous sera difficile de trouver LE candidat r\u00e9pondant \u00e0 vos exigences et qui vous aidera \u00e0 atteindre vos objectifs.<\/p>\n<p>Qui choisir\u00a0: le candidat fraichement dipl\u00f4m\u00e9 d\u2019une grande \u00e9cole de commerce ? Le commercial exp\u00e9riment\u00e9 qui a fait ses preuves au fil des ann\u00e9es\u00a0? Ou encore ce profil atypique qui regorge de ressource\u00a0? Avec une approche innovante, prenant en compte chaque aspect du recrutement de A \u00e0 Z, l\u2019agence <strong>ImpactUp<\/strong> est la solution pl\u00e9biscit\u00e9e par les entreprises fran\u00e7aises.<\/p>\n<p>De plus, les \u00e9tapes du recrutement peuvent \u00eatre tr\u00e8s chronophages (offres d\u2019emploi, entretien, s\u00e9lection\u2026) et il n\u2019est pas facile de trouver le candidat en phase avec les missions qui lui incombent ainsi qu\u2019avec les valeurs de l\u2019entreprise. Faire appel \u00e0 un cabinet de recrutement tel qu\u2019ImpactUp est donc un gain de temps et gage de qualit\u00e9.<\/p>\n<p>Les antennes ImpactUp couvrent la majorit\u00e9 du territoire francilien\u00a0: de Paris \u00e0 Toulouse, de Lyon \u00e0 Lille en passant par toutes les grandes villes.<\/p>\n<h2><strong>Solution sur mesure et culture de r\u00e9sultat<\/strong><\/h2>\n<p>Il semble \u00e9vident que les postes \u00e0 caract\u00e8re commercial sont cruciaux pour les entreprises. Dans ce cadre, les commerciaux jouent un r\u00f4le important, car ils sont charg\u00e9s de promouvoir les produits propos\u00e9s par leur soci\u00e9t\u00e9 et sont au contact direct avec les clients. Prospection, communication, vente, services clients ou encore fid\u00e9lisation client\u00e8le, les commerciaux assurent diverses missions qui sont vitales au bon d\u00e9roulement et au d\u00e9veloppement des activit\u00e9s commerciales.<\/p>\n<p>Toutefois, l\u2019efficacit\u00e9 des commerciaux est souvent remise en question, car les entreprises rencontrent souvent des difficult\u00e9s \u00e0 les former de mani\u00e8re optimale. Ce type de profil requiert \u00e9galement des comp\u00e9tences sp\u00e9cifiques dans ce domaine ainsi qu\u2019une parfaite ma\u00eetrise des outils informatiques notamment avec la digitalisation croissante en milieu professionnel. Il est, de ce fait, plus compliqu\u00e9 de trouver des candidats de valeur pour occuper un tel poste d\u2019o\u00f9 la n\u00e9cessit\u00e9 de faire appel \u00e0 des experts pour mener \u00e0 bien une campagne de recrutement.<\/p>\n<p>L\u2019<strong>agence de recrutement de<\/strong> <strong>commerciaux <\/strong>\u00e0 laquelle vous confierez la lourde t\u00e2che de trouver vos collaborateurs doit \u00eatre choisie avec soin. Elle doit disposer des ressources techniques, technologiques et humaines qui lui permettent de tout mettre en \u0153uvre pour d\u00e9nicher les meilleurs candidats en tenant compte des comp\u00e9tences et profils adapt\u00e9s au type de poste \u00e0 pourvoir. Pour y parvenir, son \u00e9quipe recourt \u00e0 une m\u00e9thodologie bien d\u00e9finie, laquelle combine le recrutement par annonces et la chasse directe. Cette deuxi\u00e8me approche est utilis\u00e9e tout particuli\u00e8rement lorsque le client recherche des managers (directeur commercial et marketing, chef des ventes, responsable de secteur\u2026).<\/p>\n<p>Tous les consultants du cabinet doivent alors disposer une connaissance solide du m\u00e9tier de la vente et plusieurs ann\u00e9es d\u2019exp\u00e9rience en recrutement et en management d\u2019\u00e9quipes commerciales et marketing.<\/p>\n<p>La d\u00e9marche utilis\u00e9e pour chaque mission inclut plusieurs \u00e9tapes\u00a0:<\/p>\n<ul>\n<li>D\u00e9finition de la mission, des objectifs, du profil du candidat (formation, exp\u00e9rience, qualit\u00e9s personnelles) ainsi que des conditions d\u2019embauche avec le client.<\/li>\n<li>R\u00e9daction de l\u2019offre d\u2019emploi et de la description du poste.<\/li>\n<li>Recherche des candidats potentiels\u00a0: chasse directe et diffusion de l\u2019annonce sur les supports choisis par le client et sur le site de l\u2019agence de recrutement.<\/li>\n<li>Analyse et s\u00e9lection des CV.<\/li>\n<li>Entretiens, tests et prises de r\u00e9f\u00e9rence.<\/li>\n<li>Pr\u00e9sentation des candidats retenus au client.<\/li>\n<li>Accompagnement du candidat jusqu\u2019\u00e0 l\u2019embauche d\u00e9finitive.<\/li>\n<\/ul>\n<p><strong>ImpactUP<\/strong> est une structure reconnue comme un acteur de premier ordre dans le recrutement de talents confirm\u00e9s et d\u2019experts m\u00e9tiers sur des p\u00f4les d\u2019expertise relatifs au marketing et au commerce : responsable de promotion des ventes, category manager, marchandiseur(euse), responsable webmarketing, ing\u00e9nieur commercial, d\u00e9l\u00e9gu\u00e9 commercial, charg\u00e9(e) de marketing direct, et \u00e0 tous les postes-cl\u00e9s de l\u2019entreprise : directeur(trice) de la relation client, directeur(trice) de magasin, digital marketing manager, key account manager, sales administrator, etc. Depuis 2005, nous accompagnons de grandes entreprises et des PME et nous avons recrut\u00e9 plus de 2000 commerciaux et managers.<\/p>\n<h2><strong>B\u00e9n\u00e9ficiez des comp\u00e9tences de notre \u00e9quipe de sp\u00e9cialistes<\/strong><\/h2>\n<p><a href=\"https:\/\/impactup.com\/glossaire\/recrutement-commercial\"><strong>Agence de recrutement sp\u00e9cialiste des fonctions commerciales et marketing<\/strong><\/a>, notre cabinet est reconnu pour les comp\u00e9tences et la r\u00e9activit\u00e9 de ses consultants. Ayant d\u00e9j\u00e0 fait ses preuves aupr\u00e8s de nombreuses grandes entreprises et PME, notre \u00e9quipe a choisi d\u2019axer sa strat\u00e9gie sur le pragmatisme, la proximit\u00e9 et le r\u00e9sultat.<\/p>\n<p>Vous pouvez ainsi nous confier la recherche de vos futurs collaborateurs commerciaux si vous voulez que ceux-ci correspondent parfaitement aux exigences de votre activit\u00e9 et \u00e0 la culture de votre entreprise. Apr\u00e8s une \u00e9tude personnalis\u00e9e de vos besoins, nous nous engageons \u00e0 vous trouver le profil id\u00e9al en utilisant diff\u00e9rents outils et techniques de recherche et de s\u00e9lection \u00e0 l\u2019efficacit\u00e9 prouv\u00e9e. En effet, tout cela nous permet d\u2019acc\u00e9l\u00e9rer le processus et de s\u00e9curiser de mani\u00e8re optimale vos d\u00e9cisions.<\/p>\n<p><strong>ImpactUP<\/strong> a d\u00e9velopp\u00e9 une offre de services compl\u00e8te pour r\u00e9pondre \u00e0 toutes les pr\u00e9occupations des entreprises en mati\u00e8re de ressources humaines :<\/p>\n<ul>\n<li>une plateforme d\u2019\u00e9valuation qui repose sur 4 familles d\u2019outils : TalentInitial\u00ae, TalentAttitude\u00ae, TalentBusiness\u00ae et TalentRelation\u00ae ;<\/li>\n<li>un outil en ligne SaaS d\u2019\u00e9valuation qui donne l\u2019occasion de jauger son niveau en langue \u00e9trang\u00e8re propos\u00e9 en collaboration avec Pipplet.<\/li>\n<\/ul>\n<h2><strong>Des sp\u00e9cialistes du recrutement au service des entreprises commerciales<\/strong><\/h2>\n<p>Notre mission est d\u2019offrir \u00e0 nos clients d\u2019int\u00e9grer les meilleurs talents au poste qu\u2019ils proposent au sein de leur entreprise. C\u2019est pour cette raison que nous constituons notre \u00e9quipe de recruteurs, consultants et charg\u00e9s de recherches qui sont issus 100\u00a0% du terrain et qui maitrisent les fondamentaux ainsi que les contraintes du m\u00e9tier. Nous pouvons alors r\u00e9pondre aux besoins des entreprises, bien qu\u2019ils soient ponctuels ou r\u00e9currents, leur permettant de b\u00e9n\u00e9ficier des sp\u00e9cialistes externes et leurs comp\u00e9tences. \u00c9tant un cabinet \u00e0 taille humaine, nous avons \u00e0 c\u0153ur d\u2019apporter \u00e0 chaque client une solution sur mesure et un accompagnement dans la dur\u00e9e. De m\u00eame, nous tissons des relations de proximit\u00e9 avec nos candidats aupr\u00e8s desquels nous menons r\u00e9guli\u00e8rement des actions de communication.<\/p>\n<p>\u00c9tant \u00e9galement sp\u00e9cialis\u00e9s dans le d\u00e9veloppement commercial, nous pouvons traiter des th\u00e9matiques sp\u00e9cifiques. Ainsi, nous pouvons intervenir dans quatre domaines\u00a0: l\u2019organisation commerciale (plan de formation, de recrutement, d\u2019int\u00e9gration des commerciaux, recherche de distributeurs ou de partenaires), la strat\u00e9gie commerciale (SWOT, analyse de potentiel, plan d\u2019adressage march\u00e9, business plan, d\u00e9finition des plans d\u2019action commerciaux et d\u2019objectifs cl\u00e9s), la motivation commerciale (s\u00e9minaires et programme d\u2019incentive, plans de r\u00e9mun\u00e9ration, TeamBuilding) et le pilotage (d\u00e9finition des indicateurs de performance, analyse comportementale Disc, mise en \u0153uvre d\u2019outils CRM, efficacit\u00e9 personnelle).<\/p>\n<h2>Notre histoire : une aventure humaine au service de la performance commerciale<\/h2>\n<p><strong>Depuis 2005<\/strong>, notre cabinet accompagne les entreprises dans la recherche et le d\u00e9veloppement de leurs talents commerciaux et marketing. N\u00e9e de l&#8217;exp\u00e9rience terrain de <strong>Pascal Larue<\/strong>, la soci\u00e9t\u00e9 s&#8217;est enrichie en <strong>2014<\/strong> de l&#8217;expertise retail d&#8217;<strong>Emmanuel Laquerri\u00e8re<\/strong>. Ensemble, ils pilotent aujourd&#8217;hui une \u00e9quipe d&#8217;experts passionn\u00e9s par le succ\u00e8s de leurs clients.<\/p>\n<p>Forts de notre connaissance pointue des m\u00e9tiers commerciaux et marketing, nous offrons \u00e0 chaque demande <strong>un accompagnement sur mesure et des solutions concr\u00e8tes<\/strong>. Notre approche humaine et notre engagement dans la dur\u00e9e font de <strong>nos clients de v\u00e9ritables partenaires<\/strong>.<\/p>\n<h2><strong>Des r\u00e9sultats probants au service de votre croissance<\/strong><\/h2>\n<p>Notre mission : vous permettre d&#8217;int\u00e9grer <strong>les meilleurs profils<\/strong> pour booster vos performances commerciales et marketing. Gr\u00e2ce \u00e0 nos <strong>outils et techniques de pointe<\/strong>, nous optimisons vos processus de recrutement et s\u00e9curisons vos d\u00e9cisions.<\/p>\n<p>Convaincus que l&#8217;innovation est la cl\u00e9 du succ\u00e8s, nous investissons chaque ann\u00e9e dans <strong>les solutions les plus performantes du march\u00e9<\/strong>. Cette d\u00e9marche r\u00e9solument moderne nous permet de vous offrir un service d&#8217;excellence et de vous accompagner efficacement dans vos enjeux de demain.<\/p>\n<p><a href=\"https:\/\/impactup.com\/\"><strong>ImpactUp<\/strong><\/a><strong>, l\u2019<\/strong><strong>agence de recrutement<\/strong> <strong>de talents<\/strong> <strong>commerciaux<\/strong> et marketing partenaire de confiance des entreprises pour une performance commerciale durable.<\/p>\n<p>&nbsp;<\/p>\n<\/section>\n<p><strong>Pour avoir plus d&#8217;informations : <\/strong><\/p>\n<p><a href=\"https:\/\/impactup.com\/glossaire\/agence-de-recrutement-commerciaux\">Agence de recrutement commerciaux<\/a><br \/>\n<a href=\"https:\/\/impactup.com\/glossaire\/agence-de-recrutement-commercial\">Agence de recrutement commercial<\/a><br \/>\n<a href=\"https:\/\/impactup.com\/glossaire\/cabinet-de-recrutement-commercial-b-b\">Cabinet de recrutement commercial b to b<\/a><br \/>\n<a href=\"https:\/\/impactup.com\/glossaire\/cabinet-de-recrutement-commercial-bordeaux\">Cabinet de recrutement commercial Bordeaux<\/a><br \/>\n<a href=\"https:\/\/impactup.com\/glossaire\/cabinet-de-recrutement-fonction-commerciale\">Cabinet de recrutement fonction commerciale<\/a><br \/>\n<a href=\"https:\/\/impactup.com\/glossaire\/cabinet-de-recrutement-manager-commercial\">Cabinet de recrutement manager commercial<\/a><br \/>\n<a href=\"https:\/\/impactup.com\/glossaire\/cabinet-sp%C3%A9cialis%C3%A9-recrutement-commerciaux\">Cabinet sp\u00e9cialis\u00e9 recrutement commerciaux<\/a><br \/>\n<a href=\"https:\/\/impactup.com\/glossaire\/recrutement-commercial\">Recrutement commercial<\/a><br \/>\n<a href=\"https:\/\/impactup.com\/glossaire\/recrutement-commerciaux\">Recrutement commerciaux<\/a><br \/>\n<a href=\"https:\/\/impactup.com\/glossaire\/sp%C3%A9cialiste-fonctions-commerciales\">Sp\u00e9cialiste fonctions commerciales<\/a><br \/>\n<a href=\"https:\/\/impactup.com\/glossaire\/cabinet-de-recrutement-directeur-g%C3%A9n%C3%A9ral\">Cabinet de recrutement directeur g\u00e9n\u00e9ral<\/a><br \/>\n<a href=\"https:\/\/impactup.com\/glossaire\/cabinet-chasse-de-tete-directeur-commercial\">Cabinet chasse de t\u00eate directeur commercial<\/a><br \/>\n<a href=\"https:\/\/impactup.com\/glossaire\/recrutement-manager-de-transition\">Recrutement manager de transition<\/a><br \/>\n<a href=\"https:\/\/impactup.com\/glossaire\/recrutement-responsable-e-commerce\">Recrutement responsable e-commerce<\/a>[\/vc_column_text][\/vc_column][\/vc_row]<\/p>\n<\/div>","protected":false},"excerpt":{"rendered":"<p>[vc_row][vc_column width=&#8221;1\/3&#8243;][vc_btn title=&#8221;Voir notre offre&#8221; color=&#8221;secondarycolor&#8221; align=&#8221;center&#8221; css=&#8221;&#8221; link=&#8221;url:https%3A%2F%2Fimpactup.com%2Frecrutement%2F&#8221;][\/vc_column][vc_column width=&#8221;1\/3&#8243;][vc_btn title=&#8221;Confiez-nous votre projet&#8221; color=&#8221;secondarycolor&#8221; align=&#8221;center&#8221; css=&#8221;&#8221; link=&#8221;url:https%3A%2F%2Fimpactup.com%2Fetude-personnalisee%2F&#8221;][\/vc_column][vc_column width=&#8221;1\/3&#8243;][vc_btn title=&#8221;Contactez-nous&#8221; color=&#8221;secondarycolor&#8221; align=&#8221;center&#8221; css=&#8221;&#8221; link=&#8221;url:https%3A%2F%2Fimpactup.com%2Fcontact%2F&#8221;][\/vc_column][\/vc_row][vc_row css=&#8221;.vc_custom_1717658386032{padding-top: 40px !important;padding-bottom: 20px !important;}&#8221;][vc_column][vc_column_text css=&#8221;&#8221;] Recrutement de commerciaux : misez sur l\u2019agence ImpactUp pour des talents hors pair Le succ\u00e8s d&#8217;une entreprise commerciale repose en grande partie sur l&#8217;efficacit\u00e9 de ses [&hellip;]<\/p>\n","protected":false},"author":4,"featured_media":0,"parent":17218,"menu_order":0,"comment_status":"closed","ping_status":"closed","template":"","meta":{"_monsterinsights_skip_tracking":false,"_monsterinsights_sitenote_active":false,"_monsterinsights_sitenote_note":"","_monsterinsights_sitenote_category":0,"footnotes":""},"class_list":["post-25585","page","type-page","status-publish","hentry"],"yoast_head":"<!-- This site is optimized with the Yoast SEO plugin v27.0 - https:\/\/yoast.com\/product\/yoast-seo-wordpress\/ -->\n<title>Agence de recrutement commerciaux - Une agence exp\u00e9riment\u00e9e dans le recrutement de commerciaux<\/title>\n<meta name=\"description\" content=\"Recrutement de commerciaux : choisissez une agence sp\u00e9cialis\u00e9e. ImpactUp : l\u2019agence experte dans le recrutement de commerciaux.\" \/>\n<meta name=\"robots\" content=\"index, follow, max-snippet:-1, max-image-preview:large, max-video-preview:-1\" \/>\n<link rel=\"canonical\" href=\"https:\/\/impactup.com\/en\/glossaire\/agence-de-recrutement-commerciaux\/\" \/>\n<meta property=\"og:locale\" content=\"en_US\" \/>\n<meta property=\"og:type\" content=\"article\" \/>\n<meta property=\"og:title\" content=\"Agence de recrutement commerciaux - Une agence exp\u00e9riment\u00e9e dans le recrutement de commerciaux\" \/>\n<meta property=\"og:description\" content=\"Recrutement de commerciaux : choisissez une agence sp\u00e9cialis\u00e9e. ImpactUp : l\u2019agence experte dans le recrutement de commerciaux.\" \/>\n<meta property=\"og:url\" content=\"https:\/\/impactup.com\/en\/glossaire\/agence-de-recrutement-commerciaux\/\" \/>\n<meta property=\"og:site_name\" content=\"ImpactUp\" \/>\n<meta property=\"article:modified_time\" content=\"2024-06-13T11:35:20+00:00\" \/>\n<meta property=\"og:image\" content=\"https:\/\/impactup.com\/wp-content\/uploads\/2021\/01\/og.jpg\" \/>\n\t<meta property=\"og:image:width\" content=\"1067\" \/>\n\t<meta property=\"og:image:height\" content=\"600\" \/>\n\t<meta property=\"og:image:type\" content=\"image\/jpeg\" \/>\n<meta name=\"twitter:card\" content=\"summary_large_image\" \/>\n<meta name=\"twitter:label1\" content=\"Est. reading time\" \/>\n\t<meta name=\"twitter:data1\" content=\"8 minutes\" \/>\n<script type=\"application\/ld+json\" class=\"yoast-schema-graph\">{\"@context\":\"https:\/\/schema.org\",\"@graph\":[{\"@type\":\"WebPage\",\"@id\":\"https:\/\/impactup.com\/en\/glossaire\/agence-de-recrutement-commerciaux\/\",\"url\":\"https:\/\/impactup.com\/en\/glossaire\/agence-de-recrutement-commerciaux\/\",\"name\":\"Agence de recrutement commerciaux - Une agence exp\u00e9riment\u00e9e dans le recrutement de commerciaux\",\"isPartOf\":{\"@id\":\"https:\/\/impactup.com\/en\/#website\"},\"datePublished\":\"2024-06-06T09:09:05+00:00\",\"dateModified\":\"2024-06-13T11:35:20+00:00\",\"description\":\"Recrutement de commerciaux : choisissez une agence sp\u00e9cialis\u00e9e. ImpactUp : l\u2019agence experte dans le recrutement de commerciaux.\",\"breadcrumb\":{\"@id\":\"https:\/\/impactup.com\/en\/glossaire\/agence-de-recrutement-commerciaux\/#breadcrumb\"},\"inLanguage\":\"en-US\",\"potentialAction\":[{\"@type\":\"ReadAction\",\"target\":[\"https:\/\/impactup.com\/en\/glossaire\/agence-de-recrutement-commerciaux\/\"]}]},{\"@type\":\"BreadcrumbList\",\"@id\":\"https:\/\/impactup.com\/en\/glossaire\/agence-de-recrutement-commerciaux\/#breadcrumb\",\"itemListElement\":[{\"@type\":\"ListItem\",\"position\":1,\"name\":\"Accueil\",\"item\":\"https:\/\/impactup.com\/en\/\"},{\"@type\":\"ListItem\",\"position\":2,\"name\":\"Glossaire\",\"item\":\"https:\/\/impactup.com\/en\/glossaire\/\"},{\"@type\":\"ListItem\",\"position\":3,\"name\":\"Recrutement de commerciaux : misez sur l\u2019agence ImpactUp pour des talents hors pair\"}]},{\"@type\":\"WebSite\",\"@id\":\"https:\/\/impactup.com\/en\/#website\",\"url\":\"https:\/\/impactup.com\/en\/\",\"name\":\"ImpactUp\",\"description\":\"Recrutement commerciaux, directions commerciales et fonctions marketing\",\"potentialAction\":[{\"@type\":\"SearchAction\",\"target\":{\"@type\":\"EntryPoint\",\"urlTemplate\":\"https:\/\/impactup.com\/en\/?s={search_term_string}\"},\"query-input\":{\"@type\":\"PropertyValueSpecification\",\"valueRequired\":true,\"valueName\":\"search_term_string\"}}],\"inLanguage\":\"en-US\"}]}<\/script>\n<!-- \/ Yoast SEO plugin. -->","yoast_head_json":{"title":"Agence de recrutement commerciaux - Une agence exp\u00e9riment\u00e9e dans le recrutement de commerciaux","description":"Recrutement de commerciaux : choisissez une agence sp\u00e9cialis\u00e9e. ImpactUp : l\u2019agence experte dans le recrutement de commerciaux.","robots":{"index":"index","follow":"follow","max-snippet":"max-snippet:-1","max-image-preview":"max-image-preview:large","max-video-preview":"max-video-preview:-1"},"canonical":"https:\/\/impactup.com\/en\/glossaire\/agence-de-recrutement-commerciaux\/","og_locale":"en_US","og_type":"article","og_title":"Agence de recrutement commerciaux - Une agence exp\u00e9riment\u00e9e dans le recrutement de commerciaux","og_description":"Recrutement de commerciaux : choisissez une agence sp\u00e9cialis\u00e9e. ImpactUp : l\u2019agence experte dans le recrutement de commerciaux.","og_url":"https:\/\/impactup.com\/en\/glossaire\/agence-de-recrutement-commerciaux\/","og_site_name":"ImpactUp","article_modified_time":"2024-06-13T11:35:20+00:00","og_image":[{"width":1067,"height":600,"url":"https:\/\/impactup.com\/wp-content\/uploads\/2021\/01\/og.jpg","type":"image\/jpeg"}],"twitter_card":"summary_large_image","twitter_misc":{"Est. reading time":"8 minutes"},"schema":{"@context":"https:\/\/schema.org","@graph":[{"@type":"WebPage","@id":"https:\/\/impactup.com\/en\/glossaire\/agence-de-recrutement-commerciaux\/","url":"https:\/\/impactup.com\/en\/glossaire\/agence-de-recrutement-commerciaux\/","name":"Agence de recrutement commerciaux - Une agence exp\u00e9riment\u00e9e dans le recrutement de commerciaux","isPartOf":{"@id":"https:\/\/impactup.com\/en\/#website"},"datePublished":"2024-06-06T09:09:05+00:00","dateModified":"2024-06-13T11:35:20+00:00","description":"Recrutement de commerciaux : choisissez une agence sp\u00e9cialis\u00e9e. ImpactUp : l\u2019agence experte dans le recrutement de commerciaux.","breadcrumb":{"@id":"https:\/\/impactup.com\/en\/glossaire\/agence-de-recrutement-commerciaux\/#breadcrumb"},"inLanguage":"en-US","potentialAction":[{"@type":"ReadAction","target":["https:\/\/impactup.com\/en\/glossaire\/agence-de-recrutement-commerciaux\/"]}]},{"@type":"BreadcrumbList","@id":"https:\/\/impactup.com\/en\/glossaire\/agence-de-recrutement-commerciaux\/#breadcrumb","itemListElement":[{"@type":"ListItem","position":1,"name":"Accueil","item":"https:\/\/impactup.com\/en\/"},{"@type":"ListItem","position":2,"name":"Glossaire","item":"https:\/\/impactup.com\/en\/glossaire\/"},{"@type":"ListItem","position":3,"name":"Recrutement de commerciaux : misez sur l\u2019agence ImpactUp pour des talents hors pair"}]},{"@type":"WebSite","@id":"https:\/\/impactup.com\/en\/#website","url":"https:\/\/impactup.com\/en\/","name":"ImpactUp","description":"Recrutement commerciaux, directions commerciales et fonctions marketing","potentialAction":[{"@type":"SearchAction","target":{"@type":"EntryPoint","urlTemplate":"https:\/\/impactup.com\/en\/?s={search_term_string}"},"query-input":{"@type":"PropertyValueSpecification","valueRequired":true,"valueName":"search_term_string"}}],"inLanguage":"en-US"}]}},"_links":{"self":[{"href":"https:\/\/impactup.com\/en\/wp-json\/wp\/v2\/pages\/25585","targetHints":{"allow":["GET"]}}],"collection":[{"href":"https:\/\/impactup.com\/en\/wp-json\/wp\/v2\/pages"}],"about":[{"href":"https:\/\/impactup.com\/en\/wp-json\/wp\/v2\/types\/page"}],"author":[{"embeddable":true,"href":"https:\/\/impactup.com\/en\/wp-json\/wp\/v2\/users\/4"}],"replies":[{"embeddable":true,"href":"https:\/\/impactup.com\/en\/wp-json\/wp\/v2\/comments?post=25585"}],"version-history":[{"count":9,"href":"https:\/\/impactup.com\/en\/wp-json\/wp\/v2\/pages\/25585\/revisions"}],"predecessor-version":[{"id":26577,"href":"https:\/\/impactup.com\/en\/wp-json\/wp\/v2\/pages\/25585\/revisions\/26577"}],"up":[{"embeddable":true,"href":"https:\/\/impactup.com\/en\/wp-json\/wp\/v2\/pages\/17218"}],"wp:attachment":[{"href":"https:\/\/impactup.com\/en\/wp-json\/wp\/v2\/media?parent=25585"}],"curies":[{"name":"wp","href":"https:\/\/api.w.org\/{rel}","templated":true}]}}