{"id":22869,"date":"2023-03-24T08:37:26","date_gmt":"2023-03-24T07:37:26","guid":{"rendered":"https:\/\/impactup.niou.dev\/?page_id=22869"},"modified":"2024-06-12T16:36:10","modified_gmt":"2024-06-12T14:36:10","slug":"cabinet-recrutement-commercial-logistique","status":"publish","type":"page","link":"https:\/\/impactup.com\/en\/glossaire\/cabinet-recrutement-commercial-logistique\/","title":{"rendered":"Un cabinet de recrutement expert pour r\u00e9ussir l\u2019embauche de votre futur responsable commercial et  logistique"},"content":{"rendered":"<div class=\"wpb-content-wrapper\"><p>[vc_row][vc_column][vc_column_text css=&#8221;&#8221;]<\/p>\n<div style=\"height: 100px;\"><\/div>\n<h2>Un cabinet de recrutement expert pour r\u00e9ussir l\u2019embauche de votre futur responsable commercial et\u00a0 logistique<\/h2>\n<p>Le <a href=\"https:\/\/impactup.com\/glossaire\/agence-de-recrutement-commercial\"><strong>cabinet de recrutement<\/strong><\/a> ImpactUp est sp\u00e9cialis\u00e9 dans le domaine <a href=\"https:\/\/impactup.com\/glossaire\/agence-de-recrutement-commercial\"><strong>commercial<\/strong><\/a>, <a href=\"https:\/\/impactup.com\/glossaire\/agence-de-recrutement-commercial\"><strong>logistique<\/strong><\/a> et marketing. Si vous souhaitez embaucher des profils de talent pour d\u00e9velopper votre chiffre d\u2019affaires, faites appel \u00e0 notre agence. Avec pr\u00e8s de 20 ans d\u2019expertise, nous avons d\u00e9velopp\u00e9 une m\u00e9thode de recrutement efficace, avec possibilit\u00e9 d\u2019effectuer une chasse de t\u00eate si besoin.<\/p>\n<h2>Recrutez vos agents commerciaux et logistiques\u00a0avec l\u2019aide d\u2019un expert<\/h2>\n<p>Face \u00e0 une demande croissante sur des m\u00e9tiers techniques et commerciaux, de nombreuses entreprises peinent \u00e0 recruter sur le p\u00f4le <a href=\"https:\/\/impactup.com\/glossaire\/cabinet-de-d%C3%A9veloppement-commercial\"><strong>commercial et celui de la logistique<\/strong><\/a>. Les responsables RH se heurtent le plus souvent \u00e0 une p\u00e9nurie de candidats ou \u00e0 une inad\u00e9quation de l\u2019offre \u00e0 la demande\u00a0: les meilleurs profils \u00e9tant la plupart du temps d\u00e9j\u00e0 en poste. Pour surmonter ces difficult\u00e9s, le recours \u00e0 un <a href=\"https:\/\/impactup.com\/glossaire\/cabinet-de-d%C3%A9veloppement-commercial\"><strong>cabinet de recrutement <\/strong><\/a>sp\u00e9cialis\u00e9 est souvent indispensable. L\u2019agence de recrutement et de conseil <strong>ImpactUp<\/strong> a ax\u00e9 son expertise sur les fonctions commerciales et les m\u00e9tiers techniques o\u00f9 les profils sont peu visibles sur le march\u00e9 de l\u2019emploi. Nous accompagnons les entreprises, quel que soit leur taille ou le secteur, tout au long de leur projet de recrutement.<\/p>\n<p>L\u2019\u00e9quipe du cabinet <strong>ImpactUp<\/strong> poss\u00e8de un savoir-faire \u00e9prouv\u00e9 dans l\u2019identification, la recherche et l\u2019\u00e9valuation des profils de haut niveau sur les m\u00e9tiers du commerce et de la logistique\u00a0: directeur commercial, directeur des ventes, directeur de r\u00e9seau, key Account Manager, ing\u00e9nieur commercial, technico-commercial, gestionnaire logistique, responsable approvisionnement, responsable planning, pr\u00e9visionniste des ventes, supply Chain Manager et bien d\u2019autres encore.<\/p>\n<p>Gr\u00e2ce \u00e0 une connaissance pointue des m\u00e9tiers, des enjeux et du march\u00e9 de l\u2019emploi, nous sommes en mesure de cibler les meilleurs profils. Notre <strong>cabinet de recrutement<\/strong> sait pertinemment que le domaine <strong>commercial et logistique<\/strong> requiert une v\u00e9ritable expertise, au niveau strat\u00e9gique et op\u00e9rationnel. En effet, le responsable logistique doit \u00eatre capable de g\u00e9rer \u00e0 la fois la satisfaction des clients, les co\u00fbts associ\u00e9s \u00e0 chaque produit, ainsi que les capacit\u00e9s de service de l\u2019entreprise afin de mettre en place la meilleure offre possible. Cela n\u00e9cessite diff\u00e9rentes comp\u00e9tences incluant la gestion de stocks, le contr\u00f4le qualit\u00e9, la strat\u00e9gie marketing, la relation client, etc. Sp\u00e9cialis\u00e9s dans les fonctions commerciales, nos consultants connaissent parfaitement ces diff\u00e9rents domaines, et savent rep\u00e9rer les profils talentueux qui r\u00e9unissent les comp\u00e9tences op\u00e9rationnelles, les aptitudes strat\u00e9giques et les qualit\u00e9s humaines n\u00e9cessaires pour exercer en tant que commercial logistique. Nous pouvons \u00e9galement rechercher des candidats qui connaissent votre secteur d\u2019activit\u00e9\u00a0: industrie textile, production alimentaire, vente au d\u00e9tail, etc.<\/p>\n<h2>Notre expertise \u00e0 votre service<\/h2>\n<p>Chez <a href=\"https:\/\/impactup.com\"><strong>ImpactUp<\/strong><\/a>, nous comprenons les enjeux forts d\u2019un recrutement pertinent et de qualit\u00e9. C\u2019est la raison pour laquelle notre \u00e9quipe est constitu\u00e9e de consultants issus des fonctions pour lesquelles ils interviennent. Par ailleurs, nos m\u00e9thodes et outils permettent une \u00e9valuation compl\u00e8te et objective du candidat\u00a0: expertises techniques, moteurs de motivation, niveau d\u2019exp\u00e9rience et de formation,\u00a0 comp\u00e9tences comportementales au travail.<\/p>\n<p>Pour d\u00e9nicher le meilleur profil<strong> commercial<\/strong>, <strong>notre cabinet de recrutement<\/strong> intervient en amont pour comprendre vos besoins, d\u00e9finir ensemble les missions et objectifs ainsi que le profil du candidat recherch\u00e9. Une fois l\u2019offre d\u2019emploi r\u00e9dig\u00e9e, nous proc\u00e9dons \u00e0 la recherche de candidats via de multiples canaux : approche directe, consultation de notre base de donn\u00e9es, int\u00e9gration sur notre site et des jobs boards sp\u00e9cialis\u00e9s, etc.\u00a0 Par la suite, nos consultants-recruteurs analysent et s\u00e9lectionnent les CV et m\u00e8nent des entretiens t\u00e9l\u00e9phoniques et physiques aux candidats pr\u00e9s\u00e9lectionn\u00e9s. Une fois ces \u00e9tapes r\u00e9alis\u00e9es, notre cabinet vous remettra une liste comportant le nom des candidats retenus, parmi lesquels vous aurez \u00e0 choisir. Enfin, le cabinet propose son accompagnement pour faciliter l\u2019int\u00e9gration du nouveau technico-commercial dans sa nouvelle entreprise.<\/p>\n<p>Permettre \u00e0 nos clients d\u2019int\u00e9grer LE meilleur profil est notre mission. Nous avons la culture du r\u00e9sultat, notre approche est r\u00e9solument pragmatique, les objectifs de nos clients sont les n\u00f4tres. Notre cabinet fournit \u00e9galement des prestations de conseil sur le d\u00e9veloppement commercial \u00e0 destination des cadres et managers. N\u2019h\u00e9sitez pas \u00e0 nous contacter.<\/p>\n<h2>Recrutement, conseil et formations<\/h2>\n<p>Souhaitant partager nos connaissances acquises pendant pr\u00e8s de 20 ans d\u2019exercice aupr\u00e8s de grands comptes, d\u2019ETI et de PME de toutes sortes, nous aidons au recrutement dans les fonctions marketing, <a href=\"https:\/\/impactup.com\/glossaire\/cabinet-de-recrutement-commerciaux-nantes\"><strong>commerciales et logistiques au travers de notre cabinet de recrutement<\/strong><\/a>, mais nous proposons aussi le conseil en d\u00e9veloppement commercial et des formations \u00e0 destination des \u00e9quipes commerciales et des ressources humaines.<\/p>\n<p>Pour le conseil en d\u00e9veloppement commercial, nous vous d\u00e9dions une \u00e9quipe qui va agir de concert avec vos \u00e9quipes pour, en amont, d\u00e9terminer une strat\u00e9gie commerciale et un business plan apr\u00e8s analyse de potentiel et de SWOT et, parall\u00e8lement, mettre en place un plan de recrutement et, en aval, appliquer la strat\u00e9gie commerciale identifi\u00e9e et le business plan \u00e9labor\u00e9 avec des actions telles que la r\u00e9alisation du plan d\u2019adressage, des plans de r\u00e9mun\u00e9rations, des s\u00e9minaires, des teambuildings et des formations pour motiver les \u00e9quipes, et le pilotage d\u2019un projet CRM pour l\u2019\u00e9valuation des r\u00e9sultats.<\/p>\n<p>Et pour les formations, nous proposons trois th\u00e8mes\u00a0: le recrutement pour pouvoir cr\u00e9er et piloter son propre process de recrutement, le style comportemental pour am\u00e9liorer l\u2019efficacit\u00e9 des \u00e9quipes commerciales et RH et le management pour optimiser les capacit\u00e9s des managers en place et former les managers en devenir.[\/vc_column_text][\/vc_column][\/vc_row]<\/p>\n<\/div>","protected":false},"excerpt":{"rendered":"<p>[vc_row][vc_column][vc_column_text css=&#8221;&#8221;] Un cabinet de recrutement expert pour r\u00e9ussir l\u2019embauche de votre futur responsable commercial et\u00a0 logistique Le cabinet de recrutement ImpactUp est sp\u00e9cialis\u00e9 dans le domaine commercial, logistique et marketing. Si vous souhaitez embaucher des profils de talent pour d\u00e9velopper votre chiffre d\u2019affaires, faites appel \u00e0 notre agence. Avec pr\u00e8s de 20 ans d\u2019expertise, [&hellip;]<\/p>\n","protected":false},"author":4,"featured_media":0,"parent":17218,"menu_order":0,"comment_status":"closed","ping_status":"closed","template":"","meta":{"_monsterinsights_skip_tracking":false,"_monsterinsights_sitenote_active":false,"_monsterinsights_sitenote_note":"","_monsterinsights_sitenote_category":0,"footnotes":""},"class_list":["post-22869","page","type-page","status-publish","hentry"],"yoast_head":"<!-- This site is optimized with the Yoast SEO plugin v27.0 - https:\/\/yoast.com\/product\/yoast-seo-wordpress\/ -->\n<title>Cabinet recrutement commercial logistique - Avec notre cabinet de recrutement, embauchez un responsable commercial et logistique de talent<\/title>\n<meta name=\"description\" content=\"Cabinet de recrutement pour la recherche de responsable commercial et logistique. ImpactUp est un cabinet sp\u00e9cialis\u00e9 dans le recrutement pour les fonctions commerciales, logistiques et marketing.\" \/>\n<meta name=\"robots\" content=\"index, follow, max-snippet:-1, max-image-preview:large, max-video-preview:-1\" \/>\n<link rel=\"canonical\" href=\"https:\/\/impactup.com\/en\/glossaire\/cabinet-recrutement-commercial-logistique\/\" \/>\n<meta property=\"og:locale\" content=\"en_US\" \/>\n<meta property=\"og:type\" content=\"article\" \/>\n<meta property=\"og:title\" content=\"Cabinet recrutement commercial logistique - Avec notre cabinet de recrutement, embauchez un responsable commercial et logistique de talent\" \/>\n<meta property=\"og:description\" content=\"Cabinet de recrutement pour la recherche de responsable commercial et logistique. ImpactUp est un cabinet sp\u00e9cialis\u00e9 dans le recrutement pour les fonctions commerciales, logistiques et marketing.\" \/>\n<meta property=\"og:url\" content=\"https:\/\/impactup.com\/en\/glossaire\/cabinet-recrutement-commercial-logistique\/\" \/>\n<meta property=\"og:site_name\" content=\"ImpactUp\" \/>\n<meta property=\"article:modified_time\" content=\"2024-06-12T14:36:10+00:00\" \/>\n<meta property=\"og:image\" content=\"https:\/\/impactup.com\/wp-content\/uploads\/2021\/01\/og.jpg\" \/>\n\t<meta property=\"og:image:width\" content=\"1067\" \/>\n\t<meta property=\"og:image:height\" content=\"600\" \/>\n\t<meta property=\"og:image:type\" content=\"image\/jpeg\" \/>\n<meta name=\"twitter:card\" content=\"summary_large_image\" \/>\n<meta name=\"twitter:label1\" content=\"Est. reading time\" \/>\n\t<meta name=\"twitter:data1\" content=\"5 minutes\" \/>\n<script type=\"application\/ld+json\" class=\"yoast-schema-graph\">{\"@context\":\"https:\/\/schema.org\",\"@graph\":[{\"@type\":\"WebPage\",\"@id\":\"https:\/\/impactup.com\/en\/glossaire\/cabinet-recrutement-commercial-logistique\/\",\"url\":\"https:\/\/impactup.com\/en\/glossaire\/cabinet-recrutement-commercial-logistique\/\",\"name\":\"Cabinet recrutement commercial logistique - Avec notre cabinet de recrutement, embauchez un responsable commercial et logistique de talent\",\"isPartOf\":{\"@id\":\"https:\/\/impactup.com\/en\/#website\"},\"datePublished\":\"2023-03-24T07:37:26+00:00\",\"dateModified\":\"2024-06-12T14:36:10+00:00\",\"description\":\"Cabinet de recrutement pour la recherche de responsable commercial et logistique. ImpactUp est un cabinet sp\u00e9cialis\u00e9 dans le recrutement pour les fonctions commerciales, logistiques et marketing.\",\"breadcrumb\":{\"@id\":\"https:\/\/impactup.com\/en\/glossaire\/cabinet-recrutement-commercial-logistique\/#breadcrumb\"},\"inLanguage\":\"en-US\",\"potentialAction\":[{\"@type\":\"ReadAction\",\"target\":[\"https:\/\/impactup.com\/en\/glossaire\/cabinet-recrutement-commercial-logistique\/\"]}]},{\"@type\":\"BreadcrumbList\",\"@id\":\"https:\/\/impactup.com\/en\/glossaire\/cabinet-recrutement-commercial-logistique\/#breadcrumb\",\"itemListElement\":[{\"@type\":\"ListItem\",\"position\":1,\"name\":\"Accueil\",\"item\":\"https:\/\/impactup.com\/en\/\"},{\"@type\":\"ListItem\",\"position\":2,\"name\":\"Glossaire\",\"item\":\"https:\/\/impactup.com\/en\/glossaire\/\"},{\"@type\":\"ListItem\",\"position\":3,\"name\":\"Un cabinet de recrutement expert pour r\u00e9ussir l\u2019embauche de votre futur responsable commercial et logistique\"}]},{\"@type\":\"WebSite\",\"@id\":\"https:\/\/impactup.com\/en\/#website\",\"url\":\"https:\/\/impactup.com\/en\/\",\"name\":\"ImpactUp\",\"description\":\"Recrutement commerciaux, directions commerciales et fonctions marketing\",\"potentialAction\":[{\"@type\":\"SearchAction\",\"target\":{\"@type\":\"EntryPoint\",\"urlTemplate\":\"https:\/\/impactup.com\/en\/?s={search_term_string}\"},\"query-input\":{\"@type\":\"PropertyValueSpecification\",\"valueRequired\":true,\"valueName\":\"search_term_string\"}}],\"inLanguage\":\"en-US\"}]}<\/script>\n<!-- \/ Yoast SEO plugin. -->","yoast_head_json":{"title":"Cabinet recrutement commercial logistique - Avec notre cabinet de recrutement, embauchez un responsable commercial et logistique de talent","description":"Cabinet de recrutement pour la recherche de responsable commercial et logistique. ImpactUp est un cabinet sp\u00e9cialis\u00e9 dans le recrutement pour les fonctions commerciales, logistiques et marketing.","robots":{"index":"index","follow":"follow","max-snippet":"max-snippet:-1","max-image-preview":"max-image-preview:large","max-video-preview":"max-video-preview:-1"},"canonical":"https:\/\/impactup.com\/en\/glossaire\/cabinet-recrutement-commercial-logistique\/","og_locale":"en_US","og_type":"article","og_title":"Cabinet recrutement commercial logistique - Avec notre cabinet de recrutement, embauchez un responsable commercial et logistique de talent","og_description":"Cabinet de recrutement pour la recherche de responsable commercial et logistique. ImpactUp est un cabinet sp\u00e9cialis\u00e9 dans le recrutement pour les fonctions commerciales, logistiques et marketing.","og_url":"https:\/\/impactup.com\/en\/glossaire\/cabinet-recrutement-commercial-logistique\/","og_site_name":"ImpactUp","article_modified_time":"2024-06-12T14:36:10+00:00","og_image":[{"width":1067,"height":600,"url":"https:\/\/impactup.com\/wp-content\/uploads\/2021\/01\/og.jpg","type":"image\/jpeg"}],"twitter_card":"summary_large_image","twitter_misc":{"Est. reading time":"5 minutes"},"schema":{"@context":"https:\/\/schema.org","@graph":[{"@type":"WebPage","@id":"https:\/\/impactup.com\/en\/glossaire\/cabinet-recrutement-commercial-logistique\/","url":"https:\/\/impactup.com\/en\/glossaire\/cabinet-recrutement-commercial-logistique\/","name":"Cabinet recrutement commercial logistique - Avec notre cabinet de recrutement, embauchez un responsable commercial et logistique de talent","isPartOf":{"@id":"https:\/\/impactup.com\/en\/#website"},"datePublished":"2023-03-24T07:37:26+00:00","dateModified":"2024-06-12T14:36:10+00:00","description":"Cabinet de recrutement pour la recherche de responsable commercial et logistique. ImpactUp est un cabinet sp\u00e9cialis\u00e9 dans le recrutement pour les fonctions commerciales, logistiques et marketing.","breadcrumb":{"@id":"https:\/\/impactup.com\/en\/glossaire\/cabinet-recrutement-commercial-logistique\/#breadcrumb"},"inLanguage":"en-US","potentialAction":[{"@type":"ReadAction","target":["https:\/\/impactup.com\/en\/glossaire\/cabinet-recrutement-commercial-logistique\/"]}]},{"@type":"BreadcrumbList","@id":"https:\/\/impactup.com\/en\/glossaire\/cabinet-recrutement-commercial-logistique\/#breadcrumb","itemListElement":[{"@type":"ListItem","position":1,"name":"Accueil","item":"https:\/\/impactup.com\/en\/"},{"@type":"ListItem","position":2,"name":"Glossaire","item":"https:\/\/impactup.com\/en\/glossaire\/"},{"@type":"ListItem","position":3,"name":"Un cabinet de recrutement expert pour r\u00e9ussir l\u2019embauche de votre futur responsable commercial et logistique"}]},{"@type":"WebSite","@id":"https:\/\/impactup.com\/en\/#website","url":"https:\/\/impactup.com\/en\/","name":"ImpactUp","description":"Recrutement commerciaux, directions commerciales et fonctions marketing","potentialAction":[{"@type":"SearchAction","target":{"@type":"EntryPoint","urlTemplate":"https:\/\/impactup.com\/en\/?s={search_term_string}"},"query-input":{"@type":"PropertyValueSpecification","valueRequired":true,"valueName":"search_term_string"}}],"inLanguage":"en-US"}]}},"_links":{"self":[{"href":"https:\/\/impactup.com\/en\/wp-json\/wp\/v2\/pages\/22869","targetHints":{"allow":["GET"]}}],"collection":[{"href":"https:\/\/impactup.com\/en\/wp-json\/wp\/v2\/pages"}],"about":[{"href":"https:\/\/impactup.com\/en\/wp-json\/wp\/v2\/types\/page"}],"author":[{"embeddable":true,"href":"https:\/\/impactup.com\/en\/wp-json\/wp\/v2\/users\/4"}],"replies":[{"embeddable":true,"href":"https:\/\/impactup.com\/en\/wp-json\/wp\/v2\/comments?post=22869"}],"version-history":[{"count":3,"href":"https:\/\/impactup.com\/en\/wp-json\/wp\/v2\/pages\/22869\/revisions"}],"predecessor-version":[{"id":26558,"href":"https:\/\/impactup.com\/en\/wp-json\/wp\/v2\/pages\/22869\/revisions\/26558"}],"up":[{"embeddable":true,"href":"https:\/\/impactup.com\/en\/wp-json\/wp\/v2\/pages\/17218"}],"wp:attachment":[{"href":"https:\/\/impactup.com\/en\/wp-json\/wp\/v2\/media?parent=22869"}],"curies":[{"name":"wp","href":"https:\/\/api.w.org\/{rel}","templated":true}]}}