{"id":16956,"date":"2020-11-24T17:03:42","date_gmt":"2020-11-24T16:03:42","guid":{"rendered":"https:\/\/impactup.niou.dev\/?page_id=16956"},"modified":"2020-11-24T17:03:42","modified_gmt":"2020-11-24T16:03:42","slug":"style-comportemental","status":"publish","type":"page","link":"https:\/\/impactup.com\/en\/formations\/style-comportemental\/","title":{"rendered":"Style comportemental"},"content":{"rendered":"<div class=\"wpb-content-wrapper\"><p>[vc_row cspt-bg-color=&#8221;white&#8221; css=&#8221;.vc_custom_1598428542381{padding: 30px !important;}&#8221;][vc_column][vc_row_inner content_placement=&#8221;middle&#8221;][vc_column_inner width=&#8221;1\/2&#8243;][vc_column_text]Ce module s\u2019adresse aux \u00e9quipes commerciales et aux managers.<br \/>\nVous d\u00e9couvrirez les techniques d\u2019analyse du comportement qui permettent de mieux comprendre votre interlocuteur.<\/p>\n<p>La connaissance du mod\u00e8le de Marston et la ma\u00eetrise du langage des couleurs, qui ont fait leur preuve \u00e0 travers le monde, am\u00e9lioreront votre capacit\u00e9 \u00e0 communiquer et \u00e0 convaincre.<\/p>\n<p>Tous nos modules sont r\u00e9alis\u00e9s sur-mesure.<\/p>\n<p>Contactez nous et faites nous part de vos besoins[\/vc_column_text][\/vc_column_inner][vc_column_inner width=&#8221;1\/2&#8243;][vc_single_image image=&#8221;15280&#8243; img_size=&#8221;full&#8221; alignment=&#8221;center&#8221;][vc_btn title=&#8221;Contactez-nous&#8221; style=&#8221;flat&#8221; color=&#8221;secondarycolor&#8221; link=&#8221;url:https%3A%2F%2Fimpactup.com%2Fcontact%2F|title:Contact||&#8221;][\/vc_column_inner][\/vc_row_inner][\/vc_column][\/vc_row]<\/p>\n<\/div>","protected":false},"excerpt":{"rendered":"<p>[vc_row cspt-bg-color=&#8221;white&#8221; css=&#8221;.vc_custom_1598428542381{padding: 30px !important;}&#8221;][vc_column][vc_row_inner content_placement=&#8221;middle&#8221;][vc_column_inner width=&#8221;1\/2&#8243;][vc_column_text]Ce module s\u2019adresse aux \u00e9quipes commerciales et aux managers. Vous d\u00e9couvrirez les techniques d\u2019analyse du comportement qui permettent de mieux comprendre votre interlocuteur. La connaissance du mod\u00e8le de Marston et la ma\u00eetrise du langage des couleurs, qui ont fait leur preuve \u00e0 travers le monde, am\u00e9lioreront votre capacit\u00e9 \u00e0 [&hellip;]<\/p>\n","protected":false},"author":10,"featured_media":0,"parent":15413,"menu_order":11,"comment_status":"closed","ping_status":"closed","template":"","meta":{"_monsterinsights_skip_tracking":false,"_monsterinsights_sitenote_active":false,"_monsterinsights_sitenote_note":"","_monsterinsights_sitenote_category":0,"footnotes":""},"class_list":["post-16956","page","type-page","status-publish","hentry"],"yoast_head":"<!-- This site is optimized with the Yoast SEO plugin v27.0 - https:\/\/yoast.com\/product\/yoast-seo-wordpress\/ -->\n<title>Style comportemental - ImpactUp<\/title>\n<meta name=\"description\" content=\"En savoir plus sur Style comportemental - cabinet de recrutement pour la recherche de profils, le recrutement et le suivi\" \/>\n<meta name=\"robots\" content=\"index, follow, max-snippet:-1, max-image-preview:large, max-video-preview:-1\" \/>\n<link rel=\"canonical\" href=\"https:\/\/impactup.com\/en\/formations\/style-comportemental\/\" \/>\n<meta property=\"og:locale\" content=\"en_US\" \/>\n<meta property=\"og:type\" content=\"article\" \/>\n<meta property=\"og:title\" content=\"Style comportemental - ImpactUp\" \/>\n<meta property=\"og:description\" content=\"En savoir plus sur Style comportemental - cabinet de recrutement pour la recherche de profils, le recrutement et le suivi\" \/>\n<meta property=\"og:url\" content=\"https:\/\/impactup.com\/en\/formations\/style-comportemental\/\" \/>\n<meta property=\"og:site_name\" content=\"ImpactUp\" \/>\n<meta property=\"og:image\" content=\"https:\/\/impactup.com\/wp-content\/uploads\/2021\/01\/og.jpg\" \/>\n\t<meta property=\"og:image:width\" content=\"1067\" \/>\n\t<meta property=\"og:image:height\" content=\"600\" \/>\n\t<meta property=\"og:image:type\" content=\"image\/jpeg\" \/>\n<meta name=\"twitter:card\" content=\"summary_large_image\" \/>\n<meta name=\"twitter:label1\" content=\"Est. reading time\" \/>\n\t<meta name=\"twitter:data1\" content=\"1 minute\" \/>\n<script type=\"application\/ld+json\" class=\"yoast-schema-graph\">{\"@context\":\"https:\/\/schema.org\",\"@graph\":[{\"@type\":\"WebPage\",\"@id\":\"https:\/\/impactup.com\/en\/formations\/style-comportemental\/\",\"url\":\"https:\/\/impactup.com\/en\/formations\/style-comportemental\/\",\"name\":\"Style comportemental - ImpactUp\",\"isPartOf\":{\"@id\":\"https:\/\/impactup.com\/en\/#website\"},\"datePublished\":\"2020-11-24T16:03:42+00:00\",\"description\":\"En savoir plus sur Style comportemental - cabinet de recrutement pour la recherche de profils, le recrutement et le suivi\",\"breadcrumb\":{\"@id\":\"https:\/\/impactup.com\/en\/formations\/style-comportemental\/#breadcrumb\"},\"inLanguage\":\"en-US\",\"potentialAction\":[{\"@type\":\"ReadAction\",\"target\":[\"https:\/\/impactup.com\/en\/formations\/style-comportemental\/\"]}]},{\"@type\":\"BreadcrumbList\",\"@id\":\"https:\/\/impactup.com\/en\/formations\/style-comportemental\/#breadcrumb\",\"itemListElement\":[{\"@type\":\"ListItem\",\"position\":1,\"name\":\"Accueil\",\"item\":\"https:\/\/impactup.com\/en\/\"},{\"@type\":\"ListItem\",\"position\":2,\"name\":\"Formations\",\"item\":\"https:\/\/impactup.com\/en\/formations\/\"},{\"@type\":\"ListItem\",\"position\":3,\"name\":\"Style comportemental\"}]},{\"@type\":\"WebSite\",\"@id\":\"https:\/\/impactup.com\/en\/#website\",\"url\":\"https:\/\/impactup.com\/en\/\",\"name\":\"ImpactUp\",\"description\":\"Recrutement commerciaux, directions commerciales et fonctions marketing\",\"potentialAction\":[{\"@type\":\"SearchAction\",\"target\":{\"@type\":\"EntryPoint\",\"urlTemplate\":\"https:\/\/impactup.com\/en\/?s={search_term_string}\"},\"query-input\":{\"@type\":\"PropertyValueSpecification\",\"valueRequired\":true,\"valueName\":\"search_term_string\"}}],\"inLanguage\":\"en-US\"}]}<\/script>\n<!-- \/ Yoast SEO plugin. -->","yoast_head_json":{"title":"Style comportemental - ImpactUp","description":"En savoir plus sur Style comportemental - cabinet de recrutement pour la recherche de profils, le recrutement et le suivi","robots":{"index":"index","follow":"follow","max-snippet":"max-snippet:-1","max-image-preview":"max-image-preview:large","max-video-preview":"max-video-preview:-1"},"canonical":"https:\/\/impactup.com\/en\/formations\/style-comportemental\/","og_locale":"en_US","og_type":"article","og_title":"Style comportemental - ImpactUp","og_description":"En savoir plus sur Style comportemental - cabinet de recrutement pour la recherche de profils, le recrutement et le suivi","og_url":"https:\/\/impactup.com\/en\/formations\/style-comportemental\/","og_site_name":"ImpactUp","og_image":[{"width":1067,"height":600,"url":"https:\/\/impactup.com\/wp-content\/uploads\/2021\/01\/og.jpg","type":"image\/jpeg"}],"twitter_card":"summary_large_image","twitter_misc":{"Est. reading time":"1 minute"},"schema":{"@context":"https:\/\/schema.org","@graph":[{"@type":"WebPage","@id":"https:\/\/impactup.com\/en\/formations\/style-comportemental\/","url":"https:\/\/impactup.com\/en\/formations\/style-comportemental\/","name":"Style comportemental - ImpactUp","isPartOf":{"@id":"https:\/\/impactup.com\/en\/#website"},"datePublished":"2020-11-24T16:03:42+00:00","description":"En savoir plus sur Style comportemental - cabinet de recrutement pour la recherche de profils, le recrutement et le suivi","breadcrumb":{"@id":"https:\/\/impactup.com\/en\/formations\/style-comportemental\/#breadcrumb"},"inLanguage":"en-US","potentialAction":[{"@type":"ReadAction","target":["https:\/\/impactup.com\/en\/formations\/style-comportemental\/"]}]},{"@type":"BreadcrumbList","@id":"https:\/\/impactup.com\/en\/formations\/style-comportemental\/#breadcrumb","itemListElement":[{"@type":"ListItem","position":1,"name":"Accueil","item":"https:\/\/impactup.com\/en\/"},{"@type":"ListItem","position":2,"name":"Formations","item":"https:\/\/impactup.com\/en\/formations\/"},{"@type":"ListItem","position":3,"name":"Style comportemental"}]},{"@type":"WebSite","@id":"https:\/\/impactup.com\/en\/#website","url":"https:\/\/impactup.com\/en\/","name":"ImpactUp","description":"Recrutement commerciaux, directions commerciales et fonctions marketing","potentialAction":[{"@type":"SearchAction","target":{"@type":"EntryPoint","urlTemplate":"https:\/\/impactup.com\/en\/?s={search_term_string}"},"query-input":{"@type":"PropertyValueSpecification","valueRequired":true,"valueName":"search_term_string"}}],"inLanguage":"en-US"}]}},"_links":{"self":[{"href":"https:\/\/impactup.com\/en\/wp-json\/wp\/v2\/pages\/16956","targetHints":{"allow":["GET"]}}],"collection":[{"href":"https:\/\/impactup.com\/en\/wp-json\/wp\/v2\/pages"}],"about":[{"href":"https:\/\/impactup.com\/en\/wp-json\/wp\/v2\/types\/page"}],"author":[{"embeddable":true,"href":"https:\/\/impactup.com\/en\/wp-json\/wp\/v2\/users\/10"}],"replies":[{"embeddable":true,"href":"https:\/\/impactup.com\/en\/wp-json\/wp\/v2\/comments?post=16956"}],"version-history":[{"count":0,"href":"https:\/\/impactup.com\/en\/wp-json\/wp\/v2\/pages\/16956\/revisions"}],"up":[{"embeddable":true,"href":"https:\/\/impactup.com\/en\/wp-json\/wp\/v2\/pages\/15413"}],"wp:attachment":[{"href":"https:\/\/impactup.com\/en\/wp-json\/wp\/v2\/media?parent=16956"}],"curies":[{"name":"wp","href":"https:\/\/api.w.org\/{rel}","templated":true}]}}