{"id":16941,"date":"2020-11-24T16:18:14","date_gmt":"2020-11-24T15:18:14","guid":{"rendered":"https:\/\/impactup.niou.dev\/?page_id=16941"},"modified":"2021-05-07T14:17:54","modified_gmt":"2021-05-07T12:17:54","slug":"recrutement","status":"publish","type":"page","link":"https:\/\/impactup.com\/en\/formations\/recrutement\/","title":{"rendered":"Recrutement"},"content":{"rendered":"<div class=\"wpb-content-wrapper\"><p>[vc_row cspt-bg-color=&#8221;white&#8221; css=&#8221;.vc_custom_1598428542381{padding: 30px !important;}&#8221;][vc_column][vc_row_inner content_placement=&#8221;middle&#8221;][vc_column_inner width=&#8221;3\/5&#8243;][vc_column_text]Nos modules s\u2019adressent aux <a href=\"https:\/\/impactup.com\/glossaire\/cabinet-de-recrutement-business-developer-paris\">chefs d\u2019entreprises<\/a> (TPE et PME) et aux responsables op\u00e9rationnels de grandes soci\u00e9t\u00e9s.<\/p>\n<p>Nous accompagnons vos \u00e9quipes pour leur permettre de disposer des connaissances et comp\u00e9tences cl\u00e9s\u00a0afin d\u2019\u00eatre autonome et efficace :[\/vc_column_text]<div  class=\"creativesplanet-ul-list cspt-ul-type-icon\"><ul><li><i class=\"cspt-globalcolor entypo-icon entypo-icon-right-open-mini\"><\/i> D\u00e9finir votre (vos) besoin(s) : Profil cible, crit\u00e8res objectifs, soft skills \u2026 <\/li><li><i class=\"cspt-globalcolor entypo-icon entypo-icon-right-open-mini\"><\/i> R\u00e9diger une description de poste et une offre d\u2019emploi <\/li><li><i class=\"cspt-globalcolor entypo-icon entypo-icon-right-open-mini\"><\/i> Choisir les outils et supports adapt\u00e9s (ATS, Jobboard, outils de sourcing \u2026) <\/li><li><i class=\"cspt-globalcolor entypo-icon entypo-icon-right-open-mini\"><\/i> Etablir un retro planning <\/li><li><i class=\"cspt-globalcolor entypo-icon entypo-icon-right-open-mini\"><\/i> Piloter chaque \u00e9tape du process de recrutement<\/li><li><i class=\"cspt-globalcolor entypo-icon entypo-icon-right-open-mini\"><\/i> Pr\u00e9parer et mener les entretiens d\u2019\u00e9valuations <\/li><li><i class=\"cspt-globalcolor entypo-icon entypo-icon-right-open-mini\"><\/i> Communiquer avec les candidats <\/li><li><i class=\"cspt-globalcolor entypo-icon entypo-icon-right-open-mini\"><\/i> S\u00e9lectionner et utiliser les tests (Psychotechniques, personnalit\u00e9, m\u00e9tiers \u2026) <\/li><li><i class=\"cspt-globalcolor entypo-icon entypo-icon-right-open-mini\"><\/i> Prendre une d\u00e9cision <\/li><li><i class=\"cspt-globalcolor entypo-icon entypo-icon-right-open-mini\"><\/i> Intelligence \u00e9motionnelle  \u2026 <\/li><\/ul><\/div>[vc_column_text]Tous nos modules sont r\u00e9alis\u00e9s sur-mesure.<\/p>\n<p>Contactez nous et faites nous part de vos besoins[\/vc_column_text][\/vc_column_inner][vc_column_inner width=&#8221;2\/5&#8243;][vc_single_image image=&#8221;16946&#8243; img_size=&#8221;full&#8221; alignment=&#8221;center&#8221;][vc_btn title=&#8221;En savoir plus&#8221; style=&#8221;flat&#8221; color=&#8221;secondarycolor&#8221; link=&#8221;url:https%3A%2F%2Fimpactup.com%2Fcontact%2F|title:Contact||&#8221;][\/vc_column_inner][\/vc_row_inner][\/vc_column][\/vc_row]<\/p>\n<\/div>","protected":false},"excerpt":{"rendered":"<p>[vc_row cspt-bg-color=&#8221;white&#8221; css=&#8221;.vc_custom_1598428542381{padding: 30px !important;}&#8221;][vc_column][vc_row_inner content_placement=&#8221;middle&#8221;][vc_column_inner width=&#8221;3\/5&#8243;][vc_column_text]Nos modules s\u2019adressent aux chefs d\u2019entreprises (TPE et PME) et aux responsables op\u00e9rationnels de grandes soci\u00e9t\u00e9s. Nous accompagnons vos \u00e9quipes pour leur permettre de disposer des connaissances et comp\u00e9tences cl\u00e9s\u00a0afin d\u2019\u00eatre autonome et efficace :[\/vc_column_text][vc_column_text]Tous nos modules sont r\u00e9alis\u00e9s sur-mesure. Contactez nous et faites nous part de vos besoins[\/vc_column_text][\/vc_column_inner][vc_column_inner [&hellip;]<\/p>\n","protected":false},"author":10,"featured_media":0,"parent":15413,"menu_order":11,"comment_status":"closed","ping_status":"closed","template":"","meta":{"_monsterinsights_skip_tracking":false,"_monsterinsights_sitenote_active":false,"_monsterinsights_sitenote_note":"","_monsterinsights_sitenote_category":0,"footnotes":""},"class_list":["post-16941","page","type-page","status-publish","hentry"],"yoast_head":"<!-- This site is optimized with the Yoast SEO plugin v27.0 - https:\/\/yoast.com\/product\/yoast-seo-wordpress\/ -->\n<title>Recrutement - ImpactUp<\/title>\n<meta name=\"description\" content=\"En savoir plus sur Recrutement - cabinet de recrutement pour la recherche de profils, le recrutement et le suivi\" \/>\n<meta name=\"robots\" content=\"index, follow, max-snippet:-1, max-image-preview:large, max-video-preview:-1\" \/>\n<link rel=\"canonical\" href=\"https:\/\/impactup.com\/en\/formations\/recrutement\/\" \/>\n<meta property=\"og:locale\" content=\"en_US\" \/>\n<meta property=\"og:type\" content=\"article\" \/>\n<meta property=\"og:title\" content=\"Recrutement - ImpactUp\" \/>\n<meta property=\"og:description\" content=\"En savoir plus sur Recrutement - cabinet de recrutement pour la recherche de profils, le recrutement et le suivi\" \/>\n<meta property=\"og:url\" content=\"https:\/\/impactup.com\/en\/formations\/recrutement\/\" \/>\n<meta property=\"og:site_name\" content=\"ImpactUp\" \/>\n<meta property=\"article:modified_time\" content=\"2021-05-07T12:17:54+00:00\" \/>\n<meta property=\"og:image\" content=\"https:\/\/impactup.com\/wp-content\/uploads\/2021\/01\/og.jpg\" \/>\n\t<meta property=\"og:image:width\" content=\"1067\" \/>\n\t<meta property=\"og:image:height\" content=\"600\" \/>\n\t<meta property=\"og:image:type\" content=\"image\/jpeg\" \/>\n<meta name=\"twitter:card\" content=\"summary_large_image\" \/>\n<meta name=\"twitter:label1\" content=\"Est. reading time\" \/>\n\t<meta name=\"twitter:data1\" content=\"1 minute\" \/>\n<script type=\"application\/ld+json\" class=\"yoast-schema-graph\">{\"@context\":\"https:\/\/schema.org\",\"@graph\":[{\"@type\":\"WebPage\",\"@id\":\"https:\/\/impactup.com\/en\/formations\/recrutement\/\",\"url\":\"https:\/\/impactup.com\/en\/formations\/recrutement\/\",\"name\":\"Recrutement - ImpactUp\",\"isPartOf\":{\"@id\":\"https:\/\/impactup.com\/en\/#website\"},\"datePublished\":\"2020-11-24T15:18:14+00:00\",\"dateModified\":\"2021-05-07T12:17:54+00:00\",\"description\":\"En savoir plus sur Recrutement - cabinet de recrutement pour la recherche de profils, le recrutement et le suivi\",\"breadcrumb\":{\"@id\":\"https:\/\/impactup.com\/en\/formations\/recrutement\/#breadcrumb\"},\"inLanguage\":\"en-US\",\"potentialAction\":[{\"@type\":\"ReadAction\",\"target\":[\"https:\/\/impactup.com\/en\/formations\/recrutement\/\"]}]},{\"@type\":\"BreadcrumbList\",\"@id\":\"https:\/\/impactup.com\/en\/formations\/recrutement\/#breadcrumb\",\"itemListElement\":[{\"@type\":\"ListItem\",\"position\":1,\"name\":\"Accueil\",\"item\":\"https:\/\/impactup.com\/en\/\"},{\"@type\":\"ListItem\",\"position\":2,\"name\":\"Formations\",\"item\":\"https:\/\/impactup.com\/en\/formations\/\"},{\"@type\":\"ListItem\",\"position\":3,\"name\":\"Recrutement\"}]},{\"@type\":\"WebSite\",\"@id\":\"https:\/\/impactup.com\/en\/#website\",\"url\":\"https:\/\/impactup.com\/en\/\",\"name\":\"ImpactUp\",\"description\":\"Recrutement commerciaux, directions commerciales et fonctions marketing\",\"potentialAction\":[{\"@type\":\"SearchAction\",\"target\":{\"@type\":\"EntryPoint\",\"urlTemplate\":\"https:\/\/impactup.com\/en\/?s={search_term_string}\"},\"query-input\":{\"@type\":\"PropertyValueSpecification\",\"valueRequired\":true,\"valueName\":\"search_term_string\"}}],\"inLanguage\":\"en-US\"}]}<\/script>\n<!-- \/ Yoast SEO plugin. -->","yoast_head_json":{"title":"Recrutement - ImpactUp","description":"En savoir plus sur Recrutement - cabinet de recrutement pour la recherche de profils, le recrutement et le suivi","robots":{"index":"index","follow":"follow","max-snippet":"max-snippet:-1","max-image-preview":"max-image-preview:large","max-video-preview":"max-video-preview:-1"},"canonical":"https:\/\/impactup.com\/en\/formations\/recrutement\/","og_locale":"en_US","og_type":"article","og_title":"Recrutement - ImpactUp","og_description":"En savoir plus sur Recrutement - cabinet de recrutement pour la recherche de profils, le recrutement et le suivi","og_url":"https:\/\/impactup.com\/en\/formations\/recrutement\/","og_site_name":"ImpactUp","article_modified_time":"2021-05-07T12:17:54+00:00","og_image":[{"width":1067,"height":600,"url":"https:\/\/impactup.com\/wp-content\/uploads\/2021\/01\/og.jpg","type":"image\/jpeg"}],"twitter_card":"summary_large_image","twitter_misc":{"Est. reading time":"1 minute"},"schema":{"@context":"https:\/\/schema.org","@graph":[{"@type":"WebPage","@id":"https:\/\/impactup.com\/en\/formations\/recrutement\/","url":"https:\/\/impactup.com\/en\/formations\/recrutement\/","name":"Recrutement - ImpactUp","isPartOf":{"@id":"https:\/\/impactup.com\/en\/#website"},"datePublished":"2020-11-24T15:18:14+00:00","dateModified":"2021-05-07T12:17:54+00:00","description":"En savoir plus sur Recrutement - cabinet de recrutement pour la recherche de profils, le recrutement et le suivi","breadcrumb":{"@id":"https:\/\/impactup.com\/en\/formations\/recrutement\/#breadcrumb"},"inLanguage":"en-US","potentialAction":[{"@type":"ReadAction","target":["https:\/\/impactup.com\/en\/formations\/recrutement\/"]}]},{"@type":"BreadcrumbList","@id":"https:\/\/impactup.com\/en\/formations\/recrutement\/#breadcrumb","itemListElement":[{"@type":"ListItem","position":1,"name":"Accueil","item":"https:\/\/impactup.com\/en\/"},{"@type":"ListItem","position":2,"name":"Formations","item":"https:\/\/impactup.com\/en\/formations\/"},{"@type":"ListItem","position":3,"name":"Recrutement"}]},{"@type":"WebSite","@id":"https:\/\/impactup.com\/en\/#website","url":"https:\/\/impactup.com\/en\/","name":"ImpactUp","description":"Recrutement commerciaux, directions commerciales et fonctions marketing","potentialAction":[{"@type":"SearchAction","target":{"@type":"EntryPoint","urlTemplate":"https:\/\/impactup.com\/en\/?s={search_term_string}"},"query-input":{"@type":"PropertyValueSpecification","valueRequired":true,"valueName":"search_term_string"}}],"inLanguage":"en-US"}]}},"_links":{"self":[{"href":"https:\/\/impactup.com\/en\/wp-json\/wp\/v2\/pages\/16941","targetHints":{"allow":["GET"]}}],"collection":[{"href":"https:\/\/impactup.com\/en\/wp-json\/wp\/v2\/pages"}],"about":[{"href":"https:\/\/impactup.com\/en\/wp-json\/wp\/v2\/types\/page"}],"author":[{"embeddable":true,"href":"https:\/\/impactup.com\/en\/wp-json\/wp\/v2\/users\/10"}],"replies":[{"embeddable":true,"href":"https:\/\/impactup.com\/en\/wp-json\/wp\/v2\/comments?post=16941"}],"version-history":[{"count":0,"href":"https:\/\/impactup.com\/en\/wp-json\/wp\/v2\/pages\/16941\/revisions"}],"up":[{"embeddable":true,"href":"https:\/\/impactup.com\/en\/wp-json\/wp\/v2\/pages\/15413"}],"wp:attachment":[{"href":"https:\/\/impactup.com\/en\/wp-json\/wp\/v2\/media?parent=16941"}],"curies":[{"name":"wp","href":"https:\/\/api.w.org\/{rel}","templated":true}]}}